{"id":211984,"date":"2026-01-15T13:27:39","date_gmt":"2026-01-15T11:27:39","guid":{"rendered":"https:\/\/kauppa.kloffa.fi\/?page_id=211984"},"modified":"2026-01-30T11:10:39","modified_gmt":"2026-01-30T09:10:39","slug":"body-basement","status":"publish","type":"page","link":"https:\/\/kauppa.kloffa.fi\/en\/body-basement\/","title":{"rendered":"Body Basement"},"content":{"rendered":"<div class=\"wpb-content-wrapper\"><div class=\"vc_row wpb_row vc_row-fluid vc_custom_1605696737057\"><div class=\"wpb_column vc_column_container vc_col-sm-12\"><div class=\"vc_column-inner vc_custom_1604579954038\"><div class=\"wpb_wrapper\"><div class=\"vc_empty_space\"   style=\"height: 42px\"><span class=\"vc_empty_space_inner\"><\/span><\/div><h2 style=\"font-size: 42px;color: #000000;text-align: center;font-family:Open Sans;font-weight:800;font-style:normal\" class=\"vc_custom_heading vc_do_custom_heading wpb_animate_when_almost_visible wpb_fadeIn fadeIn vc_custom_1768476442004\" >BODY BASEMENT MERCH-KAUPPA<\/h2><h2 style=\"font-size: 30px;color: #000000;text-align: center;font-family:Open Sans;font-weight:600;font-style:normal\" class=\"vc_custom_heading vc_do_custom_heading wpb_animate_when_almost_visible wpb_fadeIn fadeIn vc_custom_1733755817234\" >Sustainable products with customized logo designs!<\/h2><\/div><\/div><\/div><\/div><div class=\"vc_row wpb_row vc_row-fluid\"><div class=\"wpb_column vc_column_container vc_col-sm-12\"><div class=\"vc_column-inner\"><div class=\"wpb_wrapper\"><div class=\"vc_empty_space\"   style=\"height: 35px\"><span class=\"vc_empty_space_inner\"><\/span><\/div>\n\t<div  class=\"wpb_single_image wpb_content_element vc_align_center\">\n\t\t\n\t\t<figure class=\"wpb_wrapper vc_figure\">\n\t\t\t<div class=\"vc_single_image-wrapper   vc_box_border_grey\"><img decoding=\"async\" class=\"vc_single_image-img\" src=\"https:\/\/kauppa.kloffa.fi\/wp-content\/uploads\/2026\/01\/bodybasement-logo-etusivu-2-600x95.jpg\" width=\"600\" height=\"95\" alt=\"\" title=\"\" loading=\"lazy\"  data-dt-location=\"https:\/\/kauppa.kloffa.fi\/en\/body-basement\/attachment\/bodybasement-logo-etusivu-2\/\" \/><\/div>\n\t\t<\/figure>\n\t<\/div>\n<div class=\"vc_empty_space\"   style=\"height: 35px\"><span class=\"vc_empty_space_inner\"><\/span><\/div><\/div><\/div><\/div><\/div><div class=\"vc_row wpb_row vc_row-fluid\"><div class=\"wpb_column vc_column_container vc_col-sm-12\"><div class=\"vc_column-inner\"><div class=\"wpb_wrapper\">\n\t<div class=\"wpb_text_column wpb_content_element  vc_custom_1769764236562\" >\n\t\t<div class=\"wpb_wrapper\">\n\t\t\t<ol>\n<li>Lis\u00e4\u00e4 haluamasi tuotteet ostoskoriin ja siirry kassalle. Toimithan nopeasti, sill\u00e4 verkkokauppa on auki vain rajallisen ajan 16.1\u20131.2.2026.<\/li>\n<li>Kassalla voit valita toimitusvaihtoehdoksi joko ilmaisen noudon Body Basement -salilta yhteistoimituksen mukana tai lis\u00e4maksullisen toimituksen PostNordin noutopisteeseen ymp\u00e4ri Suomea.<\/li>\n<li>Product manufacturing process begins after the end of the order period and the delivery time is approximately 4-5 weeks after that. If you have any questions about the order process, manufacturing or products, don't hesitate to contact info@kloffa.fi.<\/li>\n<\/ol>\n\n\t\t<\/div>\n\t<\/div>\n<div class=\"woocommerce columns-4\"><div class=\"wf-container dt-products  woo-hover products loading-effect-fade-in description-on-hover cart-btn-on-img wc-img-hover hide-description wc-grid\" data-padding=\"0px\" data-cur-page=\"1\" data-desktop-columns-num=\"4\" data-v-tablet-columns-num=\"2\" data-h-tablet-columns-num=\"3\" data-phone-columns-num=\"1\">\n\n<article class=\"post visible description-off product type-product post-211947 status-publish first instock product_cat-body-basement has-post-thumbnail taxable shipping-taxable purchasable product-type-variable\">\n\n\t<figure class=\"woocom-project\">\n\t<div class=\"woo-buttons-on-img\">\n\n\t\t<a href=\"https:\/\/kauppa.kloffa.fi\/en\/product\/body-basement-t-paita-oversize\/\" class=\"alignnone layzr-bg\"><img loading=\"lazy\" decoding=\"async\" width=\"300\" height=\"300\" src=\"data:image\/svg+xml;charset=utf-8,%3Csvg xmlns%3D&#039;http%3A%2F%2Fwww.w3.org%2F2000%2Fsvg&#039; viewBox%3D&#039;0 0 300 300&#039;%2F%3E\" class=\"attachment-woocommerce_thumbnail size-woocommerce_thumbnail lazy-load preload-me\" alt=\"Body Basement T-Paita (oversize)\" data-src=\"https:\/\/kauppa.kloffa.fi\/wp-content\/uploads\/2026\/01\/Body-Basement-t-paita_blaster-2.0-300x300.jpg\" data-srcset=\"https:\/\/kauppa.kloffa.fi\/wp-content\/uploads\/2026\/01\/Body-Basement-t-paita_blaster-2.0-300x300.jpg 300w, https:\/\/kauppa.kloffa.fi\/wp-content\/uploads\/2026\/01\/Body-Basement-t-paita_blaster-2.0-1024x1024.jpg 1024w, https:\/\/kauppa.kloffa.fi\/wp-content\/uploads\/2026\/01\/Body-Basement-t-paita_blaster-2.0-150x150.jpg 150w, https:\/\/kauppa.kloffa.fi\/wp-content\/uploads\/2026\/01\/Body-Basement-t-paita_blaster-2.0-768x768.jpg 768w, https:\/\/kauppa.kloffa.fi\/wp-content\/uploads\/2026\/01\/Body-Basement-t-paita_blaster-2.0-1536x1536.jpg 1536w, https:\/\/kauppa.kloffa.fi\/wp-content\/uploads\/2026\/01\/Body-Basement-t-paita_blaster-2.0-12x12.jpg 12w, https:\/\/kauppa.kloffa.fi\/wp-content\/uploads\/2026\/01\/Body-Basement-t-paita_blaster-2.0-600x600.jpg 600w, https:\/\/kauppa.kloffa.fi\/wp-content\/uploads\/2026\/01\/Body-Basement-t-paita_blaster-2.0-200x200.jpg 200w, https:\/\/kauppa.kloffa.fi\/wp-content\/uploads\/2026\/01\/Body-Basement-t-paita_blaster-2.0.jpg 1600w\" \/><img loading=\"lazy\" decoding=\"async\" width=\"300\" height=\"300\" src=\"data:image\/svg+xml;charset=utf-8,%3Csvg xmlns%3D&#039;http%3A%2F%2Fwww.w3.org%2F2000%2Fsvg&#039; viewBox%3D&#039;0 0 300 300&#039;%2F%3E\" class=\"show-on-hover back-image lazy-load preload-me\" alt=\"\" data-src=\"https:\/\/kauppa.kloffa.fi\/wp-content\/uploads\/2025\/06\/SFM1_STTU959_C002-300x300.jpg\" data-srcset=\"https:\/\/kauppa.kloffa.fi\/wp-content\/uploads\/2025\/06\/SFM1_STTU959_C002-300x300.jpg 300w, https:\/\/kauppa.kloffa.fi\/wp-content\/uploads\/2025\/06\/SFM1_STTU959_C002-150x150.jpg 150w, https:\/\/kauppa.kloffa.fi\/wp-content\/uploads\/2025\/06\/SFM1_STTU959_C002-200x200.jpg 200w\" \/><\/a>\n\t<\/div>\n\t<figcaption class=\"woocom-list-content\">\n\n\t\t<div class=\"woocommerce-product-details__short-description\">\n\t<p>Viimeistele se rennompi lookki t\u00e4ll\u00e4 oversize-mitoitetulla t-paidalla. Paita on valmistettu 100% luomupuuvillasta. T-paidan hihat ja reunat on viimeistelty tuplatikkauksella. Paidan etupuolella Body Basement -logodesign painatuksella.<\/p>\n<p>&nbsp;<\/p>\n<ul>\n<li>Unisex<\/li>\n<li>Fitting: Oversize<\/li>\n<li>Material: 100% organic cotton<\/li>\n<li>Country of origin: Bangladesh<\/li>\n<li>Kangaspaino: 200 g\/m2<\/li>\n<li>Certificates: GOTS, Oeko-Tex 100 and PETA Approved Vegan<\/li>\n<li>Set-in sleeves<\/li>\n<li>Dropped shoulders<\/li>\n<li>Product measurements can be found from the last gallery picture.<\/li>\n<\/ul>\n<p>&nbsp;<\/p>\n<p>&nbsp;<\/p>\n<p><a href=\"https:\/\/kauppa.kloffa.fi\/en\/body-basement\/\"><strong>BACK TO HOMEPAGE<\/strong><\/a><\/p>\n<\/div>\n\n\t<\/figcaption>\n<\/figure>\n\n<\/article>\n\n<\/div><\/div><\/div><\/div><\/div><\/div><div class=\"vc_row wpb_row vc_row-fluid\"><div class=\"wpb_column vc_column_container vc_col-sm-12\"><div class=\"vc_column-inner\"><div class=\"wpb_wrapper\"><\/div><\/div><\/div><\/div>\n<\/div>","protected":false},"excerpt":{"rendered":"<p>BODY BASEMENT MERCH-KAUPPAT\u00e4\u00e4lt\u00e4 tilaat helposti yhteis\u00f6si ekologiset ja vastuulliset tuotteet! Lis\u00e4\u00e4 haluamasi tuotteet ostoskoriin ja siirry kassalle. Toimithan nopeasti, sill\u00e4 verkkokauppa on auki vain rajallisen ajan 16.1\u20131.2.2026. Kassalla voit valita toimitusvaihtoehdoksi joko ilmaisen noudon Body Basement -salilta yhteistoimituksen mukana tai lis\u00e4maksullisen toimituksen PostNordin noutopisteeseen ymp\u00e4ri Suomea. Tuotteiden valmistus aloitetaan tilausajan p\u00e4\u00e4ttymisen j\u00e4lkeen ja niiden toimitusaika&hellip;<\/p>","protected":false},"author":1,"featured_media":0,"parent":0,"menu_order":0,"comment_status":"closed","ping_status":"closed","template":"","meta":{"footnotes":""},"class_list":["post-211984","page","type-page","status-publish","hentry","description-off"],"_links":{"self":[{"href":"https:\/\/kauppa.kloffa.fi\/en\/wp-json\/wp\/v2\/pages\/211984","targetHints":{"allow":["GET"]}}],"collection":[{"href":"https:\/\/kauppa.kloffa.fi\/en\/wp-json\/wp\/v2\/pages"}],"about":[{"href":"https:\/\/kauppa.kloffa.fi\/en\/wp-json\/wp\/v2\/types\/page"}],"author":[{"embeddable":true,"href":"https:\/\/kauppa.kloffa.fi\/en\/wp-json\/wp\/v2\/users\/1"}],"replies":[{"embeddable":true,"href":"https:\/\/kauppa.kloffa.fi\/en\/wp-json\/wp\/v2\/comments?post=211984"}],"version-history":[{"count":4,"href":"https:\/\/kauppa.kloffa.fi\/en\/wp-json\/wp\/v2\/pages\/211984\/revisions"}],"predecessor-version":[{"id":213435,"href":"https:\/\/kauppa.kloffa.fi\/en\/wp-json\/wp\/v2\/pages\/211984\/revisions\/213435"}],"wp:attachment":[{"href":"https:\/\/kauppa.kloffa.fi\/en\/wp-json\/wp\/v2\/media?parent=211984"}],"curies":[{"name":"wp","href":"https:\/\/api.w.org\/{rel}","templated":true}]}}