{"id":220880,"date":"2026-03-24T15:38:26","date_gmt":"2026-03-24T13:38:26","guid":{"rendered":"https:\/\/kauppa.kloffa.fi\/?page_id=220880"},"modified":"2026-03-24T15:38:26","modified_gmt":"2026-03-24T13:38:26","slug":"akhilleus-fysioterapia","status":"publish","type":"page","link":"https:\/\/kauppa.kloffa.fi\/en\/akhilleus-fysioterapia\/","title":{"rendered":"Akhilleus Fysioterapia"},"content":{"rendered":"<div class=\"wpb-content-wrapper\"><div class=\"vc_row wpb_row vc_row-fluid vc_custom_1605696737057\"><div class=\"wpb_column vc_column_container vc_col-sm-12\"><div class=\"vc_column-inner vc_custom_1604579954038\"><div class=\"wpb_wrapper\"><div class=\"vc_empty_space\"   style=\"height: 42px\"><span class=\"vc_empty_space_inner\"><\/span><\/div><h2 style=\"font-size: 42px;color: #000000;text-align: center;font-family:Open Sans;font-weight:800;font-style:normal\" class=\"vc_custom_heading vc_do_custom_heading wpb_animate_when_almost_visible wpb_fadeIn fadeIn vc_custom_1724443984853\" >AKHILLEUS FYSIOTERAPIA MERCH-KAUPPA<\/h2><h2 style=\"font-size: 30px;color: #000000;text-align: center;font-family:Open Sans;font-weight:600;font-style:normal\" class=\"vc_custom_heading vc_do_custom_heading wpb_animate_when_almost_visible wpb_fadeIn fadeIn vc_custom_1733755817234\" >Sustainable products with customized logo designs!<\/h2><\/div><\/div><\/div><\/div><div class=\"vc_row wpb_row vc_row-fluid\"><div class=\"wpb_column vc_column_container vc_col-sm-12\"><div class=\"vc_column-inner\"><div class=\"wpb_wrapper\"><div class=\"vc_empty_space\"   style=\"height: 35px\"><span class=\"vc_empty_space_inner\"><\/span><\/div>\n\t<div  class=\"wpb_single_image wpb_content_element vc_align_center\">\n\t\t\n\t\t<figure class=\"wpb_wrapper vc_figure\">\n\t\t\t<div class=\"vc_single_image-wrapper   vc_box_border_grey\"><img decoding=\"async\" class=\"vc_single_image-img\" src=\"https:\/\/kauppa.kloffa.fi\/wp-content\/uploads\/2026\/03\/Akhilleus-etusivu-scaled-500x500.jpg\" width=\"500\" height=\"500\" alt=\"\" title=\"\" loading=\"lazy\"  data-dt-location=\"https:\/\/kauppa.kloffa.fi\/en\/?attachment_id=220851\" \/><\/div>\n\t\t<\/figure>\n\t<\/div>\n<div class=\"vc_empty_space\"   style=\"height: 35px\"><span class=\"vc_empty_space_inner\"><\/span><\/div><\/div><\/div><\/div><\/div><div class=\"vc_row wpb_row vc_row-fluid\"><div class=\"wpb_column vc_column_container vc_col-sm-12\"><div class=\"vc_column-inner\"><div class=\"wpb_wrapper\">\n\t<div class=\"wpb_text_column wpb_content_element  vc_custom_1760605886897\" >\n\t\t<div class=\"wpb_wrapper\">\n\t\t\t<ol>\n<li>Lis\u00e4\u00e4 haluamasi tuotteet ostoskoriin ja siirry kassalle. Toimithan nopeasti, sill\u00e4 verkkokauppa on auki vain rajallisen ajan 19.4.2026 asti.<\/li>\n<li>Kassalla voit valita toimitusvaihtoehdoksi joko ilmaisen noudon Akhilleus Fysioterapian toimipisteelt\u00e4 tai lis\u00e4maksullisen toimituksen PostNordin noutopisteeseen ymp\u00e4ri Suomea.<\/li>\n<li>Product manufacturing process begins after the end of the order period and the delivery time is approximately 4-5 weeks after that. If you have any questions about the order process, manufacturing or products, don't hesitate to contact info@kloffa.fi.<\/li>\n<\/ol>\n<p>&nbsp;<\/p>\n<p>Please note that customized products do not have the right of exchange or return, so fill out the order carefully.<\/p>\n\n\t\t<\/div>\n\t<\/div>\n<div class=\"woocommerce columns-4\"><div class=\"wf-container dt-products  woo-hover products loading-effect-fade-in description-on-hover cart-btn-on-img wc-img-hover hide-description wc-grid\" data-padding=\"0px\" data-cur-page=\"1\" data-desktop-columns-num=\"4\" data-v-tablet-columns-num=\"2\" data-h-tablet-columns-num=\"3\" data-phone-columns-num=\"1\">\n\n<article class=\"post visible description-off product type-product post-220738 status-publish first instock product_cat-akhilleus-fysioterapia has-post-thumbnail taxable shipping-taxable purchasable product-type-variable\">\n\n\t<figure class=\"woocom-project\">\n\t<div class=\"woo-buttons-on-img\">\n\n\t\t<a href=\"https:\/\/kauppa.kloffa.fi\/en\/product\/akhilleus-fysioterapia-college-relaxed-fit\/\" class=\"alignnone layzr-bg\"><img loading=\"lazy\" decoding=\"async\" width=\"300\" height=\"300\" src=\"data:image\/svg+xml;charset=utf-8,%3Csvg xmlns%3D&#039;http%3A%2F%2Fwww.w3.org%2F2000%2Fsvg&#039; viewBox%3D&#039;0 0 300 300&#039;%2F%3E\" class=\"attachment-woocommerce_thumbnail size-woocommerce_thumbnail lazy-load preload-me\" alt=\"Akhilleus Fysioterapia College (relaxed fit)\" data-src=\"https:\/\/kauppa.kloffa.fi\/wp-content\/uploads\/2026\/03\/Akhilleus-college_knoxer-front-300x300.jpg\" data-srcset=\"https:\/\/kauppa.kloffa.fi\/wp-content\/uploads\/2026\/03\/Akhilleus-college_knoxer-front-300x300.jpg 300w, https:\/\/kauppa.kloffa.fi\/wp-content\/uploads\/2026\/03\/Akhilleus-college_knoxer-front-1024x1024.jpg 1024w, https:\/\/kauppa.kloffa.fi\/wp-content\/uploads\/2026\/03\/Akhilleus-college_knoxer-front-150x150.jpg 150w, https:\/\/kauppa.kloffa.fi\/wp-content\/uploads\/2026\/03\/Akhilleus-college_knoxer-front-768x768.jpg 768w, https:\/\/kauppa.kloffa.fi\/wp-content\/uploads\/2026\/03\/Akhilleus-college_knoxer-front-1536x1536.jpg 1536w, https:\/\/kauppa.kloffa.fi\/wp-content\/uploads\/2026\/03\/Akhilleus-college_knoxer-front-12x12.jpg 12w, https:\/\/kauppa.kloffa.fi\/wp-content\/uploads\/2026\/03\/Akhilleus-college_knoxer-front-600x600.jpg 600w, https:\/\/kauppa.kloffa.fi\/wp-content\/uploads\/2026\/03\/Akhilleus-college_knoxer-front-200x200.jpg 200w, https:\/\/kauppa.kloffa.fi\/wp-content\/uploads\/2026\/03\/Akhilleus-college_knoxer-front.jpg 1700w\" \/><img loading=\"lazy\" decoding=\"async\" width=\"300\" height=\"300\" src=\"data:image\/svg+xml;charset=utf-8,%3Csvg xmlns%3D&#039;http%3A%2F%2Fwww.w3.org%2F2000%2Fsvg&#039; viewBox%3D&#039;0 0 300 300&#039;%2F%3E\" class=\"show-on-hover back-image lazy-load preload-me\" alt=\"\" data-src=\"https:\/\/kauppa.kloffa.fi\/wp-content\/uploads\/2026\/03\/Akhilleus-college_knoxer-selka-300x300.jpg\" data-srcset=\"https:\/\/kauppa.kloffa.fi\/wp-content\/uploads\/2026\/03\/Akhilleus-college_knoxer-selka-300x300.jpg 300w, https:\/\/kauppa.kloffa.fi\/wp-content\/uploads\/2026\/03\/Akhilleus-college_knoxer-selka-1024x1024.jpg 1024w, https:\/\/kauppa.kloffa.fi\/wp-content\/uploads\/2026\/03\/Akhilleus-college_knoxer-selka-150x150.jpg 150w, https:\/\/kauppa.kloffa.fi\/wp-content\/uploads\/2026\/03\/Akhilleus-college_knoxer-selka-768x768.jpg 768w, https:\/\/kauppa.kloffa.fi\/wp-content\/uploads\/2026\/03\/Akhilleus-college_knoxer-selka-1536x1536.jpg 1536w, https:\/\/kauppa.kloffa.fi\/wp-content\/uploads\/2026\/03\/Akhilleus-college_knoxer-selka-12x12.jpg 12w, https:\/\/kauppa.kloffa.fi\/wp-content\/uploads\/2026\/03\/Akhilleus-college_knoxer-selka-600x600.jpg 600w, https:\/\/kauppa.kloffa.fi\/wp-content\/uploads\/2026\/03\/Akhilleus-college_knoxer-selka-200x200.jpg 200w, https:\/\/kauppa.kloffa.fi\/wp-content\/uploads\/2026\/03\/Akhilleus-college_knoxer-selka.jpg 1700w\" \/><\/a>\n\t<\/div>\n\t<figcaption class=\"woocom-list-content\">\n\n\t\t<div class=\"woocommerce-product-details__short-description\">\n\t<p>Moderni versio perinteisest\u00e4 collegesta, vastuullinen, laadukas ja relaxed fit -mitoitettu. T\u00e4ll\u00e4 pysyt trendien kyydiss\u00e4, jopa edell\u00e4k\u00e4vij\u00e4n\u00e4. Ekologista tuotantoa ja materiaaleja unohtamatta. Tyylik\u00e4s loppusilaus on viimeistelty Akhilleus Fysioterapian logodesigneilla. Etupuolen rinnassa tekstilogo brodeerattuna ja selk\u00e4puolella logopainatus. Mallissa on raglan hihat ja tyylitelty V-ommel kaula-aukon alla.<\/p>\n<p>&nbsp;<\/p>\n<ul>\n<li>Unisex<\/li>\n<li>Mitoitus: Relaxed Fit<\/li>\n<li>Material: 100% organic cotton<\/li>\n<li>Fabric weight: 400 g\/m2<\/li>\n<li>Country of origin: Bangladesh<\/li>\n<li>Certificates: GOTS, Oeko-Tex 100 and PETA Approved Vegan<\/li>\n<li>Raglan hihat<\/li>\n<li>Product measurements can be found from the last gallery picture.<\/li>\n<\/ul>\n<p>&nbsp;<\/p>\n<p>&nbsp;<\/p>\n<p><a href=\"https:\/\/kauppa.kloffa.fi\/en\/akhilleus-fysioterapia\/\"><strong>BACK TO HOMEPAGE<\/strong><\/a><\/p>\n<\/div>\n\n\t<\/figcaption>\n<\/figure>\n\n<\/article>\n\n\n\n<article class=\"post visible description-off product type-product post-220862 status-publish instock product_cat-akhilleus-fysioterapia has-post-thumbnail taxable shipping-taxable purchasable product-type-variable\">\n\n\t<figure class=\"woocom-project\">\n\t<div class=\"woo-buttons-on-img\">\n\n\t\t<a href=\"https:\/\/kauppa.kloffa.fi\/en\/product\/akhilleus-fysioterapia-hupparitakki\/\" class=\"alignnone layzr-bg\"><img loading=\"lazy\" decoding=\"async\" width=\"300\" height=\"300\" src=\"data:image\/svg+xml;charset=utf-8,%3Csvg xmlns%3D&#039;http%3A%2F%2Fwww.w3.org%2F2000%2Fsvg&#039; viewBox%3D&#039;0 0 300 300&#039;%2F%3E\" class=\"attachment-woocommerce_thumbnail size-woocommerce_thumbnail lazy-load preload-me\" alt=\"Akhilleus Fysioterapia Hupparitakki\" data-src=\"https:\/\/kauppa.kloffa.fi\/wp-content\/uploads\/2026\/03\/Akhilleus-FZ-Huppari_adv-unify-front-300x300.jpg\" data-srcset=\"https:\/\/kauppa.kloffa.fi\/wp-content\/uploads\/2026\/03\/Akhilleus-FZ-Huppari_adv-unify-front-300x300.jpg 300w, https:\/\/kauppa.kloffa.fi\/wp-content\/uploads\/2026\/03\/Akhilleus-FZ-Huppari_adv-unify-front-1024x1024.jpg 1024w, https:\/\/kauppa.kloffa.fi\/wp-content\/uploads\/2026\/03\/Akhilleus-FZ-Huppari_adv-unify-front-150x150.jpg 150w, https:\/\/kauppa.kloffa.fi\/wp-content\/uploads\/2026\/03\/Akhilleus-FZ-Huppari_adv-unify-front-768x768.jpg 768w, https:\/\/kauppa.kloffa.fi\/wp-content\/uploads\/2026\/03\/Akhilleus-FZ-Huppari_adv-unify-front-12x12.jpg 12w, https:\/\/kauppa.kloffa.fi\/wp-content\/uploads\/2026\/03\/Akhilleus-FZ-Huppari_adv-unify-front-600x600.jpg 600w, https:\/\/kauppa.kloffa.fi\/wp-content\/uploads\/2026\/03\/Akhilleus-FZ-Huppari_adv-unify-front-200x200.jpg 200w, https:\/\/kauppa.kloffa.fi\/wp-content\/uploads\/2026\/03\/Akhilleus-FZ-Huppari_adv-unify-front.jpg 1100w\" \/><img loading=\"lazy\" decoding=\"async\" width=\"300\" height=\"300\" src=\"data:image\/svg+xml;charset=utf-8,%3Csvg xmlns%3D&#039;http%3A%2F%2Fwww.w3.org%2F2000%2Fsvg&#039; viewBox%3D&#039;0 0 300 300&#039;%2F%3E\" class=\"show-on-hover back-image lazy-load preload-me\" alt=\"\" data-src=\"https:\/\/kauppa.kloffa.fi\/wp-content\/uploads\/2026\/03\/Akhilleus-FZ-Huppari_adv-unify-selka-300x300.jpg\" data-srcset=\"https:\/\/kauppa.kloffa.fi\/wp-content\/uploads\/2026\/03\/Akhilleus-FZ-Huppari_adv-unify-selka-300x300.jpg 300w, https:\/\/kauppa.kloffa.fi\/wp-content\/uploads\/2026\/03\/Akhilleus-FZ-Huppari_adv-unify-selka-1024x1024.jpg 1024w, https:\/\/kauppa.kloffa.fi\/wp-content\/uploads\/2026\/03\/Akhilleus-FZ-Huppari_adv-unify-selka-150x150.jpg 150w, https:\/\/kauppa.kloffa.fi\/wp-content\/uploads\/2026\/03\/Akhilleus-FZ-Huppari_adv-unify-selka-768x768.jpg 768w, https:\/\/kauppa.kloffa.fi\/wp-content\/uploads\/2026\/03\/Akhilleus-FZ-Huppari_adv-unify-selka-12x12.jpg 12w, https:\/\/kauppa.kloffa.fi\/wp-content\/uploads\/2026\/03\/Akhilleus-FZ-Huppari_adv-unify-selka-600x600.jpg 600w, https:\/\/kauppa.kloffa.fi\/wp-content\/uploads\/2026\/03\/Akhilleus-FZ-Huppari_adv-unify-selka-200x200.jpg 200w, https:\/\/kauppa.kloffa.fi\/wp-content\/uploads\/2026\/03\/Akhilleus-FZ-Huppari_adv-unify-selka.jpg 1100w\" \/><\/a>\n\t<\/div>\n\t<figcaption class=\"woocom-list-content\">\n\n\t\t<div class=\"woocommerce-product-details__short-description\">\n\t<p>Laadukkaista urheilutuotteista tunnetun Craft br\u00e4ndin mukava toiminnallinen vetoketjuhuppari, joka on valmistettu pehme\u00e4st\u00e4 ja joustavasta kierr\u00e4tetyst\u00e4 polyesterist\u00e4. Kaksi vetoketjullista sivutaskua. Ergonominen, joustava istuvuus. Tyylik\u00e4s kokonaisuus on viimeistelty Akhilleus Fysioterapian logodesignilla. Etupuolella brodeerattu tekstilogo ja sel\u00e4ss\u00e4 logopainatus.<\/p>\n<p>&nbsp;<\/p>\n<ul>\n<li>Unisex \/ Miehet<\/li>\n<li>Regular fit<\/li>\n<li>Material: 100% recycled polyester<\/li>\n<li>Pehme\u00e4 toiminnallinen kangas<\/li>\n<li>Ergonominen joustava istuvuus<\/li>\n<li>Raglan hihat<\/li>\n<li>Vetoketjulliset sivutaskut<\/li>\n<\/ul>\n<p>&nbsp;<\/p>\n<p>&nbsp;<\/p>\n<p><a href=\"https:\/\/kauppa.kloffa.fi\/en\/akhilleus-fysioterapia\/\"><strong>BACK TO HOMEPAGE<\/strong><\/a><\/p>\n<\/div>\n\n\t<\/figcaption>\n<\/figure>\n\n<\/article>\n\n\n\n<article class=\"post visible description-off product type-product post-220870 status-publish instock product_cat-akhilleus-fysioterapia has-post-thumbnail taxable shipping-taxable purchasable product-type-variable\">\n\n\t<figure class=\"woocom-project\">\n\t<div class=\"woo-buttons-on-img\">\n\n\t\t<a href=\"https:\/\/kauppa.kloffa.fi\/en\/product\/akhilleus-fysioterapia-hupparitakki-naiset\/\" class=\"alignnone layzr-bg\"><img loading=\"lazy\" decoding=\"async\" width=\"300\" height=\"300\" src=\"data:image\/svg+xml;charset=utf-8,%3Csvg xmlns%3D&#039;http%3A%2F%2Fwww.w3.org%2F2000%2Fsvg&#039; viewBox%3D&#039;0 0 300 300&#039;%2F%3E\" class=\"attachment-woocommerce_thumbnail size-woocommerce_thumbnail lazy-load preload-me\" alt=\"Akhilleus Fysioterapia Hupparitakki (Naiset)\" data-src=\"https:\/\/kauppa.kloffa.fi\/wp-content\/uploads\/2026\/03\/Akhilleus-FZ-Huppari_adv-unify-naiset-front-300x300.jpg\" data-srcset=\"https:\/\/kauppa.kloffa.fi\/wp-content\/uploads\/2026\/03\/Akhilleus-FZ-Huppari_adv-unify-naiset-front-300x300.jpg 300w, https:\/\/kauppa.kloffa.fi\/wp-content\/uploads\/2026\/03\/Akhilleus-FZ-Huppari_adv-unify-naiset-front-1024x1024.jpg 1024w, https:\/\/kauppa.kloffa.fi\/wp-content\/uploads\/2026\/03\/Akhilleus-FZ-Huppari_adv-unify-naiset-front-150x150.jpg 150w, https:\/\/kauppa.kloffa.fi\/wp-content\/uploads\/2026\/03\/Akhilleus-FZ-Huppari_adv-unify-naiset-front-768x768.jpg 768w, https:\/\/kauppa.kloffa.fi\/wp-content\/uploads\/2026\/03\/Akhilleus-FZ-Huppari_adv-unify-naiset-front-12x12.jpg 12w, https:\/\/kauppa.kloffa.fi\/wp-content\/uploads\/2026\/03\/Akhilleus-FZ-Huppari_adv-unify-naiset-front-600x600.jpg 600w, https:\/\/kauppa.kloffa.fi\/wp-content\/uploads\/2026\/03\/Akhilleus-FZ-Huppari_adv-unify-naiset-front-200x200.jpg 200w, https:\/\/kauppa.kloffa.fi\/wp-content\/uploads\/2026\/03\/Akhilleus-FZ-Huppari_adv-unify-naiset-front.jpg 1100w\" \/><img loading=\"lazy\" decoding=\"async\" width=\"300\" height=\"300\" src=\"data:image\/svg+xml;charset=utf-8,%3Csvg xmlns%3D&#039;http%3A%2F%2Fwww.w3.org%2F2000%2Fsvg&#039; viewBox%3D&#039;0 0 300 300&#039;%2F%3E\" class=\"show-on-hover back-image lazy-load preload-me\" alt=\"\" data-src=\"https:\/\/kauppa.kloffa.fi\/wp-content\/uploads\/2026\/03\/Akhilleus-FZ-Huppari_adv-unify-naiset-selka-300x300.jpg\" data-srcset=\"https:\/\/kauppa.kloffa.fi\/wp-content\/uploads\/2026\/03\/Akhilleus-FZ-Huppari_adv-unify-naiset-selka-300x300.jpg 300w, https:\/\/kauppa.kloffa.fi\/wp-content\/uploads\/2026\/03\/Akhilleus-FZ-Huppari_adv-unify-naiset-selka-1024x1024.jpg 1024w, https:\/\/kauppa.kloffa.fi\/wp-content\/uploads\/2026\/03\/Akhilleus-FZ-Huppari_adv-unify-naiset-selka-150x150.jpg 150w, https:\/\/kauppa.kloffa.fi\/wp-content\/uploads\/2026\/03\/Akhilleus-FZ-Huppari_adv-unify-naiset-selka-768x768.jpg 768w, https:\/\/kauppa.kloffa.fi\/wp-content\/uploads\/2026\/03\/Akhilleus-FZ-Huppari_adv-unify-naiset-selka-12x12.jpg 12w, https:\/\/kauppa.kloffa.fi\/wp-content\/uploads\/2026\/03\/Akhilleus-FZ-Huppari_adv-unify-naiset-selka-600x600.jpg 600w, https:\/\/kauppa.kloffa.fi\/wp-content\/uploads\/2026\/03\/Akhilleus-FZ-Huppari_adv-unify-naiset-selka-200x200.jpg 200w, https:\/\/kauppa.kloffa.fi\/wp-content\/uploads\/2026\/03\/Akhilleus-FZ-Huppari_adv-unify-naiset-selka.jpg 1100w\" \/><\/a>\n\t<\/div>\n\t<figcaption class=\"woocom-list-content\">\n\n\t\t<div class=\"woocommerce-product-details__short-description\">\n\t<p>Laadukkaista urheilutuotteista tunnetun Craft br\u00e4ndin mukava toiminnallinen vetoketjuhuppari, joka on valmistettu pehme\u00e4st\u00e4 ja joustavasta kierr\u00e4tetyst\u00e4 polyesterist\u00e4. Kaksi vetoketjullista sivutaskua. Ergonominen, joustava istuvuus. Tyylik\u00e4s kokonaisuus on viimeistelty Akhilleus Fysioterapian logodesignilla. Etupuolella brodeerattu tekstilogo ja sel\u00e4ss\u00e4 logopainatus.<\/p>\n<p>&nbsp;<\/p>\n<ul>\n<li>Naisten mitoitus<\/li>\n<li>Regular fit<\/li>\n<li>Material: 100% recycled polyester<\/li>\n<li>Pehme\u00e4 toiminnallinen kangas<\/li>\n<li>Ergonominen joustava istuvuus<\/li>\n<li>Raglan hihat<\/li>\n<li>Vetoketjulliset sivutaskut<\/li>\n<\/ul>\n<p>&nbsp;<\/p>\n<p>&nbsp;<\/p>\n<p><a href=\"https:\/\/kauppa.kloffa.fi\/en\/akhilleus-fysioterapia\/\"><strong>BACK TO HOMEPAGE<\/strong><\/a><\/p>\n<\/div>\n\n\t<\/figcaption>\n<\/figure>\n\n<\/article>\n\n\n\n<article class=\"post visible description-off product type-product post-220878 status-publish last instock product_cat-akhilleus-fysioterapia has-post-thumbnail taxable shipping-taxable purchasable product-type-variable\">\n\n\t<figure class=\"woocom-project\">\n\t<div class=\"woo-buttons-on-img\">\n\n\t\t<a href=\"https:\/\/kauppa.kloffa.fi\/en\/product\/akhilleus-fysioterapia-juomapullo\/\" class=\"alignnone layzr-bg\"><img loading=\"lazy\" decoding=\"async\" width=\"300\" height=\"300\" src=\"data:image\/svg+xml;charset=utf-8,%3Csvg xmlns%3D&#039;http%3A%2F%2Fwww.w3.org%2F2000%2Fsvg&#039; viewBox%3D&#039;0 0 300 300&#039;%2F%3E\" class=\"attachment-woocommerce_thumbnail size-woocommerce_thumbnail lazy-load preload-me\" alt=\"Akhilleus Fysioterapia Juomapullo\" data-src=\"https:\/\/kauppa.kloffa.fi\/wp-content\/uploads\/2026\/03\/Akhilleus-VASA_pullo-300x300.jpg\" data-srcset=\"https:\/\/kauppa.kloffa.fi\/wp-content\/uploads\/2026\/03\/Akhilleus-VASA_pullo-300x300.jpg 300w, https:\/\/kauppa.kloffa.fi\/wp-content\/uploads\/2026\/03\/Akhilleus-VASA_pullo-1024x1024.jpg 1024w, https:\/\/kauppa.kloffa.fi\/wp-content\/uploads\/2026\/03\/Akhilleus-VASA_pullo-150x150.jpg 150w, https:\/\/kauppa.kloffa.fi\/wp-content\/uploads\/2026\/03\/Akhilleus-VASA_pullo-768x768.jpg 768w, https:\/\/kauppa.kloffa.fi\/wp-content\/uploads\/2026\/03\/Akhilleus-VASA_pullo-12x12.jpg 12w, https:\/\/kauppa.kloffa.fi\/wp-content\/uploads\/2026\/03\/Akhilleus-VASA_pullo-600x600.jpg 600w, https:\/\/kauppa.kloffa.fi\/wp-content\/uploads\/2026\/03\/Akhilleus-VASA_pullo-200x200.jpg 200w, https:\/\/kauppa.kloffa.fi\/wp-content\/uploads\/2026\/03\/Akhilleus-VASA_pullo.jpg 1300w\" \/><\/a>\n\t<\/div>\n\t<figcaption class=\"woocom-list-content\">\n\n\t\t<div class=\"woocommerce-product-details__short-description\">\n\t<p>Kahvia, vett\u00e4 tai teet\u00e4? \u2013 Kyll\u00e4 kiitos! Nyt voit nauttia lempijuomaasi ekologisesti valmistetusta juomapullosta. Kierr\u00e4tetyst\u00e4 ruostumattomasta ter\u00e4ksest\u00e4 valmistettu juomapullo pit\u00e4\u00e4 suosikkijuomasi kylm\u00e4n\u00e4 tai kuumana. Tyylikk\u00e4\u00e4n loppusilauksen takaa Akhilleus Fysioterapian logo.<\/p>\n<p>&nbsp;<\/p>\n<ul>\n<li>Main material: recycled stainless steel 87%<\/li>\n<li>Other material: PP-plastic 13%<\/li>\n<li>double walled and vacuum structure<\/li>\n<li>copper plating on the inside<\/li>\n<li>Country of origin: China<\/li>\n<li>Manufactured from RCS (Recycled Claim Standard) certified recycled materials<\/li>\n<li>Keeps your drink cold or hot even 24\/12h<\/li>\n<li>BPA-free, tested and approved according to the German Food Safety Law (LFGB), phthalate content tested according to REACH regulations.<\/li>\n<li>Measurements: 26cm height and 7cm diameter<\/li>\n<li>Weight: 300g<\/li>\n<li>Volume: 500ml<\/li>\n<\/ul>\n<p>&nbsp;<\/p>\n<p>&nbsp;<\/p>\n<p><a href=\"https:\/\/kauppa.kloffa.fi\/en\/akhilleus-fysioterapia\/\"><strong>BACK TO HOMEPAGE<\/strong><\/a><\/p>\n<\/div>\n\n\t<\/figcaption>\n<\/figure>\n\n<\/article>\n\n\n\n<article class=\"post visible description-off product type-product post-222805 status-publish first instock product_cat-akhilleus-fysioterapia has-post-thumbnail taxable shipping-taxable purchasable product-type-variable\">\n\n\t<figure class=\"woocom-project\">\n\t<div class=\"woo-buttons-on-img\">\n\n\t\t<a href=\"https:\/\/kauppa.kloffa.fi\/en\/product\/akhilleus-fysioterapia-t-paita-100-recycled\/\" class=\"alignnone layzr-bg\"><img loading=\"lazy\" decoding=\"async\" width=\"300\" height=\"300\" src=\"data:image\/svg+xml;charset=utf-8,%3Csvg xmlns%3D&#039;http%3A%2F%2Fwww.w3.org%2F2000%2Fsvg&#039; viewBox%3D&#039;0 0 300 300&#039;%2F%3E\" class=\"attachment-woocommerce_thumbnail size-woocommerce_thumbnail lazy-load preload-me\" alt=\"Akhilleus Fysioterapia T-Paita (100% recycled)\" data-src=\"https:\/\/kauppa.kloffa.fi\/wp-content\/uploads\/2026\/04\/Akhilleus-t-paita_klaimet-300x300.jpg\" data-srcset=\"https:\/\/kauppa.kloffa.fi\/wp-content\/uploads\/2026\/04\/Akhilleus-t-paita_klaimet-300x300.jpg 300w, https:\/\/kauppa.kloffa.fi\/wp-content\/uploads\/2026\/04\/Akhilleus-t-paita_klaimet-1024x1024.jpg 1024w, https:\/\/kauppa.kloffa.fi\/wp-content\/uploads\/2026\/04\/Akhilleus-t-paita_klaimet-150x150.jpg 150w, https:\/\/kauppa.kloffa.fi\/wp-content\/uploads\/2026\/04\/Akhilleus-t-paita_klaimet-768x768.jpg 768w, https:\/\/kauppa.kloffa.fi\/wp-content\/uploads\/2026\/04\/Akhilleus-t-paita_klaimet-12x12.jpg 12w, https:\/\/kauppa.kloffa.fi\/wp-content\/uploads\/2026\/04\/Akhilleus-t-paita_klaimet-600x600.jpg 600w, https:\/\/kauppa.kloffa.fi\/wp-content\/uploads\/2026\/04\/Akhilleus-t-paita_klaimet-200x200.jpg 200w, https:\/\/kauppa.kloffa.fi\/wp-content\/uploads\/2026\/04\/Akhilleus-t-paita_klaimet.jpg 1500w\" \/><img loading=\"lazy\" decoding=\"async\" width=\"300\" height=\"300\" src=\"data:image\/svg+xml;charset=utf-8,%3Csvg xmlns%3D&#039;http%3A%2F%2Fwww.w3.org%2F2000%2Fsvg&#039; viewBox%3D&#039;0 0 300 300&#039;%2F%3E\" class=\"show-on-hover back-image lazy-load preload-me\" alt=\"\" data-src=\"https:\/\/kauppa.kloffa.fi\/wp-content\/uploads\/2024\/04\/klaimet_mallikuva_IMG_6435-2-300x300.jpg\" data-srcset=\"https:\/\/kauppa.kloffa.fi\/wp-content\/uploads\/2024\/04\/klaimet_mallikuva_IMG_6435-2-300x300.jpg 300w, https:\/\/kauppa.kloffa.fi\/wp-content\/uploads\/2024\/04\/klaimet_mallikuva_IMG_6435-2-150x150.jpg 150w, https:\/\/kauppa.kloffa.fi\/wp-content\/uploads\/2024\/04\/klaimet_mallikuva_IMG_6435-2-200x200.jpg 200w\" \/><\/a>\n\t<\/div>\n\t<figcaption class=\"woocom-list-content\">\n\n\t\t<div class=\"woocommerce-product-details__short-description\">\n\t<p>Tyylik\u00e4s ja istuva unisex-t-paita suomalaiselta &#8217;Klaimet\u00ae-br\u00e4ndilt\u00e4. Paita on valmistettu 100% tekstiili- ja muovij\u00e4tteest\u00e4 sek\u00e4 tuotettu kokonaan EU-alueella. Etupuolella on Akhilleus Fysioterapian brodeerattu logo.<\/p>\n<p>&nbsp;<\/p>\n<p><b>Valitsemalla yhden \u2018Klaimet\u00ae-t-paidan:<\/b><\/p>\n<ul>\n<li>Saves 1800 liters of water<\/li>\n<li>Saves 2,800 grams of CO2 emissions<\/li>\n<li>Saves 6.8 kWh of energy<\/li>\n<li>5 recycled plastic bottles are utilized<\/li>\n<\/ul>\n<p>Design: Unisex<br \/>\nSizes: XS-XXL<br \/>\nMerkki: \u2019Klaimet\u00ae<br \/>\n<span style=\"font-weight: 400;\">Material: 50% recycled cotton, 47% recycled polyester, 3% other recycled fibers<\/span><span style=\"font-weight: 400;\"><br \/>\n<\/span><span style=\"font-weight: 400;\">Set-in style sleeves<\/span><\/p>\n<p>Designed in Finland and manufactured in Portugal<\/p>\n<p>&nbsp;<\/p>\n<p>&nbsp;<\/p>\n<p><a href=\"https:\/\/kauppa.kloffa.fi\/en\/akhilleus-fysioterapia\/\"><strong>BACK TO HOMEPAGE<\/strong><\/a><\/p>\n<\/div>\n\n\t<\/figcaption>\n<\/figure>\n\n<\/article>\n\n<\/div><\/div><\/div><\/div><\/div><\/div><div class=\"vc_row wpb_row vc_row-fluid\"><div class=\"wpb_column vc_column_container vc_col-sm-12\"><div class=\"vc_column-inner\"><div class=\"wpb_wrapper\"><\/div><\/div><\/div><\/div>\n<\/div>","protected":false},"excerpt":{"rendered":"<p>AKHILLEUS FYSIOTERAPIA MERCH-KAUPPAT\u00e4\u00e4lt\u00e4 tilaat helposti yhteis\u00f6si ekologiset ja vastuulliset tuotteet! Lis\u00e4\u00e4 haluamasi tuotteet ostoskoriin ja siirry kassalle. Toimithan nopeasti, sill\u00e4 verkkokauppa on auki vain rajallisen ajan 19.4.2026 asti. Kassalla voit valita toimitusvaihtoehdoksi joko ilmaisen noudon Akhilleus Fysioterapian toimipisteelt\u00e4 tai lis\u00e4maksullisen toimituksen PostNordin noutopisteeseen ymp\u00e4ri Suomea. Tuotteiden valmistus aloitetaan tilausajan p\u00e4\u00e4ttymisen j\u00e4lkeen ja niiden toimitusaika on&hellip;<\/p>","protected":false},"author":1,"featured_media":0,"parent":0,"menu_order":0,"comment_status":"closed","ping_status":"closed","template":"","meta":{"footnotes":""},"class_list":["post-220880","page","type-page","status-publish","hentry","description-off"],"_links":{"self":[{"href":"https:\/\/kauppa.kloffa.fi\/en\/wp-json\/wp\/v2\/pages\/220880","targetHints":{"allow":["GET"]}}],"collection":[{"href":"https:\/\/kauppa.kloffa.fi\/en\/wp-json\/wp\/v2\/pages"}],"about":[{"href":"https:\/\/kauppa.kloffa.fi\/en\/wp-json\/wp\/v2\/types\/page"}],"author":[{"embeddable":true,"href":"https:\/\/kauppa.kloffa.fi\/en\/wp-json\/wp\/v2\/users\/1"}],"replies":[{"embeddable":true,"href":"https:\/\/kauppa.kloffa.fi\/en\/wp-json\/wp\/v2\/comments?post=220880"}],"version-history":[{"count":1,"href":"https:\/\/kauppa.kloffa.fi\/en\/wp-json\/wp\/v2\/pages\/220880\/revisions"}],"predecessor-version":[{"id":220881,"href":"https:\/\/kauppa.kloffa.fi\/en\/wp-json\/wp\/v2\/pages\/220880\/revisions\/220881"}],"wp:attachment":[{"href":"https:\/\/kauppa.kloffa.fi\/en\/wp-json\/wp\/v2\/media?parent=220880"}],"curies":[{"name":"wp","href":"https:\/\/api.w.org\/{rel}","templated":true}]}}