{"id":223568,"date":"2026-04-09T14:51:19","date_gmt":"2026-04-09T12:51:19","guid":{"rendered":"https:\/\/kauppa.kloffa.fi\/?page_id=223568"},"modified":"2026-04-14T10:15:29","modified_gmt":"2026-04-14T08:15:29","slug":"fobia-ry","status":"publish","type":"page","link":"https:\/\/kauppa.kloffa.fi\/en\/fobia-ry\/","title":{"rendered":"Fobia ry"},"content":{"rendered":"<div class=\"wpb-content-wrapper\"><div class=\"vc_row wpb_row vc_row-fluid vc_custom_1605696737057\"><div class=\"wpb_column vc_column_container vc_col-sm-12\"><div class=\"vc_column-inner vc_custom_1604579954038\"><div class=\"wpb_wrapper\"><div class=\"vc_empty_space\"   style=\"height: 42px\"><span class=\"vc_empty_space_inner\"><\/span><\/div><h2 style=\"font-size: 42px;color: #000000;text-align: center;font-family:Open Sans;font-weight:800;font-style:normal\" class=\"vc_custom_heading vc_do_custom_heading wpb_animate_when_almost_visible wpb_fadeIn fadeIn vc_custom_1724443984853\" >FOBIA RY:N MERCH-KAUPPA<\/h2><h2 style=\"font-size: 30px;color: #000000;text-align: center;font-family:Open Sans;font-weight:600;font-style:normal\" class=\"vc_custom_heading vc_do_custom_heading wpb_animate_when_almost_visible wpb_fadeIn fadeIn vc_custom_1733755817234\" >Sustainable products with customized logo designs!<\/h2><\/div><\/div><\/div><\/div><div class=\"vc_row wpb_row vc_row-fluid\"><div class=\"wpb_column vc_column_container vc_col-sm-12\"><div class=\"vc_column-inner\"><div class=\"wpb_wrapper\"><div class=\"vc_empty_space\"   style=\"height: 35px\"><span class=\"vc_empty_space_inner\"><\/span><\/div>\n\t<div  class=\"wpb_single_image wpb_content_element vc_align_center\">\n\t\t\n\t\t<figure class=\"wpb_wrapper vc_figure\">\n\t\t\t<div class=\"vc_single_image-wrapper   vc_box_border_grey\"><img decoding=\"async\" class=\"vc_single_image-img\" src=\"https:\/\/kauppa.kloffa.fi\/wp-content\/uploads\/2026\/04\/Fobia-etusivu-2-scaled-500x500.jpg\" width=\"500\" height=\"500\" alt=\"\" title=\"\" loading=\"lazy\"  data-dt-location=\"https:\/\/kauppa.kloffa.fi\/en\/fobia-ry\/attachment\/fobia-etusivu-2\/\" \/><\/div>\n\t\t<\/figure>\n\t<\/div>\n<div class=\"vc_empty_space\"   style=\"height: 35px\"><span class=\"vc_empty_space_inner\"><\/span><\/div><\/div><\/div><\/div><\/div><div class=\"vc_row wpb_row vc_row-fluid\"><div class=\"wpb_column vc_column_container vc_col-sm-12\"><div class=\"vc_column-inner\"><div class=\"wpb_wrapper\">\n\t<div class=\"wpb_text_column wpb_content_element  vc_custom_1776154526474\" >\n\t\t<div class=\"wpb_wrapper\">\n\t\t\t<ol>\n<li>Lis\u00e4\u00e4 haluamasi tuotteet ostoskoriin ja siirry kassalle. Toimithan nopeasti, sill\u00e4 verkkokauppa on auki vain rajallisen ajan 19.4.2026 asti.<\/li>\n<li>Kassalla voit valita toimitusvaihtoehdoksi joko ilmaisen noudon Fobian toimistolta tai lis\u00e4maksullisen toimituksen PostNordin noutopisteeseen ymp\u00e4ri Suomea.<\/li>\n<li>Product manufacturing process begins after the end of the order period and the delivery time is approximately 4-5 weeks after that. If you have any questions about the order process, manufacturing or products, don't hesitate to contact info@kloffa.fi.<\/li>\n<\/ol>\n<p>&nbsp;<\/p>\n<p>Please note that customized products do not have the right of exchange or return, so fill out the order carefully.<\/p>\n\n\t\t<\/div>\n\t<\/div>\n<div class=\"woocommerce columns-4\"><\/div><\/div><\/div><\/div><\/div><div class=\"vc_row wpb_row vc_row-fluid\"><div class=\"wpb_column vc_column_container vc_col-sm-12\"><div class=\"vc_column-inner\"><div class=\"wpb_wrapper\"><\/div><\/div><\/div><\/div>\n<\/div>","protected":false},"excerpt":{"rendered":"<p>FOBIA RY:N MERCH-KAUPPAT\u00e4\u00e4lt\u00e4 tilaat helposti ainej\u00e4rjest\u00f6si ekologiset ja vastuulliset tuotteet! Lis\u00e4\u00e4 haluamasi tuotteet ostoskoriin ja siirry kassalle. Toimithan nopeasti, sill\u00e4 verkkokauppa on auki vain rajallisen ajan 19.4.2026 asti. Kassalla voit valita toimitusvaihtoehdoksi joko ilmaisen noudon Fobian toimistolta tai lis\u00e4maksullisen toimituksen PostNordin noutopisteeseen ymp\u00e4ri Suomea. Tuotteiden valmistus aloitetaan tilausajan p\u00e4\u00e4ttymisen j\u00e4lkeen ja niiden toimitusaika on n.&hellip;<\/p>","protected":false},"author":1,"featured_media":0,"parent":0,"menu_order":0,"comment_status":"closed","ping_status":"closed","template":"","meta":{"footnotes":""},"class_list":["post-223568","page","type-page","status-publish","hentry","description-off"],"_links":{"self":[{"href":"https:\/\/kauppa.kloffa.fi\/en\/wp-json\/wp\/v2\/pages\/223568","targetHints":{"allow":["GET"]}}],"collection":[{"href":"https:\/\/kauppa.kloffa.fi\/en\/wp-json\/wp\/v2\/pages"}],"about":[{"href":"https:\/\/kauppa.kloffa.fi\/en\/wp-json\/wp\/v2\/types\/page"}],"author":[{"embeddable":true,"href":"https:\/\/kauppa.kloffa.fi\/en\/wp-json\/wp\/v2\/users\/1"}],"replies":[{"embeddable":true,"href":"https:\/\/kauppa.kloffa.fi\/en\/wp-json\/wp\/v2\/comments?post=223568"}],"version-history":[{"count":4,"href":"https:\/\/kauppa.kloffa.fi\/en\/wp-json\/wp\/v2\/pages\/223568\/revisions"}],"predecessor-version":[{"id":223909,"href":"https:\/\/kauppa.kloffa.fi\/en\/wp-json\/wp\/v2\/pages\/223568\/revisions\/223909"}],"wp:attachment":[{"href":"https:\/\/kauppa.kloffa.fi\/en\/wp-json\/wp\/v2\/media?parent=223568"}],"curies":[{"name":"wp","href":"https:\/\/api.w.org\/{rel}","templated":true}]}}