{"id":51882,"date":"2021-02-15T14:44:10","date_gmt":"2021-02-15T14:44:10","guid":{"rendered":"https:\/\/kauppa.kloffa.fi\/?page_id=51882"},"modified":"2025-02-18T15:23:50","modified_gmt":"2025-02-18T13:23:50","slug":"demo","status":"publish","type":"page","link":"https:\/\/kauppa.kloffa.fi\/en\/demo\/","title":{"rendered":"Demo"},"content":{"rendered":"<div class=\"wpb-content-wrapper\"><div class=\"vc_row wpb_row vc_row-fluid vc_custom_1613400371463\"><div class=\"wpb_column vc_column_container vc_col-sm-12\"><div class=\"vc_column-inner vc_custom_1613400379961\"><div class=\"wpb_wrapper\">\n\t\t\t<!-- START Verkkokauppabanneri REVOLUTION SLIDER 6.7.38 --><p class=\"rs-p-wp-fix\"><\/p>\n\t\t\t<rs-module-wrap id=\"rev_slider_12_1_wrapper\" data-source=\"gallery\" style=\"visibility:hidden;background:transparent;padding:0;margin:0px auto;margin-top:0;margin-bottom:0;\">\n\t\t\t\t<rs-module id=\"rev_slider_12_1\" style=\"\" data-version=\"6.7.38\">\n\t\t\t\t\t<rs-slides style=\"overflow: hidden; position: absolute;\">\n\t\t\t\t\t\t<rs-slide style=\"position: absolute;\" data-key=\"rs-22\" data-title=\"Slide\" data-anim=\"ms:1000;r:0;\" data-in=\"o:0;\" data-out=\"a:false;\">\n\t\t\t\t\t\t\t<img decoding=\"async\" src=\"\/\/kauppa.kloffa.fi\/wp-content\/plugins\/revslider\/sr6\/assets\/assets\/dummy.png\" alt=\"\" width=\"1700\" height=\"858\" class=\"rev-slidebg tp-rs-img rs-lazyload\" data-lazyload=\"\/\/kauppa.kloffa.fi\/wp-content\/uploads\/2020\/08\/kloffainfo.jpg\" data-bg=\"p:center top;\" data-no-retina>\n<!--\n\t\t\t\t\t\t\t--><rs-layer\n\t\t\t\t\t\t\t\tid=\"slider-12-slide-22-layer-0\" \n\t\t\t\t\t\t\t\tdata-type=\"text\"\n\t\t\t\t\t\t\t\tdata-rsp_ch=\"on\"\n\t\t\t\t\t\t\t\tdata-xy=\"x:c;yo:55px,55px,55px,23px;\"\n\t\t\t\t\t\t\t\tdata-text=\"w:normal;s:60,60,60,25;l:65,65,65,28;a:center;\"\n\t\t\t\t\t\t\t\tdata-frame_999=\"o:0;st:w;\"\n\t\t\t\t\t\t\t\tstyle=\"z-index:5;font-family:'Poppins';\"\n\t\t\t\t\t\t\t>Kloffa Clothing t\u00e4ytt\u00e4\u00e4 vaatekaappisi<br \/>\naidolla ekologisuudella \n\t\t\t\t\t\t\t<\/rs-layer><!--\n-->\t\t\t\t\t<\/rs-slide>\n\t\t\t\t\t<\/rs-slides>\n\t\t\t\t<\/rs-module>\n\t\t\t\t<script>\n\t\t\t\t\tsetREVStartSize({c: 'rev_slider_12_1',rl:[1240,1240,1240,480],el:[450,450,450,250],gw:[1240,1240,1240,480],gh:[450,450,450,250],type:'standard',justify:'',layout:'fullwidth',mh:\"0\"});if (window.RS_MODULES!==undefined && window.RS_MODULES.modules!==undefined && window.RS_MODULES.modules[\"revslider121\"]!==undefined) {window.RS_MODULES.modules[\"revslider121\"].once = false;window.revapi12 = undefined;if (window.RS_MODULES.checkMinimal!==undefined) window.RS_MODULES.checkMinimal()}\n\t\t\t\t<\/script>\n\t\t\t<\/rs-module-wrap>\n\t\t\t<!-- END REVOLUTION SLIDER -->\n<\/div><\/div><\/div><\/div><div class=\"vc_row wpb_row vc_row-fluid vc_custom_1605696737057\"><div class=\"wpb_column vc_column_container vc_col-sm-12\"><div class=\"vc_column-inner vc_custom_1604579954038\"><div class=\"wpb_wrapper\"><h2 style=\"color: #000000;text-align: center;font-family:Abril Fatface;font-weight:400;font-style:normal\" class=\"vc_custom_heading vc_do_custom_heading wpb_animate_when_almost_visible wpb_fadeIn fadeIn vc_custom_1613400500245\" >Tervetuloa Kloffan demo-verkkokauppaan!<\/h2><h2 style=\"color: #000000;text-align: center;font-family:Abril Fatface;font-weight:400;font-style:normal\" class=\"vc_custom_heading vc_do_custom_heading wpb_animate_when_almost_visible wpb_fadeIn fadeIn vc_custom_1613400566901\" >T\u00e4lt\u00e4 sivulta l\u00f6yd\u00e4t uniikit ja vastuulliset tuotteet yhteis\u00f6si logolla.<\/h2><\/div><\/div><\/div><\/div><div class=\"vc_row wpb_row vc_row-fluid\"><div class=\"wpb_column vc_column_container vc_col-sm-12\"><div class=\"vc_column-inner\"><div class=\"wpb_wrapper\"><div class=\"vc_empty_space\"   style=\"height: 50px\"><span class=\"vc_empty_space_inner\"><\/span><\/div>\n\t<div  class=\"wpb_single_image wpb_content_element vc_align_center\">\n\t\t\n\t\t<figure class=\"wpb_wrapper vc_figure\">\n\t\t\t<div class=\"vc_single_image-wrapper   vc_box_border_grey\"><img decoding=\"async\" class=\"vc_single_image-img \" src=\"https:\/\/kauppa.kloffa.fi\/wp-content\/uploads\/2024\/08\/kloffalogo-1.jpg\" width=\"350\" height=\"66\" alt=\"kloffalogo\" title=\"kloffalogo\" loading=\"lazy\"  data-dt-location=\"https:\/\/kauppa.kloffa.fi\/en\/kloffalogo-3\/\" \/><\/div>\n\t\t<\/figure>\n\t<\/div>\n<div class=\"vc_empty_space\"   style=\"height: 50px\"><span class=\"vc_empty_space_inner\"><\/span><\/div><\/div><\/div><\/div><\/div><div class=\"vc_row wpb_row vc_row-fluid\"><div class=\"wpb_column vc_column_container vc_col-sm-12\"><div class=\"vc_column-inner\"><div class=\"wpb_wrapper\">\n\t<div class=\"wpb_text_column wpb_content_element  vc_custom_1613400546086\" >\n\t\t<div class=\"wpb_wrapper\">\n\t\t\t<ol>\n<li>Valitse haluamasi tuotteet, lis\u00e4\u00e4 ne ostoskoriin ja siirry kassalle.<\/li>\n<li>Me hoidamme kaiken muun puolestasi!<\/li>\n<li>Valmiit tuotteet saapuvat koko yhteis\u00f6llenne yhdess\u00e4 er\u00e4ss\u00e4.<\/li>\n<\/ol>\n<p>&nbsp;<\/p>\n<p>Toimithan nopeasti, sill\u00e4 verkkokauppa on auki vain rajallisen ajan. Toimitusaika on 2-4\u00a0viikkoa tilausajan p\u00e4\u00e4ttymisest\u00e4. Tarkemmat tiedot toimituksesta ja jakelusta saat yhteis\u00f6nne vastuuhenkil\u00f6lt\u00e4. Huomioithan, ett\u00e4 kustomoiduilla\u00a0tuotteilla ei ole vaihto- tai palautusoikeutta, joten t\u00e4yt\u00e4 tilaus huolellisesti. Tuotteet valmistetaan valintojesi mukaan. Tilauksen yhteydess\u00e4 ker\u00e4tt\u00e4vi\u00e4 osoite- ja henkil\u00f6tietoja k\u00e4ytet\u00e4\u00e4n ainoastaan tilauksien tunnistamistarkoitukseen.<\/p>\n\n\t\t<\/div>\n\t<\/div>\n<div class=\"woocommerce columns-4 \"><div class=\"wf-container dt-products  woo-hover products loading-effect-fade-in description-on-hover cart-btn-on-img wc-img-hover hide-description wc-grid\" data-padding=\"0px\" data-cur-page=\"1\" data-desktop-columns-num=\"4\" data-v-tablet-columns-num=\"2\" data-h-tablet-columns-num=\"3\" data-phone-columns-num=\"1\">\n\n<article class=\"post visible description-off product type-product post-51221 status-publish first instock product_cat-demo has-post-thumbnail taxable shipping-taxable purchasable product-type-variable\">\n\n\t<figure class=\"woocom-project\">\n\t<div class=\"woo-buttons-on-img\">\n\n\t\t<a href=\"https:\/\/kauppa.kloffa.fi\/en\/product\/demo-college-brodeerauksella\/\" class=\"alignnone layzr-bg\"><img loading=\"lazy\" decoding=\"async\" width=\"300\" height=\"300\" src=\"data:image\/svg+xml;charset=utf-8,%3Csvg xmlns%3D&#039;http%3A%2F%2Fwww.w3.org%2F2000%2Fsvg&#039; viewBox%3D&#039;0 0 300 300&#039;%2F%3E\" class=\"attachment-woocommerce_thumbnail size-woocommerce_thumbnail lazy-load preload-me\" alt=\"Demo college brodeerauksella\" data-src=\"https:\/\/kauppa.kloffa.fi\/wp-content\/uploads\/2024\/10\/PFM0_STSU868_C002-300x300.jpg\" data-srcset=\"https:\/\/kauppa.kloffa.fi\/wp-content\/uploads\/2024\/10\/PFM0_STSU868_C002-300x300.jpg 300w, https:\/\/kauppa.kloffa.fi\/wp-content\/uploads\/2024\/10\/PFM0_STSU868_C002-1024x1024.jpg 1024w, https:\/\/kauppa.kloffa.fi\/wp-content\/uploads\/2024\/10\/PFM0_STSU868_C002-150x150.jpg 150w, https:\/\/kauppa.kloffa.fi\/wp-content\/uploads\/2024\/10\/PFM0_STSU868_C002-768x768.jpg 768w, https:\/\/kauppa.kloffa.fi\/wp-content\/uploads\/2024\/10\/PFM0_STSU868_C002-1536x1536.jpg 1536w, https:\/\/kauppa.kloffa.fi\/wp-content\/uploads\/2024\/10\/PFM0_STSU868_C002-12x12.jpg 12w, https:\/\/kauppa.kloffa.fi\/wp-content\/uploads\/2024\/10\/PFM0_STSU868_C002-600x600.jpg 600w, https:\/\/kauppa.kloffa.fi\/wp-content\/uploads\/2024\/10\/PFM0_STSU868_C002-200x200.jpg 200w, https:\/\/kauppa.kloffa.fi\/wp-content\/uploads\/2024\/10\/PFM0_STSU868_C002.jpg 1600w\" \/><img loading=\"lazy\" decoding=\"async\" width=\"300\" height=\"300\" src=\"data:image\/svg+xml;charset=utf-8,%3Csvg xmlns%3D&#039;http%3A%2F%2Fwww.w3.org%2F2000%2Fsvg&#039; viewBox%3D&#039;0 0 300 300&#039;%2F%3E\" class=\"show-on-hover back-image lazy-load preload-me\" alt=\"\" data-src=\"https:\/\/kauppa.kloffa.fi\/wp-content\/uploads\/2024\/09\/PBM0_STSU868_C244-kopio-300x300.jpg\" data-srcset=\"https:\/\/kauppa.kloffa.fi\/wp-content\/uploads\/2024\/09\/PBM0_STSU868_C244-kopio-300x300.jpg 300w, https:\/\/kauppa.kloffa.fi\/wp-content\/uploads\/2024\/09\/PBM0_STSU868_C244-kopio-1024x1024.jpg 1024w, https:\/\/kauppa.kloffa.fi\/wp-content\/uploads\/2024\/09\/PBM0_STSU868_C244-kopio-150x150.jpg 150w, https:\/\/kauppa.kloffa.fi\/wp-content\/uploads\/2024\/09\/PBM0_STSU868_C244-kopio-768x768.jpg 768w, https:\/\/kauppa.kloffa.fi\/wp-content\/uploads\/2024\/09\/PBM0_STSU868_C244-kopio-1536x1536.jpg 1536w, https:\/\/kauppa.kloffa.fi\/wp-content\/uploads\/2024\/09\/PBM0_STSU868_C244-kopio-12x12.jpg 12w, https:\/\/kauppa.kloffa.fi\/wp-content\/uploads\/2024\/09\/PBM0_STSU868_C244-kopio-600x600.jpg 600w, https:\/\/kauppa.kloffa.fi\/wp-content\/uploads\/2024\/09\/PBM0_STSU868_C244-kopio-200x200.jpg 200w, https:\/\/kauppa.kloffa.fi\/wp-content\/uploads\/2024\/09\/PBM0_STSU868_C244-kopio.jpg 1600w\" \/><\/a>\n\t<\/div>\n\t<figcaption class=\"woocom-list-content\">\n\n\t\t<div class=\"woocommerce-product-details__short-description\">\n\t<p>Tyylik\u00e4s unisex collegepaita, joka sopii kaikkiin tilanteisiin.<\/p>\n<p>Mit\u00e4 tuotteita te haluatte verkkokauppaan saataville? Valikoimamme pit\u00e4\u00e4 sis\u00e4ll\u00e4\u00e4n yli sata t\u00e4ysin kierr\u00e4tysmateriaaleista valmistettua tuotetta sek\u00e4 paljon muuta.<\/p>\n<p>Sateenvarjot logolla? \u2013 Onnistuu<\/p>\n<p>Kierr\u00e4tysmuovista valmistettuja kahvikuppeja? \u2013 Onnistuu<\/p>\n<p>Suomessa suunniteltuja ja EU:ssa valmistettuja vaatteita muovi- sek\u00e4 tekstiilij\u00e4tteest\u00e4? \u2013 Onnistuu<\/p>\n<p>Ota yhteytt\u00e4 yhteyshenkil\u00f6\u00f6si tai l\u00e4hesty viestill\u00e4 osoitteeseen info@kloffa.fi<\/p>\n<p>&nbsp;<\/p>\n<\/div>\n\n\t<\/figcaption>\n<\/figure>\n\n<\/article>\n\n\n\n<article class=\"post visible description-off product type-product post-51183 status-publish instock product_cat-demo has-post-thumbnail taxable shipping-taxable purchasable product-type-variable\">\n\n\t<figure class=\"woocom-project\">\n\t<div class=\"woo-buttons-on-img\">\n\n\t\t<a href=\"https:\/\/kauppa.kloffa.fi\/en\/product\/demo-t-paita-painatuksella\/\" class=\"alignnone layzr-bg\"><img loading=\"lazy\" decoding=\"async\" width=\"300\" height=\"300\" src=\"data:image\/svg+xml;charset=utf-8,%3Csvg xmlns%3D&#039;http%3A%2F%2Fwww.w3.org%2F2000%2Fsvg&#039; viewBox%3D&#039;0 0 300 300&#039;%2F%3E\" class=\"attachment-woocommerce_thumbnail size-woocommerce_thumbnail lazy-load preload-me\" alt=\"Demo t-paita painatuksella\" data-src=\"https:\/\/kauppa.kloffa.fi\/wp-content\/uploads\/2020\/11\/Demo-t-paita-grey-300x300.jpg\" data-srcset=\"https:\/\/kauppa.kloffa.fi\/wp-content\/uploads\/2020\/11\/Demo-t-paita-grey-300x300.jpg 300w, https:\/\/kauppa.kloffa.fi\/wp-content\/uploads\/2020\/11\/Demo-t-paita-grey-1024x1024.jpg 1024w, https:\/\/kauppa.kloffa.fi\/wp-content\/uploads\/2020\/11\/Demo-t-paita-grey-150x150.jpg 150w, https:\/\/kauppa.kloffa.fi\/wp-content\/uploads\/2020\/11\/Demo-t-paita-grey-768x768.jpg 768w, https:\/\/kauppa.kloffa.fi\/wp-content\/uploads\/2020\/11\/Demo-t-paita-grey-600x600.jpg 600w, https:\/\/kauppa.kloffa.fi\/wp-content\/uploads\/2020\/11\/Demo-t-paita-grey-200x200.jpg 200w, https:\/\/kauppa.kloffa.fi\/wp-content\/uploads\/2020\/11\/Demo-t-paita-grey.jpg 1500w\" \/><img loading=\"lazy\" decoding=\"async\" width=\"300\" height=\"300\" src=\"data:image\/svg+xml;charset=utf-8,%3Csvg xmlns%3D&#039;http%3A%2F%2Fwww.w3.org%2F2000%2Fsvg&#039; viewBox%3D&#039;0 0 300 300&#039;%2F%3E\" class=\"show-on-hover back-image lazy-load preload-me\" alt=\"\" data-src=\"https:\/\/kauppa.kloffa.fi\/wp-content\/uploads\/2020\/11\/Demo-t-paita-white-300x300.jpg\" data-srcset=\"https:\/\/kauppa.kloffa.fi\/wp-content\/uploads\/2020\/11\/Demo-t-paita-white-300x300.jpg 300w, https:\/\/kauppa.kloffa.fi\/wp-content\/uploads\/2020\/11\/Demo-t-paita-white-1024x1024.jpg 1024w, https:\/\/kauppa.kloffa.fi\/wp-content\/uploads\/2020\/11\/Demo-t-paita-white-150x150.jpg 150w, https:\/\/kauppa.kloffa.fi\/wp-content\/uploads\/2020\/11\/Demo-t-paita-white-768x768.jpg 768w, https:\/\/kauppa.kloffa.fi\/wp-content\/uploads\/2020\/11\/Demo-t-paita-white-600x600.jpg 600w, https:\/\/kauppa.kloffa.fi\/wp-content\/uploads\/2020\/11\/Demo-t-paita-white-200x200.jpg 200w, https:\/\/kauppa.kloffa.fi\/wp-content\/uploads\/2020\/11\/Demo-t-paita-white.jpg 1500w\" \/><\/a>\n\t<\/div>\n\t<figcaption class=\"woocom-list-content\">\n\n\t\t<div class=\"woocommerce-product-details__short-description\">\n\t<p>Tyylik\u00e4s unisex t-paita, joka sopii kaikkiin tilanteisiin.<\/p>\n<p>Mit\u00e4 tuotteita te haluatte verkkokauppaan saataville? Valikoimamme pit\u00e4\u00e4 sis\u00e4ll\u00e4\u00e4n yli sata t\u00e4ysin kierr\u00e4tysmateriaaleista valmistettua tuotetta sek\u00e4 paljon muuta.<\/p>\n<p>Sateenvarjot logolla? \u2013 Onnistuu<\/p>\n<p>Kierr\u00e4tysmuovista valmistettuja kahvikuppeja? \u2013 Onnistuu<\/p>\n<p>Suomessa suunniteltuja ja EU:ssa valmistettuja vaatteita muovi- sek\u00e4 tekstiilij\u00e4tteest\u00e4? \u2013 Onnistuu<\/p>\n<p>Ota yhteytt\u00e4 yhteyshenkil\u00f6\u00f6si tai l\u00e4hesty viestill\u00e4 osoitteeseen info@kloffa.fi<\/p>\n<\/div>\n\n\t<\/figcaption>\n<\/figure>\n\n<\/article>\n\n<\/div><\/div><\/div><\/div><\/div><\/div>\n<\/div>","protected":false},"excerpt":{"rendered":"<p>Tervetuloa Kloffan demo-verkkokauppaan!T\u00e4lt\u00e4 sivulta l\u00f6yd\u00e4t uniikit ja vastuulliset tuotteet yhteis\u00f6si logolla. Valitse haluamasi tuotteet, lis\u00e4\u00e4 ne ostoskoriin ja siirry kassalle. Me hoidamme kaiken muun puolestasi! Valmiit tuotteet saapuvat koko yhteis\u00f6llenne yhdess\u00e4 er\u00e4ss\u00e4. &nbsp; Toimithan nopeasti, sill\u00e4 verkkokauppa on auki vain rajallisen ajan. Toimitusaika on 2-4\u00a0viikkoa tilausajan p\u00e4\u00e4ttymisest\u00e4. Tarkemmat tiedot toimituksesta ja jakelusta saat yhteis\u00f6nne vastuuhenkil\u00f6lt\u00e4.&hellip;<\/p>","protected":false},"author":1,"featured_media":0,"parent":0,"menu_order":0,"comment_status":"closed","ping_status":"closed","template":"","meta":{"footnotes":""},"class_list":["post-51882","page","type-page","status-publish","hentry","description-off"],"_links":{"self":[{"href":"https:\/\/kauppa.kloffa.fi\/en\/wp-json\/wp\/v2\/pages\/51882","targetHints":{"allow":["GET"]}}],"collection":[{"href":"https:\/\/kauppa.kloffa.fi\/en\/wp-json\/wp\/v2\/pages"}],"about":[{"href":"https:\/\/kauppa.kloffa.fi\/en\/wp-json\/wp\/v2\/types\/page"}],"author":[{"embeddable":true,"href":"https:\/\/kauppa.kloffa.fi\/en\/wp-json\/wp\/v2\/users\/1"}],"replies":[{"embeddable":true,"href":"https:\/\/kauppa.kloffa.fi\/en\/wp-json\/wp\/v2\/comments?post=51882"}],"version-history":[{"count":0,"href":"https:\/\/kauppa.kloffa.fi\/en\/wp-json\/wp\/v2\/pages\/51882\/revisions"}],"wp:attachment":[{"href":"https:\/\/kauppa.kloffa.fi\/en\/wp-json\/wp\/v2\/media?parent=51882"}],"curies":[{"name":"wp","href":"https:\/\/api.w.org\/{rel}","templated":true}]}}