{"id":54168,"date":"2021-10-15T06:58:01","date_gmt":"2021-10-15T06:58:01","guid":{"rendered":"https:\/\/kauppa.kloffa.fi\/?page_id=54168"},"modified":"2025-02-07T15:13:30","modified_gmt":"2025-02-07T13:13:30","slug":"kritiikki-ry","status":"publish","type":"page","link":"https:\/\/kauppa.kloffa.fi\/en\/kritiikki-ry\/","title":{"rendered":"Kritiikki ry"},"content":{"rendered":"<div class=\"wpb-content-wrapper\"><div class=\"vc_row wpb_row vc_row-fluid\"><div class=\"wpb_column vc_column_container vc_col-sm-12\"><div class=\"vc_column-inner\"><div class=\"wpb_wrapper\"><\/div><\/div><\/div><\/div><div class=\"vc_row wpb_row vc_row-fluid vc_custom_1605696737057\"><div class=\"wpb_column vc_column_container vc_col-sm-12\"><div class=\"vc_column-inner vc_custom_1604579954038\"><div class=\"wpb_wrapper\"><h2 style=\"font-size: 42px;color: #000000;text-align: center;font-family:Open Sans;font-weight:800;font-style:normal\" class=\"vc_custom_heading vc_do_custom_heading wpb_animate_when_almost_visible wpb_fadeIn fadeIn vc_custom_1737472166746\" >KRITIIKKI RY:N MERCH-KAUPPA<\/h2><h2 style=\"font-size: 30px;color: #000000;text-align: center;font-family:Open Sans;font-weight:600;font-style:normal\" class=\"vc_custom_heading vc_do_custom_heading wpb_animate_when_almost_visible wpb_fadeIn fadeIn vc_custom_1737472203437\" >Sustainable products with customized logo designs!<\/h2><\/div><\/div><\/div><\/div><div class=\"vc_row wpb_row vc_row-fluid\"><div class=\"wpb_column vc_column_container vc_col-sm-12\"><div class=\"vc_column-inner\"><div class=\"wpb_wrapper\"><div class=\"vc_empty_space\"   style=\"height: 36px\"><span class=\"vc_empty_space_inner\"><\/span><\/div>\n\t<div  class=\"wpb_single_image wpb_content_element vc_align_center\">\n\t\t\n\t\t<figure class=\"wpb_wrapper vc_figure\">\n\t\t\t<div class=\"vc_single_image-wrapper   vc_box_border_grey\"><img decoding=\"async\" class=\"vc_single_image-img\" src=\"https:\/\/kauppa.kloffa.fi\/wp-content\/uploads\/2025\/02\/Kritiikki-etusivu-2-500x500.jpg\" width=\"500\" height=\"500\" alt=\"\" title=\"\" loading=\"lazy\"  data-dt-location=\"https:\/\/kauppa.kloffa.fi\/en\/kritiikki-ry\/attachment\/kritiikki-etusivu-2\/\" \/><\/div>\n\t\t<\/figure>\n\t<\/div>\n<div class=\"vc_empty_space\"   style=\"height: 36px\"><span class=\"vc_empty_space_inner\"><\/span><\/div><\/div><\/div><\/div><\/div><div class=\"vc_row wpb_row vc_row-fluid\"><div class=\"wpb_column vc_column_container vc_col-sm-12\"><div class=\"vc_column-inner\"><div class=\"wpb_wrapper\">\n\t<div class=\"wpb_text_column wpb_content_element  vc_custom_1737472384608\" >\n\t\t<div class=\"wpb_wrapper\">\n\t\t\t<ol>\n<li>Lis\u00e4\u00e4 haluamasi tuotteet ostoskoriin ja siirry kassalle. Toimithan nopeasti, sill\u00e4 verkkokauppa on auki vain rajallisen ajan 10.\u201324.2.2025.<\/li>\n<li>Kassalla voit valita toimitusvaihtoehdoksi joko ilmaisen noudon Kritiikin toimistolta tai lis\u00e4maksullisen toimituksen Postin noutopisteeseen ymp\u00e4ri Suomea.<\/li>\n<li>Product manufacturing process begins after the end of the order period and the delivery time is approximately 4 weeks after that. If you have any questions about the order process, manufacturing or products, don't hesitate to contact info@kloffa.fi.<\/li>\n<\/ol>\n<p>&nbsp;<\/p>\n<p>Please note that customized products do not have the right of exchange or return, so fill out the order carefully.<\/p>\n\n\t\t<\/div>\n\t<\/div>\n<div class=\"woocommerce columns-4\"><div class=\"wf-container dt-products  woo-hover products loading-effect-fade-in description-on-hover cart-btn-on-img wc-img-hover hide-description wc-grid\" data-padding=\"0px\" data-cur-page=\"1\" data-desktop-columns-num=\"4\" data-v-tablet-columns-num=\"2\" data-h-tablet-columns-num=\"3\" data-phone-columns-num=\"1\">\n\n<article class=\"post visible description-off product type-product post-54133 status-publish first instock product_cat-kritiikki has-post-thumbnail taxable shipping-taxable purchasable product-type-variable\">\n\n\t<figure class=\"woocom-project\">\n\t<div class=\"woo-buttons-on-img\">\n\n\t\t<a href=\"https:\/\/kauppa.kloffa.fi\/en\/product\/kritiikki-ry-college\/\" class=\"alignnone layzr-bg\"><img loading=\"lazy\" decoding=\"async\" width=\"300\" height=\"300\" src=\"data:image\/svg+xml;charset=utf-8,%3Csvg xmlns%3D&#039;http%3A%2F%2Fwww.w3.org%2F2000%2Fsvg&#039; viewBox%3D&#039;0 0 300 300&#039;%2F%3E\" class=\"attachment-woocommerce_thumbnail size-woocommerce_thumbnail lazy-load preload-me\" alt=\"Kritiikki College (100% recycled)\" data-src=\"https:\/\/kauppa.kloffa.fi\/wp-content\/uploads\/2021\/10\/Kritiikki-college-Harmaa-300x300.jpg\" data-srcset=\"https:\/\/kauppa.kloffa.fi\/wp-content\/uploads\/2021\/10\/Kritiikki-college-Harmaa-300x300.jpg 300w, https:\/\/kauppa.kloffa.fi\/wp-content\/uploads\/2021\/10\/Kritiikki-college-Harmaa-1024x1024.jpg 1024w, https:\/\/kauppa.kloffa.fi\/wp-content\/uploads\/2021\/10\/Kritiikki-college-Harmaa-150x150.jpg 150w, https:\/\/kauppa.kloffa.fi\/wp-content\/uploads\/2021\/10\/Kritiikki-college-Harmaa-768x768.jpg 768w, https:\/\/kauppa.kloffa.fi\/wp-content\/uploads\/2021\/10\/Kritiikki-college-Harmaa-600x600.jpg 600w, https:\/\/kauppa.kloffa.fi\/wp-content\/uploads\/2021\/10\/Kritiikki-college-Harmaa-200x200.jpg 200w, https:\/\/kauppa.kloffa.fi\/wp-content\/uploads\/2021\/10\/Kritiikki-college-Harmaa.jpg 1100w\" \/><img loading=\"lazy\" decoding=\"async\" width=\"300\" height=\"300\" src=\"data:image\/svg+xml;charset=utf-8,%3Csvg xmlns%3D&#039;http%3A%2F%2Fwww.w3.org%2F2000%2Fsvg&#039; viewBox%3D&#039;0 0 300 300&#039;%2F%3E\" class=\"show-on-hover back-image lazy-load preload-me\" alt=\"\" data-src=\"https:\/\/kauppa.kloffa.fi\/wp-content\/uploads\/2021\/10\/Kritiikki-college-Musta-300x300.jpg\" data-srcset=\"https:\/\/kauppa.kloffa.fi\/wp-content\/uploads\/2021\/10\/Kritiikki-college-Musta-300x300.jpg 300w, https:\/\/kauppa.kloffa.fi\/wp-content\/uploads\/2021\/10\/Kritiikki-college-Musta-1024x1024.jpg 1024w, https:\/\/kauppa.kloffa.fi\/wp-content\/uploads\/2021\/10\/Kritiikki-college-Musta-150x150.jpg 150w, https:\/\/kauppa.kloffa.fi\/wp-content\/uploads\/2021\/10\/Kritiikki-college-Musta-768x768.jpg 768w, https:\/\/kauppa.kloffa.fi\/wp-content\/uploads\/2021\/10\/Kritiikki-college-Musta-600x600.jpg 600w, https:\/\/kauppa.kloffa.fi\/wp-content\/uploads\/2021\/10\/Kritiikki-college-Musta-200x200.jpg 200w, https:\/\/kauppa.kloffa.fi\/wp-content\/uploads\/2021\/10\/Kritiikki-college-Musta.jpg 1100w\" \/><\/a>\n\t<\/div>\n\t<figcaption class=\"woocom-list-content\">\n\n\t\t<div class=\"woocommerce-product-details__short-description\">\n\t<p><span style=\"font-weight: 400;\">Tyylik\u00e4s ja istuva unisex &#8217;Klaimet<b>\u00ae<\/b> collegepaita Kritiikki ry:n logolla brodeerattuna. <\/span><span style=\"font-weight: 400;\">College on valmistettu 100% tekstiili- ja muovij\u00e4tteest\u00e4 sek\u00e4 tuotettu<\/span><span style=\"font-weight: 400;\">\u00a0entirely within the EU.<\/span><\/p>\n<p>&nbsp;<\/p>\n<p><b>By choosing one &#039;Klaimet\u00ae sweatshirt:<\/b><\/p>\n<ul>\n<li>Saves 5,000 liters of water<\/li>\n<li>Saves 7,700 grams of CO2 emissions<\/li>\n<li>Saves 18.7 kWh of energy<\/li>\n<li>13 recycled plastic bottles are utilized<\/li>\n<\/ul>\n<p>&nbsp;<\/p>\n<p><span style=\"font-weight: 400;\">Design: Unisex<\/span><span style=\"font-weight: 400;\"><br \/>\n<\/span><span style=\"font-weight: 400;\">Sizes: XS-XXL<\/span><br \/>\n<span style=\"font-weight: 400;\">Brand: &#039;Klaimet<b>\u00ae<\/b><br \/>\n<\/span><span style=\"font-weight: 400;\">Material: 50% recycled cotton, 47% recycled polyester, 3% other recycled fibers<\/span><span style=\"font-weight: 400;\"><br \/>\n<\/span><span style=\"font-weight: 400;\">Set-in style sleeves<\/span><span style=\"font-weight: 400;\"><br \/>\n<\/span><span style=\"font-weight: 400;\">Elastic sleeve and waist ribbing<\/span><\/p>\n<p>&nbsp;<\/p>\n<p><a href=\"https:\/\/kauppa.kloffa.fi\/en\/kritiikki-ry\/\"><strong>BACK TO HOMEPAGE<\/strong><\/a><\/p>\n<\/div>\n\n\t<\/figcaption>\n<\/figure>\n\n<\/article>\n\n\n\n<article class=\"post visible description-off product type-product post-111436 status-publish instock product_cat-kritiikki has-post-thumbnail taxable shipping-taxable purchasable product-type-variable\">\n\n\t<figure class=\"woocom-project\">\n\t<div class=\"woo-buttons-on-img\">\n\n\t\t<a href=\"https:\/\/kauppa.kloffa.fi\/en\/product\/kritiikki-ry-huppari-100-recycled\/\" class=\"alignnone layzr-bg\"><img loading=\"lazy\" decoding=\"async\" width=\"300\" height=\"300\" src=\"data:image\/svg+xml;charset=utf-8,%3Csvg xmlns%3D&#039;http%3A%2F%2Fwww.w3.org%2F2000%2Fsvg&#039; viewBox%3D&#039;0 0 300 300&#039;%2F%3E\" class=\"attachment-woocommerce_thumbnail size-woocommerce_thumbnail lazy-load preload-me\" alt=\"Kritiikki Huppari (100% recycled)\" data-src=\"https:\/\/kauppa.kloffa.fi\/wp-content\/uploads\/2024\/02\/Kritiikki-huppari_Klaimet_musta-300x300.jpg\" data-srcset=\"https:\/\/kauppa.kloffa.fi\/wp-content\/uploads\/2024\/02\/Kritiikki-huppari_Klaimet_musta-300x300.jpg 300w, https:\/\/kauppa.kloffa.fi\/wp-content\/uploads\/2024\/02\/Kritiikki-huppari_Klaimet_musta-1024x1024.jpg 1024w, https:\/\/kauppa.kloffa.fi\/wp-content\/uploads\/2024\/02\/Kritiikki-huppari_Klaimet_musta-150x150.jpg 150w, https:\/\/kauppa.kloffa.fi\/wp-content\/uploads\/2024\/02\/Kritiikki-huppari_Klaimet_musta-768x768.jpg 768w, https:\/\/kauppa.kloffa.fi\/wp-content\/uploads\/2024\/02\/Kritiikki-huppari_Klaimet_musta-12x12.jpg 12w, https:\/\/kauppa.kloffa.fi\/wp-content\/uploads\/2024\/02\/Kritiikki-huppari_Klaimet_musta-600x600.jpg 600w, https:\/\/kauppa.kloffa.fi\/wp-content\/uploads\/2024\/02\/Kritiikki-huppari_Klaimet_musta-200x200.jpg 200w, https:\/\/kauppa.kloffa.fi\/wp-content\/uploads\/2024\/02\/Kritiikki-huppari_Klaimet_musta.jpg 1100w\" \/><img loading=\"lazy\" decoding=\"async\" width=\"300\" height=\"300\" src=\"data:image\/svg+xml;charset=utf-8,%3Csvg xmlns%3D&#039;http%3A%2F%2Fwww.w3.org%2F2000%2Fsvg&#039; viewBox%3D&#039;0 0 300 300&#039;%2F%3E\" class=\"show-on-hover back-image lazy-load preload-me\" alt=\"\" data-src=\"https:\/\/kauppa.kloffa.fi\/wp-content\/uploads\/2024\/02\/Kritiikki-huppari_Klaimet_harmaa-300x300.jpg\" data-srcset=\"https:\/\/kauppa.kloffa.fi\/wp-content\/uploads\/2024\/02\/Kritiikki-huppari_Klaimet_harmaa-300x300.jpg 300w, https:\/\/kauppa.kloffa.fi\/wp-content\/uploads\/2024\/02\/Kritiikki-huppari_Klaimet_harmaa-1024x1024.jpg 1024w, https:\/\/kauppa.kloffa.fi\/wp-content\/uploads\/2024\/02\/Kritiikki-huppari_Klaimet_harmaa-150x150.jpg 150w, https:\/\/kauppa.kloffa.fi\/wp-content\/uploads\/2024\/02\/Kritiikki-huppari_Klaimet_harmaa-768x768.jpg 768w, https:\/\/kauppa.kloffa.fi\/wp-content\/uploads\/2024\/02\/Kritiikki-huppari_Klaimet_harmaa-12x12.jpg 12w, https:\/\/kauppa.kloffa.fi\/wp-content\/uploads\/2024\/02\/Kritiikki-huppari_Klaimet_harmaa-600x600.jpg 600w, https:\/\/kauppa.kloffa.fi\/wp-content\/uploads\/2024\/02\/Kritiikki-huppari_Klaimet_harmaa-200x200.jpg 200w, https:\/\/kauppa.kloffa.fi\/wp-content\/uploads\/2024\/02\/Kritiikki-huppari_Klaimet_harmaa.jpg 1100w\" \/><\/a>\n\t<\/div>\n\t<figcaption class=\"woocom-list-content\">\n\n\t\t<div class=\"woocommerce-product-details__short-description\">\n\t<p><span style=\"font-weight: 400;\">Tyylik\u00e4s ja istuva huppari, joka on valmistettu 100% tekstiili- ja muovij\u00e4tteest\u00e4 sek\u00e4 tuotettu<\/span><span style=\"font-weight: 400;\"> kokonaan EU-alueella. Hupparin etupuolella on Kritiikki ry:n brodeerattu logo.<\/span><\/p>\n<p>&nbsp;<\/p>\n<p><b>By choosing one &#039;Klaimet\u00ae hoodie:<\/b><\/p>\n<ul>\n<li>6600 liters of water are saved<\/li>\n<li>Saves 10,100 grams of CO2 emissions<\/li>\n<li>24.7 kWh of energy is saved<\/li>\n<li>17 recycled plastic bottles are utilized<\/li>\n<\/ul>\n<p>&nbsp;<\/p>\n<p><span style=\"font-weight: 400;\">Design: Unisex<\/span><span style=\"font-weight: 400;\"><br \/>\n<\/span><span style=\"font-weight: 400;\">Sizes: XS-XXL<\/span><br \/>\n<span style=\"font-weight: 400;\">Brand: &#039;Klaimet<b>\u00ae<\/b><br \/>\n<\/span><span style=\"font-weight: 400;\">Material: 50% recycled cotton, 47% recycled polyester, 3% other recycled fibers<\/span><span style=\"font-weight: 400;\"><br \/>\n<\/span><span style=\"font-weight: 400;\">Set-in style sleeves<\/span><span style=\"font-weight: 400;\"><br \/>\n<\/span><span style=\"font-weight: 400;\">Elastic sleeve and waist ribbing<\/span><\/p>\n<p>&nbsp;<\/p>\n<p><a href=\"https:\/\/kauppa.kloffa.fi\/en\/kritiikki-ry\/\"><strong>BACK TO HOMEPAGE<\/strong><\/a><\/p>\n<p>&nbsp;<\/p>\n<\/div>\n\n\t<\/figcaption>\n<\/figure>\n\n<\/article>\n\n\n\n<article class=\"post visible description-off product type-product post-54171 status-publish instock product_cat-kritiikki has-post-thumbnail taxable shipping-taxable purchasable product-type-variable\">\n\n\t<figure class=\"woocom-project\">\n\t<div class=\"woo-buttons-on-img\">\n\n\t\t<a href=\"https:\/\/kauppa.kloffa.fi\/en\/product\/kritiikki-ry-kangaskassi\/\" class=\"alignnone layzr-bg\"><img loading=\"lazy\" decoding=\"async\" width=\"300\" height=\"300\" src=\"data:image\/svg+xml;charset=utf-8,%3Csvg xmlns%3D&#039;http%3A%2F%2Fwww.w3.org%2F2000%2Fsvg&#039; viewBox%3D&#039;0 0 300 300&#039;%2F%3E\" class=\"attachment-woocommerce_thumbnail size-woocommerce_thumbnail lazy-load preload-me\" alt=\"Kritiikki Kangaskassi (100% recycled)\" data-src=\"https:\/\/kauppa.kloffa.fi\/wp-content\/uploads\/2021\/10\/Kritiikki-kangaskassi-edit-300x300.jpg\" data-srcset=\"https:\/\/kauppa.kloffa.fi\/wp-content\/uploads\/2021\/10\/Kritiikki-kangaskassi-edit-300x300.jpg 300w, https:\/\/kauppa.kloffa.fi\/wp-content\/uploads\/2021\/10\/Kritiikki-kangaskassi-edit-1024x1024.jpg 1024w, https:\/\/kauppa.kloffa.fi\/wp-content\/uploads\/2021\/10\/Kritiikki-kangaskassi-edit-150x150.jpg 150w, https:\/\/kauppa.kloffa.fi\/wp-content\/uploads\/2021\/10\/Kritiikki-kangaskassi-edit-768x768.jpg 768w, https:\/\/kauppa.kloffa.fi\/wp-content\/uploads\/2021\/10\/Kritiikki-kangaskassi-edit-1536x1536.jpg 1536w, https:\/\/kauppa.kloffa.fi\/wp-content\/uploads\/2021\/10\/Kritiikki-kangaskassi-edit-600x600.jpg 600w, https:\/\/kauppa.kloffa.fi\/wp-content\/uploads\/2021\/10\/Kritiikki-kangaskassi-edit-200x200.jpg 200w, https:\/\/kauppa.kloffa.fi\/wp-content\/uploads\/2021\/10\/Kritiikki-kangaskassi-edit.jpg 1800w\" \/><\/a>\n\t<\/div>\n\t<figcaption class=\"woocom-list-content\">\n\n\t\t<div class=\"woocommerce-product-details__short-description\">\n\t<p>Perinteinen kangaskassi on k\u00e4tev\u00e4 niin kaupassa, koulussa kuin vapaa-ajallakin. Kangaskassi on valmistettu kokonaan kierr\u00e4tysmateriaaleista ja sen toisella puolella on Kritiikki ry:n painatettu logo.<\/p>\n<p>&nbsp;<\/p>\n<ul>\n<li>Material: 80% recycled cotton, 20% recycled polyester<\/li>\n<li>Width: 37cm<\/li>\n<li>Height: 39cm<\/li>\n<li>Height of the carrying handle: approx. 30cm<\/li>\n<\/ul>\n<p>&nbsp;<\/p>\n<p><strong><a href=\"https:\/\/kauppa.kloffa.fi\/en\/kritiikki-ry\/\">BACK TO HOMEPAGE<\/a><\/strong><\/p>\n<\/div>\n\n\t<\/figcaption>\n<\/figure>\n\n<\/article>\n\n\n\n<article class=\"post visible description-off product type-product post-162454 status-publish last instock product_cat-kritiikki has-post-thumbnail taxable shipping-taxable purchasable product-type-variable\">\n\n\t<figure class=\"woocom-project\">\n\t<div class=\"woo-buttons-on-img\">\n\n\t\t<a href=\"https:\/\/kauppa.kloffa.fi\/en\/product\/kritiikki-lippis\/\" class=\"alignnone layzr-bg\"><img loading=\"lazy\" decoding=\"async\" width=\"300\" height=\"300\" src=\"data:image\/svg+xml;charset=utf-8,%3Csvg xmlns%3D&#039;http%3A%2F%2Fwww.w3.org%2F2000%2Fsvg&#039; viewBox%3D&#039;0 0 300 300&#039;%2F%3E\" class=\"attachment-woocommerce_thumbnail size-woocommerce_thumbnail lazy-load preload-me\" alt=\"Kritiikki Lippis (100% recycled)\" data-src=\"https:\/\/kauppa.kloffa.fi\/wp-content\/uploads\/2025\/02\/Kritiikki-lippis_fiji_side-300x300.jpg\" data-srcset=\"https:\/\/kauppa.kloffa.fi\/wp-content\/uploads\/2025\/02\/Kritiikki-lippis_fiji_side-300x300.jpg 300w, https:\/\/kauppa.kloffa.fi\/wp-content\/uploads\/2025\/02\/Kritiikki-lippis_fiji_side-1024x1024.jpg 1024w, https:\/\/kauppa.kloffa.fi\/wp-content\/uploads\/2025\/02\/Kritiikki-lippis_fiji_side-150x150.jpg 150w, https:\/\/kauppa.kloffa.fi\/wp-content\/uploads\/2025\/02\/Kritiikki-lippis_fiji_side-768x768.jpg 768w, https:\/\/kauppa.kloffa.fi\/wp-content\/uploads\/2025\/02\/Kritiikki-lippis_fiji_side-1536x1536.jpg 1536w, https:\/\/kauppa.kloffa.fi\/wp-content\/uploads\/2025\/02\/Kritiikki-lippis_fiji_side-12x12.jpg 12w, https:\/\/kauppa.kloffa.fi\/wp-content\/uploads\/2025\/02\/Kritiikki-lippis_fiji_side-600x600.jpg 600w, https:\/\/kauppa.kloffa.fi\/wp-content\/uploads\/2025\/02\/Kritiikki-lippis_fiji_side-200x200.jpg 200w, https:\/\/kauppa.kloffa.fi\/wp-content\/uploads\/2025\/02\/Kritiikki-lippis_fiji_side.jpg 1800w\" \/><img loading=\"lazy\" decoding=\"async\" width=\"300\" height=\"300\" src=\"data:image\/svg+xml;charset=utf-8,%3Csvg xmlns%3D&#039;http%3A%2F%2Fwww.w3.org%2F2000%2Fsvg&#039; viewBox%3D&#039;0 0 300 300&#039;%2F%3E\" class=\"show-on-hover back-image lazy-load preload-me\" alt=\"\" data-src=\"https:\/\/kauppa.kloffa.fi\/wp-content\/uploads\/2025\/02\/Kritiikki-lippis_fiji-300x300.jpg\" data-srcset=\"https:\/\/kauppa.kloffa.fi\/wp-content\/uploads\/2025\/02\/Kritiikki-lippis_fiji-300x300.jpg 300w, https:\/\/kauppa.kloffa.fi\/wp-content\/uploads\/2025\/02\/Kritiikki-lippis_fiji-1024x1024.jpg 1024w, https:\/\/kauppa.kloffa.fi\/wp-content\/uploads\/2025\/02\/Kritiikki-lippis_fiji-150x150.jpg 150w, https:\/\/kauppa.kloffa.fi\/wp-content\/uploads\/2025\/02\/Kritiikki-lippis_fiji-768x768.jpg 768w, https:\/\/kauppa.kloffa.fi\/wp-content\/uploads\/2025\/02\/Kritiikki-lippis_fiji-1536x1536.jpg 1536w, https:\/\/kauppa.kloffa.fi\/wp-content\/uploads\/2025\/02\/Kritiikki-lippis_fiji-12x12.jpg 12w, https:\/\/kauppa.kloffa.fi\/wp-content\/uploads\/2025\/02\/Kritiikki-lippis_fiji-600x600.jpg 600w, https:\/\/kauppa.kloffa.fi\/wp-content\/uploads\/2025\/02\/Kritiikki-lippis_fiji-200x200.jpg 200w, https:\/\/kauppa.kloffa.fi\/wp-content\/uploads\/2025\/02\/Kritiikki-lippis_fiji.jpg 1800w\" \/><\/a>\n\t<\/div>\n\t<figcaption class=\"woocom-list-content\">\n\n\t\t<div class=\"woocommerce-product-details__short-description\">\n\t<p>Aina n\u00e4ytt\u00e4v\u00e4 ja s\u00e4\u00e4ll\u00e4 kuin s\u00e4\u00e4ll\u00e4 toimiva vanha kunnon lippis. Kierr\u00e4tysmateriaaleista valmistettuna ja Kritiikki ry:n logolla brodeerattuna.<\/p>\n<p>&nbsp;<\/p>\n<ul>\n<li>Material: 100% recycled polyester<\/li>\n<li>5-paneelinen<\/li>\n<li>Hook and loop closure<\/li>\n<li>Brand: Atlantis<\/li>\n<li>One Size<\/li>\n<\/ul>\n<p>&nbsp;<\/p>\n<p><a href=\"https:\/\/kauppa.kloffa.fi\/en\/kritiikki-ry\/\"><strong>BACK TO HOMEPAGE<\/strong><\/a><\/p>\n<\/div>\n\n\t<\/figcaption>\n<\/figure>\n\n<\/article>\n\n\n\n<article class=\"post visible description-off product type-product post-162371 status-publish first instock product_cat-kritiikki has-post-thumbnail taxable shipping-taxable purchasable product-type-variable\">\n\n\t<figure class=\"woocom-project\">\n\t<div class=\"woo-buttons-on-img\">\n\n\t\t<a href=\"https:\/\/kauppa.kloffa.fi\/en\/product\/kritiikki-quarter-zip-oversize\/\" class=\"alignnone layzr-bg\"><img loading=\"lazy\" decoding=\"async\" width=\"300\" height=\"300\" src=\"data:image\/svg+xml;charset=utf-8,%3Csvg xmlns%3D&#039;http%3A%2F%2Fwww.w3.org%2F2000%2Fsvg&#039; viewBox%3D&#039;0 0 300 300&#039;%2F%3E\" class=\"attachment-woocommerce_thumbnail size-woocommerce_thumbnail lazy-load preload-me\" alt=\"Kritiikki Quarter Zip (oversize)\" data-src=\"https:\/\/kauppa.kloffa.fi\/wp-content\/uploads\/2025\/02\/Kritiikki-quarter-zip_miller-dry-300x300.jpg\" data-srcset=\"https:\/\/kauppa.kloffa.fi\/wp-content\/uploads\/2025\/02\/Kritiikki-quarter-zip_miller-dry-300x300.jpg 300w, https:\/\/kauppa.kloffa.fi\/wp-content\/uploads\/2025\/02\/Kritiikki-quarter-zip_miller-dry-1024x1024.jpg 1024w, https:\/\/kauppa.kloffa.fi\/wp-content\/uploads\/2025\/02\/Kritiikki-quarter-zip_miller-dry-150x150.jpg 150w, https:\/\/kauppa.kloffa.fi\/wp-content\/uploads\/2025\/02\/Kritiikki-quarter-zip_miller-dry-768x768.jpg 768w, https:\/\/kauppa.kloffa.fi\/wp-content\/uploads\/2025\/02\/Kritiikki-quarter-zip_miller-dry-1536x1536.jpg 1536w, https:\/\/kauppa.kloffa.fi\/wp-content\/uploads\/2025\/02\/Kritiikki-quarter-zip_miller-dry-12x12.jpg 12w, https:\/\/kauppa.kloffa.fi\/wp-content\/uploads\/2025\/02\/Kritiikki-quarter-zip_miller-dry-600x600.jpg 600w, https:\/\/kauppa.kloffa.fi\/wp-content\/uploads\/2025\/02\/Kritiikki-quarter-zip_miller-dry-200x200.jpg 200w, https:\/\/kauppa.kloffa.fi\/wp-content\/uploads\/2025\/02\/Kritiikki-quarter-zip_miller-dry.jpg 1700w\" \/><img loading=\"lazy\" decoding=\"async\" width=\"300\" height=\"300\" src=\"data:image\/svg+xml;charset=utf-8,%3Csvg xmlns%3D&#039;http%3A%2F%2Fwww.w3.org%2F2000%2Fsvg&#039; viewBox%3D&#039;0 0 300 300&#039;%2F%3E\" class=\"show-on-hover back-image lazy-load preload-me\" alt=\"\" data-src=\"https:\/\/kauppa.kloffa.fi\/wp-content\/uploads\/2025\/02\/SFM5_STSU795_C002-300x300.jpg\" data-srcset=\"https:\/\/kauppa.kloffa.fi\/wp-content\/uploads\/2025\/02\/SFM5_STSU795_C002-300x300.jpg 300w, https:\/\/kauppa.kloffa.fi\/wp-content\/uploads\/2025\/02\/SFM5_STSU795_C002-150x150.jpg 150w, https:\/\/kauppa.kloffa.fi\/wp-content\/uploads\/2025\/02\/SFM5_STSU795_C002-200x200.jpg 200w\" \/><\/a>\n\t<\/div>\n\t<figcaption class=\"woocom-list-content\">\n\n\t\t<div class=\"woocommerce-product-details__short-description\">\n\t<p>Klassinen quarter zip -college modernilla twistill\u00e4. Rento oversize-mitoitus ja paksu 400g\/m2 kangas takaavat, ett\u00e4 saat t\u00e4st\u00e4 uuden suosikkipaitasi, joka sopii tilanteeseen kuin tilanteeseen. Valmistettu 100% orgaanisesta puuvillasta ja tyylitelty Kritiikki ry:n brodeerauksella.<\/p>\n<p>&nbsp;<\/p>\n<ul>\n<li>Unisex<\/li>\n<li>Fitting: Oversize<\/li>\n<li>Material: 100% organic cotton<\/li>\n<li>Fabric weight: 400 g\/m2<\/li>\n<li>Sertifikaatit: GOTS, Oeko-Tex 100, PETA Approved Vegan, Fair Wear<\/li>\n<li>Set-in sleeves<\/li>\n<li>Product measurements can be found from the last gallery picture.<\/li>\n<\/ul>\n<p>&nbsp;<\/p>\n<p>&nbsp;<\/p>\n<p><a href=\"https:\/\/kauppa.kloffa.fi\/en\/kritiikki-ry\/\"><strong>BACK TO HOMEPAGE<\/strong><\/a><\/p>\n<\/div>\n\n\t<\/figcaption>\n<\/figure>\n\n<\/article>\n\n\n\n<article class=\"post visible description-off product type-product post-63366 status-publish instock product_cat-kritiikki has-post-thumbnail taxable shipping-taxable purchasable product-type-variable\">\n\n\t<figure class=\"woocom-project\">\n\t<div class=\"woo-buttons-on-img\">\n\n\t\t<a href=\"https:\/\/kauppa.kloffa.fi\/en\/product\/kritiikki-ry-t-paita\/\" class=\"alignnone layzr-bg\"><img loading=\"lazy\" decoding=\"async\" width=\"300\" height=\"300\" src=\"data:image\/svg+xml;charset=utf-8,%3Csvg xmlns%3D&#039;http%3A%2F%2Fwww.w3.org%2F2000%2Fsvg&#039; viewBox%3D&#039;0 0 300 300&#039;%2F%3E\" class=\"attachment-woocommerce_thumbnail size-woocommerce_thumbnail lazy-load preload-me\" alt=\"Kritiikki T-paita\" data-src=\"https:\/\/kauppa.kloffa.fi\/wp-content\/uploads\/2022\/09\/Kritiikki_t-paita-kopio-300x300.jpg\" data-srcset=\"https:\/\/kauppa.kloffa.fi\/wp-content\/uploads\/2022\/09\/Kritiikki_t-paita-kopio-300x300.jpg 300w, https:\/\/kauppa.kloffa.fi\/wp-content\/uploads\/2022\/09\/Kritiikki_t-paita-kopio-1024x1024.jpg 1024w, https:\/\/kauppa.kloffa.fi\/wp-content\/uploads\/2022\/09\/Kritiikki_t-paita-kopio-150x150.jpg 150w, https:\/\/kauppa.kloffa.fi\/wp-content\/uploads\/2022\/09\/Kritiikki_t-paita-kopio-768x768.jpg 768w, https:\/\/kauppa.kloffa.fi\/wp-content\/uploads\/2022\/09\/Kritiikki_t-paita-kopio-1536x1536.jpg 1536w, https:\/\/kauppa.kloffa.fi\/wp-content\/uploads\/2022\/09\/Kritiikki_t-paita-kopio-12x12.jpg 12w, https:\/\/kauppa.kloffa.fi\/wp-content\/uploads\/2022\/09\/Kritiikki_t-paita-kopio-600x600.jpg 600w, https:\/\/kauppa.kloffa.fi\/wp-content\/uploads\/2022\/09\/Kritiikki_t-paita-kopio-200x200.jpg 200w, https:\/\/kauppa.kloffa.fi\/wp-content\/uploads\/2022\/09\/Kritiikki_t-paita-kopio.jpg 1600w\" \/><img loading=\"lazy\" decoding=\"async\" width=\"300\" height=\"300\" src=\"data:image\/svg+xml;charset=utf-8,%3Csvg xmlns%3D&#039;http%3A%2F%2Fwww.w3.org%2F2000%2Fsvg&#039; viewBox%3D&#039;0 0 300 300&#039;%2F%3E\" class=\"show-on-hover back-image lazy-load preload-me\" alt=\"\" data-src=\"https:\/\/kauppa.kloffa.fi\/wp-content\/uploads\/2022\/06\/Creator-SS-Mitat-300x300.png\" data-srcset=\"https:\/\/kauppa.kloffa.fi\/wp-content\/uploads\/2022\/06\/Creator-SS-Mitat-300x300.png 300w, https:\/\/kauppa.kloffa.fi\/wp-content\/uploads\/2022\/06\/Creator-SS-Mitat-1024x1024.png 1024w, https:\/\/kauppa.kloffa.fi\/wp-content\/uploads\/2022\/06\/Creator-SS-Mitat-150x150.png 150w, https:\/\/kauppa.kloffa.fi\/wp-content\/uploads\/2022\/06\/Creator-SS-Mitat-768x768.png 768w, https:\/\/kauppa.kloffa.fi\/wp-content\/uploads\/2022\/06\/Creator-SS-Mitat-12x12.png 12w, https:\/\/kauppa.kloffa.fi\/wp-content\/uploads\/2022\/06\/Creator-SS-Mitat-600x600.png 600w, https:\/\/kauppa.kloffa.fi\/wp-content\/uploads\/2022\/06\/Creator-SS-Mitat-200x200.png 200w, https:\/\/kauppa.kloffa.fi\/wp-content\/uploads\/2022\/06\/Creator-SS-Mitat.png 1200w\" \/><\/a>\n\t<\/div>\n\t<figcaption class=\"woocom-list-content\">\n\n\t\t<div class=\"woocommerce-product-details__short-description\">\n\t<p>Laadukas orgaanisesta puuvillasta valmistettu t-paita Kritiikki ry:n logolla painatettuna.<\/p>\n<p>&nbsp;<\/p>\n<ul>\n<li>Unisex<\/li>\n<li>Fitting: Medium fit<\/li>\n<li>Material: 100% organic cotton<\/li>\n<li>Kankaan paksuus: 155g\/m2<\/li>\n<li>Sertifikaatit: GOTS, Oeko-Tex 100, PETA Approved Vegan, Fair Wear<\/li>\n<li>Set-in sleeves<\/li>\n<li>Product measurements can be found from the last gallery picture.<\/li>\n<\/ul>\n<p>&nbsp;<\/p>\n<p>&nbsp;<\/p>\n<p><a href=\"https:\/\/kauppa.kloffa.fi\/en\/kritiikki-ry\/\"><strong>BACK TO HOMEPAGE<\/strong><\/a><\/p>\n<\/div>\n\n\t<\/figcaption>\n<\/figure>\n\n<\/article>\n\n<\/div><\/div><\/div><\/div><\/div><\/div>\n<\/div>","protected":false},"excerpt":{"rendered":"<p>KRITIIKKI RY:N MERCH-KAUPPAT\u00e4\u00e4lt\u00e4 tilaat helposti ainej\u00e4rjest\u00f6si ekologiset ja vastuulliset tuotteet! Lis\u00e4\u00e4 haluamasi tuotteet ostoskoriin ja siirry kassalle. Toimithan nopeasti, sill\u00e4 verkkokauppa on auki vain rajallisen ajan 10.\u201324.2.2025. Kassalla voit valita toimitusvaihtoehdoksi joko ilmaisen noudon Kritiikin toimistolta tai lis\u00e4maksullisen toimituksen Postin noutopisteeseen ymp\u00e4ri Suomea. Tuotteiden valmistus aloitetaan tilausajan p\u00e4\u00e4ttymisen j\u00e4lkeen ja niiden toimitusaika on n. 4&hellip;<\/p>","protected":false},"author":1,"featured_media":0,"parent":0,"menu_order":0,"comment_status":"closed","ping_status":"closed","template":"","meta":{"footnotes":""},"class_list":["post-54168","page","type-page","status-publish","hentry","description-off"],"_links":{"self":[{"href":"https:\/\/kauppa.kloffa.fi\/en\/wp-json\/wp\/v2\/pages\/54168","targetHints":{"allow":["GET"]}}],"collection":[{"href":"https:\/\/kauppa.kloffa.fi\/en\/wp-json\/wp\/v2\/pages"}],"about":[{"href":"https:\/\/kauppa.kloffa.fi\/en\/wp-json\/wp\/v2\/types\/page"}],"author":[{"embeddable":true,"href":"https:\/\/kauppa.kloffa.fi\/en\/wp-json\/wp\/v2\/users\/1"}],"replies":[{"embeddable":true,"href":"https:\/\/kauppa.kloffa.fi\/en\/wp-json\/wp\/v2\/comments?post=54168"}],"version-history":[{"count":0,"href":"https:\/\/kauppa.kloffa.fi\/en\/wp-json\/wp\/v2\/pages\/54168\/revisions"}],"wp:attachment":[{"href":"https:\/\/kauppa.kloffa.fi\/en\/wp-json\/wp\/v2\/media?parent=54168"}],"curies":[{"name":"wp","href":"https:\/\/api.w.org\/{rel}","templated":true}]}}