{"id":70113,"date":"2022-11-15T12:28:10","date_gmt":"2022-11-15T10:28:10","guid":{"rendered":"https:\/\/kauppa.kloffa.fi\/?page_id=70113"},"modified":"2026-04-01T11:30:02","modified_gmt":"2026-04-01T09:30:02","slug":"hunks-basketball-club","status":"publish","type":"page","link":"https:\/\/kauppa.kloffa.fi\/en\/hunks-basketball-club\/","title":{"rendered":"Hunks Basketball Club"},"content":{"rendered":"<div class=\"wpb-content-wrapper\"><div class=\"vc_row wpb_row vc_row-fluid vc_custom_1605696737057\"><div class=\"wpb_column vc_column_container vc_col-sm-12\"><div class=\"vc_column-inner vc_custom_1604579954038\"><div class=\"wpb_wrapper\"><div class=\"vc_empty_space\"   style=\"height: 50px\"><span class=\"vc_empty_space_inner\"><\/span><\/div><h2 style=\"color: #000000;text-align: center;font-family:Open Sans;font-weight:800;font-style:normal\" class=\"vc_custom_heading vc_do_custom_heading wpb_animate_when_almost_visible wpb_fadeIn fadeIn vc_custom_1730116691614\" >HUNKS BASKETBALL CLUB RY:N MERCH-KAUPPA<\/h2><h2 style=\"color: #000000;text-align: center;font-family:Open Sans;font-weight:600;font-style:normal\" class=\"vc_custom_heading vc_do_custom_heading wpb_animate_when_almost_visible wpb_fadeIn fadeIn vc_custom_1730116704660\" >T\u00e4lt\u00e4 sivulta l\u00f6yd\u00e4t uniikit ja vastuulliset Hunks merchandise -tuotteet.<\/h2><\/div><\/div><\/div><\/div><div class=\"vc_row wpb_row vc_row-fluid\"><div class=\"wpb_column vc_column_container vc_col-sm-12\"><div class=\"vc_column-inner\"><div class=\"wpb_wrapper\"><div class=\"vc_empty_space\"   style=\"height: 20px\"><span class=\"vc_empty_space_inner\"><\/span><\/div>\n\t<div  class=\"wpb_single_image wpb_content_element vc_align_center\">\n\t\t\n\t\t<figure class=\"wpb_wrapper vc_figure\">\n\t\t\t<div class=\"vc_single_image-wrapper   vc_box_border_grey\"><img decoding=\"async\" class=\"vc_single_image-img\" src=\"https:\/\/kauppa.kloffa.fi\/wp-content\/uploads\/2024\/10\/hunks-etusivu-1-500x500.jpg\" width=\"500\" height=\"500\" alt=\"\" title=\"\" loading=\"lazy\"  data-dt-location=\"https:\/\/kauppa.kloffa.fi\/en\/hunks-etusivu-1\/\" \/><\/div>\n\t\t<\/figure>\n\t<\/div>\n<div class=\"vc_empty_space\"   style=\"height: 20px\"><span class=\"vc_empty_space_inner\"><\/span><\/div><\/div><\/div><\/div><\/div><div class=\"vc_row wpb_row vc_row-fluid\"><div class=\"wpb_column vc_column_container vc_col-sm-12\"><div class=\"vc_column-inner\"><div class=\"wpb_wrapper\">\n\t<div class=\"wpb_text_column wpb_content_element  vc_custom_1775035799750\" >\n\t\t<div class=\"wpb_wrapper\">\n\t\t\t<ol>\n<li>Select the products you want, add them to the shopping cart and go to checkout.<\/li>\n<li>Kassalla voit valita toimitusvaihtoehdoksi joko ilmaisen noudon Kloffa Clothingin toimistolta \/ HBC-tapahtumista tai lis\u00e4maksullisen toimituksen PostNordin noutopisteeseen ymp\u00e4ri Suomea.<\/li>\n<li>Toimithan nopeasti, sill\u00e4 verkkokauppa on auki vain rajallisen ajan 16.4.2026. asti. Toimitusaika on n. 3-4 viikkoa tilausajan p\u00e4\u00e4ttymisest\u00e4.<\/li>\n<\/ol>\n<p>&nbsp;<\/p>\n<p>&nbsp;<\/p>\n<p>Tarkemmat tiedot toimituksesta ja jakelusta saat Markus Suomelta ottamalla yhteytt\u00e4 numeroon +358407277125. Samaisesta numerosta voit my\u00f6s tiedustella mahdollisuuksia sovittaa tuotteita.<\/p>\n<p>&nbsp;<\/p>\n<p>Huomioithan, ett\u00e4 kustomoiduilla tuotteilla ei ole vaihto- tai palautusoikeutta, joten t\u00e4yt\u00e4 tilaus huolellisesti. Tuotteet valmistetaan valintojesi mukaan.<\/p>\n\n\t\t<\/div>\n\t<\/div>\n<\/div><\/div><\/div><\/div><div class=\"vc_row wpb_row vc_row-fluid\"><div class=\"wpb_column vc_column_container vc_col-sm-12\"><div class=\"vc_column-inner\"><div class=\"wpb_wrapper\">\n\t<div class=\"wpb_text_column wpb_content_element\" >\n\t\t<div class=\"wpb_wrapper\">\n\t\t\t<h1 style=\"text-align: center;\">UUTUUDET<\/h1>\n\n\t\t<\/div>\n\t<\/div>\n<div class=\"woocommerce columns-4\"><\/div><div class=\"vc_empty_space\"   style=\"height: 80px\"><span class=\"vc_empty_space_inner\"><\/span><\/div><\/div><\/div><\/div><\/div><div class=\"vc_row wpb_row vc_row-fluid\"><div class=\"wpb_column vc_column_container vc_col-sm-4\"><div class=\"vc_column-inner\"><div class=\"wpb_wrapper\">\n\t<div  class=\"wpb_single_image wpb_content_element vc_align_center\">\n\t\t<h2 class=\"wpb_heading wpb_singleimage_heading\">Hunks kestosuosikit<\/h2>\n\t\t<figure class=\"wpb_wrapper vc_figure\">\n\t\t\t<a href=\"https:\/\/kauppa.kloffa.fi\/en\/hunks-basketball-club\/hunks-kestosuosikit\/\" target=\"_blank\"  class=\"vc_single_image-wrapper vc_box_border_circle  vc_box_border_black rollover\"   ><img decoding=\"async\" class=\"vc_single_image-img\" src=\"https:\/\/kauppa.kloffa.fi\/wp-content\/uploads\/2022\/11\/Hunks_suosikit_kansi_edit-240x240.jpg\" width=\"240\" height=\"240\" alt=\"\" title=\"\" loading=\"lazy\"  data-dt-location=\"https:\/\/kauppa.kloffa.fi\/en\/hunks-basketball-club\/attachment\/hunks_suosikit_kansi_edit\/\" \/><\/a>\n\t\t<\/figure>\n\t<\/div>\n\n\t<div  class=\"wpb_single_image wpb_content_element vc_align_center\">\n\t\t<h2 class=\"wpb_heading wpb_singleimage_heading\">Hunks kids<\/h2>\n\t\t<figure class=\"wpb_wrapper vc_figure\">\n\t\t\t<a href=\"https:\/\/kauppa.kloffa.fi\/en\/hunks-basketball-club\/hunks-kids\/\" target=\"_blank\"  class=\"vc_single_image-wrapper vc_box_border_circle  vc_box_border_black rollover\"   ><img decoding=\"async\" class=\"vc_single_image-img\" src=\"https:\/\/kauppa.kloffa.fi\/wp-content\/uploads\/2022\/11\/Hunks_kids_kans-240x240.jpg\" width=\"240\" height=\"240\" alt=\"\" title=\"\" loading=\"lazy\"  data-dt-location=\"https:\/\/kauppa.kloffa.fi\/en\/hunks-basketball-club\/attachment\/hunks_kids_kans\/\" \/><\/a>\n\t\t<\/figure>\n\t<\/div>\n<\/div><\/div><\/div><div class=\"wpb_column vc_column_container vc_col-sm-4\"><div class=\"vc_column-inner\"><div class=\"wpb_wrapper\">\n\t<div  class=\"wpb_single_image wpb_content_element vc_align_center\">\n\t\t<h2 class=\"wpb_heading wpb_singleimage_heading\">Black Edition<\/h2>\n\t\t<figure class=\"wpb_wrapper vc_figure\">\n\t\t\t<a href=\"https:\/\/kauppa.kloffa.fi\/en\/hunks-basketball-club\/hunks-black-edition\/\" target=\"_blank\"  class=\"vc_single_image-wrapper vc_box_border_circle  vc_box_border_black rollover\"   ><img decoding=\"async\" class=\"vc_single_image-img\" src=\"https:\/\/kauppa.kloffa.fi\/wp-content\/uploads\/2024\/10\/HBC-black-edition-kansi-240x240.jpg\" width=\"240\" height=\"240\" alt=\"\" title=\"\" loading=\"lazy\"  data-dt-location=\"https:\/\/kauppa.kloffa.fi\/en\/hunks-basketball-club\/attachment\/hbc-black-edition-kansi\/\" \/><\/a>\n\t\t<\/figure>\n\t<\/div>\n<\/div><\/div><\/div><div class=\"wpb_column vc_column_container vc_col-sm-4\"><div class=\"vc_column-inner\"><div class=\"wpb_wrapper\">\n\t<div  class=\"wpb_single_image wpb_content_element vc_align_center\">\n\t\t<h2 class=\"wpb_heading wpb_singleimage_heading\">HBC Shooters<\/h2>\n\t\t<figure class=\"wpb_wrapper vc_figure\">\n\t\t\t<a href=\"https:\/\/kauppa.kloffa.fi\/en\/hunks-basketball-club\/hbc-shooters\/\" target=\"_blank\"  class=\"vc_single_image-wrapper vc_box_border_circle  vc_box_border_black rollover\"   ><img decoding=\"async\" class=\"vc_single_image-img\" src=\"https:\/\/kauppa.kloffa.fi\/wp-content\/uploads\/2024\/10\/HBC-Shooters-logo-kopio-1-240x240.jpg\" width=\"240\" height=\"240\" alt=\"\" title=\"\" loading=\"lazy\"  data-dt-location=\"https:\/\/kauppa.kloffa.fi\/en\/hunks-basketball-club\/attachment\/hbc-shooters-logo-kopio-1\/\" \/><\/a>\n\t\t<\/figure>\n\t<\/div>\n<\/div><\/div><\/div><\/div>\n<\/div>","protected":false},"excerpt":{"rendered":"<p>HUNKS BASKETBALL CLUB RY:N MERCH-KAUPPAT\u00e4lt\u00e4 sivulta l\u00f6yd\u00e4t uniikit ja vastuulliset Hunks merchandise -tuotteet. Valitse haluamasi tuotteet, lis\u00e4\u00e4 ne ostoskoriin ja siirry kassalle. Kassalla voit valita toimitusvaihtoehdoksi joko ilmaisen noudon Kloffa Clothingin toimistolta \/ HBC-tapahtumista tai lis\u00e4maksullisen toimituksen PostNordin noutopisteeseen ymp\u00e4ri Suomea. Toimithan nopeasti, sill\u00e4 verkkokauppa on auki vain rajallisen ajan 16.4.2026. asti. Toimitusaika on n.&hellip;<\/p>","protected":false},"author":1,"featured_media":0,"parent":0,"menu_order":0,"comment_status":"closed","ping_status":"closed","template":"","meta":{"footnotes":""},"class_list":["post-70113","page","type-page","status-publish","hentry","description-off"],"_links":{"self":[{"href":"https:\/\/kauppa.kloffa.fi\/en\/wp-json\/wp\/v2\/pages\/70113","targetHints":{"allow":["GET"]}}],"collection":[{"href":"https:\/\/kauppa.kloffa.fi\/en\/wp-json\/wp\/v2\/pages"}],"about":[{"href":"https:\/\/kauppa.kloffa.fi\/en\/wp-json\/wp\/v2\/types\/page"}],"author":[{"embeddable":true,"href":"https:\/\/kauppa.kloffa.fi\/en\/wp-json\/wp\/v2\/users\/1"}],"replies":[{"embeddable":true,"href":"https:\/\/kauppa.kloffa.fi\/en\/wp-json\/wp\/v2\/comments?post=70113"}],"version-history":[{"count":8,"href":"https:\/\/kauppa.kloffa.fi\/en\/wp-json\/wp\/v2\/pages\/70113\/revisions"}],"predecessor-version":[{"id":222871,"href":"https:\/\/kauppa.kloffa.fi\/en\/wp-json\/wp\/v2\/pages\/70113\/revisions\/222871"}],"wp:attachment":[{"href":"https:\/\/kauppa.kloffa.fi\/en\/wp-json\/wp\/v2\/media?parent=70113"}],"curies":[{"name":"wp","href":"https:\/\/api.w.org\/{rel}","templated":true}]}}