{"id":83781,"date":"2023-05-27T10:26:36","date_gmt":"2023-05-27T08:26:36","guid":{"rendered":"https:\/\/kauppa.kloffa.fi\/?page_id=83781"},"modified":"2026-03-12T10:04:08","modified_gmt":"2026-03-12T08:04:08","slug":"tampereen-laaketieteen-kandidaattiseura","status":"publish","type":"page","link":"https:\/\/kauppa.kloffa.fi\/en\/tampereen-laaketieteen-kandidaattiseura\/","title":{"rendered":"Tampereen L\u00e4\u00e4ketieteen Kandidaattiseura"},"content":{"rendered":"<div class=\"wpb-content-wrapper\"><div class=\"vc_row wpb_row vc_row-fluid vc_custom_1605696737057\"><div class=\"wpb_column vc_column_container vc_col-sm-12\"><div class=\"vc_column-inner vc_custom_1604579954038\"><div class=\"wpb_wrapper\"><h2 style=\"color: #000000;text-align: center;font-family:Open Sans;font-weight:800;font-style:normal\" class=\"vc_custom_heading vc_do_custom_heading wpb_animate_when_almost_visible wpb_fadeIn fadeIn vc_custom_1726813400209\" >TAMPEREEN L\u00c4\u00c4KETIETEEN KANDIDAATTISEURA RY:N MERCH-KAUPPA<\/h2><h2 style=\"color: #000000;text-align: center;font-family:Open Sans;font-weight:600;font-style:normal\" class=\"vc_custom_heading vc_do_custom_heading wpb_animate_when_almost_visible wpb_fadeIn fadeIn vc_custom_1726813414225\" >On this page you will find unique and sustainable products with the logo of your organization.<\/h2><\/div><\/div><\/div><\/div><div class=\"vc_row wpb_row vc_row-fluid\"><div class=\"wpb_column vc_column_container vc_col-sm-12\"><div class=\"vc_column-inner\"><div class=\"wpb_wrapper\"><div class=\"vc_empty_space\"   style=\"height: 50px\"><span class=\"vc_empty_space_inner\"><\/span><\/div>\n\t<div  class=\"wpb_single_image wpb_content_element vc_align_center\">\n\t\t\n\t\t<figure class=\"wpb_wrapper vc_figure\">\n\t\t\t<div class=\"vc_single_image-wrapper   vc_box_border_grey\"><img loading=\"lazy\" decoding=\"async\" width=\"300\" height=\"300\" src=\"https:\/\/kauppa.kloffa.fi\/wp-content\/uploads\/2023\/05\/LOGOTLK-ilman-taustaa-kopio-1-300x300.jpg\" class=\"vc_single_image-img attachment-medium\" alt=\"\" title=\"\" srcset=\"https:\/\/kauppa.kloffa.fi\/wp-content\/uploads\/2023\/05\/LOGOTLK-ilman-taustaa-kopio-1-300x300.jpg 300w, https:\/\/kauppa.kloffa.fi\/wp-content\/uploads\/2023\/05\/LOGOTLK-ilman-taustaa-kopio-1-150x150.jpg 150w, https:\/\/kauppa.kloffa.fi\/wp-content\/uploads\/2023\/05\/LOGOTLK-ilman-taustaa-kopio-1-768x768.jpg 768w, https:\/\/kauppa.kloffa.fi\/wp-content\/uploads\/2023\/05\/LOGOTLK-ilman-taustaa-kopio-1-12x12.jpg 12w, https:\/\/kauppa.kloffa.fi\/wp-content\/uploads\/2023\/05\/LOGOTLK-ilman-taustaa-kopio-1-600x600.jpg 600w, https:\/\/kauppa.kloffa.fi\/wp-content\/uploads\/2023\/05\/LOGOTLK-ilman-taustaa-kopio-1-200x200.jpg 200w, https:\/\/kauppa.kloffa.fi\/wp-content\/uploads\/2023\/05\/LOGOTLK-ilman-taustaa-kopio-1.jpg 1000w\" sizes=\"auto, (max-width: 300px) 100vw, 300px\"  data-dt-location=\"https:\/\/kauppa.kloffa.fi\/en\/tampereen-laaketieteen-kandidaattiseura\/attachment\/logotlk-ilman-taustaa-kopio-1\/\" \/><\/div>\n\t\t<\/figure>\n\t<\/div>\n<div class=\"vc_empty_space\"   style=\"height: 65px\"><span class=\"vc_empty_space_inner\"><\/span><\/div><\/div><\/div><\/div><\/div><div class=\"vc_row wpb_row vc_row-fluid\"><div class=\"wpb_column vc_column_container vc_col-sm-12\"><div class=\"vc_column-inner\"><div class=\"wpb_wrapper\">\n\t<div class=\"wpb_text_column wpb_content_element  vc_custom_1773302641656\" >\n\t\t<div class=\"wpb_wrapper\">\n\t\t\t<p><strong>TLK:n kev\u00e4\u00e4n tarjousviikot merch-kauppaan ovat taas t\u00e4\u00e4ll\u00e4! Tarjolla uutuuksia, erikoistuotteita sek\u00e4 alennettuja hintoja perusvalikoimaan. Erikoistuotteet ja tarjoushinnat voimassa 12.\u201325.3.2026, joten toimi nopeasti.<\/strong><\/p>\n<p>&nbsp;<\/p>\n<ol>\n<li>Select the products you want, add them to the shopping cart and go to checkout.<\/li>\n<li>We take care of everything else for you!<\/li>\n<li>Tuotteet on aina mahdollista tilata l\u00e4himp\u00e4\u00e4n PostNord noutopisteseen valitsemalla &#8221;Postipaketti l\u00e4himp\u00e4\u00e4n noutopisteeseen&#8221; hintaan 9,90\u20ac ja tarjousviikkoina veloituksetta &#8221;Ilmainen yhteistoimitus&#8221; vaihtoehdolla.<\/li>\n<\/ol>\n<p>&nbsp;<\/p>\n<p>&nbsp;<\/p>\n<p class=\"p1\"><b>TLK j\u00e4rjest\u00e4\u00e4 vuosittain kahteen otteseen (kev\u00e4\u00e4ll\u00e4 ja syksyll\u00e4) tarjousviikot, jolloin kaikki tuotteet ovat myynniss\u00e4 halvempaan hintaan (pl. erikoistuotteet)! Tarjousviikkojen aikana tuotteille on valittavissa my\u00f6s veloitukseton yhteistoimitus, jolloin kaikki tilatut tuotteet saapuvat valmistuksen j\u00e4lkeen yhdess\u00e4 er\u00e4ss\u00e4 TLK:n ainej\u00e4rjest\u00f6lle ja niit\u00e4 voi noutaa j\u00e4rjest\u00f6n tiloista. Tarjousviikkojen tarkemmista ajankohdista ja yhteistoimituksen noutoajoista saatavilla lis\u00e4tietoa yhteyshenkil\u00f6lt\u00e4 Matti Orpana, isanta@tampereenkandit.fi. Lis\u00e4tietoa l\u00f6ytyy my\u00f6s yleisist\u00e4 tiedotuskanavista.<\/b><\/p>\n<p>&nbsp;<\/p>\n<p class=\"p1\">Toimitusaika tuotteille on n. 4-5 viikkoa tilausajan p\u00e4\u00e4ttymisest\u00e4 (ja tarjousviikkojen ulkopuolella). Tarkemmat tiedot toimituksesta ja jakelusta saat TLK:n yhteyshenkil\u00f6lt\u00e4 <b>Matti Orpana, isanta@tampereenkandit.fi<\/b>. Huomioithan, ett\u00e4 kyseess\u00e4 on TLK:lle kustomoitujen tuotteiden tilausj\u00e4rjestelm\u00e4, eik\u00e4 kustomoiduilla tuotteilla ole vaihto- tai palautusoikeutta, joten t\u00e4yt\u00e4 tilaus huolellisesti. Tuotteet valmistetaan valintojesi mukaan.<\/p>\n\n\t\t<\/div>\n\t<\/div>\n<\/div><\/div><\/div><\/div><div class=\"vc_row wpb_row vc_row-fluid\"><div class=\"wpb_column vc_column_container vc_col-sm-6\"><div class=\"vc_column-inner\"><div class=\"wpb_wrapper\">\n\t<div  class=\"wpb_single_image wpb_content_element vc_align_center\">\n\t\t<h2 class=\"wpb_heading wpb_singleimage_heading\">Hupparit<\/h2>\n\t\t<figure class=\"wpb_wrapper vc_figure\">\n\t\t\t<a href=\"https:\/\/kauppa.kloffa.fi\/en\/tampereen-laaketieteen-kandidaattiseura\/tlk-hupparit\/\" target=\"_self\"  class=\"vc_single_image-wrapper vc_box_border_circle  vc_box_border_black rollover\"   ><img decoding=\"async\" class=\"vc_single_image-img\" src=\"https:\/\/kauppa.kloffa.fi\/wp-content\/uploads\/2023\/05\/Hupparit_tlk-kopio-240x240.jpg\" width=\"240\" height=\"240\" alt=\"\" title=\"\" loading=\"lazy\"  data-dt-location=\"https:\/\/kauppa.kloffa.fi\/en\/tampereen-laaketieteen-kandidaattiseura\/attachment\/hupparit_tlk-kopio\/\" \/><\/a>\n\t\t<\/figure>\n\t<\/div>\n\n\t<div  class=\"wpb_single_image wpb_content_element vc_align_center\">\n\t\t<h2 class=\"wpb_heading wpb_singleimage_heading\">Erikoistuotteet<\/h2>\n\t\t<figure class=\"wpb_wrapper vc_figure\">\n\t\t\t<a href=\"https:\/\/kauppa.kloffa.fi\/en\/tampereen-laaketieteen-kandidaattiseura\/tlk-erikoistuotteet\/\" target=\"_self\"  class=\"vc_single_image-wrapper vc_box_border_circle  vc_box_border_black rollover\"   ><img decoding=\"async\" class=\"vc_single_image-img\" src=\"https:\/\/kauppa.kloffa.fi\/wp-content\/uploads\/2024\/03\/TLK-Erikostuotteet-240x240.jpg\" width=\"240\" height=\"240\" alt=\"\" title=\"\" loading=\"lazy\"  data-dt-location=\"https:\/\/kauppa.kloffa.fi\/en\/tampereen-laaketieteen-kandidaattiseura\/attachment\/tlk-erikostuotteet\/\" \/><\/a>\n\t\t<\/figure>\n\t<\/div>\n<\/div><\/div><\/div><div class=\"wpb_column vc_column_container vc_col-sm-6\"><div class=\"vc_column-inner\"><div class=\"wpb_wrapper\">\n\t<div  class=\"wpb_single_image wpb_content_element vc_align_center\">\n\t\t<h2 class=\"wpb_heading wpb_singleimage_heading\">Colleget<\/h2>\n\t\t<figure class=\"wpb_wrapper vc_figure\">\n\t\t\t<a href=\"https:\/\/kauppa.kloffa.fi\/en\/tampereen-laaketieteen-kandidaattiseura\/tlk-colleget\/\" target=\"_self\"  class=\"vc_single_image-wrapper vc_box_border_circle  vc_box_border_black rollover\"   ><img decoding=\"async\" class=\"vc_single_image-img\" src=\"https:\/\/kauppa.kloffa.fi\/wp-content\/uploads\/2023\/05\/Colleget_tlk-kopio-240x240.jpg\" width=\"240\" height=\"240\" alt=\"\" title=\"\" loading=\"lazy\"  data-dt-location=\"https:\/\/kauppa.kloffa.fi\/en\/tampereen-laaketieteen-kandidaattiseura\/attachment\/colleget_tlk-kopio\/\" \/><\/a>\n\t\t<\/figure>\n\t<\/div>\n\n\t<div  class=\"wpb_single_image wpb_content_element vc_align_center\">\n\t\t<h2 class=\"wpb_heading wpb_singleimage_heading\">Muut tuotteet<\/h2>\n\t\t<figure class=\"wpb_wrapper vc_figure\">\n\t\t\t<a href=\"https:\/\/kauppa.kloffa.fi\/en\/tampereen-laaketieteen-kandidaattiseura\/tlk-muut-tuotteet\/\" target=\"_self\"  class=\"vc_single_image-wrapper vc_box_border_circle  vc_box_border_black rollover\"   ><img decoding=\"async\" class=\"vc_single_image-img\" src=\"https:\/\/kauppa.kloffa.fi\/wp-content\/uploads\/2023\/05\/Muut-tuotteet-kopio-240x240.jpg\" width=\"240\" height=\"240\" alt=\"\" title=\"\" loading=\"lazy\"  data-dt-location=\"https:\/\/kauppa.kloffa.fi\/en\/tampereen-laaketieteen-kandidaattiseura\/attachment\/muut-tuotteet-kopio\/\" \/><\/a>\n\t\t<\/figure>\n\t<\/div>\n<\/div><\/div><\/div><\/div>\n<\/div>","protected":false},"excerpt":{"rendered":"<p>TAMPEREEN L\u00c4\u00c4KETIETEEN KANDIDAATTISEURA RY:N MERCH-KAUPPAT\u00e4lt\u00e4 sivulta l\u00f6yd\u00e4t uniikit ja vastuulliset tuotteet ainej\u00e4rjest\u00f6si logolla. TLK:n kev\u00e4\u00e4n tarjousviikot merch-kauppaan ovat taas t\u00e4\u00e4ll\u00e4! Tarjolla uutuuksia, erikoistuotteita sek\u00e4 alennettuja hintoja perusvalikoimaan. Erikoistuotteet ja tarjoushinnat voimassa 12.\u201325.3.2026, joten toimi nopeasti. &nbsp; Valitse haluamasi tuotteet, lis\u00e4\u00e4 ne ostoskoriin ja siirry kassalle. Me hoidamme kaiken muun puolestasi! Tuotteet on aina mahdollista tilata&hellip;<\/p>","protected":false},"author":1,"featured_media":0,"parent":0,"menu_order":0,"comment_status":"closed","ping_status":"closed","template":"","meta":{"footnotes":""},"class_list":["post-83781","page","type-page","status-publish","hentry","description-off"],"_links":{"self":[{"href":"https:\/\/kauppa.kloffa.fi\/en\/wp-json\/wp\/v2\/pages\/83781","targetHints":{"allow":["GET"]}}],"collection":[{"href":"https:\/\/kauppa.kloffa.fi\/en\/wp-json\/wp\/v2\/pages"}],"about":[{"href":"https:\/\/kauppa.kloffa.fi\/en\/wp-json\/wp\/v2\/types\/page"}],"author":[{"embeddable":true,"href":"https:\/\/kauppa.kloffa.fi\/en\/wp-json\/wp\/v2\/users\/1"}],"replies":[{"embeddable":true,"href":"https:\/\/kauppa.kloffa.fi\/en\/wp-json\/wp\/v2\/comments?post=83781"}],"version-history":[{"count":6,"href":"https:\/\/kauppa.kloffa.fi\/en\/wp-json\/wp\/v2\/pages\/83781\/revisions"}],"predecessor-version":[{"id":219534,"href":"https:\/\/kauppa.kloffa.fi\/en\/wp-json\/wp\/v2\/pages\/83781\/revisions\/219534"}],"wp:attachment":[{"href":"https:\/\/kauppa.kloffa.fi\/en\/wp-json\/wp\/v2\/media?parent=83781"}],"curies":[{"name":"wp","href":"https:\/\/api.w.org\/{rel}","templated":true}]}}