{"id":87917,"date":"2023-09-01T08:21:06","date_gmt":"2023-09-01T06:21:06","guid":{"rendered":"https:\/\/kauppa.kloffa.fi\/?page_id=87917"},"modified":"2025-11-06T12:54:22","modified_gmt":"2025-11-06T10:54:22","slug":"vostok-ry","status":"publish","type":"page","link":"https:\/\/kauppa.kloffa.fi\/en\/vostok-ry\/","title":{"rendered":"Vostok ry"},"content":{"rendered":"<div class=\"wpb-content-wrapper\"><div class=\"vc_row wpb_row vc_row-fluid vc_custom_1605696737057\"><div class=\"wpb_column vc_column_container vc_col-sm-12\"><div class=\"vc_column-inner vc_custom_1604579954038\"><div class=\"wpb_wrapper\"><div class=\"vc_empty_space\"   style=\"height: 32px\"><span class=\"vc_empty_space_inner\"><\/span><\/div><h2 style=\"color: #000000;text-align: center;font-family:Open Sans;font-weight:800;font-style:normal\" class=\"vc_custom_heading vc_do_custom_heading wpb_animate_when_almost_visible wpb_fadeIn fadeIn vc_custom_1762253758081\" >TERVETULOA VOSTOK RY:N MERCH-KAUPPAAN!<\/h2><h2 style=\"color: #000000;text-align: center;font-family:Open Sans;font-weight:600;font-style:normal\" class=\"vc_custom_heading vc_do_custom_heading wpb_animate_when_almost_visible wpb_fadeIn fadeIn vc_custom_1728480366008\" >On this page you will find unique and sustainable products with the logo of your organization.<\/h2><\/div><\/div><\/div><\/div><div class=\"vc_row wpb_row vc_row-fluid\"><div class=\"wpb_column vc_column_container vc_col-sm-12\"><div class=\"vc_column-inner\"><div class=\"wpb_wrapper\"><div class=\"vc_empty_space\"   style=\"height: 25px\"><span class=\"vc_empty_space_inner\"><\/span><\/div>\n\t<div  class=\"wpb_single_image wpb_content_element vc_align_center\">\n\t\t\n\t\t<figure class=\"wpb_wrapper vc_figure\">\n\t\t\t<div class=\"vc_single_image-wrapper   vc_box_border_grey\"><img decoding=\"async\" class=\"vc_single_image-img\" src=\"https:\/\/kauppa.kloffa.fi\/wp-content\/uploads\/2025\/11\/Vostok-etusivu-2-400x400.jpg\" width=\"400\" height=\"400\" alt=\"\" title=\"\" loading=\"lazy\"  data-dt-location=\"https:\/\/kauppa.kloffa.fi\/en\/vostok-ry\/attachment\/vostok-etusivu-2\/\" \/><\/div>\n\t\t<\/figure>\n\t<\/div>\n<div class=\"vc_empty_space\"   style=\"height: 25px\"><span class=\"vc_empty_space_inner\"><\/span><\/div><\/div><\/div><\/div><\/div><div class=\"vc_row wpb_row vc_row-fluid\"><div class=\"wpb_column vc_column_container vc_col-sm-12\"><div class=\"vc_column-inner\"><div class=\"wpb_wrapper\">\n\t<div class=\"wpb_text_column wpb_content_element  vc_custom_1762426459908\" >\n\t\t<div class=\"wpb_wrapper\">\n\t\t\t<ol>\n<li>Lis\u00e4\u00e4 haluamasi tuotteet ostoskoriin ja siirry kassalle. Toimithan nopeasti, sill\u00e4 verkkokauppa on auki vain rajallisen ajan 20.11.2025 asti.<\/li>\n<li>Kassalla voit valita toimitusvaihtoehdoksi joko ilmaisen noudon Vostok ry:n toimistolta tai lis\u00e4maksullisen toimituksen PostNordin noutopisteeseen ymp\u00e4ri Suomea.<\/li>\n<li>Product manufacturing process begins after the end of the order period and the delivery time is approximately 4-5 weeks after that. If you have any questions about the order process, manufacturing or products, don't hesitate to contact info@kloffa.fi.<\/li>\n<\/ol>\n<p>&nbsp;<\/p>\n<p>Please note that customized products do not have the right of exchange or return, so fill out the order carefully.<\/p>\n\n\t\t<\/div>\n\t<\/div>\n<div class=\"woocommerce columns-4\"><div class=\"wf-container dt-products  woo-hover products loading-effect-fade-in description-on-hover cart-btn-on-img wc-img-hover hide-description wc-grid\" data-padding=\"0px\" data-cur-page=\"1\" data-desktop-columns-num=\"4\" data-v-tablet-columns-num=\"2\" data-h-tablet-columns-num=\"3\" data-phone-columns-num=\"1\">\n\n<article class=\"post visible description-off product type-product post-204580 status-publish first instock product_cat-vostok has-post-thumbnail taxable shipping-taxable purchasable product-type-variable\">\n\n\t<figure class=\"woocom-project\">\n\t<div class=\"woo-buttons-on-img\">\n\n\t\t<a href=\"https:\/\/kauppa.kloffa.fi\/en\/product\/gonzo-college\/\" class=\"alignnone layzr-bg\"><img loading=\"lazy\" decoding=\"async\" width=\"300\" height=\"300\" src=\"data:image\/svg+xml;charset=utf-8,%3Csvg xmlns%3D&#039;http%3A%2F%2Fwww.w3.org%2F2000%2Fsvg&#039; viewBox%3D&#039;0 0 300 300&#039;%2F%3E\" class=\"attachment-woocommerce_thumbnail size-woocommerce_thumbnail lazy-load preload-me\" alt=\"Gonzo College\" data-src=\"https:\/\/kauppa.kloffa.fi\/wp-content\/uploads\/2023\/09\/Vostok-Gonzo-college_roller-harmaa-300x300.jpg\" data-srcset=\"https:\/\/kauppa.kloffa.fi\/wp-content\/uploads\/2023\/09\/Vostok-Gonzo-college_roller-harmaa-300x300.jpg 300w, https:\/\/kauppa.kloffa.fi\/wp-content\/uploads\/2023\/09\/Vostok-Gonzo-college_roller-harmaa-1024x1024.jpg 1024w, https:\/\/kauppa.kloffa.fi\/wp-content\/uploads\/2023\/09\/Vostok-Gonzo-college_roller-harmaa-150x150.jpg 150w, https:\/\/kauppa.kloffa.fi\/wp-content\/uploads\/2023\/09\/Vostok-Gonzo-college_roller-harmaa-768x768.jpg 768w, https:\/\/kauppa.kloffa.fi\/wp-content\/uploads\/2023\/09\/Vostok-Gonzo-college_roller-harmaa-1536x1536.jpg 1536w, https:\/\/kauppa.kloffa.fi\/wp-content\/uploads\/2023\/09\/Vostok-Gonzo-college_roller-harmaa-12x12.jpg 12w, https:\/\/kauppa.kloffa.fi\/wp-content\/uploads\/2023\/09\/Vostok-Gonzo-college_roller-harmaa-600x600.jpg 600w, https:\/\/kauppa.kloffa.fi\/wp-content\/uploads\/2023\/09\/Vostok-Gonzo-college_roller-harmaa-200x200.jpg 200w, https:\/\/kauppa.kloffa.fi\/wp-content\/uploads\/2023\/09\/Vostok-Gonzo-college_roller-harmaa.jpg 1600w\" \/><img loading=\"lazy\" decoding=\"async\" width=\"300\" height=\"300\" src=\"data:image\/svg+xml;charset=utf-8,%3Csvg xmlns%3D&#039;http%3A%2F%2Fwww.w3.org%2F2000%2Fsvg&#039; viewBox%3D&#039;0 0 300 300&#039;%2F%3E\" class=\"show-on-hover back-image lazy-load preload-me\" alt=\"\" data-src=\"https:\/\/kauppa.kloffa.fi\/wp-content\/uploads\/2023\/09\/Vostok-Gonzo-college_roller-cotton-pink-300x300.jpg\" data-srcset=\"https:\/\/kauppa.kloffa.fi\/wp-content\/uploads\/2023\/09\/Vostok-Gonzo-college_roller-cotton-pink-300x300.jpg 300w, https:\/\/kauppa.kloffa.fi\/wp-content\/uploads\/2023\/09\/Vostok-Gonzo-college_roller-cotton-pink-1024x1024.jpg 1024w, https:\/\/kauppa.kloffa.fi\/wp-content\/uploads\/2023\/09\/Vostok-Gonzo-college_roller-cotton-pink-150x150.jpg 150w, https:\/\/kauppa.kloffa.fi\/wp-content\/uploads\/2023\/09\/Vostok-Gonzo-college_roller-cotton-pink-768x768.jpg 768w, https:\/\/kauppa.kloffa.fi\/wp-content\/uploads\/2023\/09\/Vostok-Gonzo-college_roller-cotton-pink-1536x1536.jpg 1536w, https:\/\/kauppa.kloffa.fi\/wp-content\/uploads\/2023\/09\/Vostok-Gonzo-college_roller-cotton-pink-12x12.jpg 12w, https:\/\/kauppa.kloffa.fi\/wp-content\/uploads\/2023\/09\/Vostok-Gonzo-college_roller-cotton-pink-600x600.jpg 600w, https:\/\/kauppa.kloffa.fi\/wp-content\/uploads\/2023\/09\/Vostok-Gonzo-college_roller-cotton-pink-200x200.jpg 200w, https:\/\/kauppa.kloffa.fi\/wp-content\/uploads\/2023\/09\/Vostok-Gonzo-college_roller-cotton-pink.jpg 1600w\" \/><\/a>\n\t<\/div>\n\t<figcaption class=\"woocom-list-content\">\n\n\t\t<div class=\"woocommerce-product-details__short-description\">\n\t<p>Collegepaita on ajaton valinta ja toimii mainiosti useissa asukokonaisuuksissa. T\u00e4ss\u00e4 Stanley\/Stellan unisex-mallissa yhdistyv\u00e4t sek\u00e4 ekologisuus ett\u00e4 laadukkuus. Tyylikk\u00e4\u00e4n loppusilauksen varmistaa Vostok ry:n Gonzo-logo brodeerattuna.<\/p>\n<p>&nbsp;<\/p>\n<ul>\n<li>Unisex<\/li>\n<li>Fitting: Medium fit<\/li>\n<li>Material: 85% organic cotton &amp; 15% recycled polyester<\/li>\n<li>Fabric weight: 280g\/m2<\/li>\n<li>Country of origin: Bangladesh<\/li>\n<li>Certificates: GOTS, Oeko-Tex 100 and PETA Approved Vegan<\/li>\n<li>Set-in sleeves<\/li>\n<li>Product measurements can be found from the last gallery picture.<\/li>\n<\/ul>\n<p>&nbsp;<\/p>\n<p>&nbsp;<\/p>\n<p><a href=\"https:\/\/kauppa.kloffa.fi\/en\/vostok-ry\/\"><strong>BACK TO HOMEPAGE<\/strong><\/a><\/p>\n<\/div>\n\n\t<\/figcaption>\n<\/figure>\n\n<\/article>\n\n\n\n<article class=\"post visible description-off product type-product post-204616 status-publish instock product_cat-vostok has-post-thumbnail taxable shipping-taxable purchasable product-type-variable\">\n\n\t<figure class=\"woocom-project\">\n\t<div class=\"woo-buttons-on-img\">\n\n\t\t<a href=\"https:\/\/kauppa.kloffa.fi\/en\/product\/gonzo-huppari\/\" class=\"alignnone layzr-bg\"><img loading=\"lazy\" decoding=\"async\" width=\"300\" height=\"300\" src=\"data:image\/svg+xml;charset=utf-8,%3Csvg xmlns%3D&#039;http%3A%2F%2Fwww.w3.org%2F2000%2Fsvg&#039; viewBox%3D&#039;0 0 300 300&#039;%2F%3E\" class=\"attachment-woocommerce_thumbnail size-woocommerce_thumbnail lazy-load preload-me\" alt=\"Gonzo Huppari\" data-src=\"https:\/\/kauppa.kloffa.fi\/wp-content\/uploads\/2023\/09\/Vostok-Gonzo-huppari_drummer-2.0-harmaa-300x300.jpg\" data-srcset=\"https:\/\/kauppa.kloffa.fi\/wp-content\/uploads\/2023\/09\/Vostok-Gonzo-huppari_drummer-2.0-harmaa-300x300.jpg 300w, https:\/\/kauppa.kloffa.fi\/wp-content\/uploads\/2023\/09\/Vostok-Gonzo-huppari_drummer-2.0-harmaa-1024x1024.jpg 1024w, https:\/\/kauppa.kloffa.fi\/wp-content\/uploads\/2023\/09\/Vostok-Gonzo-huppari_drummer-2.0-harmaa-150x150.jpg 150w, https:\/\/kauppa.kloffa.fi\/wp-content\/uploads\/2023\/09\/Vostok-Gonzo-huppari_drummer-2.0-harmaa-768x768.jpg 768w, https:\/\/kauppa.kloffa.fi\/wp-content\/uploads\/2023\/09\/Vostok-Gonzo-huppari_drummer-2.0-harmaa-1536x1536.jpg 1536w, https:\/\/kauppa.kloffa.fi\/wp-content\/uploads\/2023\/09\/Vostok-Gonzo-huppari_drummer-2.0-harmaa-12x12.jpg 12w, https:\/\/kauppa.kloffa.fi\/wp-content\/uploads\/2023\/09\/Vostok-Gonzo-huppari_drummer-2.0-harmaa-600x600.jpg 600w, https:\/\/kauppa.kloffa.fi\/wp-content\/uploads\/2023\/09\/Vostok-Gonzo-huppari_drummer-2.0-harmaa-200x200.jpg 200w, https:\/\/kauppa.kloffa.fi\/wp-content\/uploads\/2023\/09\/Vostok-Gonzo-huppari_drummer-2.0-harmaa.jpg 1650w\" \/><img loading=\"lazy\" decoding=\"async\" width=\"300\" height=\"300\" src=\"data:image\/svg+xml;charset=utf-8,%3Csvg xmlns%3D&#039;http%3A%2F%2Fwww.w3.org%2F2000%2Fsvg&#039; viewBox%3D&#039;0 0 300 300&#039;%2F%3E\" class=\"show-on-hover back-image lazy-load preload-me\" alt=\"\" data-src=\"https:\/\/kauppa.kloffa.fi\/wp-content\/uploads\/2023\/09\/Vostok-Gonzo-huppari_drummer-2.0-cotton-pink-300x300.jpg\" data-srcset=\"https:\/\/kauppa.kloffa.fi\/wp-content\/uploads\/2023\/09\/Vostok-Gonzo-huppari_drummer-2.0-cotton-pink-300x300.jpg 300w, https:\/\/kauppa.kloffa.fi\/wp-content\/uploads\/2023\/09\/Vostok-Gonzo-huppari_drummer-2.0-cotton-pink-1024x1024.jpg 1024w, https:\/\/kauppa.kloffa.fi\/wp-content\/uploads\/2023\/09\/Vostok-Gonzo-huppari_drummer-2.0-cotton-pink-150x150.jpg 150w, https:\/\/kauppa.kloffa.fi\/wp-content\/uploads\/2023\/09\/Vostok-Gonzo-huppari_drummer-2.0-cotton-pink-768x768.jpg 768w, https:\/\/kauppa.kloffa.fi\/wp-content\/uploads\/2023\/09\/Vostok-Gonzo-huppari_drummer-2.0-cotton-pink-1536x1536.jpg 1536w, https:\/\/kauppa.kloffa.fi\/wp-content\/uploads\/2023\/09\/Vostok-Gonzo-huppari_drummer-2.0-cotton-pink-12x12.jpg 12w, https:\/\/kauppa.kloffa.fi\/wp-content\/uploads\/2023\/09\/Vostok-Gonzo-huppari_drummer-2.0-cotton-pink-600x600.jpg 600w, https:\/\/kauppa.kloffa.fi\/wp-content\/uploads\/2023\/09\/Vostok-Gonzo-huppari_drummer-2.0-cotton-pink-200x200.jpg 200w, https:\/\/kauppa.kloffa.fi\/wp-content\/uploads\/2023\/09\/Vostok-Gonzo-huppari_drummer-2.0-cotton-pink.jpg 1650w\" \/><\/a>\n\t<\/div>\n\t<figcaption class=\"woocom-list-content\">\n\n\t\t<div class=\"woocommerce-product-details__short-description\">\n\t<p>Huppari on varma valinta niin kes\u00e4ll\u00e4 kuin talvellakin. T\u00e4ss\u00e4 Stanley\/Stellan unisex-mallissa yhdistyv\u00e4t sek\u00e4 ekologisuus ett\u00e4 laadukkuus. Vastuullisen valinnan takuuna toimivat sertifioidut materiaalit ja tuotanto-olosuhteet. Tyylikk\u00e4\u00e4n loppusilauksen viimeistelee Vostok ry:n Gonzo-logo brodeerattuna.<\/p>\n<p>&nbsp;<\/p>\n<ul>\n<li>Unisex<\/li>\n<li>Fitting: Medium fit<\/li>\n<li>Material: 85% organic cotton &amp; 15% recycled polyester<\/li>\n<li>Fabric weight: 280g\/m2<\/li>\n<li>Country of origin: Bangladesh<\/li>\n<li>Certificates: GOTS, Oeko-Tex 100 and PETA Approved Vegan<\/li>\n<li>Set-in sleeves<\/li>\n<li>Product measurements can be found from the last gallery picture.<\/li>\n<\/ul>\n<p>&nbsp;<\/p>\n<p>&nbsp;<\/p>\n<p><a href=\"https:\/\/kauppa.kloffa.fi\/en\/vostok-ry\/\"><strong>BACK TO HOMEPAGE<\/strong><\/a><\/p>\n<\/div>\n\n\t<\/figcaption>\n<\/figure>\n\n<\/article>\n\n\n\n<article class=\"post visible description-off product type-product post-87717 status-publish instock product_cat-vostok has-post-thumbnail taxable shipping-taxable purchasable product-type-variable\">\n\n\t<figure class=\"woocom-project\">\n\t<div class=\"woo-buttons-on-img\">\n\n\t\t<a href=\"https:\/\/kauppa.kloffa.fi\/en\/product\/vostok-college\/\" class=\"alignnone layzr-bg\"><img loading=\"lazy\" decoding=\"async\" width=\"300\" height=\"300\" src=\"data:image\/svg+xml;charset=utf-8,%3Csvg xmlns%3D&#039;http%3A%2F%2Fwww.w3.org%2F2000%2Fsvg&#039; viewBox%3D&#039;0 0 300 300&#039;%2F%3E\" class=\"attachment-woocommerce_thumbnail size-woocommerce_thumbnail lazy-load preload-me\" alt=\"Vostok College\" data-src=\"https:\/\/kauppa.kloffa.fi\/wp-content\/uploads\/2023\/09\/Vostok-college_roller-vintage-white-300x300.jpg\" data-srcset=\"https:\/\/kauppa.kloffa.fi\/wp-content\/uploads\/2023\/09\/Vostok-college_roller-vintage-white-300x300.jpg 300w, https:\/\/kauppa.kloffa.fi\/wp-content\/uploads\/2023\/09\/Vostok-college_roller-vintage-white-1024x1024.jpg 1024w, https:\/\/kauppa.kloffa.fi\/wp-content\/uploads\/2023\/09\/Vostok-college_roller-vintage-white-150x150.jpg 150w, https:\/\/kauppa.kloffa.fi\/wp-content\/uploads\/2023\/09\/Vostok-college_roller-vintage-white-768x768.jpg 768w, https:\/\/kauppa.kloffa.fi\/wp-content\/uploads\/2023\/09\/Vostok-college_roller-vintage-white-1536x1536.jpg 1536w, https:\/\/kauppa.kloffa.fi\/wp-content\/uploads\/2023\/09\/Vostok-college_roller-vintage-white-12x12.jpg 12w, https:\/\/kauppa.kloffa.fi\/wp-content\/uploads\/2023\/09\/Vostok-college_roller-vintage-white-600x600.jpg 600w, https:\/\/kauppa.kloffa.fi\/wp-content\/uploads\/2023\/09\/Vostok-college_roller-vintage-white-200x200.jpg 200w, https:\/\/kauppa.kloffa.fi\/wp-content\/uploads\/2023\/09\/Vostok-college_roller-vintage-white.jpg 1600w\" \/><img loading=\"lazy\" decoding=\"async\" width=\"300\" height=\"300\" src=\"data:image\/svg+xml;charset=utf-8,%3Csvg xmlns%3D&#039;http%3A%2F%2Fwww.w3.org%2F2000%2Fsvg&#039; viewBox%3D&#039;0 0 300 300&#039;%2F%3E\" class=\"show-on-hover back-image lazy-load preload-me\" alt=\"\" data-src=\"https:\/\/kauppa.kloffa.fi\/wp-content\/uploads\/2023\/09\/Vostok-college_roller-sky-blue-300x300.jpg\" data-srcset=\"https:\/\/kauppa.kloffa.fi\/wp-content\/uploads\/2023\/09\/Vostok-college_roller-sky-blue-300x300.jpg 300w, https:\/\/kauppa.kloffa.fi\/wp-content\/uploads\/2023\/09\/Vostok-college_roller-sky-blue-1024x1024.jpg 1024w, https:\/\/kauppa.kloffa.fi\/wp-content\/uploads\/2023\/09\/Vostok-college_roller-sky-blue-150x150.jpg 150w, https:\/\/kauppa.kloffa.fi\/wp-content\/uploads\/2023\/09\/Vostok-college_roller-sky-blue-768x768.jpg 768w, https:\/\/kauppa.kloffa.fi\/wp-content\/uploads\/2023\/09\/Vostok-college_roller-sky-blue-1536x1536.jpg 1536w, https:\/\/kauppa.kloffa.fi\/wp-content\/uploads\/2023\/09\/Vostok-college_roller-sky-blue-12x12.jpg 12w, https:\/\/kauppa.kloffa.fi\/wp-content\/uploads\/2023\/09\/Vostok-college_roller-sky-blue-600x600.jpg 600w, https:\/\/kauppa.kloffa.fi\/wp-content\/uploads\/2023\/09\/Vostok-college_roller-sky-blue-200x200.jpg 200w, https:\/\/kauppa.kloffa.fi\/wp-content\/uploads\/2023\/09\/Vostok-college_roller-sky-blue.jpg 1600w\" \/><\/a>\n\t<\/div>\n\t<figcaption class=\"woocom-list-content\">\n\n\t\t<div class=\"woocommerce-product-details__short-description\">\n\t<p>Collegepaita on ajaton valinta ja toimii mainiosti useissa asukokonaisuuksissa. T\u00e4ss\u00e4 Stanley\/Stellan unisex-mallissa yhdistyv\u00e4t sek\u00e4 ekologisuus ett\u00e4 laadukkuus. Tyylikk\u00e4\u00e4n loppusilauksen varmistaa Vostok ry:n brodeeraus collegen rinnassa.<\/p>\n<p>&nbsp;<\/p>\n<ul>\n<li>Unisex<\/li>\n<li>Fitting: Medium fit<\/li>\n<li>Material: 85% organic cotton &amp; 15% recycled polyester<\/li>\n<li>Fabric weight: 280g\/m2<\/li>\n<li>Country of origin: Bangladesh<\/li>\n<li>Certificates: GOTS, Oeko-Tex 100 and PETA Approved Vegan<\/li>\n<li>Set-in sleeves<\/li>\n<li>Product measurements can be found from the last gallery picture.<\/li>\n<\/ul>\n<p>&nbsp;<\/p>\n<p>&nbsp;<\/p>\n<p><a href=\"https:\/\/kauppa.kloffa.fi\/en\/vostok-ry\/\"><strong>BACK TO HOMEPAGE<\/strong><\/a><\/p>\n<\/div>\n\n\t<\/figcaption>\n<\/figure>\n\n<\/article>\n\n\n\n<article class=\"post visible description-off product type-product post-87667 status-publish last instock product_cat-vostok has-post-thumbnail taxable shipping-taxable purchasable product-type-variable\">\n\n\t<figure class=\"woocom-project\">\n\t<div class=\"woo-buttons-on-img\">\n\n\t\t<a href=\"https:\/\/kauppa.kloffa.fi\/en\/product\/vostok-huppari\/\" class=\"alignnone layzr-bg\"><img loading=\"lazy\" decoding=\"async\" width=\"300\" height=\"300\" src=\"data:image\/svg+xml;charset=utf-8,%3Csvg xmlns%3D&#039;http%3A%2F%2Fwww.w3.org%2F2000%2Fsvg&#039; viewBox%3D&#039;0 0 300 300&#039;%2F%3E\" class=\"attachment-woocommerce_thumbnail size-woocommerce_thumbnail lazy-load preload-me\" alt=\"Vostok Huppari\" data-src=\"https:\/\/kauppa.kloffa.fi\/wp-content\/uploads\/2023\/09\/Vostok-huppari_drummer-2.0-vintage-white-300x300.jpg\" data-srcset=\"https:\/\/kauppa.kloffa.fi\/wp-content\/uploads\/2023\/09\/Vostok-huppari_drummer-2.0-vintage-white-300x300.jpg 300w, https:\/\/kauppa.kloffa.fi\/wp-content\/uploads\/2023\/09\/Vostok-huppari_drummer-2.0-vintage-white-1024x1024.jpg 1024w, https:\/\/kauppa.kloffa.fi\/wp-content\/uploads\/2023\/09\/Vostok-huppari_drummer-2.0-vintage-white-150x150.jpg 150w, https:\/\/kauppa.kloffa.fi\/wp-content\/uploads\/2023\/09\/Vostok-huppari_drummer-2.0-vintage-white-768x768.jpg 768w, https:\/\/kauppa.kloffa.fi\/wp-content\/uploads\/2023\/09\/Vostok-huppari_drummer-2.0-vintage-white-1536x1536.jpg 1536w, https:\/\/kauppa.kloffa.fi\/wp-content\/uploads\/2023\/09\/Vostok-huppari_drummer-2.0-vintage-white-12x12.jpg 12w, https:\/\/kauppa.kloffa.fi\/wp-content\/uploads\/2023\/09\/Vostok-huppari_drummer-2.0-vintage-white-600x600.jpg 600w, https:\/\/kauppa.kloffa.fi\/wp-content\/uploads\/2023\/09\/Vostok-huppari_drummer-2.0-vintage-white-200x200.jpg 200w, https:\/\/kauppa.kloffa.fi\/wp-content\/uploads\/2023\/09\/Vostok-huppari_drummer-2.0-vintage-white.jpg 1650w\" \/><img loading=\"lazy\" decoding=\"async\" width=\"300\" height=\"300\" src=\"data:image\/svg+xml;charset=utf-8,%3Csvg xmlns%3D&#039;http%3A%2F%2Fwww.w3.org%2F2000%2Fsvg&#039; viewBox%3D&#039;0 0 300 300&#039;%2F%3E\" class=\"show-on-hover back-image lazy-load preload-me\" alt=\"\" data-src=\"https:\/\/kauppa.kloffa.fi\/wp-content\/uploads\/2023\/09\/Vostok-huppari_drummer-2.0-sky-blue-300x300.jpg\" data-srcset=\"https:\/\/kauppa.kloffa.fi\/wp-content\/uploads\/2023\/09\/Vostok-huppari_drummer-2.0-sky-blue-300x300.jpg 300w, https:\/\/kauppa.kloffa.fi\/wp-content\/uploads\/2023\/09\/Vostok-huppari_drummer-2.0-sky-blue-1024x1024.jpg 1024w, https:\/\/kauppa.kloffa.fi\/wp-content\/uploads\/2023\/09\/Vostok-huppari_drummer-2.0-sky-blue-150x150.jpg 150w, https:\/\/kauppa.kloffa.fi\/wp-content\/uploads\/2023\/09\/Vostok-huppari_drummer-2.0-sky-blue-768x768.jpg 768w, https:\/\/kauppa.kloffa.fi\/wp-content\/uploads\/2023\/09\/Vostok-huppari_drummer-2.0-sky-blue-1536x1536.jpg 1536w, https:\/\/kauppa.kloffa.fi\/wp-content\/uploads\/2023\/09\/Vostok-huppari_drummer-2.0-sky-blue-12x12.jpg 12w, https:\/\/kauppa.kloffa.fi\/wp-content\/uploads\/2023\/09\/Vostok-huppari_drummer-2.0-sky-blue-600x600.jpg 600w, https:\/\/kauppa.kloffa.fi\/wp-content\/uploads\/2023\/09\/Vostok-huppari_drummer-2.0-sky-blue-200x200.jpg 200w, https:\/\/kauppa.kloffa.fi\/wp-content\/uploads\/2023\/09\/Vostok-huppari_drummer-2.0-sky-blue.jpg 1650w\" \/><\/a>\n\t<\/div>\n\t<figcaption class=\"woocom-list-content\">\n\n\t\t<div class=\"woocommerce-product-details__short-description\">\n\t<p>Huppari on varma valinta niin kes\u00e4ll\u00e4 kuin talvellakin. T\u00e4ss\u00e4 Stanley\/Stellan unisex-mallissa yhdistyv\u00e4t sek\u00e4 ekologisuus ett\u00e4 laadukkuus. Vastuullisen valinnan takuuna toimivat sertifioidut materiaalit ja tuotanto-olosuhteet. Tyylikk\u00e4\u00e4n loppusilauksen viimeistelee Vostok ry:n brodeeraus hupparin rinnassa.<\/p>\n<p>&nbsp;<\/p>\n<ul>\n<li>Unisex<\/li>\n<li>Fitting: Medium fit<\/li>\n<li>Material: 85% organic cotton &amp; 15% recycled polyester<\/li>\n<li>Fabric weight: 280g\/m2<\/li>\n<li>Country of origin: Bangladesh<\/li>\n<li>Certificates: GOTS, Oeko-Tex 100 and PETA Approved Vegan<\/li>\n<li>Set-in sleeves<\/li>\n<li>Product measurements can be found from the last gallery picture.<\/li>\n<\/ul>\n<p>&nbsp;<\/p>\n<p>&nbsp;<\/p>\n<p><a href=\"https:\/\/kauppa.kloffa.fi\/en\/vostok-ry\/\"><strong>BACK TO HOMEPAGE<\/strong><\/a><\/p>\n<\/div>\n\n\t<\/figcaption>\n<\/figure>\n\n<\/article>\n\n\n\n<article class=\"post visible description-off product type-product post-204652 status-publish first instock product_cat-vostok has-post-thumbnail taxable shipping-taxable purchasable product-type-variable\">\n\n\t<figure class=\"woocom-project\">\n\t<div class=\"woo-buttons-on-img\">\n\n\t\t<a href=\"https:\/\/kauppa.kloffa.fi\/en\/product\/vostok-t-paita-relaxed-fit\/\" class=\"alignnone layzr-bg\"><img loading=\"lazy\" decoding=\"async\" width=\"300\" height=\"300\" src=\"data:image\/svg+xml;charset=utf-8,%3Csvg xmlns%3D&#039;http%3A%2F%2Fwww.w3.org%2F2000%2Fsvg&#039; viewBox%3D&#039;0 0 300 300&#039;%2F%3E\" class=\"attachment-woocommerce_thumbnail size-woocommerce_thumbnail lazy-load preload-me\" alt=\"Vostok T-Paita (relaxed fit)\" data-src=\"https:\/\/kauppa.kloffa.fi\/wp-content\/uploads\/2025\/11\/Vostok-t-paita_breezer-valkoinen-300x300.jpg\" data-srcset=\"https:\/\/kauppa.kloffa.fi\/wp-content\/uploads\/2025\/11\/Vostok-t-paita_breezer-valkoinen-300x300.jpg 300w, https:\/\/kauppa.kloffa.fi\/wp-content\/uploads\/2025\/11\/Vostok-t-paita_breezer-valkoinen-1024x1024.jpg 1024w, https:\/\/kauppa.kloffa.fi\/wp-content\/uploads\/2025\/11\/Vostok-t-paita_breezer-valkoinen-150x150.jpg 150w, https:\/\/kauppa.kloffa.fi\/wp-content\/uploads\/2025\/11\/Vostok-t-paita_breezer-valkoinen-768x768.jpg 768w, https:\/\/kauppa.kloffa.fi\/wp-content\/uploads\/2025\/11\/Vostok-t-paita_breezer-valkoinen-1536x1536.jpg 1536w, https:\/\/kauppa.kloffa.fi\/wp-content\/uploads\/2025\/11\/Vostok-t-paita_breezer-valkoinen-12x12.jpg 12w, https:\/\/kauppa.kloffa.fi\/wp-content\/uploads\/2025\/11\/Vostok-t-paita_breezer-valkoinen-600x600.jpg 600w, https:\/\/kauppa.kloffa.fi\/wp-content\/uploads\/2025\/11\/Vostok-t-paita_breezer-valkoinen-200x200.jpg 200w, https:\/\/kauppa.kloffa.fi\/wp-content\/uploads\/2025\/11\/Vostok-t-paita_breezer-valkoinen.jpg 1700w\" \/><img loading=\"lazy\" decoding=\"async\" width=\"300\" height=\"300\" src=\"data:image\/svg+xml;charset=utf-8,%3Csvg xmlns%3D&#039;http%3A%2F%2Fwww.w3.org%2F2000%2Fsvg&#039; viewBox%3D&#039;0 0 300 300&#039;%2F%3E\" class=\"show-on-hover back-image lazy-load preload-me\" alt=\"\" data-src=\"https:\/\/kauppa.kloffa.fi\/wp-content\/uploads\/2025\/11\/Vostok-t-paita_breezer-musta-300x300.jpg\" data-srcset=\"https:\/\/kauppa.kloffa.fi\/wp-content\/uploads\/2025\/11\/Vostok-t-paita_breezer-musta-300x300.jpg 300w, https:\/\/kauppa.kloffa.fi\/wp-content\/uploads\/2025\/11\/Vostok-t-paita_breezer-musta-1024x1024.jpg 1024w, https:\/\/kauppa.kloffa.fi\/wp-content\/uploads\/2025\/11\/Vostok-t-paita_breezer-musta-150x150.jpg 150w, https:\/\/kauppa.kloffa.fi\/wp-content\/uploads\/2025\/11\/Vostok-t-paita_breezer-musta-768x768.jpg 768w, https:\/\/kauppa.kloffa.fi\/wp-content\/uploads\/2025\/11\/Vostok-t-paita_breezer-musta-1536x1536.jpg 1536w, https:\/\/kauppa.kloffa.fi\/wp-content\/uploads\/2025\/11\/Vostok-t-paita_breezer-musta-12x12.jpg 12w, https:\/\/kauppa.kloffa.fi\/wp-content\/uploads\/2025\/11\/Vostok-t-paita_breezer-musta-600x600.jpg 600w, https:\/\/kauppa.kloffa.fi\/wp-content\/uploads\/2025\/11\/Vostok-t-paita_breezer-musta-200x200.jpg 200w, https:\/\/kauppa.kloffa.fi\/wp-content\/uploads\/2025\/11\/Vostok-t-paita_breezer-musta.jpg 1700w\" \/><\/a>\n\t<\/div>\n\t<figcaption class=\"woocom-list-content\">\n\n\t\t<div class=\"woocommerce-product-details__short-description\">\n\t<p>Luomupuuvillasta valmistettu ja v\u00e4lj\u00e4ll\u00e4 relaxed fit -mitoituksella varustettu ekologinen t-paita koristeltuna Vostok ry:n logopainatuksella. T-paidan hihat ja reunat on viimeistelty tuplatikkauksella.<\/p>\n<p>&nbsp;<\/p>\n<ul>\n<li>Unisex<\/li>\n<li>Mitoitus: Relaxed Fit<\/li>\n<li>Material: 100% organic cotton<\/li>\n<li>Country of origin: Bangladesh<\/li>\n<li>Fabric weight: 155 g\/m2<\/li>\n<li>Certificates: GOTS, Oeko-Tex 100 and PETA Approved Vegan<\/li>\n<li>Set-in sleeves<\/li>\n<li>Product measurements can be found from the last gallery picture.<\/li>\n<\/ul>\n<p>&nbsp;<\/p>\n<p>&nbsp;<\/p>\n<p><a href=\"https:\/\/kauppa.kloffa.fi\/en\/vostok-ry\/\"><strong>BACK TO HOMEPAGE<\/strong><\/a><\/p>\n<\/div>\n\n\t<\/figcaption>\n<\/figure>\n\n<\/article>\n\n<\/div><\/div><\/div><\/div><\/div><\/div>\n<\/div>","protected":false},"excerpt":{"rendered":"<p>TERVETULOA VOSTOK RY:N MERCH-KAUPPAAN!T\u00e4lt\u00e4 sivulta l\u00f6yd\u00e4t uniikit ja vastuulliset tuotteet ainej\u00e4rjest\u00f6si logolla. Lis\u00e4\u00e4 haluamasi tuotteet ostoskoriin ja siirry kassalle. Toimithan nopeasti, sill\u00e4 verkkokauppa on auki vain rajallisen ajan 20.11.2025 asti. Kassalla voit valita toimitusvaihtoehdoksi joko ilmaisen noudon Vostok ry:n toimistolta tai lis\u00e4maksullisen toimituksen PostNordin noutopisteeseen ymp\u00e4ri Suomea. Tuotteiden valmistus aloitetaan tilausajan p\u00e4\u00e4ttymisen j\u00e4lkeen ja niiden&hellip;<\/p>","protected":false},"author":1,"featured_media":0,"parent":0,"menu_order":0,"comment_status":"closed","ping_status":"closed","template":"","meta":{"footnotes":""},"class_list":["post-87917","page","type-page","status-publish","hentry","description-off"],"_links":{"self":[{"href":"https:\/\/kauppa.kloffa.fi\/en\/wp-json\/wp\/v2\/pages\/87917","targetHints":{"allow":["GET"]}}],"collection":[{"href":"https:\/\/kauppa.kloffa.fi\/en\/wp-json\/wp\/v2\/pages"}],"about":[{"href":"https:\/\/kauppa.kloffa.fi\/en\/wp-json\/wp\/v2\/types\/page"}],"author":[{"embeddable":true,"href":"https:\/\/kauppa.kloffa.fi\/en\/wp-json\/wp\/v2\/users\/1"}],"replies":[{"embeddable":true,"href":"https:\/\/kauppa.kloffa.fi\/en\/wp-json\/wp\/v2\/comments?post=87917"}],"version-history":[{"count":3,"href":"https:\/\/kauppa.kloffa.fi\/en\/wp-json\/wp\/v2\/pages\/87917\/revisions"}],"predecessor-version":[{"id":204933,"href":"https:\/\/kauppa.kloffa.fi\/en\/wp-json\/wp\/v2\/pages\/87917\/revisions\/204933"}],"wp:attachment":[{"href":"https:\/\/kauppa.kloffa.fi\/en\/wp-json\/wp\/v2\/media?parent=87917"}],"curies":[{"name":"wp","href":"https:\/\/api.w.org\/{rel}","templated":true}]}}