{"id":98534,"date":"2023-10-19T08:51:44","date_gmt":"2023-10-19T06:51:44","guid":{"rendered":"https:\/\/kauppa.kloffa.fi\/?page_id=98534"},"modified":"2025-10-15T14:27:03","modified_gmt":"2025-10-15T12:27:03","slug":"tyk-ry","status":"publish","type":"page","link":"https:\/\/kauppa.kloffa.fi\/en\/tyk-ry\/","title":{"rendered":"TYK ry"},"content":{"rendered":"<div class=\"wpb-content-wrapper\"><div class=\"vc_row wpb_row vc_row-fluid vc_custom_1605696737057\"><div class=\"wpb_column vc_column_container vc_col-sm-12\"><div class=\"vc_column-inner vc_custom_1604579954038\"><div class=\"wpb_wrapper\"><h2 style=\"font-size: 42px;color: #000000;text-align: center;font-family:Open Sans;font-weight:800;font-style:normal\" class=\"vc_custom_heading vc_do_custom_heading wpb_animate_when_almost_visible wpb_fadeIn fadeIn vc_custom_1726914616864\" >TYK RY:N MERCH-KAUPPA<\/h2><h2 style=\"font-size: 30px;color: #000000;text-align: center;font-family:Open Sans;font-weight:600;font-style:normal\" class=\"vc_custom_heading vc_do_custom_heading wpb_animate_when_almost_visible wpb_fadeIn fadeIn vc_custom_1726914638597\" >Sustainable products with customized logo designs!<\/h2><\/div><\/div><\/div><\/div><div class=\"vc_row wpb_row vc_row-fluid\"><div class=\"wpb_column vc_column_container vc_col-sm-12\"><div class=\"vc_column-inner\"><div class=\"wpb_wrapper\"><div class=\"vc_empty_space\"   style=\"height: 50px\"><span class=\"vc_empty_space_inner\"><\/span><\/div>\n\t<div  class=\"wpb_single_image wpb_content_element vc_align_center\">\n\t\t\n\t\t<figure class=\"wpb_wrapper vc_figure\">\n\t\t\t<div class=\"vc_single_image-wrapper   vc_box_border_grey\"><img loading=\"lazy\" decoding=\"async\" width=\"300\" height=\"300\" src=\"https:\/\/kauppa.kloffa.fi\/wp-content\/uploads\/2023\/10\/TYK-ry-logo-1-kopio-etusivu-2-300x300.jpg\" class=\"vc_single_image-img attachment-medium\" alt=\"\" title=\"\" srcset=\"https:\/\/kauppa.kloffa.fi\/wp-content\/uploads\/2023\/10\/TYK-ry-logo-1-kopio-etusivu-2-300x300.jpg 300w, https:\/\/kauppa.kloffa.fi\/wp-content\/uploads\/2023\/10\/TYK-ry-logo-1-kopio-etusivu-2-150x150.jpg 150w, https:\/\/kauppa.kloffa.fi\/wp-content\/uploads\/2023\/10\/TYK-ry-logo-1-kopio-etusivu-2-768x768.jpg 768w, https:\/\/kauppa.kloffa.fi\/wp-content\/uploads\/2023\/10\/TYK-ry-logo-1-kopio-etusivu-2-12x12.jpg 12w, https:\/\/kauppa.kloffa.fi\/wp-content\/uploads\/2023\/10\/TYK-ry-logo-1-kopio-etusivu-2-600x600.jpg 600w, https:\/\/kauppa.kloffa.fi\/wp-content\/uploads\/2023\/10\/TYK-ry-logo-1-kopio-etusivu-2-200x200.jpg 200w, https:\/\/kauppa.kloffa.fi\/wp-content\/uploads\/2023\/10\/TYK-ry-logo-1-kopio-etusivu-2.jpg 1000w\" sizes=\"auto, (max-width: 300px) 100vw, 300px\"  data-dt-location=\"https:\/\/kauppa.kloffa.fi\/en\/tyk-ry\/attachment\/tyk-ry-logo-1-kopio-etusivu-2\/\" \/><\/div>\n\t\t<\/figure>\n\t<\/div>\n<div class=\"vc_empty_space\"   style=\"height: 50px\"><span class=\"vc_empty_space_inner\"><\/span><\/div><\/div><\/div><\/div><\/div><div class=\"vc_row wpb_row vc_row-fluid\"><div class=\"wpb_column vc_column_container vc_col-sm-12\"><div class=\"vc_column-inner\"><div class=\"wpb_wrapper\">\n\t<div class=\"wpb_text_column wpb_content_element  vc_custom_1760531220430\" >\n\t\t<div class=\"wpb_wrapper\">\n\t\t\t<ol>\n<li>Lis\u00e4\u00e4 haluamasi tuotteet ostoskoriin ja siirry kassalle. Toimithan nopeasti, sill\u00e4 verkkokauppa on auki vain rajallisen ajan 1.\u201316.10.2025.<\/li>\n<li>Kassalla voit valita toimitusvaihtoehdoksi joko ilmaisen noudon TYK ry:n toimistolta tai lis\u00e4maksullisen toimituksen PostNordin noutopisteeseen ymp\u00e4ri Suomea.<\/li>\n<li>Product manufacturing process begins after the end of the order period and the delivery time is approximately 4 weeks after that. If you have any questions about the order process, manufacturing or products, don't hesitate to contact info@kloffa.fi.<\/li>\n<\/ol>\n<p>&nbsp;<\/p>\n<p>Please note that customized products do not have the right of exchange or return, so fill out the order carefully.<\/p>\n\n\t\t<\/div>\n\t<\/div>\n<div class=\"woocommerce columns-4\"><\/div><\/div><\/div><\/div><\/div>\n<\/div>","protected":false},"excerpt":{"rendered":"<p>TYK RY:N MERCH-KAUPPAT\u00e4\u00e4lt\u00e4 tilaat helposti ainej\u00e4rjest\u00f6si ekologiset ja vastuulliset tuotteet! Lis\u00e4\u00e4 haluamasi tuotteet ostoskoriin ja siirry kassalle. Toimithan nopeasti, sill\u00e4 verkkokauppa on auki vain rajallisen ajan 1.\u201316.10.2025. Kassalla voit valita toimitusvaihtoehdoksi joko ilmaisen noudon TYK ry:n toimistolta tai lis\u00e4maksullisen toimituksen PostNordin noutopisteeseen ymp\u00e4ri Suomea. Tuotteiden valmistus aloitetaan tilausajan p\u00e4\u00e4ttymisen j\u00e4lkeen ja niiden toimitusaika on n.&hellip;<\/p>","protected":false},"author":1,"featured_media":0,"parent":0,"menu_order":0,"comment_status":"closed","ping_status":"closed","template":"","meta":{"footnotes":""},"class_list":["post-98534","page","type-page","status-publish","hentry","description-off"],"_links":{"self":[{"href":"https:\/\/kauppa.kloffa.fi\/en\/wp-json\/wp\/v2\/pages\/98534","targetHints":{"allow":["GET"]}}],"collection":[{"href":"https:\/\/kauppa.kloffa.fi\/en\/wp-json\/wp\/v2\/pages"}],"about":[{"href":"https:\/\/kauppa.kloffa.fi\/en\/wp-json\/wp\/v2\/types\/page"}],"author":[{"embeddable":true,"href":"https:\/\/kauppa.kloffa.fi\/en\/wp-json\/wp\/v2\/users\/1"}],"replies":[{"embeddable":true,"href":"https:\/\/kauppa.kloffa.fi\/en\/wp-json\/wp\/v2\/comments?post=98534"}],"version-history":[{"count":3,"href":"https:\/\/kauppa.kloffa.fi\/en\/wp-json\/wp\/v2\/pages\/98534\/revisions"}],"predecessor-version":[{"id":194653,"href":"https:\/\/kauppa.kloffa.fi\/en\/wp-json\/wp\/v2\/pages\/98534\/revisions\/194653"}],"wp:attachment":[{"href":"https:\/\/kauppa.kloffa.fi\/en\/wp-json\/wp\/v2\/media?parent=98534"}],"curies":[{"name":"wp","href":"https:\/\/api.w.org\/{rel}","templated":true}]}}