{"id":162371,"date":"2025-02-07T14:57:11","date_gmt":"2025-02-07T12:57:11","guid":{"rendered":"https:\/\/kauppa.kloffa.fi\/?post_type=product&#038;p=162371"},"modified":"2026-03-22T12:37:53","modified_gmt":"2026-03-22T10:37:53","slug":"kritiikki-quarter-zip-oversize","status":"publish","type":"product","link":"https:\/\/kauppa.kloffa.fi\/en\/product\/kritiikki-quarter-zip-oversize\/","title":{"rendered":"Kritiikki Quarter Zip (oversize)"},"content":{"rendered":"","protected":false},"excerpt":{"rendered":"<p>Klassinen quarter zip -college modernilla twistill\u00e4. Rento oversize-mitoitus ja paksu 400g\/m2 kangas takaavat, ett\u00e4 saat t\u00e4st\u00e4 uuden suosikkipaitasi, joka sopii tilanteeseen kuin tilanteeseen. Valmistettu 100% orgaanisesta puuvillasta ja tyylitelty Kritiikki ry:n brodeerauksella.<\/p>\n<p>&nbsp;<\/p>\n<ul>\n<li>Unisex<\/li>\n<li>Fitting: Oversize<\/li>\n<li>Material: 100% organic cotton<\/li>\n<li>Fabric weight: 400 g\/m2<\/li>\n<li>Sertifikaatit: GOTS, Oeko-Tex 100, PETA Approved Vegan, Fair Wear<\/li>\n<li>Set-in sleeves<\/li>\n<li>Product measurements can be found from the last gallery picture.<\/li>\n<\/ul>\n<p>&nbsp;<\/p>\n<p>&nbsp;<\/p>\n<p><a href=\"https:\/\/kauppa.kloffa.fi\/en\/kritiikki-ry\/\"><strong>BACK TO HOMEPAGE<\/strong><\/a><\/p>","protected":false},"featured_media":162445,"template":"","meta":[],"product_brand":[],"product_cat":[143],"product_tag":[],"class_list":{"0":"post-162371","1":"product","2":"type-product","3":"status-publish","4":"has-post-thumbnail","6":"product_cat-kritiikki","7":"product_shipping_class-toimitus-9-90","8":"description-off","10":"first","11":"instock","12":"taxable","13":"shipping-taxable","14":"purchasable","15":"product-type-variable"},"_links":{"self":[{"href":"https:\/\/kauppa.kloffa.fi\/en\/wp-json\/wp\/v2\/product\/162371","targetHints":{"allow":["GET"]}}],"collection":[{"href":"https:\/\/kauppa.kloffa.fi\/en\/wp-json\/wp\/v2\/product"}],"about":[{"href":"https:\/\/kauppa.kloffa.fi\/en\/wp-json\/wp\/v2\/types\/product"}],"wp:featuredmedia":[{"embeddable":true,"href":"https:\/\/kauppa.kloffa.fi\/en\/wp-json\/wp\/v2\/media\/162445"}],"wp:attachment":[{"href":"https:\/\/kauppa.kloffa.fi\/en\/wp-json\/wp\/v2\/media?parent=162371"}],"wp:term":[{"taxonomy":"product_brand","embeddable":true,"href":"https:\/\/kauppa.kloffa.fi\/en\/wp-json\/wp\/v2\/product_brand?post=162371"},{"taxonomy":"product_cat","embeddable":true,"href":"https:\/\/kauppa.kloffa.fi\/en\/wp-json\/wp\/v2\/product_cat?post=162371"},{"taxonomy":"product_tag","embeddable":true,"href":"https:\/\/kauppa.kloffa.fi\/en\/wp-json\/wp\/v2\/product_tag?post=162371"}],"curies":[{"name":"wp","href":"https:\/\/api.w.org\/{rel}","templated":true}]}}