{"id":192825,"date":"2026-01-16T06:32:43","date_gmt":"2026-01-16T04:32:43","guid":{"rendered":"https:\/\/kauppa.kloffa.fi\/?post_type=product&#038;p=192825"},"modified":"2026-01-16T06:32:43","modified_gmt":"2026-01-16T04:32:43","slug":"ruoska-est-1995-college","status":"publish","type":"product","link":"https:\/\/kauppa.kloffa.fi\/en\/product\/ruoska-est-1995-college\/","title":{"rendered":"Ruoska Est. 1995 College"},"content":{"rendered":"","protected":false},"excerpt":{"rendered":"<p>Ekologisista ja vastuullisista materiaaleista valmistettu klassikkotuote, suunniteltu hieman v\u00e4ljemm\u00e4ll\u00e4 modern medium fit -mitoituksella. College on tyylitelty etupuolella l\u00f6ytyv\u00e4ll\u00e4 Ruoskan Est. 1995 -logopainatuksella.<\/p>\n<p>&nbsp;<\/p>\n<ul>\n<li>Unisex<\/li>\n<li>Modern medium fit<\/li>\n<li>Material: 100% organic cotton<\/li>\n<li>Fabric weight: 350 g\/m2<\/li>\n<li>Certificates: GOTS, Oeko-Tex 100 and PETA Approved Vegan<\/li>\n<li>Country of origin: Bangladesh<\/li>\n<li>Set-in sleeves<\/li>\n<li>Product measurements can be found from the last gallery picture.<\/li>\n<\/ul>\n<p>&nbsp;<\/p>\n<p>&nbsp;<\/p>\n<p><a href=\"https:\/\/kauppa.kloffa.fi\/en\/ruoska\/\"><strong>BACK TO HOMEPAGE<\/strong><\/a><\/p>","protected":false},"featured_media":192804,"template":"","meta":[],"product_brand":[],"product_cat":[788],"product_tag":[],"class_list":{"0":"post-192825","1":"product","2":"type-product","3":"status-publish","4":"has-post-thumbnail","6":"product_cat-ruoska","7":"product_shipping_class-toimitus-9-90","8":"description-off","10":"first","11":"instock","12":"taxable","13":"shipping-taxable","14":"purchasable","15":"product-type-variable"},"_links":{"self":[{"href":"https:\/\/kauppa.kloffa.fi\/en\/wp-json\/wp\/v2\/product\/192825","targetHints":{"allow":["GET"]}}],"collection":[{"href":"https:\/\/kauppa.kloffa.fi\/en\/wp-json\/wp\/v2\/product"}],"about":[{"href":"https:\/\/kauppa.kloffa.fi\/en\/wp-json\/wp\/v2\/types\/product"}],"wp:featuredmedia":[{"embeddable":true,"href":"https:\/\/kauppa.kloffa.fi\/en\/wp-json\/wp\/v2\/media\/192804"}],"wp:attachment":[{"href":"https:\/\/kauppa.kloffa.fi\/en\/wp-json\/wp\/v2\/media?parent=192825"}],"wp:term":[{"taxonomy":"product_brand","embeddable":true,"href":"https:\/\/kauppa.kloffa.fi\/en\/wp-json\/wp\/v2\/product_brand?post=192825"},{"taxonomy":"product_cat","embeddable":true,"href":"https:\/\/kauppa.kloffa.fi\/en\/wp-json\/wp\/v2\/product_cat?post=192825"},{"taxonomy":"product_tag","embeddable":true,"href":"https:\/\/kauppa.kloffa.fi\/en\/wp-json\/wp\/v2\/product_tag?post=192825"}],"curies":[{"name":"wp","href":"https:\/\/api.w.org\/{rel}","templated":true}]}}