{"id":204652,"date":"2025-11-04T12:50:55","date_gmt":"2025-11-04T10:50:55","guid":{"rendered":"https:\/\/kauppa.kloffa.fi\/?post_type=product&#038;p=204652"},"modified":"2025-11-04T12:55:07","modified_gmt":"2025-11-04T10:55:07","slug":"vostok-t-paita-relaxed-fit","status":"publish","type":"product","link":"https:\/\/kauppa.kloffa.fi\/en\/product\/vostok-t-paita-relaxed-fit\/","title":{"rendered":"Vostok T-Paita (relaxed fit)"},"content":{"rendered":"","protected":false},"excerpt":{"rendered":"<p>Luomupuuvillasta valmistettu ja v\u00e4lj\u00e4ll\u00e4 relaxed fit -mitoituksella varustettu ekologinen t-paita koristeltuna Vostok ry:n logopainatuksella. T-paidan hihat ja reunat on viimeistelty tuplatikkauksella.<\/p>\n<p>&nbsp;<\/p>\n<ul>\n<li>Unisex<\/li>\n<li>Mitoitus: Relaxed Fit<\/li>\n<li>Material: 100% organic cotton<\/li>\n<li>Country of origin: Bangladesh<\/li>\n<li>Fabric weight: 155 g\/m2<\/li>\n<li>Certificates: GOTS, Oeko-Tex 100 and PETA Approved Vegan<\/li>\n<li>Set-in sleeves<\/li>\n<li>Product measurements can be found from the last gallery picture.<\/li>\n<\/ul>\n<p>&nbsp;<\/p>\n<p>&nbsp;<\/p>\n<p><a href=\"https:\/\/kauppa.kloffa.fi\/en\/vostok-ry\/\"><strong>BACK TO HOMEPAGE<\/strong><\/a><\/p>","protected":false},"featured_media":204683,"template":"","meta":[],"product_brand":[],"product_cat":[413],"product_tag":[],"class_list":{"0":"post-204652","1":"product","2":"type-product","3":"status-publish","4":"has-post-thumbnail","6":"product_cat-vostok","7":"product_shipping_class-toimitus-9-90","8":"description-off","10":"first","11":"instock","12":"taxable","13":"shipping-taxable","14":"purchasable","15":"product-type-variable"},"_links":{"self":[{"href":"https:\/\/kauppa.kloffa.fi\/en\/wp-json\/wp\/v2\/product\/204652","targetHints":{"allow":["GET"]}}],"collection":[{"href":"https:\/\/kauppa.kloffa.fi\/en\/wp-json\/wp\/v2\/product"}],"about":[{"href":"https:\/\/kauppa.kloffa.fi\/en\/wp-json\/wp\/v2\/types\/product"}],"wp:featuredmedia":[{"embeddable":true,"href":"https:\/\/kauppa.kloffa.fi\/en\/wp-json\/wp\/v2\/media\/204683"}],"wp:attachment":[{"href":"https:\/\/kauppa.kloffa.fi\/en\/wp-json\/wp\/v2\/media?parent=204652"}],"wp:term":[{"taxonomy":"product_brand","embeddable":true,"href":"https:\/\/kauppa.kloffa.fi\/en\/wp-json\/wp\/v2\/product_brand?post=204652"},{"taxonomy":"product_cat","embeddable":true,"href":"https:\/\/kauppa.kloffa.fi\/en\/wp-json\/wp\/v2\/product_cat?post=204652"},{"taxonomy":"product_tag","embeddable":true,"href":"https:\/\/kauppa.kloffa.fi\/en\/wp-json\/wp\/v2\/product_tag?post=204652"}],"curies":[{"name":"wp","href":"https:\/\/api.w.org\/{rel}","templated":true}]}}