{"id":218016,"date":"2026-03-09T14:30:44","date_gmt":"2026-03-09T12:30:44","guid":{"rendered":"https:\/\/kauppa.kloffa.fi\/?post_type=product&#038;p=218016"},"modified":"2026-03-11T18:53:54","modified_gmt":"2026-03-11T16:53:54","slug":"remburssi-huppari-oversize","status":"publish","type":"product","link":"https:\/\/kauppa.kloffa.fi\/en\/product\/remburssi-huppari-oversize\/","title":{"rendered":"Remburssi Huppari (oversize)"},"content":{"rendered":"","protected":false},"excerpt":{"rendered":"<p>Moderni versio perinteisest\u00e4 hupparista \u2013 vastuullinen ja laadukas oversize-huppari. T\u00e4ll\u00e4 pysyt trendien kyydiss\u00e4, jopa edell\u00e4k\u00e4vij\u00e4n\u00e4. Lis\u00e4ksi huppari on ekologisista materiaaleista vastuullisesti valmistettu. Tyylikk\u00e4\u00e4n loppusilauksen viimeistelee brodeerattu Remburssin logo.<\/p>\n<p>&nbsp;<\/p>\n<ul>\n<li>Design: Unisex<\/li>\n<li>Fitting: Oversize<\/li>\n<li>Material: 100% organic cotton<\/li>\n<li>Fabric weight: 350 g\/m2<\/li>\n<li>Certificates: GOTS, Oeko-Tex 100 and PETA Approved Vegan<\/li>\n<li>Set-in sleeves<\/li>\n<li>Product measurements can be found from the last gallery picture.<\/li>\n<\/ul>\n<p>&nbsp;<\/p>\n<p>&nbsp;<\/p>\n<p><a href=\"https:\/\/kauppa.kloffa.fi\/en\/remburssi\/\"><strong>BACK TO HOMEPAGE<\/strong><\/a><\/p>","protected":false},"featured_media":217999,"template":"","meta":[],"product_brand":[],"product_cat":[799],"product_tag":[],"class_list":{"0":"post-218016","1":"product","2":"type-product","3":"status-publish","4":"has-post-thumbnail","6":"product_cat-remburssi","7":"product_shipping_class-toimitus-9-90","8":"description-off","10":"first","11":"instock","12":"taxable","13":"shipping-taxable","14":"purchasable","15":"product-type-variable"},"_links":{"self":[{"href":"https:\/\/kauppa.kloffa.fi\/en\/wp-json\/wp\/v2\/product\/218016","targetHints":{"allow":["GET"]}}],"collection":[{"href":"https:\/\/kauppa.kloffa.fi\/en\/wp-json\/wp\/v2\/product"}],"about":[{"href":"https:\/\/kauppa.kloffa.fi\/en\/wp-json\/wp\/v2\/types\/product"}],"wp:featuredmedia":[{"embeddable":true,"href":"https:\/\/kauppa.kloffa.fi\/en\/wp-json\/wp\/v2\/media\/217999"}],"wp:attachment":[{"href":"https:\/\/kauppa.kloffa.fi\/en\/wp-json\/wp\/v2\/media?parent=218016"}],"wp:term":[{"taxonomy":"product_brand","embeddable":true,"href":"https:\/\/kauppa.kloffa.fi\/en\/wp-json\/wp\/v2\/product_brand?post=218016"},{"taxonomy":"product_cat","embeddable":true,"href":"https:\/\/kauppa.kloffa.fi\/en\/wp-json\/wp\/v2\/product_cat?post=218016"},{"taxonomy":"product_tag","embeddable":true,"href":"https:\/\/kauppa.kloffa.fi\/en\/wp-json\/wp\/v2\/product_tag?post=218016"}],"curies":[{"name":"wp","href":"https:\/\/api.w.org\/{rel}","templated":true}]}}