{"id":218031,"date":"2026-03-09T14:32:11","date_gmt":"2026-03-09T12:32:11","guid":{"rendered":"https:\/\/kauppa.kloffa.fi\/?post_type=product&#038;p=218031"},"modified":"2026-03-11T18:52:31","modified_gmt":"2026-03-11T16:52:31","slug":"remburssi-huppari","status":"publish","type":"product","link":"https:\/\/kauppa.kloffa.fi\/en\/product\/remburssi-huppari\/","title":{"rendered":"Remburssi Huppari"},"content":{"rendered":"","protected":false},"excerpt":{"rendered":"<p>T\u00e4ss\u00e4 unisex-hupparissa yhdistyv\u00e4t sek\u00e4 ekologisuus ett\u00e4 mukavuus. Hupparin tyylikkyyden takaa Remburssin brodeerattu logo hupparin rinnassa.<\/p>\n<p>&nbsp;<\/p>\n<ul>\n<li>Design: Unisex<\/li>\n<li>Fitting: Medium fit<\/li>\n<li>Material: 85% organic cotton and 15% recycled polyester<\/li>\n<li>Fabric weight: 280 g\/m2<\/li>\n<li>Certificates: GOTS, Oeko-Tex 100 and PETA Approved Vegan<\/li>\n<li>Set-in sleeves<\/li>\n<li>Product measurements can be found from the last gallery picture.<\/li>\n<\/ul>\n<p>&nbsp;<\/p>\n<p>&nbsp;<\/p>\n<p><a href=\"https:\/\/kauppa.kloffa.fi\/en\/remburssi\/\"><strong>BACK TO HOMEPAGE<\/strong><\/a><\/p>","protected":false},"featured_media":217997,"template":"","meta":[],"product_brand":[],"product_cat":[799],"product_tag":[],"class_list":{"0":"post-218031","1":"product","2":"type-product","3":"status-publish","4":"has-post-thumbnail","6":"product_cat-remburssi","7":"product_shipping_class-toimitus-9-90","8":"description-off","10":"first","11":"instock","12":"taxable","13":"shipping-taxable","14":"purchasable","15":"product-type-variable"},"_links":{"self":[{"href":"https:\/\/kauppa.kloffa.fi\/en\/wp-json\/wp\/v2\/product\/218031","targetHints":{"allow":["GET"]}}],"collection":[{"href":"https:\/\/kauppa.kloffa.fi\/en\/wp-json\/wp\/v2\/product"}],"about":[{"href":"https:\/\/kauppa.kloffa.fi\/en\/wp-json\/wp\/v2\/types\/product"}],"wp:featuredmedia":[{"embeddable":true,"href":"https:\/\/kauppa.kloffa.fi\/en\/wp-json\/wp\/v2\/media\/217997"}],"wp:attachment":[{"href":"https:\/\/kauppa.kloffa.fi\/en\/wp-json\/wp\/v2\/media?parent=218031"}],"wp:term":[{"taxonomy":"product_brand","embeddable":true,"href":"https:\/\/kauppa.kloffa.fi\/en\/wp-json\/wp\/v2\/product_brand?post=218031"},{"taxonomy":"product_cat","embeddable":true,"href":"https:\/\/kauppa.kloffa.fi\/en\/wp-json\/wp\/v2\/product_cat?post=218031"},{"taxonomy":"product_tag","embeddable":true,"href":"https:\/\/kauppa.kloffa.fi\/en\/wp-json\/wp\/v2\/product_tag?post=218031"}],"curies":[{"name":"wp","href":"https:\/\/api.w.org\/{rel}","templated":true}]}}