{"id":218046,"date":"2026-03-09T14:34:28","date_gmt":"2026-03-09T12:34:28","guid":{"rendered":"https:\/\/kauppa.kloffa.fi\/?post_type=product&#038;p=218046"},"modified":"2026-03-11T18:49:03","modified_gmt":"2026-03-11T16:49:03","slug":"remburssi-kangaskassi-100-recycled","status":"publish","type":"product","link":"https:\/\/kauppa.kloffa.fi\/en\/product\/remburssi-kangaskassi-100-recycled\/","title":{"rendered":"Remburssi Kangaskassi (100% recycled)"},"content":{"rendered":"","protected":false},"excerpt":{"rendered":"<p>Kangaskassi on k\u00e4tev\u00e4 niin kaupassa, koulussa kuin vapaa-ajallakin. T\u00e4ss\u00e4 kangaskassissa on uudenlainen yhden kantokahvan muotoilu ja se on valmistettu vastuullisesti kokonaan kierr\u00e4tysmateriaaleista. Tyylikk\u00e4\u00e4n loppusilauksen viimeistelee Remburssin brodeerattu logo.<\/p>\n<p>&nbsp;<\/p>\n<ul>\n<li>Material: 50% recycled cotton, 47% recycled polyester, 3% other recycled fibers<\/li>\n<li>Fabric weight: 180 g\/m2<\/li>\n<li>Leveys: 39cm<\/li>\n<li>Korkeus: 43cm<\/li>\n<li>Pohjan leveys: 3,2cm<\/li>\n<li>Korkeus kahvan kanssa: 72cm<\/li>\n<li>Pohjalevike<\/li>\n<\/ul>\n<p>&nbsp;<\/p>\n<p>&nbsp;<\/p>\n<p><strong><a href=\"https:\/\/kauppa.kloffa.fi\/en\/remburssi\/\">BACK TO HOMEPAGE<\/a><\/strong><\/p>","protected":false},"featured_media":218000,"template":"","meta":[],"product_brand":[],"product_cat":[799],"product_tag":[],"class_list":{"0":"post-218046","1":"product","2":"type-product","3":"status-publish","4":"has-post-thumbnail","6":"product_cat-remburssi","7":"product_shipping_class-toimitus-9-90","8":"description-off","10":"first","11":"instock","12":"taxable","13":"shipping-taxable","14":"purchasable","15":"product-type-variable"},"_links":{"self":[{"href":"https:\/\/kauppa.kloffa.fi\/en\/wp-json\/wp\/v2\/product\/218046","targetHints":{"allow":["GET"]}}],"collection":[{"href":"https:\/\/kauppa.kloffa.fi\/en\/wp-json\/wp\/v2\/product"}],"about":[{"href":"https:\/\/kauppa.kloffa.fi\/en\/wp-json\/wp\/v2\/types\/product"}],"wp:featuredmedia":[{"embeddable":true,"href":"https:\/\/kauppa.kloffa.fi\/en\/wp-json\/wp\/v2\/media\/218000"}],"wp:attachment":[{"href":"https:\/\/kauppa.kloffa.fi\/en\/wp-json\/wp\/v2\/media?parent=218046"}],"wp:term":[{"taxonomy":"product_brand","embeddable":true,"href":"https:\/\/kauppa.kloffa.fi\/en\/wp-json\/wp\/v2\/product_brand?post=218046"},{"taxonomy":"product_cat","embeddable":true,"href":"https:\/\/kauppa.kloffa.fi\/en\/wp-json\/wp\/v2\/product_cat?post=218046"},{"taxonomy":"product_tag","embeddable":true,"href":"https:\/\/kauppa.kloffa.fi\/en\/wp-json\/wp\/v2\/product_tag?post=218046"}],"curies":[{"name":"wp","href":"https:\/\/api.w.org\/{rel}","templated":true}]}}