{"id":218172,"date":"2026-04-16T15:03:12","date_gmt":"2026-04-16T13:03:12","guid":{"rendered":"https:\/\/kauppa.kloffa.fi\/?post_type=product&#038;p=218172"},"modified":"2026-04-16T15:03:12","modified_gmt":"2026-04-16T13:03:12","slug":"peter-pan-kangaskassi-100-recycled","status":"publish","type":"product","link":"https:\/\/kauppa.kloffa.fi\/en\/product\/peter-pan-kangaskassi-100-recycled\/","title":{"rendered":"Peter Pan kangaskassi (100% recycled)"},"content":{"rendered":"","protected":false},"excerpt":{"rendered":"<p>Perinteinen kangaskassi on k\u00e4tev\u00e4 niin kaupassa, koulussa kuin vapaa-ajallakin. T\u00e4m\u00e4 kangaskassi on valmistettu kokonaan kierr\u00e4tysmateriaaleista ja sit\u00e4 koristaa Vantaan musiikkiopiston Peter Pan -logopainatus.<\/p>\n<p>&nbsp;<\/p>\n<ul>\n<li>Material: 80% recycled cotton &amp; 20% recycled polyester<\/li>\n<li>Width: 37cm<\/li>\n<li>Height: 39cm<\/li>\n<li>Height of the carrying handle: approx. 30cm<\/li>\n<li>Country of origin: Bangladesh<\/li>\n<li>Certificates: GRS (Global Recycled Standard), Oeko-Tex 100, Fair Wear and PETA Approved Vegan<\/li>\n<\/ul>\n<p>&nbsp;<\/p>\n<p>&nbsp;<\/p>\n<p><strong><a href=\"https:\/\/kauppa.kloffa.fi\/en\/vantaan-musiikkiopisto\/\">BACK TO HOMEPAGE<\/a><\/strong><\/p>","protected":false},"featured_media":218126,"template":"","meta":[],"product_brand":[],"product_cat":[855],"product_tag":[],"class_list":{"0":"post-218172","1":"product","2":"type-product","3":"status-publish","4":"has-post-thumbnail","6":"product_cat-vantaan-musiikkiopisto","7":"product_shipping_class-toimitus-9-90","8":"description-off","10":"first","11":"instock","12":"taxable","13":"shipping-taxable","14":"purchasable","15":"product-type-variable"},"_links":{"self":[{"href":"https:\/\/kauppa.kloffa.fi\/en\/wp-json\/wp\/v2\/product\/218172","targetHints":{"allow":["GET"]}}],"collection":[{"href":"https:\/\/kauppa.kloffa.fi\/en\/wp-json\/wp\/v2\/product"}],"about":[{"href":"https:\/\/kauppa.kloffa.fi\/en\/wp-json\/wp\/v2\/types\/product"}],"wp:featuredmedia":[{"embeddable":true,"href":"https:\/\/kauppa.kloffa.fi\/en\/wp-json\/wp\/v2\/media\/218126"}],"wp:attachment":[{"href":"https:\/\/kauppa.kloffa.fi\/en\/wp-json\/wp\/v2\/media?parent=218172"}],"wp:term":[{"taxonomy":"product_brand","embeddable":true,"href":"https:\/\/kauppa.kloffa.fi\/en\/wp-json\/wp\/v2\/product_brand?post=218172"},{"taxonomy":"product_cat","embeddable":true,"href":"https:\/\/kauppa.kloffa.fi\/en\/wp-json\/wp\/v2\/product_cat?post=218172"},{"taxonomy":"product_tag","embeddable":true,"href":"https:\/\/kauppa.kloffa.fi\/en\/wp-json\/wp\/v2\/product_tag?post=218172"}],"curies":[{"name":"wp","href":"https:\/\/api.w.org\/{rel}","templated":true}]}}