{"id":220862,"date":"2026-03-24T15:16:34","date_gmt":"2026-03-24T13:16:34","guid":{"rendered":"https:\/\/kauppa.kloffa.fi\/?post_type=product&#038;p=220862"},"modified":"2026-03-25T09:41:00","modified_gmt":"2026-03-25T07:41:00","slug":"akhilleus-fysioterapia-hupparitakki","status":"publish","type":"product","link":"https:\/\/kauppa.kloffa.fi\/en\/product\/akhilleus-fysioterapia-hupparitakki\/","title":{"rendered":"Akhilleus Fysioterapia Hupparitakki"},"content":{"rendered":"","protected":false},"excerpt":{"rendered":"<p>Laadukkaista urheilutuotteista tunnetun Craft br\u00e4ndin mukava toiminnallinen vetoketjuhuppari, joka on valmistettu pehme\u00e4st\u00e4 ja joustavasta kierr\u00e4tetyst\u00e4 polyesterist\u00e4. Kaksi vetoketjullista sivutaskua. Ergonominen, joustava istuvuus. Tyylik\u00e4s kokonaisuus on viimeistelty Akhilleus Fysioterapian logodesignilla. Etupuolella brodeerattu tekstilogo ja sel\u00e4ss\u00e4 logopainatus.<\/p>\n<p>&nbsp;<\/p>\n<ul>\n<li>Unisex \/ Miehet<\/li>\n<li>Regular fit<\/li>\n<li>Material: 100% recycled polyester<\/li>\n<li>Pehme\u00e4 toiminnallinen kangas<\/li>\n<li>Ergonominen joustava istuvuus<\/li>\n<li>Raglan hihat<\/li>\n<li>Vetoketjulliset sivutaskut<\/li>\n<\/ul>\n<p>&nbsp;<\/p>\n<p>&nbsp;<\/p>\n<p><a href=\"https:\/\/kauppa.kloffa.fi\/en\/akhilleus-fysioterapia\/\"><strong>BACK TO HOMEPAGE<\/strong><\/a><\/p>","protected":false},"featured_media":220848,"template":"","meta":[],"product_brand":[],"product_cat":[876],"product_tag":[],"class_list":{"0":"post-220862","1":"product","2":"type-product","3":"status-publish","4":"has-post-thumbnail","6":"product_cat-akhilleus-fysioterapia","7":"product_shipping_class-toimitus-9-90","8":"description-off","10":"first","11":"instock","12":"taxable","13":"shipping-taxable","14":"purchasable","15":"product-type-variable"},"_links":{"self":[{"href":"https:\/\/kauppa.kloffa.fi\/en\/wp-json\/wp\/v2\/product\/220862","targetHints":{"allow":["GET"]}}],"collection":[{"href":"https:\/\/kauppa.kloffa.fi\/en\/wp-json\/wp\/v2\/product"}],"about":[{"href":"https:\/\/kauppa.kloffa.fi\/en\/wp-json\/wp\/v2\/types\/product"}],"wp:featuredmedia":[{"embeddable":true,"href":"https:\/\/kauppa.kloffa.fi\/en\/wp-json\/wp\/v2\/media\/220848"}],"wp:attachment":[{"href":"https:\/\/kauppa.kloffa.fi\/en\/wp-json\/wp\/v2\/media?parent=220862"}],"wp:term":[{"taxonomy":"product_brand","embeddable":true,"href":"https:\/\/kauppa.kloffa.fi\/en\/wp-json\/wp\/v2\/product_brand?post=220862"},{"taxonomy":"product_cat","embeddable":true,"href":"https:\/\/kauppa.kloffa.fi\/en\/wp-json\/wp\/v2\/product_cat?post=220862"},{"taxonomy":"product_tag","embeddable":true,"href":"https:\/\/kauppa.kloffa.fi\/en\/wp-json\/wp\/v2\/product_tag?post=220862"}],"curies":[{"name":"wp","href":"https:\/\/api.w.org\/{rel}","templated":true}]}}