{"id":222874,"date":"2026-04-01T11:36:39","date_gmt":"2026-04-01T09:36:39","guid":{"rendered":"https:\/\/kauppa.kloffa.fi\/?post_type=product&#038;p=222874"},"modified":"2026-04-02T13:42:49","modified_gmt":"2026-04-02T11:42:49","slug":"sairaanhoitajien-vilutakki-vol-2-0","status":"publish","type":"product","link":"https:\/\/kauppa.kloffa.fi\/en\/product\/sairaanhoitajien-vilutakki-vol-2-0\/","title":{"rendered":"Sairaanhoitajien vilutakki vol 2.0"},"content":{"rendered":"","protected":false},"excerpt":{"rendered":"<p>Tyylik\u00e4s ja monik\u00e4ytt\u00f6inen unisex-fleecetakki, joka sopii erinomaisesti suomalaisiin s\u00e4\u00e4oloihin. Takin hihat ja alaosa on valmistettu Polar-fleece kankaasta ja yl\u00e4osa puolestaan softshell-kankaasta. Ekologiset materiaalit varmistavat huippulaadukkaan lopputuloksen. Oikeassa hihassa on brodeerattu logo ja vasemmassa rinnassa SAIRAANHOITAJA-brodeeraus sek\u00e4 halutessasi voit lis\u00e4t\u00e4 oman nimikoinnin.<\/p>\n<p>&nbsp;<\/p>\n<ul>\n<li>Design: Unisex<\/li>\n<li>Fitting: Medium fit<\/li>\n<li>Material: 100% recycled polyester\n<ul>\n<li>Brushed polar-fleece fabric<\/li>\n<li>Softshell-kangas<\/li>\n<\/ul>\n<\/li>\n<li>Kangaspaino: 300g\/m2<\/li>\n<li>Certificates: GRS (Global Recycled Standard), Oeko-Tex 100, Fair Wear and PETA Approved Vegan<\/li>\n<li>Softshell-p\u00e4\u00e4llyste rinnan ja yl\u00e4sel\u00e4n kohdalla<\/li>\n<li>Set-in sleeves<\/li>\n<li>Elastic binding at hem<\/li>\n<li>Zipper and zipper pockets<\/li>\n<li>Product measurements can be found from the last gallery picture.<\/li>\n<\/ul>\n<p>&nbsp;<\/p>\n<p>&nbsp;<\/p>\n<p><a href=\"https:\/\/kauppa.kloffa.fi\/en\/akukauppa\/\"><strong>BACK TO HOMEPAGE<\/strong><\/a><\/p>\n<p>&nbsp;<\/p>\n<p>Voit lis\u00e4t\u00e4 takkiin nimikoinnin alla olevaan kentt\u00e4\u00e4n (etunimi ja\/tai sukunimi, voit j\u00e4tt\u00e4\u00e4 halutessasi my\u00f6s kokonaan tyhj\u00e4ksi).<\/p>","protected":false},"featured_media":222898,"template":"","meta":[],"product_brand":[],"product_cat":[829],"product_tag":[],"class_list":{"0":"post-222874","1":"product","2":"type-product","3":"status-publish","4":"has-post-thumbnail","6":"product_cat-akuuttilaakarit","7":"product_shipping_class-toimitus-9-90","8":"description-off","10":"first","11":"instock","12":"taxable","13":"shipping-taxable","14":"purchasable","15":"product-type-variable"},"_links":{"self":[{"href":"https:\/\/kauppa.kloffa.fi\/en\/wp-json\/wp\/v2\/product\/222874","targetHints":{"allow":["GET"]}}],"collection":[{"href":"https:\/\/kauppa.kloffa.fi\/en\/wp-json\/wp\/v2\/product"}],"about":[{"href":"https:\/\/kauppa.kloffa.fi\/en\/wp-json\/wp\/v2\/types\/product"}],"wp:featuredmedia":[{"embeddable":true,"href":"https:\/\/kauppa.kloffa.fi\/en\/wp-json\/wp\/v2\/media\/222898"}],"wp:attachment":[{"href":"https:\/\/kauppa.kloffa.fi\/en\/wp-json\/wp\/v2\/media?parent=222874"}],"wp:term":[{"taxonomy":"product_brand","embeddable":true,"href":"https:\/\/kauppa.kloffa.fi\/en\/wp-json\/wp\/v2\/product_brand?post=222874"},{"taxonomy":"product_cat","embeddable":true,"href":"https:\/\/kauppa.kloffa.fi\/en\/wp-json\/wp\/v2\/product_cat?post=222874"},{"taxonomy":"product_tag","embeddable":true,"href":"https:\/\/kauppa.kloffa.fi\/en\/wp-json\/wp\/v2\/product_tag?post=222874"}],"curies":[{"name":"wp","href":"https:\/\/api.w.org\/{rel}","templated":true}]}}