{"id":222905,"date":"2026-04-01T13:34:16","date_gmt":"2026-04-01T11:34:16","guid":{"rendered":"https:\/\/kauppa.kloffa.fi\/?post_type=product&#038;p=222905"},"modified":"2026-04-17T16:26:07","modified_gmt":"2026-04-17T14:26:07","slug":"ilvesveikot-huppari","status":"publish","type":"product","link":"https:\/\/kauppa.kloffa.fi\/en\/product\/ilvesveikot-huppari\/","title":{"rendered":"Ilvesveikot Huppari"},"content":{"rendered":"","protected":false},"excerpt":{"rendered":"<p>T\u00e4ss\u00e4 luomupuuvillasta ja kierr\u00e4tetyst\u00e4 polyesterist\u00e4 valmistetussa hupparissa yhdistyv\u00e4t sek\u00e4 ekologisuus ett\u00e4 mukavuus. Hupparin tyylikkyyden takaa Ilvesveikkojen logo brodeerattuna paidan rinnassa ja sel\u00e4ss\u00e4.<\/p>\n<p>&nbsp;<\/p>\n<ul>\n<li>Unisex<\/li>\n<li>Fitting: Medium fit<\/li>\n<li>Material: 85% organic cotton and 15% recycled polyester<\/li>\n<li>Fabric weight: 280 g\/m2<\/li>\n<li>Country of origin: Bangladesh<\/li>\n<li>Certificates: GOTS, Oeko-Tex 100 and PETA Approved Vegan<\/li>\n<li>Set-in sleeves<\/li>\n<li>Elastic sleeve and waist ribbing<\/li>\n<li>Product measurements can be found from the last gallery picture.<\/li>\n<\/ul>\n<p>&nbsp;<\/p>\n<p>&nbsp;<\/p>\n<p><a href=\"https:\/\/kauppa.kloffa.fi\/en\/ilvesveikot\/\"><strong>BACK TO HOMEPAGE<\/strong><\/a><\/p>","protected":false},"featured_media":222927,"template":"","meta":[],"product_brand":[],"product_cat":[885],"product_tag":[],"class_list":{"0":"post-222905","1":"product","2":"type-product","3":"status-publish","4":"has-post-thumbnail","6":"product_cat-ilvesveikot","7":"product_shipping_class-toimitus-9-90","8":"description-off","10":"first","11":"instock","12":"taxable","13":"shipping-taxable","14":"purchasable","15":"product-type-variable"},"_links":{"self":[{"href":"https:\/\/kauppa.kloffa.fi\/en\/wp-json\/wp\/v2\/product\/222905","targetHints":{"allow":["GET"]}}],"collection":[{"href":"https:\/\/kauppa.kloffa.fi\/en\/wp-json\/wp\/v2\/product"}],"about":[{"href":"https:\/\/kauppa.kloffa.fi\/en\/wp-json\/wp\/v2\/types\/product"}],"wp:featuredmedia":[{"embeddable":true,"href":"https:\/\/kauppa.kloffa.fi\/en\/wp-json\/wp\/v2\/media\/222927"}],"wp:attachment":[{"href":"https:\/\/kauppa.kloffa.fi\/en\/wp-json\/wp\/v2\/media?parent=222905"}],"wp:term":[{"taxonomy":"product_brand","embeddable":true,"href":"https:\/\/kauppa.kloffa.fi\/en\/wp-json\/wp\/v2\/product_brand?post=222905"},{"taxonomy":"product_cat","embeddable":true,"href":"https:\/\/kauppa.kloffa.fi\/en\/wp-json\/wp\/v2\/product_cat?post=222905"},{"taxonomy":"product_tag","embeddable":true,"href":"https:\/\/kauppa.kloffa.fi\/en\/wp-json\/wp\/v2\/product_tag?post=222905"}],"curies":[{"name":"wp","href":"https:\/\/api.w.org\/{rel}","templated":true}]}}