{"id":223246,"date":"2026-04-09T09:43:46","date_gmt":"2026-04-09T07:43:46","guid":{"rendered":"https:\/\/kauppa.kloffa.fi\/?post_type=product&#038;p=223246"},"modified":"2026-04-09T10:01:50","modified_gmt":"2026-04-09T08:01:50","slug":"cluster-hallituscollege-quarter-zip-oversize","status":"publish","type":"product","link":"https:\/\/kauppa.kloffa.fi\/en\/product\/cluster-hallituscollege-quarter-zip-oversize\/","title":{"rendered":"Cluster Hallituscollege Quarter Zip (oversize)"},"content":{"rendered":"","protected":false},"excerpt":{"rendered":"<p>Moderni versio quarter zip -collegepaidasta, oversize mitoitettu klassikko. Sopii niin arkisiin tilanteisiin kuin hieman virallisempaankin lookkiin. College on valmistettu vastuullisesti 100% luomupuuvillasta ja on tuntumaltaan j\u00e4m\u00e4kk\u00e4\u00e4 400g\/m2 dry freel -kangasta. Cluster ry:n hallituscollegessa on logobrodeeraukset etu- ja selk\u00e4puolella. Lis\u00e4ksi etupuolelle tulee brodeerattu nimikointi sek\u00e4 hallituspesti. Kirjoita nimi ja pesti niille varattuihin kenttiin.<\/p>\n<p>&nbsp;<\/p>\n<ul>\n<li>Unisex<\/li>\n<li>Fitting: Oversize<\/li>\n<li>Material: 100% organic cotton<\/li>\n<li>Fabrick weight: 400 g\/m2<\/li>\n<li>Country of origin: Bangladesh<\/li>\n<li>Certificates: GOTS, Oeko-Tex 100 and PETA Approved Vegan<\/li>\n<li>Set-in sleeves<\/li>\n<li>Dropped shoulders<\/li>\n<li>Product measurements can be found from the last gallery picture.<\/li>\n<\/ul>\n<p>&nbsp;<\/p>\n<p>&nbsp;<\/p>\n<p><a href=\"https:\/\/kauppa.kloffa.fi\/en\/cluster-ry-hallitus\/\"><strong>BACK TO HOMEPAGE<\/strong><\/a><\/p>\n<p>&nbsp;<\/p>\n<p>HUOM! Kirjoita haluamasi nimikoinnit huolellisesti, sill\u00e4 kaikki paidat valmistetaan juuri kyseisen kirjoitusasun mukaisesti.<\/p>","protected":false},"featured_media":223184,"template":"","meta":[],"product_brand":[],"product_cat":[696],"product_tag":[],"class_list":{"0":"post-223246","1":"product","2":"type-product","3":"status-publish","4":"has-post-thumbnail","6":"product_cat-cluster-hallitus","7":"product_shipping_class-toimitus-9-90","8":"description-off","10":"first","11":"instock","12":"taxable","13":"shipping-taxable","14":"purchasable","15":"product-type-variable"},"_links":{"self":[{"href":"https:\/\/kauppa.kloffa.fi\/en\/wp-json\/wp\/v2\/product\/223246","targetHints":{"allow":["GET"]}}],"collection":[{"href":"https:\/\/kauppa.kloffa.fi\/en\/wp-json\/wp\/v2\/product"}],"about":[{"href":"https:\/\/kauppa.kloffa.fi\/en\/wp-json\/wp\/v2\/types\/product"}],"wp:featuredmedia":[{"embeddable":true,"href":"https:\/\/kauppa.kloffa.fi\/en\/wp-json\/wp\/v2\/media\/223184"}],"wp:attachment":[{"href":"https:\/\/kauppa.kloffa.fi\/en\/wp-json\/wp\/v2\/media?parent=223246"}],"wp:term":[{"taxonomy":"product_brand","embeddable":true,"href":"https:\/\/kauppa.kloffa.fi\/en\/wp-json\/wp\/v2\/product_brand?post=223246"},{"taxonomy":"product_cat","embeddable":true,"href":"https:\/\/kauppa.kloffa.fi\/en\/wp-json\/wp\/v2\/product_cat?post=223246"},{"taxonomy":"product_tag","embeddable":true,"href":"https:\/\/kauppa.kloffa.fi\/en\/wp-json\/wp\/v2\/product_tag?post=223246"}],"curies":[{"name":"wp","href":"https:\/\/api.w.org\/{rel}","templated":true}]}}