{"id":225634,"date":"2026-05-12T13:35:32","date_gmt":"2026-05-12T11:35:32","guid":{"rendered":"https:\/\/kauppa.kloffa.fi\/?post_type=product&#038;p=225634"},"modified":"2026-05-12T13:38:07","modified_gmt":"2026-05-12T11:38:07","slug":"hevi-26-huppari","status":"publish","type":"product","link":"https:\/\/kauppa.kloffa.fi\/en\/product\/hevi-26-huppari\/","title":{"rendered":"HeVi &#8217;26 Huppari"},"content":{"rendered":"","protected":false},"excerpt":{"rendered":"<p>T\u00e4ss\u00e4 luomupuuvillasta valmistetussa hupparissa yhdistyv\u00e4t sek\u00e4 ekologisuus ett\u00e4 mukavuus. Paksu 350g\/m2 kangas ja laadukkaat viimeistelyt. Moderni medium fit mitoitus, jossa hupparin mittoihin on lis\u00e4tty hieman v\u00e4ljyytt\u00e4 mukavan istuvuuden takaamiseksi. Tyylikk\u00e4\u00e4n loppusilauksen viimeistelee HeVi &#8217;26 -logopainatus, joka l\u00f6ytyy paidan rinnasta.<\/p>\n<p>&nbsp;<\/p>\n<ul>\n<li>Unisex<\/li>\n<li>Modern medium fit<\/li>\n<li>Material: 100% organic cotton<\/li>\n<li>Fabric weight: 350 g\/m2<\/li>\n<li>Certificates: GOTS, Oeko-Tex 100 and PETA Approved Vegan<\/li>\n<li>Country of origin: Bangladesh<\/li>\n<li>Set-in sleeves<\/li>\n<li>Elastic sleeve and waist ribbing<\/li>\n<li>Product measurements can be found from the last gallery picture.<\/li>\n<\/ul>\n<p>&nbsp;<\/p>\n<p>&nbsp;<\/p>\n<p><a href=\"https:\/\/kauppa.kloffa.fi\/en\/hedelman-ja-marjanviljelijain-liitto\/\"><strong>BACK TO HOMEPAGE<\/strong><\/a><\/p>","protected":false},"featured_media":225615,"template":"","meta":[],"product_brand":[],"product_cat":[897],"product_tag":[],"class_list":{"0":"post-225634","1":"product","2":"type-product","3":"status-publish","4":"has-post-thumbnail","6":"product_cat-hedelman-ja-marjanviljelijain-liitto","7":"product_shipping_class-toimitus-9-90","8":"description-off","10":"first","11":"instock","12":"taxable","13":"shipping-taxable","14":"purchasable","15":"product-type-variable"},"_links":{"self":[{"href":"https:\/\/kauppa.kloffa.fi\/en\/wp-json\/wp\/v2\/product\/225634","targetHints":{"allow":["GET"]}}],"collection":[{"href":"https:\/\/kauppa.kloffa.fi\/en\/wp-json\/wp\/v2\/product"}],"about":[{"href":"https:\/\/kauppa.kloffa.fi\/en\/wp-json\/wp\/v2\/types\/product"}],"wp:featuredmedia":[{"embeddable":true,"href":"https:\/\/kauppa.kloffa.fi\/en\/wp-json\/wp\/v2\/media\/225615"}],"wp:attachment":[{"href":"https:\/\/kauppa.kloffa.fi\/en\/wp-json\/wp\/v2\/media?parent=225634"}],"wp:term":[{"taxonomy":"product_brand","embeddable":true,"href":"https:\/\/kauppa.kloffa.fi\/en\/wp-json\/wp\/v2\/product_brand?post=225634"},{"taxonomy":"product_cat","embeddable":true,"href":"https:\/\/kauppa.kloffa.fi\/en\/wp-json\/wp\/v2\/product_cat?post=225634"},{"taxonomy":"product_tag","embeddable":true,"href":"https:\/\/kauppa.kloffa.fi\/en\/wp-json\/wp\/v2\/product_tag?post=225634"}],"curies":[{"name":"wp","href":"https:\/\/api.w.org\/{rel}","templated":true}]}}