{"id":71658,"date":"2025-08-15T10:49:27","date_gmt":"2025-08-15T08:49:27","guid":{"rendered":"https:\/\/kauppa.kloffa.fi\/?post_type=product&#038;p=71658"},"modified":"2025-08-15T10:49:38","modified_gmt":"2025-08-15T08:49:38","slug":"maaperatieteet-vetoketjuhuppari-premium","status":"publish","type":"product","link":"https:\/\/kauppa.kloffa.fi\/en\/product\/maaperatieteet-vetoketjuhuppari-premium\/","title":{"rendered":"Maaper\u00e4tieteet Vetoketjuhuppari (Premium)"},"content":{"rendered":"","protected":false},"excerpt":{"rendered":"<p>Ekologisesti ja kest\u00e4v\u00e4sti valmistettu vetoketjuhuppari. Todellisen premium-laadun takaa paksu 350 G\/M\u00b2 -kangas. Vasemmassa rinnasta l\u00f6ytyy lis\u00e4ksi Suomen Maaper\u00e4tieteiden Seura ry:n logo.<\/p>\n<p>&nbsp;<\/p>\n<ul>\n<li>Material: 85% organic cotton &amp; 15% recycled polyester<\/li>\n<li>Weight: 350 g\/m2<\/li>\n<li>Metalliviimeistelyt hupparin ny\u00f6reiss\u00e4<\/li>\n<li>Country of manufacture: Bangladesh<\/li>\n<li>Sertifikaatit: GOTS, Oeko Tex -100 ja PETA Approved Vegan<\/li>\n<li>V\u00e4rit: Vihre\u00e4 (Glazed Green)<\/li>\n<li>Set-In sleeves<\/li>\n<\/ul>\n<p>&nbsp;<\/p>\n<p><a href=\"https:\/\/kauppa.kloffa.fi\/en\/suomen-maaperatieteiden-seura\/\"><strong>BACK TO HOMEPAGE<\/strong><\/a><\/p>","protected":false},"featured_media":71736,"template":"","meta":[],"product_brand":[],"product_cat":[299],"product_tag":[],"class_list":{"0":"post-71658","1":"product","2":"type-product","3":"status-publish","4":"has-post-thumbnail","6":"product_cat-suomen-maaperatieteiden-seura","7":"product_shipping_class-toimitus-9-90","8":"description-off","10":"first","11":"outofstock","12":"taxable","13":"shipping-taxable","14":"purchasable","15":"product-type-variable"},"_links":{"self":[{"href":"https:\/\/kauppa.kloffa.fi\/en\/wp-json\/wp\/v2\/product\/71658","targetHints":{"allow":["GET"]}}],"collection":[{"href":"https:\/\/kauppa.kloffa.fi\/en\/wp-json\/wp\/v2\/product"}],"about":[{"href":"https:\/\/kauppa.kloffa.fi\/en\/wp-json\/wp\/v2\/types\/product"}],"wp:featuredmedia":[{"embeddable":true,"href":"https:\/\/kauppa.kloffa.fi\/en\/wp-json\/wp\/v2\/media\/71736"}],"wp:attachment":[{"href":"https:\/\/kauppa.kloffa.fi\/en\/wp-json\/wp\/v2\/media?parent=71658"}],"wp:term":[{"taxonomy":"product_brand","embeddable":true,"href":"https:\/\/kauppa.kloffa.fi\/en\/wp-json\/wp\/v2\/product_brand?post=71658"},{"taxonomy":"product_cat","embeddable":true,"href":"https:\/\/kauppa.kloffa.fi\/en\/wp-json\/wp\/v2\/product_cat?post=71658"},{"taxonomy":"product_tag","embeddable":true,"href":"https:\/\/kauppa.kloffa.fi\/en\/wp-json\/wp\/v2\/product_tag?post=71658"}],"curies":[{"name":"wp","href":"https:\/\/api.w.org\/{rel}","templated":true}]}}