{"id":83880,"date":"2024-10-17T13:02:08","date_gmt":"2024-10-17T11:02:08","guid":{"rendered":"https:\/\/kauppa.kloffa.fi\/?post_type=product&#038;p=83880"},"modified":"2026-03-26T12:56:30","modified_gmt":"2026-03-26T10:56:30","slug":"tlk-college-pikku-logo","status":"publish","type":"product","link":"https:\/\/kauppa.kloffa.fi\/en\/product\/tlk-college-pikku-logo\/","title":{"rendered":"TLK College &#8211; Pikku logo"},"content":{"rendered":"","protected":false},"excerpt":{"rendered":"<p>Collegepaita on vaatekaapin ajaton klassikko. T\u00e4ss\u00e4 Stanley\/Stellan unisex-mallissa yhdistyv\u00e4t sek\u00e4 ekologisuus ett\u00e4 laadukkuus. Tyylikk\u00e4\u00e4n loppusilauksen varmistaa brodeerattu TLK-logo collegen vasemmassa rinnassa. Tuotteen v\u00e4rin lis\u00e4ksi voi valita my\u00f6s logon v\u00e4rin.<\/p>\n<p>&nbsp;<\/p>\n<ul>\n<li>Unisex<\/li>\n<li>Fitting: Medium fit<\/li>\n<li>Material: 100% organic cotton<\/li>\n<li>Fabric weight: 350g\/m2<\/li>\n<li>Country of origin: Bangladesh<\/li>\n<li>Certificates: GOTS, Oeko-Tex 100 and PETA Approved Vegan<\/li>\n<li>Set-in sleeves<\/li>\n<li>Product measurements can be found from the last gallery picture.<\/li>\n<\/ul>\n<p>&nbsp;<\/p>\n<p>&nbsp;<\/p>\n<p><a href=\"https:\/\/kauppa.kloffa.fi\/en\/tampereen-laaketieteen-kandidaattiseura\/\"><strong>BACK TO HOMEPAGE<\/strong><\/a><\/p>","protected":false},"featured_media":83583,"template":"","meta":[],"product_brand":[],"product_cat":[395,396],"product_tag":[],"class_list":{"0":"post-83880","1":"product","2":"type-product","3":"status-publish","4":"has-post-thumbnail","6":"product_cat-tlk","7":"product_cat-tlk-colleget","8":"product_shipping_class-toimitus-9-90","9":"description-off","11":"first","12":"instock","13":"taxable","14":"shipping-taxable","15":"purchasable","16":"product-type-variable"},"_links":{"self":[{"href":"https:\/\/kauppa.kloffa.fi\/en\/wp-json\/wp\/v2\/product\/83880","targetHints":{"allow":["GET"]}}],"collection":[{"href":"https:\/\/kauppa.kloffa.fi\/en\/wp-json\/wp\/v2\/product"}],"about":[{"href":"https:\/\/kauppa.kloffa.fi\/en\/wp-json\/wp\/v2\/types\/product"}],"wp:featuredmedia":[{"embeddable":true,"href":"https:\/\/kauppa.kloffa.fi\/en\/wp-json\/wp\/v2\/media\/83583"}],"wp:attachment":[{"href":"https:\/\/kauppa.kloffa.fi\/en\/wp-json\/wp\/v2\/media?parent=83880"}],"wp:term":[{"taxonomy":"product_brand","embeddable":true,"href":"https:\/\/kauppa.kloffa.fi\/en\/wp-json\/wp\/v2\/product_brand?post=83880"},{"taxonomy":"product_cat","embeddable":true,"href":"https:\/\/kauppa.kloffa.fi\/en\/wp-json\/wp\/v2\/product_cat?post=83880"},{"taxonomy":"product_tag","embeddable":true,"href":"https:\/\/kauppa.kloffa.fi\/en\/wp-json\/wp\/v2\/product_tag?post=83880"}],"curies":[{"name":"wp","href":"https:\/\/api.w.org\/{rel}","templated":true}]}}