{"id":87717,"date":"2023-09-01T08:08:26","date_gmt":"2023-09-01T06:08:26","guid":{"rendered":"https:\/\/kauppa.kloffa.fi\/?post_type=product&#038;p=87717"},"modified":"2025-11-04T12:17:23","modified_gmt":"2025-11-04T10:17:23","slug":"vostok-college","status":"publish","type":"product","link":"https:\/\/kauppa.kloffa.fi\/en\/product\/vostok-college\/","title":{"rendered":"Vostok College"},"content":{"rendered":"","protected":false},"excerpt":{"rendered":"<p>Collegepaita on ajaton valinta ja toimii mainiosti useissa asukokonaisuuksissa. T\u00e4ss\u00e4 Stanley\/Stellan unisex-mallissa yhdistyv\u00e4t sek\u00e4 ekologisuus ett\u00e4 laadukkuus. Tyylikk\u00e4\u00e4n loppusilauksen varmistaa Vostok ry:n brodeeraus collegen rinnassa.<\/p>\n<p>&nbsp;<\/p>\n<ul>\n<li>Unisex<\/li>\n<li>Fitting: Medium fit<\/li>\n<li>Material: 85% organic cotton &amp; 15% recycled polyester<\/li>\n<li>Fabric weight: 280g\/m2<\/li>\n<li>Country of origin: Bangladesh<\/li>\n<li>Certificates: GOTS, Oeko-Tex 100 and PETA Approved Vegan<\/li>\n<li>Set-in sleeves<\/li>\n<li>Product measurements can be found from the last gallery picture.<\/li>\n<\/ul>\n<p>&nbsp;<\/p>\n<p>&nbsp;<\/p>\n<p><a href=\"https:\/\/kauppa.kloffa.fi\/en\/vostok-ry\/\"><strong>BACK TO HOMEPAGE<\/strong><\/a><\/p>","protected":false},"featured_media":204364,"template":"","meta":[],"product_brand":[],"product_cat":[413],"product_tag":[],"class_list":{"0":"post-87717","1":"product","2":"type-product","3":"status-publish","4":"has-post-thumbnail","6":"product_cat-vostok","7":"product_shipping_class-toimitus-9-90","8":"description-off","10":"first","11":"instock","12":"taxable","13":"shipping-taxable","14":"purchasable","15":"product-type-variable"},"_links":{"self":[{"href":"https:\/\/kauppa.kloffa.fi\/en\/wp-json\/wp\/v2\/product\/87717","targetHints":{"allow":["GET"]}}],"collection":[{"href":"https:\/\/kauppa.kloffa.fi\/en\/wp-json\/wp\/v2\/product"}],"about":[{"href":"https:\/\/kauppa.kloffa.fi\/en\/wp-json\/wp\/v2\/types\/product"}],"wp:featuredmedia":[{"embeddable":true,"href":"https:\/\/kauppa.kloffa.fi\/en\/wp-json\/wp\/v2\/media\/204364"}],"wp:attachment":[{"href":"https:\/\/kauppa.kloffa.fi\/en\/wp-json\/wp\/v2\/media?parent=87717"}],"wp:term":[{"taxonomy":"product_brand","embeddable":true,"href":"https:\/\/kauppa.kloffa.fi\/en\/wp-json\/wp\/v2\/product_brand?post=87717"},{"taxonomy":"product_cat","embeddable":true,"href":"https:\/\/kauppa.kloffa.fi\/en\/wp-json\/wp\/v2\/product_cat?post=87717"},{"taxonomy":"product_tag","embeddable":true,"href":"https:\/\/kauppa.kloffa.fi\/en\/wp-json\/wp\/v2\/product_tag?post=87717"}],"curies":[{"name":"wp","href":"https:\/\/api.w.org\/{rel}","templated":true}]}}