{"id":93241,"date":"2026-03-23T11:18:51","date_gmt":"2026-03-23T09:18:51","guid":{"rendered":"https:\/\/kauppa.kloffa.fi\/?post_type=product&#038;p=93241"},"modified":"2026-03-30T11:45:17","modified_gmt":"2026-03-30T09:45:17","slug":"illinkiertajat-huppari-100-recycled","status":"publish","type":"product","link":"https:\/\/kauppa.kloffa.fi\/en\/product\/illinkiertajat-huppari-100-recycled\/","title":{"rendered":"Illinkiert\u00e4j\u00e4t Huppari (100% recycled)"},"content":{"rendered":"<div class=\"wpb-content-wrapper\"><div class=\"vc_row wpb_row vc_row-fluid\"><div class=\"wpb_column vc_column_container vc_col-sm-12\"><div class=\"vc_column-inner\"><div class=\"wpb_wrapper\">\n\t<div class=\"wpb_text_column wpb_content_element\" >\n\t\t<div class=\"wpb_wrapper\">\n\t\t\t<h3 style=\"text-align: center;\">Dimension table<\/h3>\n\n\t\t<\/div>\n\t<\/div>\n\n\t<div class=\"wpb_text_column wpb_content_element\" >\n\t\t<div class=\"wpb_wrapper\">\n\t\t\t<table width=\"737\">\n<tbody>\n<tr>\n<td width=\"215\"><\/td>\n<td width=\"87\">XS<\/td>\n<td width=\"87\">S<\/td>\n<td width=\"87\">M<\/td>\n<td width=\"87\">L<\/td>\n<td width=\"87\">XL<\/td>\n<td width=\"87\">XXL<\/td>\n<\/tr>\n<tr>\n<td>Chest width<\/td>\n<td>48<\/td>\n<td>53<\/td>\n<td>56<\/td>\n<td>60<\/td>\n<td>62<\/td>\n<td>64<\/td>\n<\/tr>\n<tr>\n<td>Length from collar - to bottom<\/td>\n<td>63<\/td>\n<td>65<\/td>\n<td>69<\/td>\n<td>71<\/td>\n<td>73<\/td>\n<td>76<\/td>\n<\/tr>\n<tr>\n<td>Sleeve length<\/td>\n<td>58<\/td>\n<td>61<\/td>\n<td>64<\/td>\n<td>67<\/td>\n<td>68<\/td>\n<td>69<\/td>\n<\/tr>\n<\/tbody>\n<\/table>\n\n\t\t<\/div>\n\t<\/div>\n\n\t<div class=\"wpb_text_column wpb_content_element\" >\n\t\t<div class=\"wpb_wrapper\">\n\t\t\t<ul>\n<li>Chest width is measured from armpit to armpit<\/li>\n<li>The length is measured from the top of the neckline - to the bottom of the shirt<\/li>\n<li>The length of the sleeve is measured from the shoulder seam - to the end of the sleeve<\/li>\n<\/ul>\n\n\t\t<\/div>\n\t<\/div>\n<\/div><\/div><\/div><\/div>\n<\/div>","protected":false},"excerpt":{"rendered":"<p><span style=\"font-weight: 400;\">Stylish hoodie from Finnish brand 'Klaimet\u00ae. Manufactured 100% from textile and plastic waste,<\/span><span style=\"font-weight: 400;\"> kokonaan EU-alueella. Hupparista l\u00f6ytyy kaksi logoa, toinen etupuolelta vasemmasta rinnasta ja toinen isolla sel\u00e4st\u00e4.<\/span><\/p>\n<p>&nbsp;<\/p>\n<p><b>By choosing one &#039;Klaimet\u00ae hoodie:<\/b><\/p>\n<ul>\n<li>6600 liters of water are saved<\/li>\n<li>Saves 10,100 grams of CO2 emissions<\/li>\n<li>24.7 kWh of energy is saved<\/li>\n<li>17 recycled plastic bottles are utilized<\/li>\n<\/ul>\n<p>&nbsp;<\/p>\n<p><span style=\"font-weight: 400;\">Design: unisex<\/span><span style=\"font-weight: 400;\"><br \/>\n<\/span><span style=\"font-weight: 400;\">Sizes: XS-XXL<\/span><br \/>\n<span style=\"font-weight: 400;\">Brand: 'Klaimet\u00ae<br \/>\n<\/span><span style=\"font-weight: 400;\">Material: 50% recycled cotton, 47% recycled polyester, 3% other recycled fibers<\/span><span style=\"font-weight: 400;\"><br \/>\n<\/span><span style=\"font-weight: 400;\">Country of manufacture: Portugal<\/span><span style=\"font-weight: 400;\"><br \/>\n<\/span><span style=\"font-weight: 400;\">Set-in style sleeves<\/span><span style=\"font-weight: 400;\"><br \/>\n<\/span><span style=\"font-weight: 400;\">Elastic sleeve and waist ribbing<\/span><\/p>\n<p>&nbsp;<\/p>\n<p>&nbsp;<\/p>\n<p><a href=\"https:\/\/kauppa.kloffa.fi\/en\/illinkiertajat\/\"><strong>BACK TO HOMEPAGE<\/strong><\/a><\/p>\n<p>&nbsp;<\/p>","protected":false},"featured_media":93650,"template":"","meta":[],"product_brand":[],"product_cat":[440],"product_tag":[],"class_list":{"0":"post-93241","1":"product","2":"type-product","3":"status-publish","4":"has-post-thumbnail","6":"product_cat-illinkiertajat","7":"product_shipping_class-toimitus-9-90","8":"description-off","10":"first","11":"instock","12":"taxable","13":"shipping-taxable","14":"purchasable","15":"product-type-variable"},"_links":{"self":[{"href":"https:\/\/kauppa.kloffa.fi\/en\/wp-json\/wp\/v2\/product\/93241","targetHints":{"allow":["GET"]}}],"collection":[{"href":"https:\/\/kauppa.kloffa.fi\/en\/wp-json\/wp\/v2\/product"}],"about":[{"href":"https:\/\/kauppa.kloffa.fi\/en\/wp-json\/wp\/v2\/types\/product"}],"wp:featuredmedia":[{"embeddable":true,"href":"https:\/\/kauppa.kloffa.fi\/en\/wp-json\/wp\/v2\/media\/93650"}],"wp:attachment":[{"href":"https:\/\/kauppa.kloffa.fi\/en\/wp-json\/wp\/v2\/media?parent=93241"}],"wp:term":[{"taxonomy":"product_brand","embeddable":true,"href":"https:\/\/kauppa.kloffa.fi\/en\/wp-json\/wp\/v2\/product_brand?post=93241"},{"taxonomy":"product_cat","embeddable":true,"href":"https:\/\/kauppa.kloffa.fi\/en\/wp-json\/wp\/v2\/product_cat?post=93241"},{"taxonomy":"product_tag","embeddable":true,"href":"https:\/\/kauppa.kloffa.fi\/en\/wp-json\/wp\/v2\/product_tag?post=93241"}],"curies":[{"name":"wp","href":"https:\/\/api.w.org\/{rel}","templated":true}]}}