{"id":93385,"date":"2026-03-23T11:18:51","date_gmt":"2026-03-23T09:18:51","guid":{"rendered":"https:\/\/kauppa.kloffa.fi\/?post_type=product&#038;p=93385"},"modified":"2026-03-30T12:01:25","modified_gmt":"2026-03-30T10:01:25","slug":"illinkiertajat-vetoketjuhuppari","status":"publish","type":"product","link":"https:\/\/kauppa.kloffa.fi\/en\/product\/illinkiertajat-vetoketjuhuppari\/","title":{"rendered":"Illinkiert\u00e4j\u00e4t Vetoketjuhuppari"},"content":{"rendered":"","protected":false},"excerpt":{"rendered":"<p>Ekologisesti ja kest\u00e4v\u00e4sti valmistettu vetoketjuhuppari. Hupparissa paksu 350 G\/M\u00b2 -kangas. Lis\u00e4ksi tuotteesta <span style=\"font-weight: 400;\">l\u00f6ytyy kaksi logoa, toinen etupuolelta vasemmasta rinnasta ja toinen isolla sel\u00e4st\u00e4.<\/span><\/p>\n<p>&nbsp;<\/p>\n<ul>\n<li>Unisex<\/li>\n<li>Fitting: Medium fit<\/li>\n<li>Material: 100% organic cotton<\/li>\n<li>Fabric weight: 350g\/m2<\/li>\n<li>Metalliviimeistelyt hupparin ny\u00f6reiss\u00e4<\/li>\n<li>Country of origin: Bangladesh<\/li>\n<li>Sertifikaatit: GOTS, Oeko Tex -100 ja PETA Approved Vegan<\/li>\n<li>Set-In sleeves<\/li>\n<li>Product measurements can be found from the last gallery picture.<\/li>\n<\/ul>\n<p>&nbsp;<\/p>\n<p>&nbsp;<\/p>\n<p><a href=\"https:\/\/kauppa.kloffa.fi\/en\/illinkiertajat\/\"><strong>BACK TO HOMEPAGE<\/strong><\/a><\/p>","protected":false},"featured_media":93646,"template":"","meta":[],"product_brand":[],"product_cat":[440],"product_tag":[],"class_list":{"0":"post-93385","1":"product","2":"type-product","3":"status-publish","4":"has-post-thumbnail","6":"product_cat-illinkiertajat","7":"product_shipping_class-toimitus-9-90","8":"description-off","10":"first","11":"instock","12":"taxable","13":"shipping-taxable","14":"purchasable","15":"product-type-variable"},"_links":{"self":[{"href":"https:\/\/kauppa.kloffa.fi\/en\/wp-json\/wp\/v2\/product\/93385","targetHints":{"allow":["GET"]}}],"collection":[{"href":"https:\/\/kauppa.kloffa.fi\/en\/wp-json\/wp\/v2\/product"}],"about":[{"href":"https:\/\/kauppa.kloffa.fi\/en\/wp-json\/wp\/v2\/types\/product"}],"wp:featuredmedia":[{"embeddable":true,"href":"https:\/\/kauppa.kloffa.fi\/en\/wp-json\/wp\/v2\/media\/93646"}],"wp:attachment":[{"href":"https:\/\/kauppa.kloffa.fi\/en\/wp-json\/wp\/v2\/media?parent=93385"}],"wp:term":[{"taxonomy":"product_brand","embeddable":true,"href":"https:\/\/kauppa.kloffa.fi\/en\/wp-json\/wp\/v2\/product_brand?post=93385"},{"taxonomy":"product_cat","embeddable":true,"href":"https:\/\/kauppa.kloffa.fi\/en\/wp-json\/wp\/v2\/product_cat?post=93385"},{"taxonomy":"product_tag","embeddable":true,"href":"https:\/\/kauppa.kloffa.fi\/en\/wp-json\/wp\/v2\/product_tag?post=93385"}],"curies":[{"name":"wp","href":"https:\/\/api.w.org\/{rel}","templated":true}]}}