{"id":113654,"date":"2024-03-08T14:33:45","date_gmt":"2024-03-08T12:33:45","guid":{"rendered":"https:\/\/kauppa.kloffa.fi\/?page_id=113654"},"modified":"2024-03-08T14:33:45","modified_gmt":"2024-03-08T12:33:45","slug":"fibula-ry","status":"publish","type":"page","link":"https:\/\/kauppa.kloffa.fi\/sv\/fibula-ry\/","title":{"rendered":"Fibula ry"},"content":{"rendered":"<div class=\"wpb-content-wrapper\"><div class=\"vc_row wpb_row vc_row-fluid\"><div class=\"wpb_column vc_column_container vc_col-sm-12\"><div class=\"vc_column-inner\"><div class=\"wpb_wrapper\">\n\t\t\t<!-- START Verkkokauppabanneri REVOLUTION SLIDER 6.7.38 --><p class=\"rs-p-wp-fix\"><\/p>\n\t\t\t<rs-module-wrap id=\"rev_slider_12_1_wrapper\" data-source=\"gallery\" style=\"visibility:hidden;background:transparent;padding:0;margin:0px auto;margin-top:0;margin-bottom:0;\">\n\t\t\t\t<rs-module id=\"rev_slider_12_1\" style=\"\" data-version=\"6.7.38\">\n\t\t\t\t\t<rs-slides style=\"overflow: hidden; position: absolute;\">\n\t\t\t\t\t\t<rs-slide style=\"position: absolute;\" data-key=\"rs-22\" data-title=\"Slide\" data-anim=\"ms:1000;r:0;\" data-in=\"o:0;\" data-out=\"a:false;\">\n\t\t\t\t\t\t\t<img decoding=\"async\" src=\"\/\/kauppa.kloffa.fi\/wp-content\/plugins\/revslider\/sr6\/assets\/assets\/dummy.png\" alt=\"\" width=\"1700\" height=\"858\" class=\"rev-slidebg tp-rs-img rs-lazyload\" data-lazyload=\"\/\/kauppa.kloffa.fi\/wp-content\/uploads\/2020\/08\/kloffainfo.jpg\" data-bg=\"p:center top;\" data-no-retina>\n<!--\n\t\t\t\t\t\t\t--><rs-layer\n\t\t\t\t\t\t\t\tid=\"slider-12-slide-22-layer-0\" \n\t\t\t\t\t\t\t\tdata-type=\"text\"\n\t\t\t\t\t\t\t\tdata-rsp_ch=\"on\"\n\t\t\t\t\t\t\t\tdata-xy=\"x:c;yo:55px,55px,55px,23px;\"\n\t\t\t\t\t\t\t\tdata-text=\"w:normal;s:60,60,60,25;l:65,65,65,28;a:center;\"\n\t\t\t\t\t\t\t\tdata-frame_999=\"o:0;st:w;\"\n\t\t\t\t\t\t\t\tstyle=\"z-index:5;font-family:'Poppins';\"\n\t\t\t\t\t\t\t>Kloffa Clothing t\u00e4ytt\u00e4\u00e4 vaatekaappisi<br \/>\naidolla ekologisuudella \n\t\t\t\t\t\t\t<\/rs-layer><!--\n-->\t\t\t\t\t<\/rs-slide>\n\t\t\t\t\t<\/rs-slides>\n\t\t\t\t<\/rs-module>\n\t\t\t\t<script>\n\t\t\t\t\tsetREVStartSize({c: 'rev_slider_12_1',rl:[1240,1240,1240,480],el:[450,450,450,250],gw:[1240,1240,1240,480],gh:[450,450,450,250],type:'standard',justify:'',layout:'fullwidth',mh:\"0\"});if (window.RS_MODULES!==undefined && window.RS_MODULES.modules!==undefined && window.RS_MODULES.modules[\"revslider121\"]!==undefined) {window.RS_MODULES.modules[\"revslider121\"].once = false;window.revapi12 = undefined;if (window.RS_MODULES.checkMinimal!==undefined) window.RS_MODULES.checkMinimal()}\n\t\t\t\t<\/script>\n\t\t\t<\/rs-module-wrap>\n\t\t\t<!-- END REVOLUTION SLIDER -->\n<\/div><\/div><\/div><\/div><div class=\"vc_row wpb_row vc_row-fluid vc_custom_1605696737057\"><div class=\"wpb_column vc_column_container vc_col-sm-12\"><div class=\"vc_column-inner vc_custom_1604579954038\"><div class=\"wpb_wrapper\"><h2 style=\"color: #000000;text-align: center;font-family:Abril Fatface;font-weight:400;font-style:normal\" class=\"vc_custom_heading vc_do_custom_heading wpb_animate_when_almost_visible wpb_fadeIn fadeIn vc_custom_1632118462201\" >Tervetuloa Fibula ry:n verkkokauppaan!<\/h2><h2 style=\"color: #000000;text-align: center;font-family:Abril Fatface;font-weight:400;font-style:normal\" class=\"vc_custom_heading vc_do_custom_heading wpb_animate_when_almost_visible wpb_fadeIn fadeIn vc_custom_1604908879386\" >T\u00e4lt\u00e4 sivulta l\u00f6yd\u00e4t uniikit ja vastuulliset tuotteet ainej\u00e4rjest\u00f6si logolla.<\/h2><\/div><\/div><\/div><\/div><div class=\"vc_row wpb_row vc_row-fluid\"><div class=\"wpb_column vc_column_container vc_col-sm-12\"><div class=\"vc_column-inner\"><div class=\"wpb_wrapper\"><div class=\"vc_empty_space\"   style=\"height: 50px\"><span class=\"vc_empty_space_inner\"><\/span><\/div><\/div><\/div><\/div><\/div><div class=\"vc_row wpb_row vc_row-fluid\"><div class=\"wpb_column vc_column_container vc_col-sm-12\"><div class=\"vc_column-inner\"><div class=\"wpb_wrapper\">\n\t<div class=\"wpb_text_column wpb_content_element  vc_custom_1695540758982\" >\n\t\t<div class=\"wpb_wrapper\">\n\t\t\t<ol>\n<li>Valitse haluamasi tuotteet, lis\u00e4\u00e4 ne ostoskoriin ja siirry kassalle.<\/li>\n<li>Me hoidamme kaiken muun puolestasi!<\/li>\n<li>Valmiit tuotteet saapuvat koko yhteis\u00f6llenne yhdess\u00e4 er\u00e4ss\u00e4 tai samoihin aikoihin sinua l\u00e4himp\u00e4\u00e4n noutopisteeseen, mik\u00e4li valitset &#8221;noutopistetoimituksen&#8221;.<\/li>\n<\/ol>\n<p>&nbsp;<\/p>\n<p>Toimithan nopeasti, sill\u00e4 verkkokauppa on auki vain rajallisen ajan 11. &#8211; 25.3.2024. Toimitusaika on n. 4-5 viikkoa tilausajan p\u00e4\u00e4ttymisest\u00e4. Tarkemmat tiedot toimituksesta ja jakelusta saat yhteis\u00f6nne vastuuhenkil\u00f6lt\u00e4. Huomioithan, ett\u00e4 kustomoiduilla tuotteilla ei ole vaihto- tai palautusoikeutta, joten t\u00e4yt\u00e4 tilaus huolellisesti. Tuotteet valmistetaan valintojesi mukaan. Tilauksen yhteydess\u00e4 ker\u00e4tt\u00e4vi\u00e4 osoite- ja henkil\u00f6tietoja k\u00e4ytet\u00e4\u00e4n tilausten k\u00e4sittelyss\u00e4.<\/p>\n\n\t\t<\/div>\n\t<\/div>\n<div class=\"woocommerce columns-4 \"><div class=\"wf-container dt-products  woo-hover products loading-effect-fade-in description-on-hover cart-btn-on-img wc-img-hover hide-description wc-grid\" data-padding=\"0px\" data-cur-page=\"1\" data-desktop-columns-num=\"4\" data-v-tablet-columns-num=\"2\" data-h-tablet-columns-num=\"3\" data-phone-columns-num=\"1\">\n\n<article class=\"post visible description-off product type-product post-113645 status-publish first instock product_cat-fibula has-post-thumbnail taxable shipping-taxable purchasable product-type-variable\">\n\n\t<figure class=\"woocom-project\">\n\t<div class=\"woo-buttons-on-img\">\n\n\t\t<a href=\"https:\/\/kauppa.kloffa.fi\/sv\/produkt\/fibula-bucket-hat\/\" class=\"alignnone layzr-bg\"><img loading=\"lazy\" decoding=\"async\" width=\"300\" height=\"300\" src=\"data:image\/svg+xml;charset=utf-8,%3Csvg xmlns%3D&#039;http%3A%2F%2Fwww.w3.org%2F2000%2Fsvg&#039; viewBox%3D&#039;0 0 300 300&#039;%2F%3E\" class=\"attachment-woocommerce_thumbnail size-woocommerce_thumbnail lazy-load preload-me\" alt=\"Fibula Bucket Hat\" data-src=\"https:\/\/kauppa.kloffa.fi\/wp-content\/uploads\/2024\/03\/Fibula-bucket-hat-esim.-khaki-300x300.jpg\" data-srcset=\"https:\/\/kauppa.kloffa.fi\/wp-content\/uploads\/2024\/03\/Fibula-bucket-hat-esim.-khaki-300x300.jpg 300w, https:\/\/kauppa.kloffa.fi\/wp-content\/uploads\/2024\/03\/Fibula-bucket-hat-esim.-khaki-1024x1024.jpg 1024w, https:\/\/kauppa.kloffa.fi\/wp-content\/uploads\/2024\/03\/Fibula-bucket-hat-esim.-khaki-150x150.jpg 150w, https:\/\/kauppa.kloffa.fi\/wp-content\/uploads\/2024\/03\/Fibula-bucket-hat-esim.-khaki-768x768.jpg 768w, https:\/\/kauppa.kloffa.fi\/wp-content\/uploads\/2024\/03\/Fibula-bucket-hat-esim.-khaki-12x12.jpg 12w, https:\/\/kauppa.kloffa.fi\/wp-content\/uploads\/2024\/03\/Fibula-bucket-hat-esim.-khaki-600x600.jpg 600w, https:\/\/kauppa.kloffa.fi\/wp-content\/uploads\/2024\/03\/Fibula-bucket-hat-esim.-khaki-200x200.jpg 200w, https:\/\/kauppa.kloffa.fi\/wp-content\/uploads\/2024\/03\/Fibula-bucket-hat-esim.-khaki.jpg 1414w\" \/><\/a>\n\t<\/div>\n\t<figcaption class=\"woocom-list-content\">\n\n\t\t<div class=\"woocommerce-product-details__short-description\">\n\t<p>T\u00e4t\u00e4 kalastajahattua ei ole tarkoitettu vain kalastukseen. T\u00e4st\u00e4 eteenp\u00e4in se on ykk\u00f6sasusteesi haalaribileiss\u00e4, festareilla, kotona ja koulussa. Miksei jopa nukkuessakin? Tyylikkyyden lis\u00e4ksi se on ekologisesti valmistettu, sill\u00e4 sen valmistuksessa on k\u00e4ytetty 100% kierr\u00e4tysmateriaaleja. Hattu on tyylitelty Fibula ry:n logolla painettuna.<\/p>\n<p>&nbsp;<\/p>\n<ul>\n<li>Koko: one size<\/li>\n<li>Materiaali: 100% kierr\u00e4tetty polyesteri<\/li>\n<li>Ymp\u00e4rysmitta: 58 cm<\/li>\n<\/ul>\n<p>&nbsp;<\/p>\n<p><a href=\"https:\/\/kauppa.kloffa.fi\/fibula-ry\"><strong>TAKAISIN ETUSIVULLE<\/strong><\/a><\/p>\n<\/div>\n\n\t<\/figcaption>\n<\/figure>\n\n<\/article>\n\n\n\n<article class=\"post visible description-off product type-product post-113599 status-publish instock product_cat-fibula has-post-thumbnail taxable shipping-taxable purchasable product-type-variable\">\n\n\t<figure class=\"woocom-project\">\n\t<div class=\"woo-buttons-on-img\">\n\n\t\t<a href=\"https:\/\/kauppa.kloffa.fi\/sv\/produkt\/fibula-huppari\/\" class=\"alignnone layzr-bg\"><img loading=\"lazy\" decoding=\"async\" width=\"300\" height=\"300\" src=\"data:image\/svg+xml;charset=utf-8,%3Csvg xmlns%3D&#039;http%3A%2F%2Fwww.w3.org%2F2000%2Fsvg&#039; viewBox%3D&#039;0 0 300 300&#039;%2F%3E\" class=\"attachment-woocommerce_thumbnail size-woocommerce_thumbnail lazy-load preload-me\" alt=\"Fibula Huppari\" data-src=\"https:\/\/kauppa.kloffa.fi\/wp-content\/uploads\/2024\/03\/Fibula-Cruiser-2.0-desert-dust-etu-300x300.jpg\" data-srcset=\"https:\/\/kauppa.kloffa.fi\/wp-content\/uploads\/2024\/03\/Fibula-Cruiser-2.0-desert-dust-etu-300x300.jpg 300w, https:\/\/kauppa.kloffa.fi\/wp-content\/uploads\/2024\/03\/Fibula-Cruiser-2.0-desert-dust-etu-1024x1024.jpg 1024w, https:\/\/kauppa.kloffa.fi\/wp-content\/uploads\/2024\/03\/Fibula-Cruiser-2.0-desert-dust-etu-150x150.jpg 150w, https:\/\/kauppa.kloffa.fi\/wp-content\/uploads\/2024\/03\/Fibula-Cruiser-2.0-desert-dust-etu-768x768.jpg 768w, https:\/\/kauppa.kloffa.fi\/wp-content\/uploads\/2024\/03\/Fibula-Cruiser-2.0-desert-dust-etu-12x12.jpg 12w, https:\/\/kauppa.kloffa.fi\/wp-content\/uploads\/2024\/03\/Fibula-Cruiser-2.0-desert-dust-etu-600x600.jpg 600w, https:\/\/kauppa.kloffa.fi\/wp-content\/uploads\/2024\/03\/Fibula-Cruiser-2.0-desert-dust-etu-200x200.jpg 200w, https:\/\/kauppa.kloffa.fi\/wp-content\/uploads\/2024\/03\/Fibula-Cruiser-2.0-desert-dust-etu.jpg 1414w\" \/><img loading=\"lazy\" decoding=\"async\" width=\"300\" height=\"300\" src=\"data:image\/svg+xml;charset=utf-8,%3Csvg xmlns%3D&#039;http%3A%2F%2Fwww.w3.org%2F2000%2Fsvg&#039; viewBox%3D&#039;0 0 300 300&#039;%2F%3E\" class=\"show-on-hover back-image lazy-load preload-me\" alt=\"\" data-src=\"https:\/\/kauppa.kloffa.fi\/wp-content\/uploads\/2024\/03\/Fibula-Cruiser-2.0-desert-dust-takaa-300x300.jpg\" data-srcset=\"https:\/\/kauppa.kloffa.fi\/wp-content\/uploads\/2024\/03\/Fibula-Cruiser-2.0-desert-dust-takaa-300x300.jpg 300w, https:\/\/kauppa.kloffa.fi\/wp-content\/uploads\/2024\/03\/Fibula-Cruiser-2.0-desert-dust-takaa-1024x1024.jpg 1024w, https:\/\/kauppa.kloffa.fi\/wp-content\/uploads\/2024\/03\/Fibula-Cruiser-2.0-desert-dust-takaa-150x150.jpg 150w, https:\/\/kauppa.kloffa.fi\/wp-content\/uploads\/2024\/03\/Fibula-Cruiser-2.0-desert-dust-takaa-768x768.jpg 768w, https:\/\/kauppa.kloffa.fi\/wp-content\/uploads\/2024\/03\/Fibula-Cruiser-2.0-desert-dust-takaa-12x12.jpg 12w, https:\/\/kauppa.kloffa.fi\/wp-content\/uploads\/2024\/03\/Fibula-Cruiser-2.0-desert-dust-takaa-600x600.jpg 600w, https:\/\/kauppa.kloffa.fi\/wp-content\/uploads\/2024\/03\/Fibula-Cruiser-2.0-desert-dust-takaa-200x200.jpg 200w, https:\/\/kauppa.kloffa.fi\/wp-content\/uploads\/2024\/03\/Fibula-Cruiser-2.0-desert-dust-takaa.jpg 1414w\" \/><\/a>\n\t<\/div>\n\t<figcaption class=\"woocom-list-content\">\n\n\t\t<div class=\"woocommerce-product-details__short-description\">\n\t<p>T\u00e4ss\u00e4 orgaanisesta puuvillasta ja kierr\u00e4tetyst\u00e4 polyesterist\u00e4 valmistetussa hupparissa yhdistyv\u00e4t sek\u00e4 ekologisuus ett\u00e4 mukavuus. Laadukkaan premium hupparin takuuna toimii paksu 350gsm kangas ja ryhdik\u00e4s huppu tuplakankaalla. Hupparin tyylikkyyden viimeistelee Fibula ry:n logopainatukset hupparin rinnassa ja selk\u00e4puolella.<\/p>\n<p>&nbsp;<\/p>\n<ul>\n<li>Unisex<\/li>\n<li>Mitoitus: Medium fit<\/li>\n<li>Materiaali: 100% orgaaninen puuvilla<\/li>\n<li>Kankaan paksuus: 350 g\/m2<\/li>\n<li>Valmistusmaa: Bangladesh<\/li>\n<li>Sertifikaatit: GOTS, Oeko-Tex 100 ja PETA Approved Vegan<\/li>\n<li>Set-in hihat<\/li>\n<li>Joustavat hiha- ja vy\u00f6t\u00e4r\u00f6resorit<\/li>\n<li>V\u00e4rit: Desert Dust, Green Bay (vaaleampi vihre\u00e4) ja Glazed Green (tumma vihre\u00e4)<\/li>\n<\/ul>\n<p>&nbsp;<\/p>\n<p>&nbsp;<\/p>\n<p><a href=\"https:\/\/kauppa.kloffa.fi\/fibula-ry\"><strong>TAKAISIN ETUSIVULLE<\/strong><\/a><\/p>\n<\/div>\n\n\t<\/figcaption>\n<\/figure>\n\n<\/article>\n\n\n\n<article class=\"post visible description-off product type-product post-113638 status-publish instock product_cat-fibula has-post-thumbnail taxable shipping-taxable purchasable product-type-variable\">\n\n\t<figure class=\"woocom-project\">\n\t<div class=\"woo-buttons-on-img\">\n\n\t\t<a href=\"https:\/\/kauppa.kloffa.fi\/sv\/produkt\/fibula-lippis\/\" class=\"alignnone layzr-bg\"><img loading=\"lazy\" decoding=\"async\" width=\"300\" height=\"300\" src=\"data:image\/svg+xml;charset=utf-8,%3Csvg xmlns%3D&#039;http%3A%2F%2Fwww.w3.org%2F2000%2Fsvg&#039; viewBox%3D&#039;0 0 300 300&#039;%2F%3E\" class=\"attachment-woocommerce_thumbnail size-woocommerce_thumbnail lazy-load preload-me\" alt=\"Fibula Lippis\" data-src=\"https:\/\/kauppa.kloffa.fi\/wp-content\/uploads\/2024\/03\/Fibula-lippis-vihrea-5-panel-painettu-300x300.jpg\" data-srcset=\"https:\/\/kauppa.kloffa.fi\/wp-content\/uploads\/2024\/03\/Fibula-lippis-vihrea-5-panel-painettu-300x300.jpg 300w, https:\/\/kauppa.kloffa.fi\/wp-content\/uploads\/2024\/03\/Fibula-lippis-vihrea-5-panel-painettu-1024x1024.jpg 1024w, https:\/\/kauppa.kloffa.fi\/wp-content\/uploads\/2024\/03\/Fibula-lippis-vihrea-5-panel-painettu-150x150.jpg 150w, https:\/\/kauppa.kloffa.fi\/wp-content\/uploads\/2024\/03\/Fibula-lippis-vihrea-5-panel-painettu-768x768.jpg 768w, https:\/\/kauppa.kloffa.fi\/wp-content\/uploads\/2024\/03\/Fibula-lippis-vihrea-5-panel-painettu-12x12.jpg 12w, https:\/\/kauppa.kloffa.fi\/wp-content\/uploads\/2024\/03\/Fibula-lippis-vihrea-5-panel-painettu-600x600.jpg 600w, https:\/\/kauppa.kloffa.fi\/wp-content\/uploads\/2024\/03\/Fibula-lippis-vihrea-5-panel-painettu-200x200.jpg 200w, https:\/\/kauppa.kloffa.fi\/wp-content\/uploads\/2024\/03\/Fibula-lippis-vihrea-5-panel-painettu.jpg 1414w\" \/><img loading=\"lazy\" decoding=\"async\" width=\"300\" height=\"300\" src=\"data:image\/svg+xml;charset=utf-8,%3Csvg xmlns%3D&#039;http%3A%2F%2Fwww.w3.org%2F2000%2Fsvg&#039; viewBox%3D&#039;0 0 300 300&#039;%2F%3E\" class=\"show-on-hover back-image lazy-load preload-me\" alt=\"\" data-src=\"https:\/\/kauppa.kloffa.fi\/wp-content\/uploads\/2024\/03\/Fibula-lippis-keltainen-5-panel-painettu-300x300.jpg\" data-srcset=\"https:\/\/kauppa.kloffa.fi\/wp-content\/uploads\/2024\/03\/Fibula-lippis-keltainen-5-panel-painettu-300x300.jpg 300w, https:\/\/kauppa.kloffa.fi\/wp-content\/uploads\/2024\/03\/Fibula-lippis-keltainen-5-panel-painettu-1024x1024.jpg 1024w, https:\/\/kauppa.kloffa.fi\/wp-content\/uploads\/2024\/03\/Fibula-lippis-keltainen-5-panel-painettu-150x150.jpg 150w, https:\/\/kauppa.kloffa.fi\/wp-content\/uploads\/2024\/03\/Fibula-lippis-keltainen-5-panel-painettu-768x768.jpg 768w, https:\/\/kauppa.kloffa.fi\/wp-content\/uploads\/2024\/03\/Fibula-lippis-keltainen-5-panel-painettu-12x12.jpg 12w, https:\/\/kauppa.kloffa.fi\/wp-content\/uploads\/2024\/03\/Fibula-lippis-keltainen-5-panel-painettu-600x600.jpg 600w, https:\/\/kauppa.kloffa.fi\/wp-content\/uploads\/2024\/03\/Fibula-lippis-keltainen-5-panel-painettu-200x200.jpg 200w, https:\/\/kauppa.kloffa.fi\/wp-content\/uploads\/2024\/03\/Fibula-lippis-keltainen-5-panel-painettu.jpg 1414w\" \/><\/a>\n\t<\/div>\n\t<figcaption class=\"woocom-list-content\">\n\n\t\t<div class=\"woocommerce-product-details__short-description\">\n\t<p>Kes\u00e4n ekologisin ja n\u00e4ytt\u00e4vin asuste on Fibula Lippis. Kierr\u00e4tetyst\u00e4 puuvillasta sek\u00e4 polyesterista valmistettu ja logo painatuksella! Valmistettu k\u00e4ytt\u00e4en AWARE\u2122-j\u00e4ljitysainetta, jolla varmistetaan kierr\u00e4tetyn materiaalin kiertokulkua.<\/p>\n<p>&nbsp;<\/p>\n<ul>\n<li>Materiaali: 60% kierr\u00e4tetty puuvilla ja 40% kierr\u00e4tetty polyesteri<\/li>\n<li>Materiaalipaino: 280g\/m2<\/li>\n<li>5-paneelinen<\/li>\n<li>Solkikiinnitys<\/li>\n<li>Koko: one size<\/li>\n<\/ul>\n<p>&nbsp;<\/p>\n<p><a href=\"https:\/\/kauppa.kloffa.fi\/fibula-ry\"><strong>TAKAISIN ETUSIVULLE<\/strong><\/a><\/p>\n<\/div>\n\n\t<\/figcaption>\n<\/figure>\n\n<\/article>\n\n<\/div><\/div><\/div><\/div><\/div><\/div>\n<\/div>","protected":false},"excerpt":{"rendered":"<p>Tervetuloa Fibula ry:n verkkokauppaan!T\u00e4lt\u00e4 sivulta l\u00f6yd\u00e4t uniikit ja vastuulliset tuotteet ainej\u00e4rjest\u00f6si logolla. Valitse haluamasi tuotteet, lis\u00e4\u00e4 ne ostoskoriin ja siirry kassalle. Me hoidamme kaiken muun puolestasi! Valmiit tuotteet saapuvat koko yhteis\u00f6llenne yhdess\u00e4 er\u00e4ss\u00e4 tai samoihin aikoihin sinua l\u00e4himp\u00e4\u00e4n noutopisteeseen, mik\u00e4li valitset &#8221;noutopistetoimituksen&#8221;. &nbsp; Toimithan nopeasti, sill\u00e4 verkkokauppa on auki vain rajallisen ajan 11. &#8211; 25.3.2024.&hellip;<\/p>","protected":false},"author":1,"featured_media":0,"parent":0,"menu_order":0,"comment_status":"closed","ping_status":"closed","template":"","meta":{"footnotes":""},"class_list":["post-113654","page","type-page","status-publish","hentry","description-off"],"_links":{"self":[{"href":"https:\/\/kauppa.kloffa.fi\/sv\/wp-json\/wp\/v2\/pages\/113654","targetHints":{"allow":["GET"]}}],"collection":[{"href":"https:\/\/kauppa.kloffa.fi\/sv\/wp-json\/wp\/v2\/pages"}],"about":[{"href":"https:\/\/kauppa.kloffa.fi\/sv\/wp-json\/wp\/v2\/types\/page"}],"author":[{"embeddable":true,"href":"https:\/\/kauppa.kloffa.fi\/sv\/wp-json\/wp\/v2\/users\/1"}],"replies":[{"embeddable":true,"href":"https:\/\/kauppa.kloffa.fi\/sv\/wp-json\/wp\/v2\/comments?post=113654"}],"version-history":[{"count":0,"href":"https:\/\/kauppa.kloffa.fi\/sv\/wp-json\/wp\/v2\/pages\/113654\/revisions"}],"wp:attachment":[{"href":"https:\/\/kauppa.kloffa.fi\/sv\/wp-json\/wp\/v2\/media?parent=113654"}],"curies":[{"name":"wp","href":"https:\/\/api.w.org\/{rel}","templated":true}]}}