{"id":160304,"date":"2025-01-09T10:01:42","date_gmt":"2025-01-09T08:01:42","guid":{"rendered":"https:\/\/kauppa.kloffa.fi\/?page_id=160304"},"modified":"2025-02-03T15:57:33","modified_gmt":"2025-02-03T13:57:33","slug":"pohjois-pohjalainen-osakunta","status":"publish","type":"page","link":"https:\/\/kauppa.kloffa.fi\/sv\/pohjois-pohjalainen-osakunta\/","title":{"rendered":"Pohjois-Pohjalainen Osakunta"},"content":{"rendered":"<div class=\"wpb-content-wrapper\"><div class=\"vc_row wpb_row vc_row-fluid vc_custom_1605696737057\"><div class=\"wpb_column vc_column_container vc_col-sm-12\"><div class=\"vc_column-inner vc_custom_1604579954038\"><div class=\"wpb_wrapper\"><div class=\"vc_empty_space\"   style=\"height: 42px\"><span class=\"vc_empty_space_inner\"><\/span><\/div><h2 style=\"color: #000000;text-align: center;font-family:Open Sans;font-weight:800;font-style:normal\" class=\"vc_custom_heading vc_do_custom_heading wpb_animate_when_almost_visible wpb_fadeIn fadeIn vc_custom_1732180117959\" >POHJOIS-POHJALAISEN OSAKUNNAN MERCH-KAUPPA<\/h2><h2 style=\"color: #000000;text-align: center;font-family:Open Sans;font-weight:600;font-style:normal\" class=\"vc_custom_heading vc_do_custom_heading wpb_animate_when_almost_visible wpb_fadeIn fadeIn vc_custom_1732180129760\" >P\u00e5 denna sida hittar du unika och ansvarsfullt tillverkade produkter med sin logga.<\/h2><\/div><\/div><\/div><\/div><div class=\"vc_row wpb_row vc_row-fluid\"><div class=\"wpb_column vc_column_container vc_col-sm-12\"><div class=\"vc_column-inner\"><div class=\"wpb_wrapper\"><div class=\"vc_empty_space\"   style=\"height: 50px\"><span class=\"vc_empty_space_inner\"><\/span><\/div>\n\t<div  class=\"wpb_single_image wpb_content_element vc_align_center\">\n\t\t\n\t\t<figure class=\"wpb_wrapper vc_figure\">\n\t\t\t<div class=\"vc_single_image-wrapper   vc_box_border_grey\"><img decoding=\"async\" class=\"vc_single_image-img\" src=\"https:\/\/kauppa.kloffa.fi\/wp-content\/uploads\/2025\/01\/PPO-etusivu-2-500x500.jpg\" width=\"500\" height=\"500\" alt=\"\" title=\"\" loading=\"lazy\"  data-dt-location=\"https:\/\/kauppa.kloffa.fi\/sv\/pohjois-pohjalainen-osakunta\/attachment\/ppo-etusivu-2\/\" \/><\/div>\n\t\t<\/figure>\n\t<\/div>\n<div class=\"vc_empty_space\"   style=\"height: 50px\"><span class=\"vc_empty_space_inner\"><\/span><\/div><\/div><\/div><\/div><\/div><div class=\"vc_row wpb_row vc_row-fluid\"><div class=\"wpb_column vc_column_container vc_col-sm-12\"><div class=\"vc_column-inner\"><div class=\"wpb_wrapper\">\n\t<div class=\"wpb_text_column wpb_content_element  vc_custom_1738591051163\" >\n\t\t<div class=\"wpb_wrapper\">\n\t\t\t<ol>\n<li>Lis\u00e4\u00e4 haluamasi tuotteet ostoskoriin ja siirry kassalle. Toimithan nopeasti, sill\u00e4 verkkokauppa on auki vain rajallisen ajan 10.1 \u2013 17.2.2025 asti.<\/li>\n<li>Kassalla voit valita toimitusvaihtoehdoksi joko ilmaisen noudon osakunnan toimistolta tai lis\u00e4maksullisen toimituksen Postin noutopisteeseen ymp\u00e4ri Suomea.<\/li>\n<li>Tuotteiden valmistus aloitetaan tilausajan p\u00e4\u00e4ttymisen j\u00e4lkeen ja niiden toimitusaika on n. 4-5 viikkoa tilausajan p\u00e4\u00e4ttymisest\u00e4. Tilaukseen, tuotteisiin ja toimitukseen liittyviss\u00e4 kysymyksiss\u00e4 voit olla yhteydess\u00e4 info@kloffa.fi.<\/li>\n<\/ol>\n<p>&nbsp;<\/p>\n<p>Huomioithan, ett\u00e4 kustomoiduilla tuotteilla ei ole vaihto- tai palautusoikeutta, joten t\u00e4yt\u00e4 tilaus huolellisesti.<\/p>\n\n\t\t<\/div>\n\t<\/div>\n<div class=\"woocommerce columns-4\"><\/div><\/div><\/div><\/div><\/div>\n<\/div>","protected":false},"excerpt":{"rendered":"<p>POHJOIS-POHJALAISEN OSAKUNNAN MERCH-KAUPPAT\u00e4lt\u00e4 sivulta l\u00f6yd\u00e4t uniikit ja vastuulliset tuotteet yhteis\u00f6si logolla. Lis\u00e4\u00e4 haluamasi tuotteet ostoskoriin ja siirry kassalle. Toimithan nopeasti, sill\u00e4 verkkokauppa on auki vain rajallisen ajan 10.1 \u2013 17.2.2025 asti. Kassalla voit valita toimitusvaihtoehdoksi joko ilmaisen noudon osakunnan toimistolta tai lis\u00e4maksullisen toimituksen Postin noutopisteeseen ymp\u00e4ri Suomea. Tuotteiden valmistus aloitetaan tilausajan p\u00e4\u00e4ttymisen j\u00e4lkeen ja niiden&hellip;<\/p>","protected":false},"author":1,"featured_media":0,"parent":0,"menu_order":0,"comment_status":"closed","ping_status":"closed","template":"","meta":{"footnotes":""},"class_list":["post-160304","page","type-page","status-publish","hentry","description-off"],"_links":{"self":[{"href":"https:\/\/kauppa.kloffa.fi\/sv\/wp-json\/wp\/v2\/pages\/160304","targetHints":{"allow":["GET"]}}],"collection":[{"href":"https:\/\/kauppa.kloffa.fi\/sv\/wp-json\/wp\/v2\/pages"}],"about":[{"href":"https:\/\/kauppa.kloffa.fi\/sv\/wp-json\/wp\/v2\/types\/page"}],"author":[{"embeddable":true,"href":"https:\/\/kauppa.kloffa.fi\/sv\/wp-json\/wp\/v2\/users\/1"}],"replies":[{"embeddable":true,"href":"https:\/\/kauppa.kloffa.fi\/sv\/wp-json\/wp\/v2\/comments?post=160304"}],"version-history":[{"count":0,"href":"https:\/\/kauppa.kloffa.fi\/sv\/wp-json\/wp\/v2\/pages\/160304\/revisions"}],"wp:attachment":[{"href":"https:\/\/kauppa.kloffa.fi\/sv\/wp-json\/wp\/v2\/media?parent=160304"}],"curies":[{"name":"wp","href":"https:\/\/api.w.org\/{rel}","templated":true}]}}