{"id":178996,"date":"2025-05-02T13:34:43","date_gmt":"2025-05-02T11:34:43","guid":{"rendered":"https:\/\/kauppa.kloffa.fi\/?page_id=178996"},"modified":"2025-05-05T16:46:51","modified_gmt":"2025-05-05T14:46:51","slug":"jenni-pusa-merch","status":"publish","type":"page","link":"https:\/\/kauppa.kloffa.fi\/sv\/jenni-pusa-merch\/","title":{"rendered":"Jenni Pusa Merch"},"content":{"rendered":"<div class=\"wpb-content-wrapper\"><div class=\"vc_row wpb_row vc_row-fluid vc_custom_1605696737057\"><div class=\"wpb_column vc_column_container vc_col-sm-12\"><div class=\"vc_column-inner vc_custom_1604579954038\"><div class=\"wpb_wrapper\"><div class=\"vc_empty_space\"   style=\"height: 42px\"><span class=\"vc_empty_space_inner\"><\/span><\/div><h2 style=\"font-size: 42px;color: #000000;text-align: center;font-family:Open Sans;font-weight:800;font-style:normal\" class=\"vc_custom_heading vc_do_custom_heading wpb_animate_when_almost_visible wpb_fadeIn fadeIn vc_custom_1724443984853\" >JENNI PUSA MERCHANDISE<\/h2><h2 style=\"font-size: 30px;color: #000000;text-align: center;font-family:Open Sans;font-weight:600;font-style:normal\" class=\"vc_custom_heading vc_do_custom_heading wpb_animate_when_almost_visible wpb_fadeIn fadeIn vc_custom_1733755817234\" >Ekologiset ja vastuulliset logotuotteet!<\/h2><\/div><\/div><\/div><\/div><div class=\"vc_row wpb_row vc_row-fluid\"><div class=\"wpb_column vc_column_container vc_col-sm-12\"><div class=\"vc_column-inner\"><div class=\"wpb_wrapper\"><div class=\"vc_empty_space\"   style=\"height: 35px\"><span class=\"vc_empty_space_inner\"><\/span><\/div><div class=\"vc_empty_space\"   style=\"height: 35px\"><span class=\"vc_empty_space_inner\"><\/span><\/div><\/div><\/div><\/div><\/div><div class=\"vc_row wpb_row vc_row-fluid\"><div class=\"wpb_column vc_column_container vc_col-sm-12\"><div class=\"vc_column-inner\"><div class=\"wpb_wrapper\">\n\t<div class=\"wpb_text_column wpb_content_element  vc_custom_1746456409530\" >\n\t\t<div class=\"wpb_wrapper\">\n\t\t\t<ol>\n<li>Lis\u00e4\u00e4 haluamasi tuotteet ostoskoriin ja siirry kassalle. Toimithan nopeasti, sill\u00e4 verkkokauppa on auki vain rajallisen ajan 11.5.2025 asti.<\/li>\n<li>Tuotteiden valmistus aloitetaan tilausajan p\u00e4\u00e4ttymisen j\u00e4lkeen ja niiden toimitusaika on n. 2-3 viikkoa tilausajan p\u00e4\u00e4ttymisest\u00e4. Tilaukseen, tuotteisiin ja toimitukseen liittyviss\u00e4 kysymyksiss\u00e4 voit olla yhteydess\u00e4 info@kloffa.fi.<\/li>\n<\/ol>\n\n\t\t<\/div>\n\t<\/div>\n<div class=\"woocommerce columns-4\"><div class=\"wf-container dt-products  woo-hover products loading-effect-fade-in description-on-hover cart-btn-on-img wc-img-hover hide-description wc-grid\" data-padding=\"0px\" data-cur-page=\"1\" data-desktop-columns-num=\"4\" data-v-tablet-columns-num=\"2\" data-h-tablet-columns-num=\"3\" data-phone-columns-num=\"1\">\n\n<article class=\"post visible description-off product type-product post-178925 status-publish first outofstock product_cat-jenni-pusa has-post-thumbnail taxable shipping-taxable purchasable product-type-variable\">\n\n\t<figure class=\"woocom-project\">\n\t<div class=\"woo-buttons-on-img\">\n\n\t\t<a href=\"https:\/\/kauppa.kloffa.fi\/sv\/produkt\/alkonost-t-paita\/\" class=\"alignnone layzr-bg\"><img loading=\"lazy\" decoding=\"async\" width=\"300\" height=\"300\" src=\"data:image\/svg+xml;charset=utf-8,%3Csvg xmlns%3D&#039;http%3A%2F%2Fwww.w3.org%2F2000%2Fsvg&#039; viewBox%3D&#039;0 0 300 300&#039;%2F%3E\" class=\"attachment-woocommerce_thumbnail size-woocommerce_thumbnail lazy-load preload-me\" alt=\"Alkonost T-Paita\" data-src=\"https:\/\/kauppa.kloffa.fi\/wp-content\/uploads\/2025\/05\/Alkonost-t-paita_creator-2.0-musta-300x300.jpg\" data-srcset=\"https:\/\/kauppa.kloffa.fi\/wp-content\/uploads\/2025\/05\/Alkonost-t-paita_creator-2.0-musta-300x300.jpg 300w, https:\/\/kauppa.kloffa.fi\/wp-content\/uploads\/2025\/05\/Alkonost-t-paita_creator-2.0-musta-1024x1024.jpg 1024w, https:\/\/kauppa.kloffa.fi\/wp-content\/uploads\/2025\/05\/Alkonost-t-paita_creator-2.0-musta-150x150.jpg 150w, https:\/\/kauppa.kloffa.fi\/wp-content\/uploads\/2025\/05\/Alkonost-t-paita_creator-2.0-musta-768x768.jpg 768w, https:\/\/kauppa.kloffa.fi\/wp-content\/uploads\/2025\/05\/Alkonost-t-paita_creator-2.0-musta-1536x1536.jpg 1536w, https:\/\/kauppa.kloffa.fi\/wp-content\/uploads\/2025\/05\/Alkonost-t-paita_creator-2.0-musta-12x12.jpg 12w, https:\/\/kauppa.kloffa.fi\/wp-content\/uploads\/2025\/05\/Alkonost-t-paita_creator-2.0-musta-600x600.jpg 600w, https:\/\/kauppa.kloffa.fi\/wp-content\/uploads\/2025\/05\/Alkonost-t-paita_creator-2.0-musta-200x200.jpg 200w, https:\/\/kauppa.kloffa.fi\/wp-content\/uploads\/2025\/05\/Alkonost-t-paita_creator-2.0-musta.jpg 1600w\" \/><img loading=\"lazy\" decoding=\"async\" width=\"300\" height=\"300\" src=\"data:image\/svg+xml;charset=utf-8,%3Csvg xmlns%3D&#039;http%3A%2F%2Fwww.w3.org%2F2000%2Fsvg&#039; viewBox%3D&#039;0 0 300 300&#039;%2F%3E\" class=\"show-on-hover back-image lazy-load preload-me\" alt=\"\" data-src=\"https:\/\/kauppa.kloffa.fi\/wp-content\/uploads\/2025\/05\/Alkonost-t-paita_creator-2.0-navy-300x300.jpg\" data-srcset=\"https:\/\/kauppa.kloffa.fi\/wp-content\/uploads\/2025\/05\/Alkonost-t-paita_creator-2.0-navy-300x300.jpg 300w, https:\/\/kauppa.kloffa.fi\/wp-content\/uploads\/2025\/05\/Alkonost-t-paita_creator-2.0-navy-1024x1024.jpg 1024w, https:\/\/kauppa.kloffa.fi\/wp-content\/uploads\/2025\/05\/Alkonost-t-paita_creator-2.0-navy-150x150.jpg 150w, https:\/\/kauppa.kloffa.fi\/wp-content\/uploads\/2025\/05\/Alkonost-t-paita_creator-2.0-navy-768x768.jpg 768w, https:\/\/kauppa.kloffa.fi\/wp-content\/uploads\/2025\/05\/Alkonost-t-paita_creator-2.0-navy-1536x1536.jpg 1536w, https:\/\/kauppa.kloffa.fi\/wp-content\/uploads\/2025\/05\/Alkonost-t-paita_creator-2.0-navy-12x12.jpg 12w, https:\/\/kauppa.kloffa.fi\/wp-content\/uploads\/2025\/05\/Alkonost-t-paita_creator-2.0-navy-600x600.jpg 600w, https:\/\/kauppa.kloffa.fi\/wp-content\/uploads\/2025\/05\/Alkonost-t-paita_creator-2.0-navy-200x200.jpg 200w, https:\/\/kauppa.kloffa.fi\/wp-content\/uploads\/2025\/05\/Alkonost-t-paita_creator-2.0-navy.jpg 1600w\" \/><\/a><span class=\"out-stock-label\">Out of stock<\/span>\n\t<\/div>\n\t<figcaption class=\"woocom-list-content\">\n\n\t\t<div class=\"woocommerce-product-details__short-description\">\n\t<p>Orgaanisesta puuvillasta valmistettu ekologinen t-paita, joka on lis\u00e4ksi tyylitelty Jenni Pusan Alkonost-designilla. Painatus l\u00f6ytyy paidan rinnasta. T-paidan hihat ja reunat on viimeistelty tuplatikkauksella.<\/p>\n<p>&nbsp;<\/p>\n<ul>\n<li>Unisex<\/li>\n<li>Mitoitus: Medium Fit<\/li>\n<li>Materiaali: 100% orgaaninen puuvilla<\/li>\n<li>Alkuper\u00e4maa: Bangladesh<\/li>\n<li>Kangaspaino: 180 g\/m2<\/li>\n<li>Sertifikaatit: GOTS, Oeko-Tex 100 ja PETA Approved Vegan<\/li>\n<li>Set-in \u00e4rmar<\/li>\n<li>Tuotemitat l\u00f6ytyv\u00e4t gallerian viimeisest\u00e4 kuvasta<\/li>\n<\/ul>\n<p>&nbsp;<\/p>\n<p>&nbsp;<\/p>\n<p><a href=\"https:\/\/kauppa.kloffa.fi\/sv\/jenni-pusa-merch\/\"><strong>TILLBAKA TILL HEMMSIDAN<\/strong><\/a><\/p>\n<\/div>\n\n\t<\/figcaption>\n<\/figure>\n\n<\/article>\n\n\n\n<article class=\"post visible description-off product type-product post-178823 status-publish outofstock product_cat-jenni-pusa has-post-thumbnail taxable shipping-taxable purchasable product-type-variable\">\n\n\t<figure class=\"woocom-project\">\n\t<div class=\"woo-buttons-on-img\">\n\n\t\t<a href=\"https:\/\/kauppa.kloffa.fi\/sv\/produkt\/patronus-huppari-100-recycled\/\" class=\"alignnone layzr-bg\"><img loading=\"lazy\" decoding=\"async\" width=\"300\" height=\"300\" src=\"data:image\/svg+xml;charset=utf-8,%3Csvg xmlns%3D&#039;http%3A%2F%2Fwww.w3.org%2F2000%2Fsvg&#039; viewBox%3D&#039;0 0 300 300&#039;%2F%3E\" class=\"attachment-woocommerce_thumbnail size-woocommerce_thumbnail lazy-load preload-me\" alt=\"Patronus Huppari (100% recycled)\" data-src=\"https:\/\/kauppa.kloffa.fi\/wp-content\/uploads\/2025\/05\/Patronus-huppari_klaimet-musta-300x300.jpg\" data-srcset=\"https:\/\/kauppa.kloffa.fi\/wp-content\/uploads\/2025\/05\/Patronus-huppari_klaimet-musta-300x300.jpg 300w, https:\/\/kauppa.kloffa.fi\/wp-content\/uploads\/2025\/05\/Patronus-huppari_klaimet-musta-1024x1024.jpg 1024w, https:\/\/kauppa.kloffa.fi\/wp-content\/uploads\/2025\/05\/Patronus-huppari_klaimet-musta-150x150.jpg 150w, https:\/\/kauppa.kloffa.fi\/wp-content\/uploads\/2025\/05\/Patronus-huppari_klaimet-musta-768x768.jpg 768w, https:\/\/kauppa.kloffa.fi\/wp-content\/uploads\/2025\/05\/Patronus-huppari_klaimet-musta-12x12.jpg 12w, https:\/\/kauppa.kloffa.fi\/wp-content\/uploads\/2025\/05\/Patronus-huppari_klaimet-musta-600x600.jpg 600w, https:\/\/kauppa.kloffa.fi\/wp-content\/uploads\/2025\/05\/Patronus-huppari_klaimet-musta-200x200.jpg 200w, https:\/\/kauppa.kloffa.fi\/wp-content\/uploads\/2025\/05\/Patronus-huppari_klaimet-musta.jpg 1500w\" \/><img loading=\"lazy\" decoding=\"async\" width=\"300\" height=\"300\" src=\"data:image\/svg+xml;charset=utf-8,%3Csvg xmlns%3D&#039;http%3A%2F%2Fwww.w3.org%2F2000%2Fsvg&#039; viewBox%3D&#039;0 0 300 300&#039;%2F%3E\" class=\"show-on-hover back-image lazy-load preload-me\" alt=\"\" data-src=\"https:\/\/kauppa.kloffa.fi\/wp-content\/uploads\/2025\/05\/Patronus-huppari_klaimet-harmaa-300x300.jpg\" data-srcset=\"https:\/\/kauppa.kloffa.fi\/wp-content\/uploads\/2025\/05\/Patronus-huppari_klaimet-harmaa-300x300.jpg 300w, https:\/\/kauppa.kloffa.fi\/wp-content\/uploads\/2025\/05\/Patronus-huppari_klaimet-harmaa-1024x1024.jpg 1024w, https:\/\/kauppa.kloffa.fi\/wp-content\/uploads\/2025\/05\/Patronus-huppari_klaimet-harmaa-150x150.jpg 150w, https:\/\/kauppa.kloffa.fi\/wp-content\/uploads\/2025\/05\/Patronus-huppari_klaimet-harmaa-768x768.jpg 768w, https:\/\/kauppa.kloffa.fi\/wp-content\/uploads\/2025\/05\/Patronus-huppari_klaimet-harmaa-12x12.jpg 12w, https:\/\/kauppa.kloffa.fi\/wp-content\/uploads\/2025\/05\/Patronus-huppari_klaimet-harmaa-600x600.jpg 600w, https:\/\/kauppa.kloffa.fi\/wp-content\/uploads\/2025\/05\/Patronus-huppari_klaimet-harmaa-200x200.jpg 200w, https:\/\/kauppa.kloffa.fi\/wp-content\/uploads\/2025\/05\/Patronus-huppari_klaimet-harmaa.jpg 1500w\" \/><\/a><span class=\"out-stock-label\">Out of stock<\/span>\n\t<\/div>\n\t<figcaption class=\"woocom-list-content\">\n\n\t\t<div class=\"woocommerce-product-details__short-description\">\n\t<p><span style=\"font-weight: 400;\">Suomalaisen \u2019Klaimet\u00ae br\u00e4ndin tyylik\u00e4s ja istuva unisex-huppari, joka on valmistettu 100% tekstiili- ja muovij\u00e4tteest\u00e4 sek\u00e4 tuotettu<\/span><span style=\"font-weight: 400;\"> kokonaan EU-alueella. Huppari on tyylitelty Jenni Pusan Patronus-designilla.<\/span><\/p>\n<p>&nbsp;<\/p>\n<p><b>Genom att v\u00e4lja en 'Klaimet\u00ae luvtr\u00f6ja:<\/b><\/p>\n<ul>\n<li>Sparas 6 600 liter vatten<\/li>\n<li>Sparas 10100 gram CO2-utsl\u00e4pp<\/li>\n<li>Sparas 24,7 kWh energi<\/li>\n<li>17 \u00e5tervunna plastflaskor anv\u00e4nds<\/li>\n<\/ul>\n<p>&nbsp;<\/p>\n<p><span style=\"font-weight: 400;\">Unisex<\/span><span style=\"font-weight: 400;\"><br \/>\n<\/span><span style=\"font-weight: 400;\">Storlek: XS-XXL<\/span><br \/>\n<span style=\"font-weight: 400;\">Merkki: &#8217;Klaimet\u00ae<br \/>\n<\/span><span style=\"font-weight: 400;\">Material: 50% \u00e5tervunnen bomull, 47% \u00e5tervunnen polyester, 3% andra \u00e5tervunna fibrer<\/span><span style=\"font-weight: 400;\"><br \/>\n<\/span><span style=\"font-weight: 400;\">Alkuper\u00e4maa: Portugali<\/span><span style=\"font-weight: 400;\"><br \/>\n<\/span><span style=\"font-weight: 400;\">\u201dSet-in\u201d \u00e4rmar<\/span><span style=\"font-weight: 400;\"><br \/>\n<\/span><span style=\"font-weight: 400;\">Elastisk \u00e4rm och res\u00e5r i midjan<\/span><\/p>\n<p>&nbsp;<\/p>\n<p>&nbsp;<\/p>\n<p><a href=\"https:\/\/kauppa.kloffa.fi\/sv\/jenni-pusa-merch\/\"><strong>TILLBAKA TILL HEMMSIDAN<\/strong><\/a><\/p>\n<p>&nbsp;<\/p>\n<\/div>\n\n\t<\/figcaption>\n<\/figure>\n\n<\/article>\n\n<\/div><\/div><\/div><\/div><\/div><\/div><div class=\"vc_row wpb_row vc_row-fluid\"><div class=\"wpb_column vc_column_container vc_col-sm-12\"><div class=\"vc_column-inner\"><div class=\"wpb_wrapper\"><\/div><\/div><\/div><\/div>\n<\/div>","protected":false},"excerpt":{"rendered":"<p>JENNI PUSA MERCHANDISEEkologiset ja vastuulliset logotuotteet! Lis\u00e4\u00e4 haluamasi tuotteet ostoskoriin ja siirry kassalle. Toimithan nopeasti, sill\u00e4 verkkokauppa on auki vain rajallisen ajan 11.5.2025 asti. Tuotteiden valmistus aloitetaan tilausajan p\u00e4\u00e4ttymisen j\u00e4lkeen ja niiden toimitusaika on n. 2-3 viikkoa tilausajan p\u00e4\u00e4ttymisest\u00e4. Tilaukseen, tuotteisiin ja toimitukseen liittyviss\u00e4 kysymyksiss\u00e4 voit olla yhteydess\u00e4 info@kloffa.fi.<\/p>","protected":false},"author":1,"featured_media":0,"parent":0,"menu_order":0,"comment_status":"closed","ping_status":"closed","template":"","meta":{"footnotes":""},"class_list":["post-178996","page","type-page","status-publish","hentry","description-off"],"_links":{"self":[{"href":"https:\/\/kauppa.kloffa.fi\/sv\/wp-json\/wp\/v2\/pages\/178996","targetHints":{"allow":["GET"]}}],"collection":[{"href":"https:\/\/kauppa.kloffa.fi\/sv\/wp-json\/wp\/v2\/pages"}],"about":[{"href":"https:\/\/kauppa.kloffa.fi\/sv\/wp-json\/wp\/v2\/types\/page"}],"author":[{"embeddable":true,"href":"https:\/\/kauppa.kloffa.fi\/sv\/wp-json\/wp\/v2\/users\/1"}],"replies":[{"embeddable":true,"href":"https:\/\/kauppa.kloffa.fi\/sv\/wp-json\/wp\/v2\/comments?post=178996"}],"version-history":[{"count":0,"href":"https:\/\/kauppa.kloffa.fi\/sv\/wp-json\/wp\/v2\/pages\/178996\/revisions"}],"wp:attachment":[{"href":"https:\/\/kauppa.kloffa.fi\/sv\/wp-json\/wp\/v2\/media?parent=178996"}],"curies":[{"name":"wp","href":"https:\/\/api.w.org\/{rel}","templated":true}]}}