{"id":179443,"date":"2025-05-22T12:16:13","date_gmt":"2025-05-22T10:16:13","guid":{"rendered":"https:\/\/kauppa.kloffa.fi\/?page_id=179443"},"modified":"2026-04-13T10:15:22","modified_gmt":"2026-04-13T08:15:22","slug":"ej-instructors","status":"publish","type":"page","link":"https:\/\/kauppa.kloffa.fi\/sv\/ej-instructors\/","title":{"rendered":"EJ Instructors"},"content":{"rendered":"<div class=\"wpb-content-wrapper\"><div class=\"vc_row wpb_row vc_row-fluid vc_custom_1605696737057\"><div class=\"wpb_column vc_column_container vc_col-sm-12\"><div class=\"vc_column-inner vc_custom_1604579954038\"><div class=\"wpb_wrapper\"><div class=\"vc_empty_space\"   style=\"height: 42px\"><span class=\"vc_empty_space_inner\"><\/span><\/div><h2 style=\"font-size: 42px;color: #000000;text-align: center;font-family:Open Sans;font-weight:800;font-style:normal\" class=\"vc_custom_heading vc_do_custom_heading wpb_animate_when_almost_visible wpb_fadeIn fadeIn vc_custom_1724443984853\" >EJ INSTRUCTORS LOGOTUOTTEET<\/h2><h2 style=\"font-size: 30px;color: #000000;text-align: center;font-family:Open Sans;font-weight:600;font-style:normal\" class=\"vc_custom_heading vc_do_custom_heading wpb_animate_when_almost_visible wpb_fadeIn fadeIn vc_custom_1733755817234\" >T\u00e4\u00e4lt\u00e4 tilaat helposti yhteis\u00f6si ekologiset ja vastuulliset tuotteet!<\/h2><\/div><\/div><\/div><\/div><div class=\"vc_row wpb_row vc_row-fluid\"><div class=\"wpb_column vc_column_container vc_col-sm-12\"><div class=\"vc_column-inner\"><div class=\"wpb_wrapper\"><div class=\"vc_empty_space\"   style=\"height: 35px\"><span class=\"vc_empty_space_inner\"><\/span><\/div><div class=\"vc_empty_space\"   style=\"height: 35px\"><span class=\"vc_empty_space_inner\"><\/span><\/div><\/div><\/div><\/div><\/div><div class=\"vc_row wpb_row vc_row-fluid\"><div class=\"wpb_column vc_column_container vc_col-sm-12\"><div class=\"vc_column-inner\"><div class=\"wpb_wrapper\">\n\t<div class=\"wpb_text_column wpb_content_element  vc_custom_1776068118236\" >\n\t\t<div class=\"wpb_wrapper\">\n\t\t\t<ol>\n<li>Lis\u00e4\u00e4 haluamasi tuotteet ostoskoriin ja siirry kassalle. Toimithan nopeasti, sill\u00e4 verkkokauppa on auki vain rajallisen ajan 13.\u201319.4.2026.<\/li>\n<li>Kassalla voit valita toimitusvaihtoehdoksi joko ilmaisen yhteistoimituksen (lis\u00e4tiedot noudosta Ella Jussilalta) tai lis\u00e4maksullisen toimituksen PostNordin noutopisteeseen ymp\u00e4ri Suomea.<\/li>\n<li>Tuotteiden valmistus aloitetaan tilausajan p\u00e4\u00e4ttymisen j\u00e4lkeen ja niiden toimitusaika on n. 3-4 viikkoa tilausajan p\u00e4\u00e4ttymisest\u00e4. Tilaukseen, tuotteisiin ja toimitukseen liittyviss\u00e4 kysymyksiss\u00e4 voit olla yhteydess\u00e4 info@kloffa.fi.<\/li>\n<\/ol>\n<p>&nbsp;<\/p>\n<p>Huomioithan, ett\u00e4 kustomoiduilla tuotteilla ei ole vaihto- tai palautusoikeutta, joten t\u00e4yt\u00e4 tilaus huolellisesti.<\/p>\n\n\t\t<\/div>\n\t<\/div>\n<div class=\"woocommerce columns-4\"><div class=\"wf-container dt-products  woo-hover products loading-effect-fade-in description-on-hover cart-btn-on-img wc-img-hover hide-description wc-grid\" data-padding=\"0px\" data-cur-page=\"1\" data-desktop-columns-num=\"4\" data-v-tablet-columns-num=\"2\" data-h-tablet-columns-num=\"3\" data-phone-columns-num=\"1\">\n\n<article class=\"post visible description-off product type-product post-179379 status-publish first instock product_cat-ej-instructors has-post-thumbnail taxable shipping-taxable purchasable product-type-variable\">\n\n\t<figure class=\"woocom-project\">\n\t<div class=\"woo-buttons-on-img\">\n\n\t\t<a href=\"https:\/\/kauppa.kloffa.fi\/sv\/produkt\/ej-instructors-college\/\" class=\"alignnone layzr-bg\"><img loading=\"lazy\" decoding=\"async\" width=\"300\" height=\"300\" src=\"data:image\/svg+xml;charset=utf-8,%3Csvg xmlns%3D&#039;http%3A%2F%2Fwww.w3.org%2F2000%2Fsvg&#039; viewBox%3D&#039;0 0 300 300&#039;%2F%3E\" class=\"attachment-woocommerce_thumbnail size-woocommerce_thumbnail lazy-load preload-me\" alt=\"EJ Instructors College\" data-src=\"https:\/\/kauppa.kloffa.fi\/wp-content\/uploads\/2025\/05\/Ella-Jussila-college_roller_selka-300x300.jpg\" data-srcset=\"https:\/\/kauppa.kloffa.fi\/wp-content\/uploads\/2025\/05\/Ella-Jussila-college_roller_selka-300x300.jpg 300w, https:\/\/kauppa.kloffa.fi\/wp-content\/uploads\/2025\/05\/Ella-Jussila-college_roller_selka-1024x1024.jpg 1024w, https:\/\/kauppa.kloffa.fi\/wp-content\/uploads\/2025\/05\/Ella-Jussila-college_roller_selka-150x150.jpg 150w, https:\/\/kauppa.kloffa.fi\/wp-content\/uploads\/2025\/05\/Ella-Jussila-college_roller_selka-768x768.jpg 768w, https:\/\/kauppa.kloffa.fi\/wp-content\/uploads\/2025\/05\/Ella-Jussila-college_roller_selka-1536x1536.jpg 1536w, https:\/\/kauppa.kloffa.fi\/wp-content\/uploads\/2025\/05\/Ella-Jussila-college_roller_selka-12x12.jpg 12w, https:\/\/kauppa.kloffa.fi\/wp-content\/uploads\/2025\/05\/Ella-Jussila-college_roller_selka-600x600.jpg 600w, https:\/\/kauppa.kloffa.fi\/wp-content\/uploads\/2025\/05\/Ella-Jussila-college_roller_selka-200x200.jpg 200w, https:\/\/kauppa.kloffa.fi\/wp-content\/uploads\/2025\/05\/Ella-Jussila-college_roller_selka.jpg 1600w\" \/><img loading=\"lazy\" decoding=\"async\" width=\"300\" height=\"300\" src=\"data:image\/svg+xml;charset=utf-8,%3Csvg xmlns%3D&#039;http%3A%2F%2Fwww.w3.org%2F2000%2Fsvg&#039; viewBox%3D&#039;0 0 300 300&#039;%2F%3E\" class=\"show-on-hover back-image lazy-load preload-me\" alt=\"\" data-src=\"https:\/\/kauppa.kloffa.fi\/wp-content\/uploads\/2025\/05\/Ella-Jussila-college_roller_front-service-300x300.jpg\" data-srcset=\"https:\/\/kauppa.kloffa.fi\/wp-content\/uploads\/2025\/05\/Ella-Jussila-college_roller_front-service-300x300.jpg 300w, https:\/\/kauppa.kloffa.fi\/wp-content\/uploads\/2025\/05\/Ella-Jussila-college_roller_front-service-1024x1024.jpg 1024w, https:\/\/kauppa.kloffa.fi\/wp-content\/uploads\/2025\/05\/Ella-Jussila-college_roller_front-service-150x150.jpg 150w, https:\/\/kauppa.kloffa.fi\/wp-content\/uploads\/2025\/05\/Ella-Jussila-college_roller_front-service-768x768.jpg 768w, https:\/\/kauppa.kloffa.fi\/wp-content\/uploads\/2025\/05\/Ella-Jussila-college_roller_front-service-1536x1536.jpg 1536w, https:\/\/kauppa.kloffa.fi\/wp-content\/uploads\/2025\/05\/Ella-Jussila-college_roller_front-service-12x12.jpg 12w, https:\/\/kauppa.kloffa.fi\/wp-content\/uploads\/2025\/05\/Ella-Jussila-college_roller_front-service-600x600.jpg 600w, https:\/\/kauppa.kloffa.fi\/wp-content\/uploads\/2025\/05\/Ella-Jussila-college_roller_front-service-200x200.jpg 200w, https:\/\/kauppa.kloffa.fi\/wp-content\/uploads\/2025\/05\/Ella-Jussila-college_roller_front-service.jpg 1600w\" \/><\/a>\n\t<\/div>\n\t<figcaption class=\"woocom-list-content\">\n\n\t\t<div class=\"woocommerce-product-details__short-description\">\n\t<p>Klassinen collegepaita on tyylik\u00e4s valinta tilanteessa kuin tilanteessa. T\u00e4ss\u00e4 Stanley\/Stellan unisex-mallissa yhdistyv\u00e4t sek\u00e4 ekologisuus ett\u00e4 laadukkuus. Selk\u00e4puolella INSTRUCTOR-painatus ja etupuolelle voit valita painatuksen kolmesta eri vaihtoehdosta tai tilata paidan ilman rintalogoa.<\/p>\n<p>&nbsp;<\/p>\n<ul>\n<li>Unisex<\/li>\n<li>Mitoitus: Medium fit<\/li>\n<li>Materiaali: 85% luomupuuvilla ja 15% kierr\u00e4tetty polyesteri<\/li>\n<li>Kankaan paksuus: 280 g\/m2<\/li>\n<li>Alkuper\u00e4maa: Bangladesh<\/li>\n<li>Sertifikaatit: GOTS, Oeko-Tex 100 ja PETA Approved Vegan<\/li>\n<li>Set-in \u00e4rmar<\/li>\n<li>Tuotemitat l\u00f6ytyv\u00e4t gallerian viimeisest\u00e4 kuvasta<\/li>\n<\/ul>\n<p>&nbsp;<\/p>\n<p>&nbsp;<\/p>\n<p><a href=\"https:\/\/kauppa.kloffa.fi\/sv\/ej-instructors\/\"><strong>TILLBAKA TILL HEMMSIDAN<\/strong><\/a><\/p>\n<\/div>\n\n\t<\/figcaption>\n<\/figure>\n\n<\/article>\n\n\n\n<article class=\"post visible description-off product type-product post-179201 status-publish instock product_cat-ej-instructors has-post-thumbnail taxable shipping-taxable purchasable product-type-variable\">\n\n\t<figure class=\"woocom-project\">\n\t<div class=\"woo-buttons-on-img\">\n\n\t\t<a href=\"https:\/\/kauppa.kloffa.fi\/sv\/produkt\/ej-instructors-huppari\/\" class=\"alignnone layzr-bg\"><img loading=\"lazy\" decoding=\"async\" width=\"300\" height=\"300\" src=\"data:image\/svg+xml;charset=utf-8,%3Csvg xmlns%3D&#039;http%3A%2F%2Fwww.w3.org%2F2000%2Fsvg&#039; viewBox%3D&#039;0 0 300 300&#039;%2F%3E\" class=\"attachment-woocommerce_thumbnail size-woocommerce_thumbnail lazy-load preload-me\" alt=\"EJ Instructors Huppari\" data-src=\"https:\/\/kauppa.kloffa.fi\/wp-content\/uploads\/2025\/05\/Ella-Jussila-huppari_drummer-2.0_selka-300x300.jpg\" data-srcset=\"https:\/\/kauppa.kloffa.fi\/wp-content\/uploads\/2025\/05\/Ella-Jussila-huppari_drummer-2.0_selka-300x300.jpg 300w, https:\/\/kauppa.kloffa.fi\/wp-content\/uploads\/2025\/05\/Ella-Jussila-huppari_drummer-2.0_selka-1024x1024.jpg 1024w, https:\/\/kauppa.kloffa.fi\/wp-content\/uploads\/2025\/05\/Ella-Jussila-huppari_drummer-2.0_selka-150x150.jpg 150w, https:\/\/kauppa.kloffa.fi\/wp-content\/uploads\/2025\/05\/Ella-Jussila-huppari_drummer-2.0_selka-768x768.jpg 768w, https:\/\/kauppa.kloffa.fi\/wp-content\/uploads\/2025\/05\/Ella-Jussila-huppari_drummer-2.0_selka-1536x1536.jpg 1536w, https:\/\/kauppa.kloffa.fi\/wp-content\/uploads\/2025\/05\/Ella-Jussila-huppari_drummer-2.0_selka-12x12.jpg 12w, https:\/\/kauppa.kloffa.fi\/wp-content\/uploads\/2025\/05\/Ella-Jussila-huppari_drummer-2.0_selka-600x600.jpg 600w, https:\/\/kauppa.kloffa.fi\/wp-content\/uploads\/2025\/05\/Ella-Jussila-huppari_drummer-2.0_selka-200x200.jpg 200w, https:\/\/kauppa.kloffa.fi\/wp-content\/uploads\/2025\/05\/Ella-Jussila-huppari_drummer-2.0_selka.jpg 1600w\" \/><img loading=\"lazy\" decoding=\"async\" width=\"300\" height=\"300\" src=\"data:image\/svg+xml;charset=utf-8,%3Csvg xmlns%3D&#039;http%3A%2F%2Fwww.w3.org%2F2000%2Fsvg&#039; viewBox%3D&#039;0 0 300 300&#039;%2F%3E\" class=\"show-on-hover back-image lazy-load preload-me\" alt=\"\" data-src=\"https:\/\/kauppa.kloffa.fi\/wp-content\/uploads\/2025\/05\/Ella-Jussila-huppari_drummer-2.0_front-service-300x300.jpg\" data-srcset=\"https:\/\/kauppa.kloffa.fi\/wp-content\/uploads\/2025\/05\/Ella-Jussila-huppari_drummer-2.0_front-service-300x300.jpg 300w, https:\/\/kauppa.kloffa.fi\/wp-content\/uploads\/2025\/05\/Ella-Jussila-huppari_drummer-2.0_front-service-1024x1024.jpg 1024w, https:\/\/kauppa.kloffa.fi\/wp-content\/uploads\/2025\/05\/Ella-Jussila-huppari_drummer-2.0_front-service-150x150.jpg 150w, https:\/\/kauppa.kloffa.fi\/wp-content\/uploads\/2025\/05\/Ella-Jussila-huppari_drummer-2.0_front-service-768x768.jpg 768w, https:\/\/kauppa.kloffa.fi\/wp-content\/uploads\/2025\/05\/Ella-Jussila-huppari_drummer-2.0_front-service-1536x1536.jpg 1536w, https:\/\/kauppa.kloffa.fi\/wp-content\/uploads\/2025\/05\/Ella-Jussila-huppari_drummer-2.0_front-service-12x12.jpg 12w, https:\/\/kauppa.kloffa.fi\/wp-content\/uploads\/2025\/05\/Ella-Jussila-huppari_drummer-2.0_front-service-600x600.jpg 600w, https:\/\/kauppa.kloffa.fi\/wp-content\/uploads\/2025\/05\/Ella-Jussila-huppari_drummer-2.0_front-service-200x200.jpg 200w, https:\/\/kauppa.kloffa.fi\/wp-content\/uploads\/2025\/05\/Ella-Jussila-huppari_drummer-2.0_front-service.jpg 1600w\" \/><\/a>\n\t<\/div>\n\t<figcaption class=\"woocom-list-content\">\n\n\t\t<div class=\"woocommerce-product-details__short-description\">\n\t<p>Huppari on varma valinta kes\u00e4ll\u00e4 ja talvella. T\u00e4ss\u00e4 Stanley\/Stellan unisex-mallissa yhdistyv\u00e4t sek\u00e4 ekologisuus ett\u00e4 laadukkuus. Selk\u00e4puolella INSTRUCTOR-painatus ja etupuolelle voit valita painatuksen kolmesta eri vaihtoehdosta tai tilata paidan ilman rintalogoa.<\/p>\n<p>&nbsp;<\/p>\n<ul>\n<li>Unisex<\/li>\n<li>Mitoitus: Medium fit<\/li>\n<li>Materiaali: 85% luomupuuvilla ja 15% kierr\u00e4tetty polyesteri<\/li>\n<li>Kankaan paksuus: 280 g\/m2<\/li>\n<li>Alkuper\u00e4maa: Bangladesh<\/li>\n<li>Sertifikaatit: GOTS, Oeko-Tex 100 ja PETA Approved Vegan<\/li>\n<li>Set-in \u00e4rmar<\/li>\n<li>Tuotemitat l\u00f6ytyv\u00e4t gallerian viimeisest\u00e4 kuvasta<\/li>\n<\/ul>\n<p>&nbsp;<\/p>\n<p>&nbsp;<\/p>\n<p><a href=\"https:\/\/kauppa.kloffa.fi\/sv\/ej-instructors\/\"><strong>TILLBAKA TILL HEMMSIDAN<\/strong><\/a><\/p>\n<\/div>\n\n\t<\/figcaption>\n<\/figure>\n\n<\/article>\n\n\n\n<article class=\"post visible description-off product type-product post-98382 status-publish instock product_cat-ej-instructors has-post-thumbnail taxable shipping-taxable purchasable product-type-variable\">\n\n\t<figure class=\"woocom-project\">\n\t<div class=\"woo-buttons-on-img\">\n\n\t\t<a href=\"https:\/\/kauppa.kloffa.fi\/sv\/produkt\/ej-instructors-pikeepaita\/\" class=\"alignnone layzr-bg\"><img loading=\"lazy\" decoding=\"async\" width=\"300\" height=\"300\" src=\"data:image\/svg+xml;charset=utf-8,%3Csvg xmlns%3D&#039;http%3A%2F%2Fwww.w3.org%2F2000%2Fsvg&#039; viewBox%3D&#039;0 0 300 300&#039;%2F%3E\" class=\"attachment-woocommerce_thumbnail size-woocommerce_thumbnail lazy-load preload-me\" alt=\"EJ Instructors Pikeepaita\" data-src=\"https:\/\/kauppa.kloffa.fi\/wp-content\/uploads\/2025\/05\/Ella-Jussila-pikee_RG1960_selka-300x300.jpg\" data-srcset=\"https:\/\/kauppa.kloffa.fi\/wp-content\/uploads\/2025\/05\/Ella-Jussila-pikee_RG1960_selka-300x300.jpg 300w, https:\/\/kauppa.kloffa.fi\/wp-content\/uploads\/2025\/05\/Ella-Jussila-pikee_RG1960_selka-1024x1024.jpg 1024w, https:\/\/kauppa.kloffa.fi\/wp-content\/uploads\/2025\/05\/Ella-Jussila-pikee_RG1960_selka-150x150.jpg 150w, https:\/\/kauppa.kloffa.fi\/wp-content\/uploads\/2025\/05\/Ella-Jussila-pikee_RG1960_selka-768x768.jpg 768w, https:\/\/kauppa.kloffa.fi\/wp-content\/uploads\/2025\/05\/Ella-Jussila-pikee_RG1960_selka-12x12.jpg 12w, https:\/\/kauppa.kloffa.fi\/wp-content\/uploads\/2025\/05\/Ella-Jussila-pikee_RG1960_selka-600x600.jpg 600w, https:\/\/kauppa.kloffa.fi\/wp-content\/uploads\/2025\/05\/Ella-Jussila-pikee_RG1960_selka-200x200.jpg 200w, https:\/\/kauppa.kloffa.fi\/wp-content\/uploads\/2025\/05\/Ella-Jussila-pikee_RG1960_selka.jpg 1400w\" \/><img loading=\"lazy\" decoding=\"async\" width=\"300\" height=\"300\" src=\"data:image\/svg+xml;charset=utf-8,%3Csvg xmlns%3D&#039;http%3A%2F%2Fwww.w3.org%2F2000%2Fsvg&#039; viewBox%3D&#039;0 0 300 300&#039;%2F%3E\" class=\"show-on-hover back-image lazy-load preload-me\" alt=\"\" data-src=\"https:\/\/kauppa.kloffa.fi\/wp-content\/uploads\/2025\/05\/Ella-Jussila-pikee_RG1960_front-service-300x300.jpg\" data-srcset=\"https:\/\/kauppa.kloffa.fi\/wp-content\/uploads\/2025\/05\/Ella-Jussila-pikee_RG1960_front-service-300x300.jpg 300w, https:\/\/kauppa.kloffa.fi\/wp-content\/uploads\/2025\/05\/Ella-Jussila-pikee_RG1960_front-service-1024x1024.jpg 1024w, https:\/\/kauppa.kloffa.fi\/wp-content\/uploads\/2025\/05\/Ella-Jussila-pikee_RG1960_front-service-150x150.jpg 150w, https:\/\/kauppa.kloffa.fi\/wp-content\/uploads\/2025\/05\/Ella-Jussila-pikee_RG1960_front-service-768x768.jpg 768w, https:\/\/kauppa.kloffa.fi\/wp-content\/uploads\/2025\/05\/Ella-Jussila-pikee_RG1960_front-service-12x12.jpg 12w, https:\/\/kauppa.kloffa.fi\/wp-content\/uploads\/2025\/05\/Ella-Jussila-pikee_RG1960_front-service-600x600.jpg 600w, https:\/\/kauppa.kloffa.fi\/wp-content\/uploads\/2025\/05\/Ella-Jussila-pikee_RG1960_front-service-200x200.jpg 200w, https:\/\/kauppa.kloffa.fi\/wp-content\/uploads\/2025\/05\/Ella-Jussila-pikee_RG1960_front-service.jpg 1400w\" \/><\/a>\n\t<\/div>\n\t<figcaption class=\"woocom-list-content\">\n\n\t\t<div class=\"woocommerce-product-details__short-description\">\n\t<p>Tyylik\u00e4s, asiallinen ja mukavan rento p\u00e4\u00e4ll\u00e4. T\u00e4m\u00e4 100% kierr\u00e4tysmateriaaleista valmistettu pikeepaita on teknist\u00e4 kangasta, jotta sin\u00e4 voit edustaa samanaikaisesti rennosti sek\u00e4 tyylikk\u00e4\u00e4sti. Selk\u00e4puolella INSTRUCTOR-painatus ja etupuolelle voit valita painatuksen kolmesta eri vaihtoehdosta tai tilata paidan ilman rintalogoa.<\/p>\n<p>&nbsp;<\/p>\n<ul>\n<li>Materiaali: 100% Kierr\u00e4tetty polyesteri<\/li>\n<li>Regular fit<\/li>\n<li>Kangaspaino: 130gsm<\/li>\n<li>Easy Care<\/li>\n<li>Sertifikaatit: GRS (Global recycled standard)<\/li>\n<li>3 nappia<\/li>\n<li>Set-in hiha<\/li>\n<li>Tuotemitat l\u00f6ytyv\u00e4t gallerian viimeisest\u00e4 kuvasta<\/li>\n<\/ul>\n<p>&nbsp;<\/p>\n<p>&nbsp;<\/p>\n<p><a href=\"https:\/\/kauppa.kloffa.fi\/sv\/ej-instructors\/\"><strong>TILLBAKA TILL HEMMSIDAN<\/strong><\/a><\/p>\n<\/div>\n\n\t<\/figcaption>\n<\/figure>\n\n<\/article>\n\n\n\n<article class=\"post visible description-off product type-product post-179223 status-publish last instock product_cat-ej-instructors has-post-thumbnail taxable shipping-taxable purchasable product-type-variable\">\n\n\t<figure class=\"woocom-project\">\n\t<div class=\"woo-buttons-on-img\">\n\n\t\t<a href=\"https:\/\/kauppa.kloffa.fi\/sv\/produkt\/ej-instructors-t-paita\/\" class=\"alignnone layzr-bg\"><img loading=\"lazy\" decoding=\"async\" width=\"300\" height=\"300\" src=\"data:image\/svg+xml;charset=utf-8,%3Csvg xmlns%3D&#039;http%3A%2F%2Fwww.w3.org%2F2000%2Fsvg&#039; viewBox%3D&#039;0 0 300 300&#039;%2F%3E\" class=\"attachment-woocommerce_thumbnail size-woocommerce_thumbnail lazy-load preload-me\" alt=\"EJ Instructors T-Paita\" data-src=\"https:\/\/kauppa.kloffa.fi\/wp-content\/uploads\/2025\/05\/Ella-Jussila-t-paita_creator-2.0_selka-300x300.jpg\" data-srcset=\"https:\/\/kauppa.kloffa.fi\/wp-content\/uploads\/2025\/05\/Ella-Jussila-t-paita_creator-2.0_selka-300x300.jpg 300w, https:\/\/kauppa.kloffa.fi\/wp-content\/uploads\/2025\/05\/Ella-Jussila-t-paita_creator-2.0_selka-1024x1024.jpg 1024w, https:\/\/kauppa.kloffa.fi\/wp-content\/uploads\/2025\/05\/Ella-Jussila-t-paita_creator-2.0_selka-150x150.jpg 150w, https:\/\/kauppa.kloffa.fi\/wp-content\/uploads\/2025\/05\/Ella-Jussila-t-paita_creator-2.0_selka-768x768.jpg 768w, https:\/\/kauppa.kloffa.fi\/wp-content\/uploads\/2025\/05\/Ella-Jussila-t-paita_creator-2.0_selka-1536x1536.jpg 1536w, https:\/\/kauppa.kloffa.fi\/wp-content\/uploads\/2025\/05\/Ella-Jussila-t-paita_creator-2.0_selka-12x12.jpg 12w, https:\/\/kauppa.kloffa.fi\/wp-content\/uploads\/2025\/05\/Ella-Jussila-t-paita_creator-2.0_selka-600x600.jpg 600w, https:\/\/kauppa.kloffa.fi\/wp-content\/uploads\/2025\/05\/Ella-Jussila-t-paita_creator-2.0_selka-200x200.jpg 200w, https:\/\/kauppa.kloffa.fi\/wp-content\/uploads\/2025\/05\/Ella-Jussila-t-paita_creator-2.0_selka.jpg 1600w\" \/><img loading=\"lazy\" decoding=\"async\" width=\"300\" height=\"300\" src=\"data:image\/svg+xml;charset=utf-8,%3Csvg xmlns%3D&#039;http%3A%2F%2Fwww.w3.org%2F2000%2Fsvg&#039; viewBox%3D&#039;0 0 300 300&#039;%2F%3E\" class=\"show-on-hover back-image lazy-load preload-me\" alt=\"\" data-src=\"https:\/\/kauppa.kloffa.fi\/wp-content\/uploads\/2025\/05\/Ella-Jussila-t-paita_creator-2.0_front-service-300x300.jpg\" data-srcset=\"https:\/\/kauppa.kloffa.fi\/wp-content\/uploads\/2025\/05\/Ella-Jussila-t-paita_creator-2.0_front-service-300x300.jpg 300w, https:\/\/kauppa.kloffa.fi\/wp-content\/uploads\/2025\/05\/Ella-Jussila-t-paita_creator-2.0_front-service-1024x1024.jpg 1024w, https:\/\/kauppa.kloffa.fi\/wp-content\/uploads\/2025\/05\/Ella-Jussila-t-paita_creator-2.0_front-service-150x150.jpg 150w, https:\/\/kauppa.kloffa.fi\/wp-content\/uploads\/2025\/05\/Ella-Jussila-t-paita_creator-2.0_front-service-768x768.jpg 768w, https:\/\/kauppa.kloffa.fi\/wp-content\/uploads\/2025\/05\/Ella-Jussila-t-paita_creator-2.0_front-service-1536x1536.jpg 1536w, https:\/\/kauppa.kloffa.fi\/wp-content\/uploads\/2025\/05\/Ella-Jussila-t-paita_creator-2.0_front-service-12x12.jpg 12w, https:\/\/kauppa.kloffa.fi\/wp-content\/uploads\/2025\/05\/Ella-Jussila-t-paita_creator-2.0_front-service-600x600.jpg 600w, https:\/\/kauppa.kloffa.fi\/wp-content\/uploads\/2025\/05\/Ella-Jussila-t-paita_creator-2.0_front-service-200x200.jpg 200w, https:\/\/kauppa.kloffa.fi\/wp-content\/uploads\/2025\/05\/Ella-Jussila-t-paita_creator-2.0_front-service.jpg 1600w\" \/><\/a>\n\t<\/div>\n\t<figcaption class=\"woocom-list-content\">\n\n\t\t<div class=\"woocommerce-product-details__short-description\">\n\t<p>Luomupuuvillasta valmistettu ekologinen t-paita. T-paidan hihat ja reunat on viimeistelty tuplatikkauksella. Selk\u00e4puolella INSTRUCTOR-painatus ja etupuolelle voit valita painatuksen kolmesta eri vaihtoehdosta tai tilata paidan ilman rintalogoa.<\/p>\n<p>&nbsp;<\/p>\n<ul>\n<li>Unisex<\/li>\n<li>Mitoitus: Medium fit<\/li>\n<li>Materiaali: 100% luomupuuvilla<\/li>\n<li>Alkuper\u00e4maa: Bangladesh<\/li>\n<li>Kangaspaino: 180 g\/m2<\/li>\n<li>Sertifikaatit: GOTS, Oeko-Tex 100 ja PETA Approved Vegan<\/li>\n<li>Set-in \u00e4rmar<\/li>\n<li>Tuotemitat l\u00f6ytyv\u00e4t gallerian viimeisest\u00e4 kuvasta<\/li>\n<\/ul>\n<p>&nbsp;<\/p>\n<p>&nbsp;<\/p>\n<p>&nbsp;<\/p>\n<p><a href=\"https:\/\/kauppa.kloffa.fi\/sv\/ej-instructors\/\"><strong>TILLBAKA TILL HEMMSIDAN<\/strong><\/a><\/p>\n<\/div>\n\n\t<\/figcaption>\n<\/figure>\n\n<\/article>\n\n\n\n<article class=\"post visible description-off product type-product post-179350 status-publish first instock product_cat-ej-instructors has-post-thumbnail taxable shipping-taxable purchasable product-type-variable\">\n\n\t<figure class=\"woocom-project\">\n\t<div class=\"woo-buttons-on-img\">\n\n\t\t<a href=\"https:\/\/kauppa.kloffa.fi\/sv\/produkt\/ej-instructors-vetoketjuhuppari\/\" class=\"alignnone layzr-bg\"><img loading=\"lazy\" decoding=\"async\" width=\"300\" height=\"300\" src=\"data:image\/svg+xml;charset=utf-8,%3Csvg xmlns%3D&#039;http%3A%2F%2Fwww.w3.org%2F2000%2Fsvg&#039; viewBox%3D&#039;0 0 300 300&#039;%2F%3E\" class=\"attachment-woocommerce_thumbnail size-woocommerce_thumbnail lazy-load preload-me\" alt=\"EJ Instructors Vetoketjuhuppari\" data-src=\"https:\/\/kauppa.kloffa.fi\/wp-content\/uploads\/2025\/05\/Ella-Jussila-huppari_connector-2.0_selka-300x300.jpg\" data-srcset=\"https:\/\/kauppa.kloffa.fi\/wp-content\/uploads\/2025\/05\/Ella-Jussila-huppari_connector-2.0_selka-300x300.jpg 300w, https:\/\/kauppa.kloffa.fi\/wp-content\/uploads\/2025\/05\/Ella-Jussila-huppari_connector-2.0_selka-1024x1024.jpg 1024w, https:\/\/kauppa.kloffa.fi\/wp-content\/uploads\/2025\/05\/Ella-Jussila-huppari_connector-2.0_selka-150x150.jpg 150w, https:\/\/kauppa.kloffa.fi\/wp-content\/uploads\/2025\/05\/Ella-Jussila-huppari_connector-2.0_selka-768x768.jpg 768w, https:\/\/kauppa.kloffa.fi\/wp-content\/uploads\/2025\/05\/Ella-Jussila-huppari_connector-2.0_selka-1536x1536.jpg 1536w, https:\/\/kauppa.kloffa.fi\/wp-content\/uploads\/2025\/05\/Ella-Jussila-huppari_connector-2.0_selka-12x12.jpg 12w, https:\/\/kauppa.kloffa.fi\/wp-content\/uploads\/2025\/05\/Ella-Jussila-huppari_connector-2.0_selka-600x600.jpg 600w, https:\/\/kauppa.kloffa.fi\/wp-content\/uploads\/2025\/05\/Ella-Jussila-huppari_connector-2.0_selka-200x200.jpg 200w, https:\/\/kauppa.kloffa.fi\/wp-content\/uploads\/2025\/05\/Ella-Jussila-huppari_connector-2.0_selka.jpg 1600w\" \/><img loading=\"lazy\" decoding=\"async\" width=\"300\" height=\"300\" src=\"data:image\/svg+xml;charset=utf-8,%3Csvg xmlns%3D&#039;http%3A%2F%2Fwww.w3.org%2F2000%2Fsvg&#039; viewBox%3D&#039;0 0 300 300&#039;%2F%3E\" class=\"show-on-hover back-image lazy-load preload-me\" alt=\"\" data-src=\"https:\/\/kauppa.kloffa.fi\/wp-content\/uploads\/2025\/05\/Ella-Jussila-huppari_connector-2.0_front-service-300x300.jpg\" data-srcset=\"https:\/\/kauppa.kloffa.fi\/wp-content\/uploads\/2025\/05\/Ella-Jussila-huppari_connector-2.0_front-service-300x300.jpg 300w, https:\/\/kauppa.kloffa.fi\/wp-content\/uploads\/2025\/05\/Ella-Jussila-huppari_connector-2.0_front-service-1024x1024.jpg 1024w, https:\/\/kauppa.kloffa.fi\/wp-content\/uploads\/2025\/05\/Ella-Jussila-huppari_connector-2.0_front-service-150x150.jpg 150w, https:\/\/kauppa.kloffa.fi\/wp-content\/uploads\/2025\/05\/Ella-Jussila-huppari_connector-2.0_front-service-768x768.jpg 768w, https:\/\/kauppa.kloffa.fi\/wp-content\/uploads\/2025\/05\/Ella-Jussila-huppari_connector-2.0_front-service-1536x1536.jpg 1536w, https:\/\/kauppa.kloffa.fi\/wp-content\/uploads\/2025\/05\/Ella-Jussila-huppari_connector-2.0_front-service-12x12.jpg 12w, https:\/\/kauppa.kloffa.fi\/wp-content\/uploads\/2025\/05\/Ella-Jussila-huppari_connector-2.0_front-service-600x600.jpg 600w, https:\/\/kauppa.kloffa.fi\/wp-content\/uploads\/2025\/05\/Ella-Jussila-huppari_connector-2.0_front-service-200x200.jpg 200w, https:\/\/kauppa.kloffa.fi\/wp-content\/uploads\/2025\/05\/Ella-Jussila-huppari_connector-2.0_front-service.jpg 1600w\" \/><\/a>\n\t<\/div>\n\t<figcaption class=\"woocom-list-content\">\n\n\t\t<div class=\"woocommerce-product-details__short-description\">\n\t<p>Vetoketjuhuppari on tyylik\u00e4s ja monik\u00e4ytt\u00f6inen valinta. T\u00e4ss\u00e4 Stanley\/Stellan unisex-mallissa yhdistyv\u00e4t sek\u00e4 ekologisuus ett\u00e4 laadukkuus. Selk\u00e4puolella INSTRUCTOR-painatus ja etupuolelle voit valita painatuksen kolmesta eri vaihtoehdosta tai tilata paidan ilman rintalogoa.<\/p>\n<p>&nbsp;<\/p>\n<ul>\n<li>Unisex<\/li>\n<li>Mitoitus: Medium fit<\/li>\n<li>Materiaali: 85% luomupuuvilla ja 15% kierr\u00e4tetty polyesteri<\/li>\n<li>Kankaan paksuus: 300 g\/m2<\/li>\n<li>Alkuper\u00e4maa: Bangladesh<\/li>\n<li>Sertifikaatit: GOTS, Oeko-Tex 100 ja PETA Approved Vegan<\/li>\n<li>Set-in \u00e4rmar<\/li>\n<li>Tuotemitat l\u00f6ytyv\u00e4t gallerian viimeisest\u00e4 kuvasta<\/li>\n<\/ul>\n<p>&nbsp;<\/p>\n<p>&nbsp;<\/p>\n<p><a href=\"https:\/\/kauppa.kloffa.fi\/sv\/ej-instructors\/\"><strong>TILLBAKA TILL HEMMSIDAN<\/strong><\/a><\/p>\n<\/div>\n\n\t<\/figcaption>\n<\/figure>\n\n<\/article>\n\n<\/div><\/div><\/div><\/div><\/div><\/div><div class=\"vc_row wpb_row vc_row-fluid\"><div class=\"wpb_column vc_column_container vc_col-sm-12\"><div class=\"vc_column-inner\"><div class=\"wpb_wrapper\"><\/div><\/div><\/div><\/div>\n<\/div>","protected":false},"excerpt":{"rendered":"<p>EJ INSTRUCTORS LOGOTUOTTEETT\u00e4\u00e4lt\u00e4 tilaat helposti yhteis\u00f6si ekologiset ja vastuulliset tuotteet! Lis\u00e4\u00e4 haluamasi tuotteet ostoskoriin ja siirry kassalle. Toimithan nopeasti, sill\u00e4 verkkokauppa on auki vain rajallisen ajan 13.\u201319.4.2026. Kassalla voit valita toimitusvaihtoehdoksi joko ilmaisen yhteistoimituksen (lis\u00e4tiedot noudosta Ella Jussilalta) tai lis\u00e4maksullisen toimituksen PostNordin noutopisteeseen ymp\u00e4ri Suomea. Tuotteiden valmistus aloitetaan tilausajan p\u00e4\u00e4ttymisen j\u00e4lkeen ja niiden toimitusaika on&hellip;<\/p>","protected":false},"author":1,"featured_media":0,"parent":0,"menu_order":0,"comment_status":"closed","ping_status":"closed","template":"","meta":{"footnotes":""},"class_list":["post-179443","page","type-page","status-publish","hentry","description-off"],"_links":{"self":[{"href":"https:\/\/kauppa.kloffa.fi\/sv\/wp-json\/wp\/v2\/pages\/179443","targetHints":{"allow":["GET"]}}],"collection":[{"href":"https:\/\/kauppa.kloffa.fi\/sv\/wp-json\/wp\/v2\/pages"}],"about":[{"href":"https:\/\/kauppa.kloffa.fi\/sv\/wp-json\/wp\/v2\/types\/page"}],"author":[{"embeddable":true,"href":"https:\/\/kauppa.kloffa.fi\/sv\/wp-json\/wp\/v2\/users\/1"}],"replies":[{"embeddable":true,"href":"https:\/\/kauppa.kloffa.fi\/sv\/wp-json\/wp\/v2\/comments?post=179443"}],"version-history":[{"count":1,"href":"https:\/\/kauppa.kloffa.fi\/sv\/wp-json\/wp\/v2\/pages\/179443\/revisions"}],"predecessor-version":[{"id":223824,"href":"https:\/\/kauppa.kloffa.fi\/sv\/wp-json\/wp\/v2\/pages\/179443\/revisions\/223824"}],"wp:attachment":[{"href":"https:\/\/kauppa.kloffa.fi\/sv\/wp-json\/wp\/v2\/media?parent=179443"}],"curies":[{"name":"wp","href":"https:\/\/api.w.org\/{rel}","templated":true}]}}