{"id":211481,"date":"2026-01-08T08:14:13","date_gmt":"2026-01-08T06:14:13","guid":{"rendered":"https:\/\/kauppa.kloffa.fi\/?page_id=211481"},"modified":"2026-04-01T11:37:17","modified_gmt":"2026-04-01T09:37:17","slug":"akukauppa","status":"publish","type":"page","link":"https:\/\/kauppa.kloffa.fi\/sv\/akukauppa\/","title":{"rendered":"Akukauppa"},"content":{"rendered":"<div class=\"wpb-content-wrapper\"><div class=\"vc_row wpb_row vc_row-fluid vc_custom_1605696737057\"><div class=\"wpb_column vc_column_container vc_col-sm-12\"><div class=\"vc_column-inner vc_custom_1604579954038\"><div class=\"wpb_wrapper\"><div class=\"vc_empty_space\"   style=\"height: 42px\"><span class=\"vc_empty_space_inner\"><\/span><\/div><h2 style=\"font-size: 42px;color: #000000;text-align: center;font-family:Open Sans;font-weight:800;font-style:normal\" class=\"vc_custom_heading vc_do_custom_heading wpb_animate_when_almost_visible wpb_fadeIn fadeIn vc_custom_1767884650675\" >AKUKAUPPA<\/h2><h2 style=\"font-size: 30px;color: #000000;text-align: center;font-family:Open Sans;font-weight:600;font-style:normal\" class=\"vc_custom_heading vc_do_custom_heading wpb_animate_when_almost_visible wpb_fadeIn fadeIn vc_custom_1733755817234\" >T\u00e4\u00e4lt\u00e4 tilaat helposti yhteis\u00f6si ekologiset ja vastuulliset tuotteet!<\/h2><\/div><\/div><\/div><\/div><div class=\"vc_row wpb_row vc_row-fluid\"><div class=\"wpb_column vc_column_container vc_col-sm-12\"><div class=\"vc_column-inner\"><div class=\"wpb_wrapper\"><div class=\"vc_empty_space\"   style=\"height: 35px\"><span class=\"vc_empty_space_inner\"><\/span><\/div>\n\t<div  class=\"wpb_single_image wpb_content_element vc_align_center\">\n\t\t\n\t\t<figure class=\"wpb_wrapper vc_figure\">\n\t\t\t<div class=\"vc_single_image-wrapper   vc_box_border_grey\"><img decoding=\"async\" class=\"vc_single_image-img\" src=\"https:\/\/kauppa.kloffa.fi\/wp-content\/uploads\/2026\/01\/Akuutti-etusivu-2-400x400.jpg\" width=\"400\" height=\"400\" alt=\"\" title=\"\" loading=\"lazy\"  data-dt-location=\"https:\/\/kauppa.kloffa.fi\/sv\/akukauppa\/attachment\/akuutti-etusivu-2\/\" \/><\/div>\n\t\t<\/figure>\n\t<\/div>\n<div class=\"vc_empty_space\"   style=\"height: 35px\"><span class=\"vc_empty_space_inner\"><\/span><\/div><\/div><\/div><\/div><\/div><div class=\"vc_row wpb_row vc_row-fluid\"><div class=\"wpb_column vc_column_container vc_col-sm-12\"><div class=\"vc_column-inner\"><div class=\"wpb_wrapper\">\n\t<div class=\"wpb_text_column wpb_content_element  vc_custom_1775036232758\" >\n\t\t<div class=\"wpb_wrapper\">\n\t\t\t<ol>\n<li>Lis\u00e4\u00e4 haluamasi tuotteet ostoskoriin ja siirry kassalle. Toimithan nopeasti, sill\u00e4 verkkokauppa on auki vain rajallisen ajan 7.\u201320.4.2026.<\/li>\n<li>Kassalla voit valita toimitusvaihtoehdoksi joko ilmaisen noudon KHKS:n p\u00e4ivystyksest\u00e4 tai lis\u00e4maksullisen toimituksen PostNordin noutopisteeseen ymp\u00e4ri Suomea.<\/li>\n<li>Tuotteiden valmistus aloitetaan tilausajan p\u00e4\u00e4ttymisen j\u00e4lkeen ja niiden toimitusaika on n. 4 viikkoa tilausajan p\u00e4\u00e4ttymisest\u00e4. Tilaukseen, tuotteisiin ja toimitukseen liittyviss\u00e4 kysymyksiss\u00e4 voit olla yhteydess\u00e4 info@kloffa.fi.<\/li>\n<\/ol>\n<p>&nbsp;<\/p>\n<p>Huomioithan, ett\u00e4 kustomoiduilla tuotteilla ei ole vaihto- tai palautusoikeutta, joten t\u00e4yt\u00e4 tilaus huolellisesti.<\/p>\n\n\t\t<\/div>\n\t<\/div>\n<div class=\"woocommerce columns-4\"><div class=\"wf-container dt-products  woo-hover products loading-effect-fade-in description-on-hover cart-btn-on-img wc-img-hover hide-description wc-grid\" data-padding=\"0px\" data-cur-page=\"1\" data-desktop-columns-num=\"4\" data-v-tablet-columns-num=\"2\" data-h-tablet-columns-num=\"3\" data-phone-columns-num=\"1\">\n\n<article class=\"post visible description-off product type-product post-211431 status-publish first instock product_cat-akuuttilaakarit has-post-thumbnail taxable shipping-taxable purchasable product-type-variable\">\n\n\t<figure class=\"woocom-project\">\n\t<div class=\"woo-buttons-on-img\">\n\n\t\t<a href=\"https:\/\/kauppa.kloffa.fi\/sv\/produkt\/akuuttilaakarien-vilutakki-vol-2-0\/\" class=\"alignnone layzr-bg\"><img loading=\"lazy\" decoding=\"async\" width=\"300\" height=\"300\" src=\"data:image\/svg+xml;charset=utf-8,%3Csvg xmlns%3D&#039;http%3A%2F%2Fwww.w3.org%2F2000%2Fsvg&#039; viewBox%3D&#039;0 0 300 300&#039;%2F%3E\" class=\"attachment-woocommerce_thumbnail size-woocommerce_thumbnail lazy-load preload-me\" alt=\"Akuuttil\u00e4\u00e4k\u00e4rien vilutakki vol 2.0\" data-src=\"https:\/\/kauppa.kloffa.fi\/wp-content\/uploads\/2026\/01\/Akuuttilaakarit-fleecetakki_trekker-300x300.jpg\" data-srcset=\"https:\/\/kauppa.kloffa.fi\/wp-content\/uploads\/2026\/01\/Akuuttilaakarit-fleecetakki_trekker-300x300.jpg 300w, https:\/\/kauppa.kloffa.fi\/wp-content\/uploads\/2026\/01\/Akuuttilaakarit-fleecetakki_trekker-1024x1024.jpg 1024w, https:\/\/kauppa.kloffa.fi\/wp-content\/uploads\/2026\/01\/Akuuttilaakarit-fleecetakki_trekker-150x150.jpg 150w, https:\/\/kauppa.kloffa.fi\/wp-content\/uploads\/2026\/01\/Akuuttilaakarit-fleecetakki_trekker-768x768.jpg 768w, https:\/\/kauppa.kloffa.fi\/wp-content\/uploads\/2026\/01\/Akuuttilaakarit-fleecetakki_trekker-1536x1536.jpg 1536w, https:\/\/kauppa.kloffa.fi\/wp-content\/uploads\/2026\/01\/Akuuttilaakarit-fleecetakki_trekker-2048x2048.jpg 2048w, https:\/\/kauppa.kloffa.fi\/wp-content\/uploads\/2026\/01\/Akuuttilaakarit-fleecetakki_trekker-12x12.jpg 12w, https:\/\/kauppa.kloffa.fi\/wp-content\/uploads\/2026\/01\/Akuuttilaakarit-fleecetakki_trekker-600x600.jpg 600w, https:\/\/kauppa.kloffa.fi\/wp-content\/uploads\/2026\/01\/Akuuttilaakarit-fleecetakki_trekker-200x200.jpg 200w\" \/><img loading=\"lazy\" decoding=\"async\" width=\"300\" height=\"300\" src=\"data:image\/svg+xml;charset=utf-8,%3Csvg xmlns%3D&#039;http%3A%2F%2Fwww.w3.org%2F2000%2Fsvg&#039; viewBox%3D&#039;0 0 300 300&#039;%2F%3E\" class=\"show-on-hover back-image lazy-load preload-me\" alt=\"\" data-src=\"https:\/\/kauppa.kloffa.fi\/wp-content\/uploads\/2026\/01\/Akuuttilaakarit-fleecetakki_trekker_V2-300x300.jpg\" data-srcset=\"https:\/\/kauppa.kloffa.fi\/wp-content\/uploads\/2026\/01\/Akuuttilaakarit-fleecetakki_trekker_V2-300x300.jpg 300w, https:\/\/kauppa.kloffa.fi\/wp-content\/uploads\/2026\/01\/Akuuttilaakarit-fleecetakki_trekker_V2-1024x1024.jpg 1024w, https:\/\/kauppa.kloffa.fi\/wp-content\/uploads\/2026\/01\/Akuuttilaakarit-fleecetakki_trekker_V2-150x150.jpg 150w, https:\/\/kauppa.kloffa.fi\/wp-content\/uploads\/2026\/01\/Akuuttilaakarit-fleecetakki_trekker_V2-768x768.jpg 768w, https:\/\/kauppa.kloffa.fi\/wp-content\/uploads\/2026\/01\/Akuuttilaakarit-fleecetakki_trekker_V2-1536x1536.jpg 1536w, https:\/\/kauppa.kloffa.fi\/wp-content\/uploads\/2026\/01\/Akuuttilaakarit-fleecetakki_trekker_V2-2048x2048.jpg 2048w, https:\/\/kauppa.kloffa.fi\/wp-content\/uploads\/2026\/01\/Akuuttilaakarit-fleecetakki_trekker_V2-12x12.jpg 12w, https:\/\/kauppa.kloffa.fi\/wp-content\/uploads\/2026\/01\/Akuuttilaakarit-fleecetakki_trekker_V2-600x600.jpg 600w, https:\/\/kauppa.kloffa.fi\/wp-content\/uploads\/2026\/01\/Akuuttilaakarit-fleecetakki_trekker_V2-200x200.jpg 200w\" \/><\/a>\n\t<\/div>\n\t<figcaption class=\"woocom-list-content\">\n\n\t\t<div class=\"woocommerce-product-details__short-description\">\n\t<p>Tyylik\u00e4s ja monik\u00e4ytt\u00f6inen unisex-fleecetakki, joka sopii erinomaisesti suomalaisiin s\u00e4\u00e4oloihin. Takin hihat ja alaosa on valmistettu Polar-fleece kankaasta ja yl\u00e4osa puolestaan softshell-kankaasta. Ekologiset materiaalit varmistavat huippulaadukkaan lopputuloksen. Oikeassa hihassa on brodeerattu logo ja vasempaan rintaan voit valita joko AKUUTTIL\u00c4\u00c4K\u00c4RI tai AKUUTTIL\u00c4\u00c4K\u00c4RI EVL -brodeerauksen sek\u00e4 halutessasi oman nimikoinnin.<\/p>\n<p>&nbsp;<\/p>\n<ul>\n<li>Malli: Unisex<\/li>\n<li>Mitoitus: Medium fit<\/li>\n<li>Materiaali: 100% kierr\u00e4tetty polyesteri\n<ul>\n<li>Harjattu polar-fleece kangas<\/li>\n<li>Softshell-kangas<\/li>\n<\/ul>\n<\/li>\n<li>Kangaspaino: 300g\/m2<\/li>\n<li>Sertifikaatit: GRS (Global Recycled Standard), Oeko-Tex 100 ja PETA Approved Vegan<\/li>\n<li>Softshell-p\u00e4\u00e4llyste rinnan ja yl\u00e4sel\u00e4n kohdalla<\/li>\n<li>Set-in \u00e4rmar<\/li>\n<li>Joustava viimeistely helmoissa<\/li>\n<li>Vetoketju ja vetoketjulliset taskut<\/li>\n<li>Tuotemitat l\u00f6ytyv\u00e4t gallerian viimeisest\u00e4 kuvasta<\/li>\n<\/ul>\n<p>&nbsp;<\/p>\n<p>&nbsp;<\/p>\n<p><a href=\"https:\/\/kauppa.kloffa.fi\/sv\/akukauppa\/\"><strong>TILLBAKA TILL HEMMSIDAN<\/strong><\/a><\/p>\n<p>&nbsp;<\/p>\n<p>Voit lis\u00e4t\u00e4 takkiin nimikoinnin alla olevaan kentt\u00e4\u00e4n (etunimi ja\/tai sukunimi, voit j\u00e4tt\u00e4\u00e4 halutessasi my\u00f6s kokonaan tyhj\u00e4ksi).<\/p>\n<\/div>\n\n\t<\/figcaption>\n<\/figure>\n\n<\/article>\n\n\n\n<article class=\"post visible description-off product type-product post-222874 status-publish instock product_cat-akuuttilaakarit has-post-thumbnail taxable shipping-taxable purchasable product-type-variable\">\n\n\t<figure class=\"woocom-project\">\n\t<div class=\"woo-buttons-on-img\">\n\n\t\t<a href=\"https:\/\/kauppa.kloffa.fi\/sv\/produkt\/sairaanhoitajien-vilutakki-vol-2-0\/\" class=\"alignnone layzr-bg\"><img loading=\"lazy\" decoding=\"async\" width=\"300\" height=\"300\" src=\"data:image\/svg+xml;charset=utf-8,%3Csvg xmlns%3D&#039;http%3A%2F%2Fwww.w3.org%2F2000%2Fsvg&#039; viewBox%3D&#039;0 0 300 300&#039;%2F%3E\" class=\"attachment-woocommerce_thumbnail size-woocommerce_thumbnail lazy-load preload-me\" alt=\"Sairaanhoitajien vilutakki vol 2.0\" data-src=\"https:\/\/kauppa.kloffa.fi\/wp-content\/uploads\/2026\/04\/Sairaanhoitajat-fleecetakki_trekker-300x300.jpg\" data-srcset=\"https:\/\/kauppa.kloffa.fi\/wp-content\/uploads\/2026\/04\/Sairaanhoitajat-fleecetakki_trekker-300x300.jpg 300w, https:\/\/kauppa.kloffa.fi\/wp-content\/uploads\/2026\/04\/Sairaanhoitajat-fleecetakki_trekker-1024x1024.jpg 1024w, https:\/\/kauppa.kloffa.fi\/wp-content\/uploads\/2026\/04\/Sairaanhoitajat-fleecetakki_trekker-150x150.jpg 150w, https:\/\/kauppa.kloffa.fi\/wp-content\/uploads\/2026\/04\/Sairaanhoitajat-fleecetakki_trekker-768x768.jpg 768w, https:\/\/kauppa.kloffa.fi\/wp-content\/uploads\/2026\/04\/Sairaanhoitajat-fleecetakki_trekker-1536x1536.jpg 1536w, https:\/\/kauppa.kloffa.fi\/wp-content\/uploads\/2026\/04\/Sairaanhoitajat-fleecetakki_trekker-2048x2048.jpg 2048w, https:\/\/kauppa.kloffa.fi\/wp-content\/uploads\/2026\/04\/Sairaanhoitajat-fleecetakki_trekker-12x12.jpg 12w, https:\/\/kauppa.kloffa.fi\/wp-content\/uploads\/2026\/04\/Sairaanhoitajat-fleecetakki_trekker-600x600.jpg 600w, https:\/\/kauppa.kloffa.fi\/wp-content\/uploads\/2026\/04\/Sairaanhoitajat-fleecetakki_trekker-200x200.jpg 200w\" \/><img loading=\"lazy\" decoding=\"async\" width=\"300\" height=\"300\" src=\"data:image\/svg+xml;charset=utf-8,%3Csvg xmlns%3D&#039;http%3A%2F%2Fwww.w3.org%2F2000%2Fsvg&#039; viewBox%3D&#039;0 0 300 300&#039;%2F%3E\" class=\"show-on-hover back-image lazy-load preload-me\" alt=\"\" data-src=\"https:\/\/kauppa.kloffa.fi\/wp-content\/uploads\/2026\/01\/SFM5_STJU242_C002-300x300.jpg\" data-srcset=\"https:\/\/kauppa.kloffa.fi\/wp-content\/uploads\/2026\/01\/SFM5_STJU242_C002-300x300.jpg 300w, https:\/\/kauppa.kloffa.fi\/wp-content\/uploads\/2026\/01\/SFM5_STJU242_C002-150x150.jpg 150w, https:\/\/kauppa.kloffa.fi\/wp-content\/uploads\/2026\/01\/SFM5_STJU242_C002-200x200.jpg 200w\" \/><\/a>\n\t<\/div>\n\t<figcaption class=\"woocom-list-content\">\n\n\t\t<div class=\"woocommerce-product-details__short-description\">\n\t<p>Tyylik\u00e4s ja monik\u00e4ytt\u00f6inen unisex-fleecetakki, joka sopii erinomaisesti suomalaisiin s\u00e4\u00e4oloihin. Takin hihat ja alaosa on valmistettu Polar-fleece kankaasta ja yl\u00e4osa puolestaan softshell-kankaasta. Ekologiset materiaalit varmistavat huippulaadukkaan lopputuloksen. Oikeassa hihassa on brodeerattu logo ja vasemmassa rinnassa SAIRAANHOITAJA-brodeeraus sek\u00e4 halutessasi voit lis\u00e4t\u00e4 oman nimikoinnin.<\/p>\n<p>&nbsp;<\/p>\n<ul>\n<li>Malli: Unisex<\/li>\n<li>Mitoitus: Medium fit<\/li>\n<li>Materiaali: 100% kierr\u00e4tetty polyesteri\n<ul>\n<li>Harjattu polar-fleece kangas<\/li>\n<li>Softshell-kangas<\/li>\n<\/ul>\n<\/li>\n<li>Kangaspaino: 300g\/m2<\/li>\n<li>Sertifikaatit: GRS (Global Recycled Standard), Oeko-Tex 100 ja PETA Approved Vegan<\/li>\n<li>Softshell-p\u00e4\u00e4llyste rinnan ja yl\u00e4sel\u00e4n kohdalla<\/li>\n<li>Set-in \u00e4rmar<\/li>\n<li>Joustava viimeistely helmoissa<\/li>\n<li>Vetoketju ja vetoketjulliset taskut<\/li>\n<li>Tuotemitat l\u00f6ytyv\u00e4t gallerian viimeisest\u00e4 kuvasta<\/li>\n<\/ul>\n<p>&nbsp;<\/p>\n<p>&nbsp;<\/p>\n<p><a href=\"https:\/\/kauppa.kloffa.fi\/sv\/akukauppa\/\"><strong>TILLBAKA TILL HEMMSIDAN<\/strong><\/a><\/p>\n<p>&nbsp;<\/p>\n<p>Voit lis\u00e4t\u00e4 takkiin nimikoinnin alla olevaan kentt\u00e4\u00e4n (etunimi ja\/tai sukunimi, voit j\u00e4tt\u00e4\u00e4 halutessasi my\u00f6s kokonaan tyhj\u00e4ksi).<\/p>\n<\/div>\n\n\t<\/figcaption>\n<\/figure>\n\n<\/article>\n\n<\/div><\/div><\/div><\/div><\/div><\/div><div class=\"vc_row wpb_row vc_row-fluid\"><div class=\"wpb_column vc_column_container vc_col-sm-12\"><div class=\"vc_column-inner\"><div class=\"wpb_wrapper\"><\/div><\/div><\/div><\/div>\n<\/div>","protected":false},"excerpt":{"rendered":"<p>AKUKAUPPAT\u00e4\u00e4lt\u00e4 tilaat helposti yhteis\u00f6si ekologiset ja vastuulliset tuotteet! Lis\u00e4\u00e4 haluamasi tuotteet ostoskoriin ja siirry kassalle. Toimithan nopeasti, sill\u00e4 verkkokauppa on auki vain rajallisen ajan 7.\u201320.4.2026. Kassalla voit valita toimitusvaihtoehdoksi joko ilmaisen noudon KHKS:n p\u00e4ivystyksest\u00e4 tai lis\u00e4maksullisen toimituksen PostNordin noutopisteeseen ymp\u00e4ri Suomea. Tuotteiden valmistus aloitetaan tilausajan p\u00e4\u00e4ttymisen j\u00e4lkeen ja niiden toimitusaika on n. 4 viikkoa tilausajan&hellip;<\/p>","protected":false},"author":1,"featured_media":0,"parent":0,"menu_order":0,"comment_status":"closed","ping_status":"closed","template":"","meta":{"footnotes":""},"class_list":["post-211481","page","type-page","status-publish","hentry","description-off"],"_links":{"self":[{"href":"https:\/\/kauppa.kloffa.fi\/sv\/wp-json\/wp\/v2\/pages\/211481","targetHints":{"allow":["GET"]}}],"collection":[{"href":"https:\/\/kauppa.kloffa.fi\/sv\/wp-json\/wp\/v2\/pages"}],"about":[{"href":"https:\/\/kauppa.kloffa.fi\/sv\/wp-json\/wp\/v2\/types\/page"}],"author":[{"embeddable":true,"href":"https:\/\/kauppa.kloffa.fi\/sv\/wp-json\/wp\/v2\/users\/1"}],"replies":[{"embeddable":true,"href":"https:\/\/kauppa.kloffa.fi\/sv\/wp-json\/wp\/v2\/comments?post=211481"}],"version-history":[{"count":9,"href":"https:\/\/kauppa.kloffa.fi\/sv\/wp-json\/wp\/v2\/pages\/211481\/revisions"}],"predecessor-version":[{"id":222889,"href":"https:\/\/kauppa.kloffa.fi\/sv\/wp-json\/wp\/v2\/pages\/211481\/revisions\/222889"}],"wp:attachment":[{"href":"https:\/\/kauppa.kloffa.fi\/sv\/wp-json\/wp\/v2\/media?parent=211481"}],"curies":[{"name":"wp","href":"https:\/\/api.w.org\/{rel}","templated":true}]}}