{"id":223454,"date":"2026-04-09T14:31:26","date_gmt":"2026-04-09T12:31:26","guid":{"rendered":"https:\/\/kauppa.kloffa.fi\/?page_id=223454"},"modified":"2026-04-13T10:37:49","modified_gmt":"2026-04-13T08:37:49","slug":"tesoman-sinisiskot","status":"publish","type":"page","link":"https:\/\/kauppa.kloffa.fi\/sv\/tesoman-sinisiskot\/","title":{"rendered":"Tesoman Sinisiskot"},"content":{"rendered":"<div class=\"wpb-content-wrapper\"><div class=\"vc_row wpb_row vc_row-fluid vc_custom_1605696737057\"><div class=\"wpb_column vc_column_container vc_col-sm-12\"><div class=\"vc_column-inner vc_custom_1604579954038\"><div class=\"wpb_wrapper\"><div class=\"vc_empty_space\"   style=\"height: 42px\"><span class=\"vc_empty_space_inner\"><\/span><\/div><h2 style=\"font-size: 42px;color: #000000;text-align: center;font-family:Open Sans;font-weight:800;font-style:normal\" class=\"vc_custom_heading vc_do_custom_heading wpb_animate_when_almost_visible wpb_fadeIn fadeIn vc_custom_1724443984853\" >TESOMAN SINISISKOJEN MERCH-KAUPPA<\/h2><h2 style=\"font-size: 30px;color: #000000;text-align: center;font-family:Open Sans;font-weight:600;font-style:normal\" class=\"vc_custom_heading vc_do_custom_heading wpb_animate_when_almost_visible wpb_fadeIn fadeIn vc_custom_1733755817234\" >T\u00e4\u00e4lt\u00e4 tilaat helposti yhteis\u00f6si ekologiset ja vastuulliset tuotteet!<\/h2><\/div><\/div><\/div><\/div><div class=\"vc_row wpb_row vc_row-fluid\"><div class=\"wpb_column vc_column_container vc_col-sm-12\"><div class=\"vc_column-inner\"><div class=\"wpb_wrapper\"><div class=\"vc_empty_space\"   style=\"height: 35px\"><span class=\"vc_empty_space_inner\"><\/span><\/div>\n\t<div  class=\"wpb_single_image wpb_content_element vc_align_center\">\n\t\t\n\t\t<figure class=\"wpb_wrapper vc_figure\">\n\t\t\t<div class=\"vc_single_image-wrapper   vc_box_border_grey\"><img decoding=\"async\" class=\"vc_single_image-img\" src=\"https:\/\/kauppa.kloffa.fi\/wp-content\/uploads\/2026\/04\/TeSi-logo3-etusivu-500x500.jpg\" width=\"500\" height=\"500\" alt=\"\" title=\"\" loading=\"lazy\"  data-dt-location=\"https:\/\/kauppa.kloffa.fi\/sv\/?attachment_id=223381\" \/><\/div>\n\t\t<\/figure>\n\t<\/div>\n<div class=\"vc_empty_space\"   style=\"height: 35px\"><span class=\"vc_empty_space_inner\"><\/span><\/div><\/div><\/div><\/div><\/div><div class=\"vc_row wpb_row vc_row-fluid\"><div class=\"wpb_column vc_column_container vc_col-sm-12\"><div class=\"vc_column-inner\"><div class=\"wpb_wrapper\">\n\t<div class=\"wpb_text_column wpb_content_element  vc_custom_1776069468254\" >\n\t\t<div class=\"wpb_wrapper\">\n\t\t\t<ol>\n<li>Lis\u00e4\u00e4 haluamasi tuotteet ostoskoriin ja siirry kassalle. Toimithan nopeasti, sill\u00e4 verkkokauppa on auki vain rajallisen ajan 20.4\u201310.5.2026.<\/li>\n<li>Kassalla voit valita toimitusvaihtoehdoksi joko ilmaisen noudon Tesoman Sinisiskojen toimistolta tai lis\u00e4maksullisen toimituksen PostNordin noutopisteeseen ymp\u00e4ri Suomea.<\/li>\n<li>Tuotteiden valmistus aloitetaan tilausajan p\u00e4\u00e4ttymisen j\u00e4lkeen ja niiden toimitusaika on n. 4-5 viikkoa tilausajan p\u00e4\u00e4ttymisest\u00e4. Tilaukseen, tuotteisiin ja toimitukseen liittyviss\u00e4 kysymyksiss\u00e4 voit olla yhteydess\u00e4 info@kloffa.fi.<\/li>\n<\/ol>\n<p>&nbsp;<\/p>\n<p>Huomioithan, ett\u00e4 kustomoiduilla tuotteilla ei ole vaihto- tai palautusoikeutta, joten t\u00e4yt\u00e4 tilaus huolellisesti.<\/p>\n\n\t\t<\/div>\n\t<\/div>\n<div class=\"woocommerce columns-4\"><div class=\"wf-container dt-products  woo-hover products loading-effect-fade-in description-on-hover cart-btn-on-img wc-img-hover hide-description wc-grid\" data-padding=\"0px\" data-cur-page=\"1\" data-desktop-columns-num=\"4\" data-v-tablet-columns-num=\"2\" data-h-tablet-columns-num=\"3\" data-phone-columns-num=\"1\">\n\n<article class=\"post visible description-off product type-product post-223272 status-publish first instock product_cat-tesoman-sinisiskot has-post-thumbnail taxable shipping-taxable purchasable product-type-variable\">\n\n\t<figure class=\"woocom-project\">\n\t<div class=\"woo-buttons-on-img\">\n\n\t\t<a href=\"https:\/\/kauppa.kloffa.fi\/sv\/produkt\/tesi-huppari\/\" class=\"alignnone layzr-bg\"><img loading=\"lazy\" decoding=\"async\" width=\"300\" height=\"300\" src=\"data:image\/svg+xml;charset=utf-8,%3Csvg xmlns%3D&#039;http%3A%2F%2Fwww.w3.org%2F2000%2Fsvg&#039; viewBox%3D&#039;0 0 300 300&#039;%2F%3E\" class=\"attachment-woocommerce_thumbnail size-woocommerce_thumbnail lazy-load preload-me\" alt=\"TeSi Huppari\" data-src=\"https:\/\/kauppa.kloffa.fi\/wp-content\/uploads\/2026\/04\/TeSi-huppari_cruiser-2.0_selka-bright-blue-300x300.jpg\" data-srcset=\"https:\/\/kauppa.kloffa.fi\/wp-content\/uploads\/2026\/04\/TeSi-huppari_cruiser-2.0_selka-bright-blue-300x300.jpg 300w, https:\/\/kauppa.kloffa.fi\/wp-content\/uploads\/2026\/04\/TeSi-huppari_cruiser-2.0_selka-bright-blue-1024x1024.jpg 1024w, https:\/\/kauppa.kloffa.fi\/wp-content\/uploads\/2026\/04\/TeSi-huppari_cruiser-2.0_selka-bright-blue-150x150.jpg 150w, https:\/\/kauppa.kloffa.fi\/wp-content\/uploads\/2026\/04\/TeSi-huppari_cruiser-2.0_selka-bright-blue-768x768.jpg 768w, https:\/\/kauppa.kloffa.fi\/wp-content\/uploads\/2026\/04\/TeSi-huppari_cruiser-2.0_selka-bright-blue-1536x1536.jpg 1536w, https:\/\/kauppa.kloffa.fi\/wp-content\/uploads\/2026\/04\/TeSi-huppari_cruiser-2.0_selka-bright-blue-12x12.jpg 12w, https:\/\/kauppa.kloffa.fi\/wp-content\/uploads\/2026\/04\/TeSi-huppari_cruiser-2.0_selka-bright-blue-600x600.jpg 600w, https:\/\/kauppa.kloffa.fi\/wp-content\/uploads\/2026\/04\/TeSi-huppari_cruiser-2.0_selka-bright-blue-200x200.jpg 200w, https:\/\/kauppa.kloffa.fi\/wp-content\/uploads\/2026\/04\/TeSi-huppari_cruiser-2.0_selka-bright-blue.jpg 1700w\" \/><img loading=\"lazy\" decoding=\"async\" width=\"300\" height=\"300\" src=\"data:image\/svg+xml;charset=utf-8,%3Csvg xmlns%3D&#039;http%3A%2F%2Fwww.w3.org%2F2000%2Fsvg&#039; viewBox%3D&#039;0 0 300 300&#039;%2F%3E\" class=\"show-on-hover back-image lazy-load preload-me\" alt=\"\" data-src=\"https:\/\/kauppa.kloffa.fi\/wp-content\/uploads\/2026\/04\/SFM6_STSU177_C053-300x300.jpg\" data-srcset=\"https:\/\/kauppa.kloffa.fi\/wp-content\/uploads\/2026\/04\/SFM6_STSU177_C053-300x300.jpg 300w, https:\/\/kauppa.kloffa.fi\/wp-content\/uploads\/2026\/04\/SFM6_STSU177_C053-150x150.jpg 150w, https:\/\/kauppa.kloffa.fi\/wp-content\/uploads\/2026\/04\/SFM6_STSU177_C053-200x200.jpg 200w\" \/><\/a>\n\t<\/div>\n\t<figcaption class=\"woocom-list-content\">\n\n\t\t<div class=\"woocommerce-product-details__short-description\">\n\t<p>T\u00e4ss\u00e4 luomupuuvillasta valmistetussa hupparissa yhdistyv\u00e4t sek\u00e4 ekologisuus ett\u00e4 mukavuus. Paksu 350g\/m2 kangas ja laadukkaat viimeistelyt. Moderni medium fit mitoitus, jossa hupparin mittoihin on lis\u00e4tty hieman v\u00e4ljyytt\u00e4 mukavan istuvuuden takaamiseksi. Tyylikk\u00e4\u00e4n loppusilauksen viimeistelee Tesoman Sinisiskojen logopainatus, joka l\u00f6ytyy hupparin selk\u00e4puolelta.<\/p>\n<p>&nbsp;<\/p>\n<ul>\n<li>Unisex<\/li>\n<li>Mitoitus: Modern medium fit<\/li>\n<li>Materiaali: 100% luomupuuvilla<\/li>\n<li>Kankaan paksuus: 350 g\/m2<\/li>\n<li>Sertifikaatit: GOTS, Oeko-Tex 100 ja PETA Approved Vegan<\/li>\n<li>Alkuper\u00e4maa: Bangladesh<\/li>\n<li>Set-in \u00e4rmar<\/li>\n<li>Elastisk \u00e4rm och res\u00e5r i midjan<\/li>\n<li>Tuotemitat l\u00f6ytyv\u00e4t gallerian viimeisest\u00e4 kuvasta<\/li>\n<\/ul>\n<p>&nbsp;<\/p>\n<p>&nbsp;<\/p>\n<p><a href=\"https:\/\/kauppa.kloffa.fi\/sv\/tesoman-sinisiskot\/\"><strong>TILLBAKA TILL HEMMSIDAN<\/strong><\/a><\/p>\n<\/div>\n\n\t<\/figcaption>\n<\/figure>\n\n<\/article>\n\n\n\n<article class=\"post visible description-off product type-product post-223399 status-publish instock product_cat-tesoman-sinisiskot has-post-thumbnail taxable shipping-taxable purchasable product-type-variable\">\n\n\t<figure class=\"woocom-project\">\n\t<div class=\"woo-buttons-on-img\">\n\n\t\t<a href=\"https:\/\/kauppa.kloffa.fi\/sv\/produkt\/tesi-huppari-lapset\/\" class=\"alignnone layzr-bg\"><img loading=\"lazy\" decoding=\"async\" width=\"300\" height=\"300\" src=\"data:image\/svg+xml;charset=utf-8,%3Csvg xmlns%3D&#039;http%3A%2F%2Fwww.w3.org%2F2000%2Fsvg&#039; viewBox%3D&#039;0 0 300 300&#039;%2F%3E\" class=\"attachment-woocommerce_thumbnail size-woocommerce_thumbnail lazy-load preload-me\" alt=\"TeSi Huppari (lapset)\" data-src=\"https:\/\/kauppa.kloffa.fi\/wp-content\/uploads\/2026\/04\/TeSi-huppari_mini-cruiser-2.0_selka-bright-blue-300x300.jpg\" data-srcset=\"https:\/\/kauppa.kloffa.fi\/wp-content\/uploads\/2026\/04\/TeSi-huppari_mini-cruiser-2.0_selka-bright-blue-300x300.jpg 300w, https:\/\/kauppa.kloffa.fi\/wp-content\/uploads\/2026\/04\/TeSi-huppari_mini-cruiser-2.0_selka-bright-blue-1024x1024.jpg 1024w, https:\/\/kauppa.kloffa.fi\/wp-content\/uploads\/2026\/04\/TeSi-huppari_mini-cruiser-2.0_selka-bright-blue-150x150.jpg 150w, https:\/\/kauppa.kloffa.fi\/wp-content\/uploads\/2026\/04\/TeSi-huppari_mini-cruiser-2.0_selka-bright-blue-768x768.jpg 768w, https:\/\/kauppa.kloffa.fi\/wp-content\/uploads\/2026\/04\/TeSi-huppari_mini-cruiser-2.0_selka-bright-blue-1536x1536.jpg 1536w, https:\/\/kauppa.kloffa.fi\/wp-content\/uploads\/2026\/04\/TeSi-huppari_mini-cruiser-2.0_selka-bright-blue-12x12.jpg 12w, https:\/\/kauppa.kloffa.fi\/wp-content\/uploads\/2026\/04\/TeSi-huppari_mini-cruiser-2.0_selka-bright-blue-600x600.jpg 600w, https:\/\/kauppa.kloffa.fi\/wp-content\/uploads\/2026\/04\/TeSi-huppari_mini-cruiser-2.0_selka-bright-blue-200x200.jpg 200w, https:\/\/kauppa.kloffa.fi\/wp-content\/uploads\/2026\/04\/TeSi-huppari_mini-cruiser-2.0_selka-bright-blue.jpg 1700w\" \/><img loading=\"lazy\" decoding=\"async\" width=\"300\" height=\"300\" src=\"data:image\/svg+xml;charset=utf-8,%3Csvg xmlns%3D&#039;http%3A%2F%2Fwww.w3.org%2F2000%2Fsvg&#039; viewBox%3D&#039;0 0 300 300&#039;%2F%3E\" class=\"show-on-hover back-image lazy-load preload-me\" alt=\"\" data-src=\"https:\/\/kauppa.kloffa.fi\/wp-content\/uploads\/2026\/04\/PFM0_STSK180_C053-kopio-2-300x300.jpg\" data-srcset=\"https:\/\/kauppa.kloffa.fi\/wp-content\/uploads\/2026\/04\/PFM0_STSK180_C053-kopio-2-300x300.jpg 300w, https:\/\/kauppa.kloffa.fi\/wp-content\/uploads\/2026\/04\/PFM0_STSK180_C053-kopio-2-1024x1024.jpg 1024w, https:\/\/kauppa.kloffa.fi\/wp-content\/uploads\/2026\/04\/PFM0_STSK180_C053-kopio-2-150x150.jpg 150w, https:\/\/kauppa.kloffa.fi\/wp-content\/uploads\/2026\/04\/PFM0_STSK180_C053-kopio-2-768x768.jpg 768w, https:\/\/kauppa.kloffa.fi\/wp-content\/uploads\/2026\/04\/PFM0_STSK180_C053-kopio-2-1536x1536.jpg 1536w, https:\/\/kauppa.kloffa.fi\/wp-content\/uploads\/2026\/04\/PFM0_STSK180_C053-kopio-2-12x12.jpg 12w, https:\/\/kauppa.kloffa.fi\/wp-content\/uploads\/2026\/04\/PFM0_STSK180_C053-kopio-2-600x600.jpg 600w, https:\/\/kauppa.kloffa.fi\/wp-content\/uploads\/2026\/04\/PFM0_STSK180_C053-kopio-2-200x200.jpg 200w, https:\/\/kauppa.kloffa.fi\/wp-content\/uploads\/2026\/04\/PFM0_STSK180_C053-kopio-2.jpg 1600w\" \/><\/a>\n\t<\/div>\n\t<figcaption class=\"woocom-list-content\">\n\n\t\t<div class=\"woocommerce-product-details__short-description\">\n\t<p>T\u00e4ss\u00e4 lapsille mitoitetussa hupparissa yhdistyy sek\u00e4 ekologisuus ett\u00e4 mukavuus. Tyylikk\u00e4\u00e4n loppusilauksen viimeistelee Tesoman Sinisiskojen logopainatus hupparin sel\u00e4ss\u00e4.<\/p>\n<p>&nbsp;<\/p>\n<ul>\n<li>Lasten mitoitus<\/li>\n<li>Materiaali: 100% luomupuuvilla<\/li>\n<li>Alkuper\u00e4maa: Bangladesh<\/li>\n<li>Kangaspaino: 300 g\/m2<\/li>\n<li>Set-in \u00e4rmar<\/li>\n<li>Sertifikaatit: GOTS, Oeko-Tex 100 ja PETA Approved Vegan<\/li>\n<li>Tuotemitat l\u00f6ytyv\u00e4t gallerian viimeisest\u00e4 kuvasta<\/li>\n<\/ul>\n<p>&nbsp;<\/p>\n<p>&nbsp;<\/p>\n<p><a href=\"https:\/\/kauppa.kloffa.fi\/sv\/tesoman-sinisiskot\/\"><strong>TILLBAKA TILL HEMMSIDAN<\/strong><\/a><\/p>\n<\/div>\n\n\t<\/figcaption>\n<\/figure>\n\n<\/article>\n\n\n\n<article class=\"post visible description-off product type-product post-223452 status-publish instock product_cat-tesoman-sinisiskot has-post-thumbnail taxable shipping-taxable purchasable product-type-variable\">\n\n\t<figure class=\"woocom-project\">\n\t<div class=\"woo-buttons-on-img\">\n\n\t\t<a href=\"https:\/\/kauppa.kloffa.fi\/sv\/produkt\/tesi-kalastajahattu\/\" class=\"alignnone layzr-bg\"><img loading=\"lazy\" decoding=\"async\" width=\"300\" height=\"300\" src=\"data:image\/svg+xml;charset=utf-8,%3Csvg xmlns%3D&#039;http%3A%2F%2Fwww.w3.org%2F2000%2Fsvg&#039; viewBox%3D&#039;0 0 300 300&#039;%2F%3E\" class=\"attachment-woocommerce_thumbnail size-woocommerce_thumbnail lazy-load preload-me\" alt=\"TeSi Kalastajahattu\" data-src=\"https:\/\/kauppa.kloffa.fi\/wp-content\/uploads\/2026\/04\/TeSi-bucket-hat_navy-300x300.jpg\" data-srcset=\"https:\/\/kauppa.kloffa.fi\/wp-content\/uploads\/2026\/04\/TeSi-bucket-hat_navy-300x300.jpg 300w, https:\/\/kauppa.kloffa.fi\/wp-content\/uploads\/2026\/04\/TeSi-bucket-hat_navy-150x150.jpg 150w, https:\/\/kauppa.kloffa.fi\/wp-content\/uploads\/2026\/04\/TeSi-bucket-hat_navy-12x12.jpg 12w, https:\/\/kauppa.kloffa.fi\/wp-content\/uploads\/2026\/04\/TeSi-bucket-hat_navy-200x200.jpg 200w, https:\/\/kauppa.kloffa.fi\/wp-content\/uploads\/2026\/04\/TeSi-bucket-hat_navy.jpg 600w\" \/><\/a>\n\t<\/div>\n\t<figcaption class=\"woocom-list-content\">\n\n\t\t<div class=\"woocommerce-product-details__short-description\">\n\t<p>T\u00e4t\u00e4 kalastajahattua ei ole tarkoitettu vain kalastukseen. T\u00e4st\u00e4 eteenp\u00e4in se on ykk\u00f6sasusteesi leirill\u00e4, retkill\u00e4, kotona ja koulussa. Hattu on vastuullisesti 100% kierr\u00e4tysmateriaalista valmistettu ja tyylitelty Tesoman Sinisiskojen logopainatuksella.<\/p>\n<p>&nbsp;<\/p>\n<ul>\n<li>Merkki: Atlantis<\/li>\n<li>Koko: one size<\/li>\n<li>Materiaali: 100% kierr\u00e4tetty polyesteri<\/li>\n<li>Sertifikaatit: GRS (Global Recycled Standard)<\/li>\n<\/ul>\n<p>&nbsp;<\/p>\n<p>&nbsp;<\/p>\n<p><a href=\"https:\/\/kauppa.kloffa.fi\/sv\/tesoman-sinisiskot\/\"><strong>TILLBAKA TILL HEMMSIDAN<\/strong><\/a><\/p>\n<\/div>\n\n\t<\/figcaption>\n<\/figure>\n\n<\/article>\n\n\n\n<article class=\"post visible description-off product type-product post-223425 status-publish last instock product_cat-tesoman-sinisiskot has-post-thumbnail taxable shipping-taxable purchasable product-type-variable\">\n\n\t<figure class=\"woocom-project\">\n\t<div class=\"woo-buttons-on-img\">\n\n\t\t<a href=\"https:\/\/kauppa.kloffa.fi\/sv\/produkt\/tesi-t-paita\/\" class=\"alignnone layzr-bg\"><img loading=\"lazy\" decoding=\"async\" width=\"300\" height=\"300\" src=\"data:image\/svg+xml;charset=utf-8,%3Csvg xmlns%3D&#039;http%3A%2F%2Fwww.w3.org%2F2000%2Fsvg&#039; viewBox%3D&#039;0 0 300 300&#039;%2F%3E\" class=\"attachment-woocommerce_thumbnail size-woocommerce_thumbnail lazy-load preload-me\" alt=\"TeSi T-Paita\" data-src=\"https:\/\/kauppa.kloffa.fi\/wp-content\/uploads\/2026\/04\/TeSi-t-paita_creator-2.0_selka-lavender-300x300.jpg\" data-srcset=\"https:\/\/kauppa.kloffa.fi\/wp-content\/uploads\/2026\/04\/TeSi-t-paita_creator-2.0_selka-lavender-300x300.jpg 300w, https:\/\/kauppa.kloffa.fi\/wp-content\/uploads\/2026\/04\/TeSi-t-paita_creator-2.0_selka-lavender-1024x1024.jpg 1024w, https:\/\/kauppa.kloffa.fi\/wp-content\/uploads\/2026\/04\/TeSi-t-paita_creator-2.0_selka-lavender-150x150.jpg 150w, https:\/\/kauppa.kloffa.fi\/wp-content\/uploads\/2026\/04\/TeSi-t-paita_creator-2.0_selka-lavender-768x768.jpg 768w, https:\/\/kauppa.kloffa.fi\/wp-content\/uploads\/2026\/04\/TeSi-t-paita_creator-2.0_selka-lavender-1536x1536.jpg 1536w, https:\/\/kauppa.kloffa.fi\/wp-content\/uploads\/2026\/04\/TeSi-t-paita_creator-2.0_selka-lavender-12x12.jpg 12w, https:\/\/kauppa.kloffa.fi\/wp-content\/uploads\/2026\/04\/TeSi-t-paita_creator-2.0_selka-lavender-600x600.jpg 600w, https:\/\/kauppa.kloffa.fi\/wp-content\/uploads\/2026\/04\/TeSi-t-paita_creator-2.0_selka-lavender-200x200.jpg 200w, https:\/\/kauppa.kloffa.fi\/wp-content\/uploads\/2026\/04\/TeSi-t-paita_creator-2.0_selka-lavender.jpg 1600w\" \/><img loading=\"lazy\" decoding=\"async\" width=\"300\" height=\"300\" src=\"data:image\/svg+xml;charset=utf-8,%3Csvg xmlns%3D&#039;http%3A%2F%2Fwww.w3.org%2F2000%2Fsvg&#039; viewBox%3D&#039;0 0 300 300&#039;%2F%3E\" class=\"show-on-hover back-image lazy-load preload-me\" alt=\"\" data-src=\"https:\/\/kauppa.kloffa.fi\/wp-content\/uploads\/2026\/04\/SFM5_STTU169_C063-300x300.jpg\" data-srcset=\"https:\/\/kauppa.kloffa.fi\/wp-content\/uploads\/2026\/04\/SFM5_STTU169_C063-300x300.jpg 300w, https:\/\/kauppa.kloffa.fi\/wp-content\/uploads\/2026\/04\/SFM5_STTU169_C063-150x150.jpg 150w, https:\/\/kauppa.kloffa.fi\/wp-content\/uploads\/2026\/04\/SFM5_STTU169_C063-200x200.jpg 200w\" \/><\/a>\n\t<\/div>\n\t<figcaption class=\"woocom-list-content\">\n\n\t\t<div class=\"woocommerce-product-details__short-description\">\n\t<p>Luomupuuvillasta valmistettu ekologinen t-paita koristeltuna Tesoman Sinisiskojen logopainatuksella. Painatus l\u00f6ytyy paidan sel\u00e4st\u00e4. T-paidan hihat ja reunat on viimeistelty tuplatikkauksella.<\/p>\n<p>&nbsp;<\/p>\n<ul>\n<li>Unisex<\/li>\n<li>Mitoitus: Medium fit<\/li>\n<li>Materiaali: 100% luomupuuvilla<\/li>\n<li>Alkuper\u00e4maa: Bangladesh<\/li>\n<li>Kangaspaino: 180 g\/m2<\/li>\n<li>Sertifikaatit: GOTS, Oeko-Tex 100 ja PETA Approved Vegan<\/li>\n<li>Set-in \u00e4rmar<\/li>\n<li>Tuotemitat l\u00f6ytyv\u00e4t gallerian viimeisest\u00e4 kuvasta<\/li>\n<\/ul>\n<p>&nbsp;<\/p>\n<p>&nbsp;<\/p>\n<p><a href=\"https:\/\/kauppa.kloffa.fi\/sv\/tesoman-sinisiskot\/\"><strong>TILLBAKA TILL HEMMSIDAN<\/strong><\/a><\/p>\n<\/div>\n\n\t<\/figcaption>\n<\/figure>\n\n<\/article>\n\n\n\n<article class=\"post visible description-off product type-product post-223438 status-publish first instock product_cat-tesoman-sinisiskot has-post-thumbnail taxable shipping-taxable purchasable product-type-variable\">\n\n\t<figure class=\"woocom-project\">\n\t<div class=\"woo-buttons-on-img\">\n\n\t\t<a href=\"https:\/\/kauppa.kloffa.fi\/sv\/produkt\/tesi-t-paita-lapset\/\" class=\"alignnone layzr-bg\"><img loading=\"lazy\" decoding=\"async\" width=\"300\" height=\"300\" src=\"data:image\/svg+xml;charset=utf-8,%3Csvg xmlns%3D&#039;http%3A%2F%2Fwww.w3.org%2F2000%2Fsvg&#039; viewBox%3D&#039;0 0 300 300&#039;%2F%3E\" class=\"attachment-woocommerce_thumbnail size-woocommerce_thumbnail lazy-load preload-me\" alt=\"TeSi T-Paita (lapset)\" data-src=\"https:\/\/kauppa.kloffa.fi\/wp-content\/uploads\/2026\/04\/TeSi-t-paita_mini-creator-2.0_selka-lavender-300x300.jpg\" data-srcset=\"https:\/\/kauppa.kloffa.fi\/wp-content\/uploads\/2026\/04\/TeSi-t-paita_mini-creator-2.0_selka-lavender-300x300.jpg 300w, https:\/\/kauppa.kloffa.fi\/wp-content\/uploads\/2026\/04\/TeSi-t-paita_mini-creator-2.0_selka-lavender-1024x1024.jpg 1024w, https:\/\/kauppa.kloffa.fi\/wp-content\/uploads\/2026\/04\/TeSi-t-paita_mini-creator-2.0_selka-lavender-150x150.jpg 150w, https:\/\/kauppa.kloffa.fi\/wp-content\/uploads\/2026\/04\/TeSi-t-paita_mini-creator-2.0_selka-lavender-768x768.jpg 768w, https:\/\/kauppa.kloffa.fi\/wp-content\/uploads\/2026\/04\/TeSi-t-paita_mini-creator-2.0_selka-lavender-1536x1536.jpg 1536w, https:\/\/kauppa.kloffa.fi\/wp-content\/uploads\/2026\/04\/TeSi-t-paita_mini-creator-2.0_selka-lavender-12x12.jpg 12w, https:\/\/kauppa.kloffa.fi\/wp-content\/uploads\/2026\/04\/TeSi-t-paita_mini-creator-2.0_selka-lavender-600x600.jpg 600w, https:\/\/kauppa.kloffa.fi\/wp-content\/uploads\/2026\/04\/TeSi-t-paita_mini-creator-2.0_selka-lavender-200x200.jpg 200w, https:\/\/kauppa.kloffa.fi\/wp-content\/uploads\/2026\/04\/TeSi-t-paita_mini-creator-2.0_selka-lavender.jpg 1600w\" \/><img loading=\"lazy\" decoding=\"async\" width=\"300\" height=\"300\" src=\"data:image\/svg+xml;charset=utf-8,%3Csvg xmlns%3D&#039;http%3A%2F%2Fwww.w3.org%2F2000%2Fsvg&#039; viewBox%3D&#039;0 0 300 300&#039;%2F%3E\" class=\"show-on-hover back-image lazy-load preload-me\" alt=\"\" data-src=\"https:\/\/kauppa.kloffa.fi\/wp-content\/uploads\/2026\/04\/PFM0_STTK184_C063-kopio-2-300x300.jpg\" data-srcset=\"https:\/\/kauppa.kloffa.fi\/wp-content\/uploads\/2026\/04\/PFM0_STTK184_C063-kopio-2-300x300.jpg 300w, https:\/\/kauppa.kloffa.fi\/wp-content\/uploads\/2026\/04\/PFM0_STTK184_C063-kopio-2-1024x1024.jpg 1024w, https:\/\/kauppa.kloffa.fi\/wp-content\/uploads\/2026\/04\/PFM0_STTK184_C063-kopio-2-150x150.jpg 150w, https:\/\/kauppa.kloffa.fi\/wp-content\/uploads\/2026\/04\/PFM0_STTK184_C063-kopio-2-768x768.jpg 768w, https:\/\/kauppa.kloffa.fi\/wp-content\/uploads\/2026\/04\/PFM0_STTK184_C063-kopio-2-1536x1536.jpg 1536w, https:\/\/kauppa.kloffa.fi\/wp-content\/uploads\/2026\/04\/PFM0_STTK184_C063-kopio-2-12x12.jpg 12w, https:\/\/kauppa.kloffa.fi\/wp-content\/uploads\/2026\/04\/PFM0_STTK184_C063-kopio-2-600x600.jpg 600w, https:\/\/kauppa.kloffa.fi\/wp-content\/uploads\/2026\/04\/PFM0_STTK184_C063-kopio-2-200x200.jpg 200w, https:\/\/kauppa.kloffa.fi\/wp-content\/uploads\/2026\/04\/PFM0_STTK184_C063-kopio-2.jpg 1600w\" \/><\/a>\n\t<\/div>\n\t<figcaption class=\"woocom-list-content\">\n\n\t\t<div class=\"woocommerce-product-details__short-description\">\n\t<p>T\u00e4ss\u00e4 lapsille mitoitetussa t-paidassa yhdistyy sek\u00e4 ekologisuus ett\u00e4 mukavuus. Tyylikk\u00e4\u00e4n loppusilauksen viimeistelee Tesoman Sinisiskojen logopainatus paidan sel\u00e4ss\u00e4.<\/p>\n<p>&nbsp;<\/p>\n<ul>\n<li>Lasten mitoitus<\/li>\n<li>Materiaali: 100% luomupuuvilla<\/li>\n<li>Alkuper\u00e4maa: Bangladesh<\/li>\n<li>Kangaspaino: 155g\/m2<\/li>\n<li>Set-in \u00e4rmar<\/li>\n<li>Sertifikaatit: GOTS, Oeko-Tex 100 ja PETA Approved Vegan<\/li>\n<li>Tuotemitat l\u00f6ytyv\u00e4t gallerian viimeisest\u00e4 kuvasta<\/li>\n<\/ul>\n<p>&nbsp;<\/p>\n<p>&nbsp;<\/p>\n<p><a href=\"https:\/\/kauppa.kloffa.fi\/sv\/tesoman-sinisiskot\/\"><strong>TILLBAKA TILL HEMMSIDAN<\/strong><\/a><\/p>\n<\/div>\n\n\t<\/figcaption>\n<\/figure>\n\n<\/article>\n\n<\/div><\/div><\/div><\/div><\/div><\/div><div class=\"vc_row wpb_row vc_row-fluid\"><div class=\"wpb_column vc_column_container vc_col-sm-12\"><div class=\"vc_column-inner\"><div class=\"wpb_wrapper\"><\/div><\/div><\/div><\/div>\n<\/div>","protected":false},"excerpt":{"rendered":"<p>TESOMAN SINISISKOJEN MERCH-KAUPPAT\u00e4\u00e4lt\u00e4 tilaat helposti yhteis\u00f6si ekologiset ja vastuulliset tuotteet! Lis\u00e4\u00e4 haluamasi tuotteet ostoskoriin ja siirry kassalle. Toimithan nopeasti, sill\u00e4 verkkokauppa on auki vain rajallisen ajan 20.4\u201310.5.2026. Kassalla voit valita toimitusvaihtoehdoksi joko ilmaisen noudon Tesoman Sinisiskojen toimistolta tai lis\u00e4maksullisen toimituksen PostNordin noutopisteeseen ymp\u00e4ri Suomea. Tuotteiden valmistus aloitetaan tilausajan p\u00e4\u00e4ttymisen j\u00e4lkeen ja niiden toimitusaika on n.&hellip;<\/p>","protected":false},"author":1,"featured_media":0,"parent":0,"menu_order":0,"comment_status":"closed","ping_status":"closed","template":"","meta":{"footnotes":""},"class_list":["post-223454","page","type-page","status-publish","hentry","description-off"],"_links":{"self":[{"href":"https:\/\/kauppa.kloffa.fi\/sv\/wp-json\/wp\/v2\/pages\/223454","targetHints":{"allow":["GET"]}}],"collection":[{"href":"https:\/\/kauppa.kloffa.fi\/sv\/wp-json\/wp\/v2\/pages"}],"about":[{"href":"https:\/\/kauppa.kloffa.fi\/sv\/wp-json\/wp\/v2\/types\/page"}],"author":[{"embeddable":true,"href":"https:\/\/kauppa.kloffa.fi\/sv\/wp-json\/wp\/v2\/users\/1"}],"replies":[{"embeddable":true,"href":"https:\/\/kauppa.kloffa.fi\/sv\/wp-json\/wp\/v2\/comments?post=223454"}],"version-history":[{"count":3,"href":"https:\/\/kauppa.kloffa.fi\/sv\/wp-json\/wp\/v2\/pages\/223454\/revisions"}],"predecessor-version":[{"id":223826,"href":"https:\/\/kauppa.kloffa.fi\/sv\/wp-json\/wp\/v2\/pages\/223454\/revisions\/223826"}],"wp:attachment":[{"href":"https:\/\/kauppa.kloffa.fi\/sv\/wp-json\/wp\/v2\/media?parent=223454"}],"curies":[{"name":"wp","href":"https:\/\/api.w.org\/{rel}","templated":true}]}}