{"id":3,"date":"2020-05-27T10:43:26","date_gmt":"2020-05-27T10:43:26","guid":{"rendered":"https:\/\/kauppa.kloffa.fi\/?page_id=3"},"modified":"2026-01-22T09:45:56","modified_gmt":"2026-01-22T07:45:56","slug":"tietosuojaseloste","status":"publish","type":"page","link":"https:\/\/kauppa.kloffa.fi\/sv\/tietosuojaseloste\/","title":{"rendered":"Sekretesspolicy"},"content":{"rendered":"<div class=\"wpb-content-wrapper\"><div class=\"vc_row wpb_row vc_row-fluid\"><div class=\"wpb_column vc_column_container vc_col-sm-12\"><div class=\"vc_column-inner\"><div class=\"wpb_wrapper\">\n\t<div class=\"wpb_text_column wpb_content_element\" >\n\t\t<div class=\"wpb_wrapper\">\n\t\t\t<p>Kloffa Clothingin Asiakas- ja<\/p>\n<p>markkinointirekisterin tietosuojaseloste<\/p>\n<div class=\"wp-block-spacer\" style=\"height: 40px;\" aria-hidden=\"true\">&nbsp;<\/div>\n<p>1 Rekisterinpit\u00e4j\u00e4<\/p>\n<p>Kloffa Clothing (Kloffa Group Oy)<\/p>\n<p>Y-tunnus&nbsp;3009782-7<\/p>\n<p>Kalevantie 8, 20520 Turku<\/p>\n<p><!-- \/wp:post-content --><\/p>\n<p><!-- wp:spacer {\"height\":40} --><\/p>\n<div class=\"wp-block-spacer\" style=\"height: 40px;\" aria-hidden=\"true\">&nbsp;<\/div>\n<p><!-- \/wp:spacer --><\/p>\n<p><!-- wp:paragraph -->2 Yhteyshenkil\u00f6 rekisteri\u00e4 koskevissa asioissa<\/p>\n<p><!-- \/wp:paragraph --><\/p>\n<p><!-- wp:paragraph -->Aleksi Lahti<\/p>\n<p><!-- \/wp:paragraph --><\/p>\n<p><!-- wp:spacer {\"height\":40} --><\/p>\n<div class=\"wp-block-spacer\" style=\"height: 40px;\" aria-hidden=\"true\">&nbsp;<\/div>\n<p><!-- \/wp:spacer --><\/p>\n<p><!-- wp:paragraph -->3 Tietosuojasta vastaava henkil\u00f6<\/p>\n<p><!-- \/wp:paragraph --><\/p>\n<p><!-- wp:paragraph -->Tietosuojasta vastaavana toimii Aleksi Lahti, jonka tavoittaa seuraavista yhteystiedoista: <a>info@kloffa.fi<\/a> \/ 0400254413.<\/p>\n<p><!-- \/wp:paragraph --><\/p>\n<p><!-- wp:spacer {\"height\":40} --><\/p>\n<div class=\"wp-block-spacer\" style=\"height: 40px;\" aria-hidden=\"true\">&nbsp;<\/div>\n<p><!-- \/wp:spacer --><\/p>\n<p><!-- wp:paragraph -->4 Rekisterin nimi<\/p>\n<p><!-- \/wp:paragraph --><\/p>\n<p><!-- wp:paragraph -->Kloffa Clothingin Asiakas- ja markkinointirekisteri.<\/p>\n<p><!-- \/wp:paragraph --><\/p>\n<p><!-- wp:spacer {\"height\":40} --><\/p>\n<div class=\"wp-block-spacer\" style=\"height: 40px;\" aria-hidden=\"true\">&nbsp;<\/div>\n<p><!-- \/wp:spacer --><\/p>\n<p><!-- wp:paragraph -->5 Henkil\u00f6tietojen k\u00e4sittelyn tarkoitus<\/p>\n<p><!-- \/wp:paragraph --><\/p>\n<p><!-- wp:paragraph -->Henkil\u00f6tietoja ker\u00e4t\u00e4\u00e4n tietty\u00e4, nimenomaista ja laillista tarkoitusta varten. Rekisteriin ker\u00e4t\u00e4\u00e4n tietoja elektronisesti ja asiakkaiden sek\u00e4 sidosryhmien suostumuksella. Suostumukset on ker\u00e4tty asiakkailta ja sidosryhmilt\u00e4 erillisell\u00e4 kaavakkeella, jossa on heid\u00e4n totuudenmukainen ja aitoon suostumukseen perustuva hyv\u00e4ksynt\u00e4. Tietoja ker\u00e4t\u00e4\u00e4n asiakassuhteen yll\u00e4pitoa sek\u00e4 markkinointitoimenpiteit\u00e4 varten.<\/p>\n<p><!-- \/wp:paragraph --><\/p>\n<p><!-- wp:paragraph -->Asiakasta on tiedotettu profiloinnista, personoidusta markkinoinnista ja asiakkaalle on tehty selv\u00e4ksi, ett\u00e4 h\u00e4n voi koska tahansa peruuttaa t\u00e4m\u00e4n suostumuksen, jolloin profilointi lopetetaan v\u00e4litt\u00f6m\u00e4sti. Henkil\u00f6tietoja ker\u00e4t\u00e4\u00e4n t\u00e4m\u00e4n tietosuojaselosteen mukaisesti eik\u00e4 niit\u00e4 miss\u00e4\u00e4n tilanteessa k\u00e4ytet\u00e4, muuteta tai siirret\u00e4 eri tavalla kuin t\u00e4ss\u00e4 tietosuojaselosteessa on mainittu.<\/p>\n<p><!-- \/wp:paragraph --><\/p>\n<p><!-- wp:spacer {\"height\":40} --><\/p>\n<div class=\"wp-block-spacer\" style=\"height: 40px;\" aria-hidden=\"true\">&nbsp;<\/div>\n<p><!-- \/wp:spacer --><\/p>\n<p><!-- wp:paragraph -->6 Rekisterin tietosis\u00e4lt\u00f6<\/p>\n<p><!-- \/wp:paragraph --><\/p>\n<p><!-- wp:paragraph -->Rekisteri pit\u00e4\u00e4 sis\u00e4ll\u00e4\u00e4n Kloffa Clothingin asiakkaiden ja sidosryhmien henkil\u00f6tietoja, joita ovat tai voivat olla etunimi, sukunimi, s\u00e4hk\u00f6postiosoite, puhelinnumero, profilointiin ja palveluiden k\u00e4ytt\u00f6\u00f6n liittyvi\u00e4 indikaattoritietoja, kuten internetsivuilla k\u00e4ytett\u00e4vien ev\u00e4steiden ker\u00e4\u00e4m\u00e4t tiedot, sek\u00e4 asiakkaiden ja sidosryhmien itse Kloffa Clothingille tiedoksi antamaa tiedot.<\/p>\n<p><!-- \/wp:paragraph --><\/p>\n<p><!-- wp:spacer {\"height\":40} --><\/p>\n<div class=\"wp-block-spacer\" style=\"height: 40px;\" aria-hidden=\"true\">&nbsp;<\/div>\n<p><!-- \/wp:spacer --><\/p>\n<p><!-- wp:paragraph -->7 Tietojen s\u00e4\u00e4nn\u00f6nmukaiset luovutukset<\/p>\n<p><!-- \/wp:paragraph --><\/p>\n<p><!-- wp:paragraph -->Kloffa Clothing on tehnyt p\u00e4\u00e4t\u00f6ksen olla luovuttamatta hallussa olevia tietoja kolmansille osapuolille tai automaattisesti muille Kloffa Clothingin kumppaneille. Kloffa Clothing luovuttaa yksitt\u00e4istapauksessa asiakkaan tai sidosryhm\u00e4n tiedot osoitetulle osapuolelle Kloffa Clothingin markkinointitoimenpiteit\u00e4 varten, tai jos asianomainen pyyt\u00e4\u00e4 Kloffa Clothingia toimimaan edell\u00e4 mainitulla tavalla tai jos lains\u00e4\u00e4d\u00e4nt\u00f6\u00f6n perustuen lainvoimainen viranomainen vaatii Kloffa Clothingia luovuttamaan erikseen yksil\u00f6idyn tiedon Kloffa Clothingin hallussa olevasta tietokannasta.<\/p>\n<p><!-- \/wp:paragraph --><\/p>\n<p><!-- wp:spacer {\"height\":40} --><\/p>\n<div class=\"wp-block-spacer\" style=\"height: 40px;\" aria-hidden=\"true\">&nbsp;<\/div>\n<p><!-- \/wp:spacer --><\/p>\n<p><!-- wp:paragraph -->8 Tietojen siirto kolmanteen maahan (ETA-alueen ulkopuolelle) tai kansainv\u00e4liselle j\u00e4rjest\u00f6lle<\/p>\n<p><!-- \/wp:paragraph --><\/p>\n<p><!-- wp:paragraph -->Kloffa Clothing on tehnyt p\u00e4\u00e4t\u00f6ksen olla siirt\u00e4m\u00e4tt\u00e4 Kloffa Clothingin hallussa olevia tietoja automaattisesti kolmansiin maihin tai kansainv\u00e4liselle j\u00e4rjest\u00f6lle. Kloffa Clothing luovuttaa yksitt\u00e4istapauksessa tiedot kolmansiin maihin tai kansainv\u00e4liselle j\u00e4rjest\u00f6lle, jos asiakas tai sidosryhm\u00e4 on t\u00e4h\u00e4n tarkoitukseen antanut Kloffa Clothingille mandaatin toimia edell\u00e4 mainitulla tavalla ja Kloffa Clothing on yhdess\u00e4 tietosuojavastaavan sek\u00e4 Suomen tietosuojaviranomaisen kanssa suorittanut riskiperusteiden ja laatuj\u00e4rjestelm\u00e4n arvioinnin kolmannen maan tietoturvatason todellisesta tasosta.<\/p>\n<p><!-- \/wp:paragraph --><\/p>\n<p><!-- wp:spacer {\"height\":40} --><\/p>\n<div class=\"wp-block-spacer\" style=\"height: 40px;\" aria-hidden=\"true\">&nbsp;<\/div>\n<p><!-- \/wp:spacer --><\/p>\n<p><!-- wp:paragraph -->9 Rekisterin suojauksen periaatteet<\/p>\n<p><!-- \/wp:paragraph --><\/p>\n<p><!-- wp:paragraph -->Kloffa Clothing suojaa t\u00e4ss\u00e4 tietosuojaselosteessa mainitun henkil\u00f6rekisterin perustuen riskiarvioinnissa saatuun tulokseen vaaditusta turvallisuustasosta. Tietosuojavastaava osallistuu riskien arviointiprosessiin ja antaa puolueettoman lausunnon lopullisesta p\u00e4\u00e4t\u00f6ksest\u00e4 tietojen suojaamisen osalta, jota Kloffa Clothing noudattaa. Kloffa Clothing ottaa huomioon henkil\u00f6rekisterin suojauksessa teknisen turvallisuuden ja hallinnolliset sek\u00e4 tietotekniset vaatimukset.<\/p>\n<p><!-- \/wp:paragraph --><\/p>\n<p><!-- wp:spacer {\"height\":40} --><\/p>\n<div class=\"wp-block-spacer\" style=\"height: 40px;\" aria-hidden=\"true\">&nbsp;<\/div>\n<p><!-- \/wp:spacer --><\/p>\n<p><!-- wp:paragraph -->10 Tarkastusoikeus<\/p>\n<p><!-- \/wp:paragraph --><\/p>\n<p><!-- wp:paragraph -->Rekister\u00f6idyll\u00e4 on oikeus saada tietoonsa, mit\u00e4 h\u00e4nt\u00e4 koskevia tietoja rekisteriin on tallennettu. Lis\u00e4ksi h\u00e4nell\u00e4 on riitt\u00e4v\u00e4n tarkan ja yksil\u00f6idyn tarkastuspyynn\u00f6n tehty\u00e4\u00e4n oikeus saada tietoonsa itse\u00e4\u00e4n koskevat ja tallenteiden sis\u00e4lt\u00e4m\u00e4t tiedot. Tarkastuspyynt\u00f6 tulee osoittaa kirjallisesti ja allekirjoitettuna seuraavaan osoitteeseen: Kalevantie 8, 20520 Turku.<\/p>\n<p><!-- \/wp:paragraph --><\/p>\n<p><!-- wp:spacer {\"height\":40} --><\/p>\n<div class=\"wp-block-spacer\" style=\"height: 40px;\" aria-hidden=\"true\">&nbsp;<\/div>\n<p><!-- \/wp:spacer --><\/p>\n<p><!-- wp:paragraph -->11 Oikeus vaatia tiedon korjaamista ja poistamista<\/p>\n<p><!-- \/wp:paragraph --><\/p>\n<p><!-- wp:paragraph -->Rekisterinpit\u00e4j\u00e4n on korjattava asianomaisen osoittama virheellinen tieto henkil\u00f6tietorekisteriss\u00e4. Rekisterinpit\u00e4j\u00e4ll\u00e4 on my\u00f6s omatoimisen toiminnan kautta velvoite tarkastaa tietojen asiallisuus ja ajantasaisuus rekisteriss\u00e4. Rekister\u00f6ity voi my\u00f6s vaatia rekisterinpit\u00e4j\u00e4\u00e4 poistamaan itse\u00e4\u00e4n koskevat tiedot rekisterist\u00e4. Tietosuojasta vastaava henkil\u00f6 johtaa toimenpiteen k\u00e4sittely\u00e4.<\/p>\n<p><!-- \/wp:paragraph --><\/p>\n<p><!-- wp:spacer {\"height\":40} --><\/p>\n<div class=\"wp-block-spacer\" style=\"height: 40px;\" aria-hidden=\"true\">&nbsp;<\/div>\n<p><!-- \/wp:spacer --><\/p>\n<p><!-- wp:paragraph -->12 Muut henkil\u00f6tietojen k\u00e4sittelyyn liittyv\u00e4t oikeudet<\/p>\n<p><!-- \/wp:paragraph --><\/p>\n<p><!-- wp:paragraph -->Rekister\u00f6idyll\u00e4 on oikeus vaatia henkil\u00f6tietojen k\u00e4sittelyn rajoittamista. Rekister\u00f6idyll\u00e4 on my\u00f6s oikeus saada h\u00e4nt\u00e4 koskevat henkil\u00f6tiedot, jotka h\u00e4n on toimittanut rekisterinpit\u00e4j\u00e4lle, j\u00e4sennellyss\u00e4, yleisesti k\u00e4ytetyss\u00e4 ja koneellisesti luettavassa muodossa ja oikeus siirt\u00e4\u00e4 kyseiset tiedot toiselle rekisterinpit\u00e4j\u00e4lle. Lis\u00e4ksi rekister\u00f6idyll\u00e4 on oikeus vastustaa tietojen k\u00e4sittely\u00e4, automaattista p\u00e4\u00e4t\u00f6ksentekoa ja profilointia.<\/p>\n<p><!-- \/wp:paragraph --><\/p>\n<p><!-- wp:spacer {\"height\":40} --><\/p>\n<div class=\"wp-block-spacer\" style=\"height: 40px;\" aria-hidden=\"true\">&nbsp;<\/div>\n<p><!-- \/wp:spacer --><\/p>\n<p><!-- wp:paragraph -->13 Tietojen poistaminen ja s\u00e4ilytysaika<\/p>\n<p><!-- \/wp:paragraph --><\/p>\n<p><!-- wp:paragraph -->Kloffa Clothing poistaa rekisterist\u00e4 asiakkaan tiedot, kun tietojen k\u00e4sitellylle ei ole en\u00e4\u00e4 liiketoiminnallista perustetta tai jos asianomainen itse lakiin perustuen vaatii Kloffa Clothingia poistamaan h\u00e4nt\u00e4 koskevat tiedot. Tiedot tuhotaan ylikirjoittamalla, kun tietojen k\u00e4sittelylle tai s\u00e4ilytt\u00e4miselle ei ole en\u00e4\u00e4 perustetta. Tietoja ei kuitenkaan poisteta, jos laissa m\u00e4\u00e4r\u00e4t\u00e4\u00e4n eri tavalla tai toimivaltainen viranomainen on k\u00e4ynnist\u00e4nyt prosessin, joka edellytt\u00e4\u00e4 Kloffa Clothingia s\u00e4ilytt\u00e4m\u00e4\u00e4n tietoja tai muu taho on hakenut Suomen oikeudelta turvasuojaamisp\u00e4\u00e4t\u00f6st\u00e4 tiedoille.<\/p>\n<p><!-- \/wp:paragraph --><\/p>\n<p><!-- wp:spacer {\"height\":40} --><\/p>\n<div class=\"wp-block-spacer\" style=\"height: 40px;\" aria-hidden=\"true\">&nbsp;<\/div>\n<p><!-- \/wp:spacer --><\/p>\n<p><!-- wp:paragraph -->14 Tietosuojaselosteen hyv\u00e4ksynt\u00e4<\/p>\n<p><!-- \/wp:paragraph --><\/p>\n<p><!-- wp:paragraph -->Tietosuojaseloste on hyv\u00e4ksytty jatkuvana ja tarkastettu 14.9.2020.<\/p>\n<p><!-- \/wp:paragraph -->&nbsp;<\/p>\n\n\t\t<\/div>\n\t<\/div>\n<\/div><\/div><\/div><\/div><\/div>","protected":false},"excerpt":{"rendered":"<p>Kloffa Clothingin Asiakas- ja markkinointirekisterin tietosuojaseloste &nbsp; 1 Rekisterinpit\u00e4j\u00e4 Kloffa Clothing (Kloffa Group Oy) Y-tunnus&nbsp;3009782-7 Kalevantie 8, 20520 Turku &nbsp; 2 Yhteyshenkil\u00f6 rekisteri\u00e4 koskevissa asioissa Aleksi Lahti &nbsp; 3 Tietosuojasta vastaava henkil\u00f6 Tietosuojasta vastaavana toimii Aleksi Lahti, jonka tavoittaa seuraavista yhteystiedoista: info@kloffa.fi \/ 0400254413. &nbsp; 4 Rekisterin nimi Kloffa Clothingin Asiakas- ja markkinointirekisteri. &nbsp; 5&hellip;<\/p>","protected":false},"author":1,"featured_media":0,"parent":0,"menu_order":0,"comment_status":"closed","ping_status":"closed","template":"","meta":{"footnotes":""},"class_list":["post-3","page","type-page","status-publish","hentry","description-off"],"_links":{"self":[{"href":"https:\/\/kauppa.kloffa.fi\/sv\/wp-json\/wp\/v2\/pages\/3","targetHints":{"allow":["GET"]}}],"collection":[{"href":"https:\/\/kauppa.kloffa.fi\/sv\/wp-json\/wp\/v2\/pages"}],"about":[{"href":"https:\/\/kauppa.kloffa.fi\/sv\/wp-json\/wp\/v2\/types\/page"}],"author":[{"embeddable":true,"href":"https:\/\/kauppa.kloffa.fi\/sv\/wp-json\/wp\/v2\/users\/1"}],"replies":[{"embeddable":true,"href":"https:\/\/kauppa.kloffa.fi\/sv\/wp-json\/wp\/v2\/comments?post=3"}],"version-history":[{"count":2,"href":"https:\/\/kauppa.kloffa.fi\/sv\/wp-json\/wp\/v2\/pages\/3\/revisions"}],"predecessor-version":[{"id":212696,"href":"https:\/\/kauppa.kloffa.fi\/sv\/wp-json\/wp\/v2\/pages\/3\/revisions\/212696"}],"wp:attachment":[{"href":"https:\/\/kauppa.kloffa.fi\/sv\/wp-json\/wp\/v2\/media?parent=3"}],"curies":[{"name":"wp","href":"https:\/\/api.w.org\/{rel}","templated":true}]}}