{"id":52562,"date":"2021-03-29T13:16:09","date_gmt":"2021-03-29T13:16:09","guid":{"rendered":"https:\/\/kauppa.kloffa.fi\/?page_id=52562"},"modified":"2021-03-30T10:43:24","modified_gmt":"2021-03-30T10:43:24","slug":"loistocast","status":"publish","type":"page","link":"https:\/\/kauppa.kloffa.fi\/sv\/loistocast\/","title":{"rendered":"LoistoCast"},"content":{"rendered":"<div class=\"wpb-content-wrapper\"><div class=\"vc_row wpb_row vc_row-fluid\"><div class=\"wpb_column vc_column_container vc_col-sm-12 vc_hidden-xs\"><div class=\"vc_column-inner\"><div class=\"wpb_wrapper\">\n\t\t\t<!-- START Loistocast banneri REVOLUTION SLIDER 6.7.38 --><p class=\"rs-p-wp-fix\"><\/p>\n\t\t\t<rs-module-wrap id=\"rev_slider_13_1_wrapper\" data-source=\"gallery\" style=\"visibility:hidden;background:transparent;padding:0;margin:0px auto;margin-top:0;margin-bottom:0;\">\n\t\t\t\t<rs-module id=\"rev_slider_13_1\" style=\"\" data-version=\"6.7.38\">\n\t\t\t\t\t<rs-slides style=\"overflow: hidden; position: absolute;\">\n\t\t\t\t\t\t<rs-slide style=\"position: absolute;\" data-key=\"rs-23\" data-title=\"Slide\" data-anim=\"ms:1000;r:0;\" data-in=\"o:0;\" data-out=\"a:false;\">\n\t\t\t\t\t\t\t<img decoding=\"async\" src=\"\/\/kauppa.kloffa.fi\/wp-content\/plugins\/revslider\/sr6\/assets\/assets\/dummy.png\" alt=\"\" title=\"LoistoCast VEKTORI\" width=\"3000\" height=\"3000\" class=\"rev-slidebg tp-rs-img rs-lazyload\" data-lazyload=\"\/\/kauppa.kloffa.fi\/wp-content\/uploads\/2021\/03\/LoistoCast-VEKTORI.png\" data-bg=\"p:center top;f:contain;\" data-no-retina>\n<!---->\t\t\t\t\t<\/rs-slide>\n\t\t\t\t\t\t<rs-slide style=\"position: absolute;\" data-key=\"rs-24\" data-title=\"Slide\" data-anim=\"ms:1000;r:0;\" data-in=\"o:0;\" data-out=\"a:false;\">\n\t\t\t\t\t\t\t<img decoding=\"async\" src=\"\/\/kauppa.kloffa.fi\/wp-content\/plugins\/revslider\/sr6\/assets\/assets\/dummy.png\" alt=\"\" title=\"LoistoCast VEKTORI\" width=\"3000\" height=\"3000\" class=\"rev-slidebg tp-rs-img rs-lazyload\" data-lazyload=\"\/\/kauppa.kloffa.fi\/wp-content\/uploads\/2021\/03\/LoistoCast-VEKTORI.png\" data-bg=\"p:center top;f:contain;\" data-no-retina>\n<!---->\t\t\t\t\t<\/rs-slide>\n\t\t\t\t\t<\/rs-slides>\n\t\t\t\t<\/rs-module>\n\t\t\t\t<script>\n\t\t\t\t\tsetREVStartSize({c: 'rev_slider_13_1',rl:[1240,1240,1240,480],el:[450,450,450,250],gw:[1240,1240,1240,480],gh:[450,450,450,250],type:'standard',justify:'',layout:'fullwidth',mh:\"0\"});if (window.RS_MODULES!==undefined && window.RS_MODULES.modules!==undefined && window.RS_MODULES.modules[\"revslider131\"]!==undefined) {window.RS_MODULES.modules[\"revslider131\"].once = false;window.revapi13 = undefined;if (window.RS_MODULES.checkMinimal!==undefined) window.RS_MODULES.checkMinimal()}\n\t\t\t\t<\/script>\n\t\t\t<\/rs-module-wrap>\n\t\t\t<!-- END REVOLUTION SLIDER -->\n<\/div><\/div><\/div><\/div><div class=\"vc_row wpb_row vc_row-fluid\"><div class=\"wpb_column vc_column_container vc_col-sm-12 vc_hidden-lg vc_hidden-md vc_hidden-sm\"><div class=\"vc_column-inner\"><div class=\"wpb_wrapper\">\n\t<div  class=\"wpb_single_image wpb_content_element vc_align_center\">\n\t\t\n\t\t<figure class=\"wpb_wrapper vc_figure\">\n\t\t\t<div class=\"vc_single_image-wrapper   vc_box_border_grey\"><img loading=\"lazy\" decoding=\"async\" width=\"3000\" height=\"3000\" src=\"https:\/\/kauppa.kloffa.fi\/wp-content\/uploads\/2021\/03\/LoistoCast-VEKTORI.png\" class=\"vc_single_image-img attachment-full\" alt=\"\" title=\"LoistoCast VEKTORI\" srcset=\"https:\/\/kauppa.kloffa.fi\/wp-content\/uploads\/2021\/03\/LoistoCast-VEKTORI.png 3000w, https:\/\/kauppa.kloffa.fi\/wp-content\/uploads\/2021\/03\/LoistoCast-VEKTORI-300x300.png 300w, https:\/\/kauppa.kloffa.fi\/wp-content\/uploads\/2021\/03\/LoistoCast-VEKTORI-1024x1024.png 1024w, https:\/\/kauppa.kloffa.fi\/wp-content\/uploads\/2021\/03\/LoistoCast-VEKTORI-150x150.png 150w, https:\/\/kauppa.kloffa.fi\/wp-content\/uploads\/2021\/03\/LoistoCast-VEKTORI-768x768.png 768w, https:\/\/kauppa.kloffa.fi\/wp-content\/uploads\/2021\/03\/LoistoCast-VEKTORI-1536x1536.png 1536w, https:\/\/kauppa.kloffa.fi\/wp-content\/uploads\/2021\/03\/LoistoCast-VEKTORI-2048x2048.png 2048w, https:\/\/kauppa.kloffa.fi\/wp-content\/uploads\/2021\/03\/LoistoCast-VEKTORI-600x600.png 600w, https:\/\/kauppa.kloffa.fi\/wp-content\/uploads\/2021\/03\/LoistoCast-VEKTORI-200x200.png 200w\" sizes=\"auto, (max-width: 3000px) 100vw, 3000px\"  data-dt-location=\"https:\/\/kauppa.kloffa.fi\/sv\/loistocast-vektori\/\" \/><\/div>\n\t\t<\/figure>\n\t<\/div>\n<\/div><\/div><\/div><\/div><div class=\"vc_row wpb_row vc_row-fluid vc_custom_1605696737057\"><div class=\"wpb_column vc_column_container vc_col-sm-12\"><div class=\"vc_column-inner vc_custom_1604579954038\"><div class=\"wpb_wrapper\"><h2 style=\"color: #000000;text-align: center;font-family:Abril Fatface;font-weight:400;font-style:normal\" class=\"vc_custom_heading vc_do_custom_heading wpb_animate_when_almost_visible wpb_fadeIn fadeIn vc_custom_1617023049513\" >Tervetuloa LoistoCastin verkkokauppaan!<\/h2><h2 style=\"color: #000000;text-align: center;font-family:Abril Fatface;font-weight:400;font-style:normal\" class=\"vc_custom_heading vc_do_custom_heading wpb_animate_when_almost_visible wpb_fadeIn fadeIn vc_custom_1617023085599\" >T\u00e4lt\u00e4 sivulta l\u00f6yd\u00e4t uniikit ja vastuullisesti tuotetut LoistoCast-tuotteet<\/h2><\/div><\/div><\/div><\/div><div class=\"vc_row wpb_row vc_row-fluid\"><div class=\"wpb_column vc_column_container vc_col-sm-12\"><div class=\"vc_column-inner\"><div class=\"wpb_wrapper\"><div class=\"vc_empty_space\"   style=\"height: 50px\"><span class=\"vc_empty_space_inner\"><\/span><\/div><\/div><\/div><\/div><\/div><div class=\"vc_row wpb_row vc_row-fluid vc_row-o-content-middle vc_row-flex\"><div class=\"wpb_column vc_column_container vc_col-sm-12\"><div class=\"vc_column-inner\"><div class=\"wpb_wrapper\"><div class=\"woocommerce columns-4 \"><div class=\"wf-container dt-products  woo-hover products loading-effect-fade-in description-on-hover cart-btn-on-img wc-img-hover hide-description wc-grid\" data-padding=\"0px\" data-cur-page=\"1\" data-desktop-columns-num=\"4\" data-v-tablet-columns-num=\"2\" data-h-tablet-columns-num=\"3\" data-phone-columns-num=\"1\">\n\n<article class=\"post visible description-off product type-product post-52567 status-publish first instock product_cat-loistocast has-post-thumbnail taxable shipping-taxable purchasable product-type-variable\">\n\n\t<figure class=\"woocom-project\">\n\t<div class=\"woo-buttons-on-img\">\n\n\t\t<a href=\"https:\/\/kauppa.kloffa.fi\/sv\/produkt\/loistocast-college\/\" class=\"alignnone layzr-bg\"><img loading=\"lazy\" decoding=\"async\" width=\"300\" height=\"300\" src=\"data:image\/svg+xml;charset=utf-8,%3Csvg xmlns%3D&#039;http%3A%2F%2Fwww.w3.org%2F2000%2Fsvg&#039; viewBox%3D&#039;0 0 300 300&#039;%2F%3E\" class=\"attachment-woocommerce_thumbnail size-woocommerce_thumbnail lazy-load preload-me\" alt=\"LoistoCast College\" data-src=\"https:\/\/kauppa.kloffa.fi\/wp-content\/uploads\/2021\/03\/Image-3-300x300.jpeg\" data-srcset=\"https:\/\/kauppa.kloffa.fi\/wp-content\/uploads\/2021\/03\/Image-3-300x300.jpeg 300w, https:\/\/kauppa.kloffa.fi\/wp-content\/uploads\/2021\/03\/Image-3-150x150.jpeg 150w, https:\/\/kauppa.kloffa.fi\/wp-content\/uploads\/2021\/03\/Image-3-200x200.jpeg 200w\" \/><img loading=\"lazy\" decoding=\"async\" width=\"300\" height=\"300\" src=\"data:image\/svg+xml;charset=utf-8,%3Csvg xmlns%3D&#039;http%3A%2F%2Fwww.w3.org%2F2000%2Fsvg&#039; viewBox%3D&#039;0 0 300 300&#039;%2F%3E\" class=\"show-on-hover back-image lazy-load preload-me\" alt=\"\" data-src=\"https:\/\/kauppa.kloffa.fi\/wp-content\/uploads\/2021\/03\/Image-4-300x300.jpeg\" data-srcset=\"https:\/\/kauppa.kloffa.fi\/wp-content\/uploads\/2021\/03\/Image-4-300x300.jpeg 300w, https:\/\/kauppa.kloffa.fi\/wp-content\/uploads\/2021\/03\/Image-4-150x150.jpeg 150w, https:\/\/kauppa.kloffa.fi\/wp-content\/uploads\/2021\/03\/Image-4-200x200.jpeg 200w\" \/><\/a>\n\t<\/div>\n\t<figcaption class=\"woocom-list-content\">\n\n\t\t<div class=\"woocommerce-product-details__short-description\">\n\t<p><span style=\"font-weight: 400;\">Tyylik\u00e4s ja istuva unisex &#8217;Klaimet collegepaita LoistoCast-logolla varustettuna. Paita on valmistettu 100% tekstiili- ja muovij\u00e4tteest\u00e4 sek\u00e4 tuotettu<\/span><span style=\"font-weight: 400;\">\u00a0kokonaan EU-alueella.<\/span><\/p>\n<p>&nbsp;<\/p>\n<p><b>Valitsemalla yhden \u2018Klaimet\u00ae collegepaidan:<\/b><\/p>\n<ul>\n<li>S\u00e4\u00e4styy 5000 litraa vett\u00e4<\/li>\n<li>S\u00e4\u00e4styy 7700 grammaa CO2-p\u00e4\u00e4st\u00f6j\u00e4<\/li>\n<li>S\u00e4\u00e4styy 18,7 kWh energiaa<\/li>\n<li>Hy\u00f6dynnet\u00e4\u00e4n 13 kierr\u00e4tetty\u00e4 muovipulloa<\/li>\n<\/ul>\n<p><span style=\"font-weight: 400;\">Design: Unisex<\/span><span style=\"font-weight: 400;\"><br \/>\n<\/span><span style=\"font-weight: 400;\">Koot: XS-XXL<\/span><br \/>\n<span style=\"font-weight: 400;\">Merkki: &#8217;Klaimet<br \/>\n<\/span><span style=\"font-weight: 400;\">Materiaali: puolet kierr\u00e4tetty\u00e4 puuvillaa, puolet kierr\u00e4tettyj\u00e4 polyesterikuituja<\/span><span style=\"font-weight: 400;\"><br \/>\n<\/span><span style=\"font-weight: 400;\">Set-in-tyyliset hihat<\/span><span style=\"font-weight: 400;\"><br \/>\n<\/span><span style=\"font-weight: 400;\">Joustavat hiha- ja vy\u00f6t\u00e4r\u00f6resorit<\/span><\/p>\n<p>&nbsp;<\/p>\n<p><a href=\"https:\/\/kauppa.kloffa.fi\/loistocast\/\"><strong>TAKAISIN ETUSIVULLE<\/strong><\/a><\/p>\n<\/div>\n\n\t<\/figcaption>\n<\/figure>\n\n<\/article>\n\n\n\n<article class=\"post visible description-off product type-product post-53257 status-publish instock product_cat-loistocast has-post-thumbnail taxable shipping-taxable purchasable product-type-variable\">\n\n\t<figure class=\"woocom-project\">\n\t<div class=\"woo-buttons-on-img\">\n\n\t\t<a href=\"https:\/\/kauppa.kloffa.fi\/sv\/produkt\/loistocast-huppari\/\" class=\"alignnone layzr-bg\"><img loading=\"lazy\" decoding=\"async\" width=\"300\" height=\"300\" src=\"data:image\/svg+xml;charset=utf-8,%3Csvg xmlns%3D&#039;http%3A%2F%2Fwww.w3.org%2F2000%2Fsvg&#039; viewBox%3D&#039;0 0 300 300&#039;%2F%3E\" class=\"attachment-woocommerce_thumbnail size-woocommerce_thumbnail lazy-load preload-me\" alt=\"LoistoCast Huppari\" data-src=\"https:\/\/kauppa.kloffa.fi\/wp-content\/uploads\/2021\/09\/LoistoCast-huppareita-300x300.jpeg\" data-srcset=\"https:\/\/kauppa.kloffa.fi\/wp-content\/uploads\/2021\/09\/LoistoCast-huppareita-300x300.jpeg 300w, https:\/\/kauppa.kloffa.fi\/wp-content\/uploads\/2021\/09\/LoistoCast-huppareita-150x150.jpeg 150w, https:\/\/kauppa.kloffa.fi\/wp-content\/uploads\/2021\/09\/LoistoCast-huppareita-200x200.jpeg 200w\" \/><\/a>\n\t<\/div>\n\t<figcaption class=\"woocom-list-content\">\n\n\t\t<div class=\"woocommerce-product-details__short-description\">\n\t<p><span style=\"font-weight: 400;\">Tyylik\u00e4s ja istuva unisex &#8217;Klaimet huppari LoistoCast-logolla varustettuna. Paita on valmistettu 100% tekstiili- ja muovij\u00e4tteest\u00e4 sek\u00e4 tuotettu<\/span><span style=\"font-weight: 400;\">\u00a0kokonaan EU-alueella.<\/span><\/p>\n<p>&nbsp;<\/p>\n<p><b>Valitsemalla yhden \u2018Klaimet\u00ae collegepaidan:<\/b><\/p>\n<ul>\n<li>S\u00e4\u00e4styy 6600 litraa vett\u00e4<\/li>\n<li>S\u00e4\u00e4styy 10100 grammaa CO2-p\u00e4\u00e4st\u00f6j\u00e4<\/li>\n<li>S\u00e4\u00e4styy 24,7 kWh energiaa<\/li>\n<li>Hy\u00f6dynnet\u00e4\u00e4n 17 kierr\u00e4tetty\u00e4 muovipulloa<\/li>\n<\/ul>\n<p><span style=\"font-weight: 400;\">Design: Unisex<\/span><span style=\"font-weight: 400;\"><br \/>\n<\/span><span style=\"font-weight: 400;\">Koot: XS-XXL<\/span><br \/>\n<span style=\"font-weight: 400;\">Merkki: &#8217;Klaimet<br \/>\n<\/span><span style=\"font-weight: 400;\">Materiaali: puolet kierr\u00e4tetty\u00e4 puuvillaa, puolet kierr\u00e4tettyj\u00e4 polyesterikuituja<\/span><span style=\"font-weight: 400;\"><br \/>\n<\/span><span style=\"font-weight: 400;\">Set-in-tyyliset hihat<\/span><span style=\"font-weight: 400;\"><br \/>\n<\/span><span style=\"font-weight: 400;\">Joustavat hiha- ja vy\u00f6t\u00e4r\u00f6resorit<\/span><\/p>\n<p>&nbsp;<\/p>\n<p><a href=\"https:\/\/kauppa.kloffa.fi\/loistocast\/\"><strong>TAKAISIN ETUSIVULLE<\/strong><\/a><\/p>\n<\/div>\n\n\t<\/figcaption>\n<\/figure>\n\n<\/article>\n\n\n\n<article class=\"post visible description-off product type-product post-52586 status-publish instock product_cat-loistocast has-post-thumbnail taxable shipping-taxable purchasable product-type-variable\">\n\n\t<figure class=\"woocom-project\">\n\t<div class=\"woo-buttons-on-img\">\n\n\t\t<a href=\"https:\/\/kauppa.kloffa.fi\/sv\/produkt\/loistocast-t-paita\/\" class=\"alignnone layzr-bg\"><img loading=\"lazy\" decoding=\"async\" width=\"300\" height=\"300\" src=\"data:image\/svg+xml;charset=utf-8,%3Csvg xmlns%3D&#039;http%3A%2F%2Fwww.w3.org%2F2000%2Fsvg&#039; viewBox%3D&#039;0 0 300 300&#039;%2F%3E\" class=\"attachment-woocommerce_thumbnail size-woocommerce_thumbnail lazy-load preload-me\" alt=\"LoistoCast T-Paita\" data-src=\"https:\/\/kauppa.kloffa.fi\/wp-content\/uploads\/2021\/03\/Image-1-300x300.jpeg\" data-srcset=\"https:\/\/kauppa.kloffa.fi\/wp-content\/uploads\/2021\/03\/Image-1-300x300.jpeg 300w, https:\/\/kauppa.kloffa.fi\/wp-content\/uploads\/2021\/03\/Image-1-150x150.jpeg 150w, https:\/\/kauppa.kloffa.fi\/wp-content\/uploads\/2021\/03\/Image-1-200x200.jpeg 200w\" \/><img loading=\"lazy\" decoding=\"async\" width=\"300\" height=\"300\" src=\"data:image\/svg+xml;charset=utf-8,%3Csvg xmlns%3D&#039;http%3A%2F%2Fwww.w3.org%2F2000%2Fsvg&#039; viewBox%3D&#039;0 0 300 300&#039;%2F%3E\" class=\"show-on-hover back-image lazy-load preload-me\" alt=\"\" data-src=\"https:\/\/kauppa.kloffa.fi\/wp-content\/uploads\/2021\/03\/Image-5-300x300.jpeg\" data-srcset=\"https:\/\/kauppa.kloffa.fi\/wp-content\/uploads\/2021\/03\/Image-5-300x300.jpeg 300w, https:\/\/kauppa.kloffa.fi\/wp-content\/uploads\/2021\/03\/Image-5-150x150.jpeg 150w, https:\/\/kauppa.kloffa.fi\/wp-content\/uploads\/2021\/03\/Image-5-200x200.jpeg 200w\" \/><\/a>\n\t<\/div>\n\t<figcaption class=\"woocom-list-content\">\n\n\t\t<div class=\"woocommerce-product-details__short-description\">\n\t<p>Tyylik\u00e4s ja istuva unisex t-paita, LoistoCastin logolla varustettuna. Valmistettu 100% tekstiili- ja muovij\u00e4tteest\u00e4 sek\u00e4 tuotettu kokonaan EU-alueella.<\/p>\n<p>&nbsp;<\/p>\n<p><b>Valitsemalla yhden \u2018Klaimet\u00ae t-paidan:<\/b><\/p>\n<ul>\n<li>S\u00e4\u00e4styy 1800 litraa vett\u00e4<\/li>\n<li>S\u00e4\u00e4styy 2800 grammaa CO2-p\u00e4\u00e4st\u00f6j\u00e4<\/li>\n<li>S\u00e4\u00e4styy 6,8 kWh energiaa<\/li>\n<li>Hy\u00f6dynnet\u00e4\u00e4n 5 kierr\u00e4tetty\u00e4 muovipulloa<\/li>\n<\/ul>\n<p>Design: Unisex<br \/>\nKoot: XS-XXL<br \/>\nValmistusmaa: Portugali<br \/>\nSuunniteltu Suomessa<br \/>\nMateriaali: puolet kierr\u00e4tetty\u00e4 puuvillaa, puolet kierr\u00e4tettyj\u00e4 polyesterikuituja<\/p>\n<p>&nbsp;<\/p>\n<p><a href=\"https:\/\/kauppa.kloffa.fi\/loistocast\/\"><strong>TAKAISIN ETUSIVULLE<\/strong><\/a><\/p>\n<\/div>\n\n\t<\/figcaption>\n<\/figure>\n\n<\/article>\n\n<\/div><\/div><\/div><\/div><\/div><\/div>\n<\/div>","protected":false},"excerpt":{"rendered":"<p>Tervetuloa LoistoCastin verkkokauppaan!T\u00e4lt\u00e4 sivulta l\u00f6yd\u00e4t uniikit ja vastuullisesti tuotetut LoistoCast-tuotteet<\/p>","protected":false},"author":1,"featured_media":0,"parent":0,"menu_order":0,"comment_status":"closed","ping_status":"closed","template":"","meta":{"footnotes":""},"class_list":["post-52562","page","type-page","status-publish","hentry","description-off"],"_links":{"self":[{"href":"https:\/\/kauppa.kloffa.fi\/sv\/wp-json\/wp\/v2\/pages\/52562","targetHints":{"allow":["GET"]}}],"collection":[{"href":"https:\/\/kauppa.kloffa.fi\/sv\/wp-json\/wp\/v2\/pages"}],"about":[{"href":"https:\/\/kauppa.kloffa.fi\/sv\/wp-json\/wp\/v2\/types\/page"}],"author":[{"embeddable":true,"href":"https:\/\/kauppa.kloffa.fi\/sv\/wp-json\/wp\/v2\/users\/1"}],"replies":[{"embeddable":true,"href":"https:\/\/kauppa.kloffa.fi\/sv\/wp-json\/wp\/v2\/comments?post=52562"}],"version-history":[{"count":0,"href":"https:\/\/kauppa.kloffa.fi\/sv\/wp-json\/wp\/v2\/pages\/52562\/revisions"}],"wp:attachment":[{"href":"https:\/\/kauppa.kloffa.fi\/sv\/wp-json\/wp\/v2\/media?parent=52562"}],"curies":[{"name":"wp","href":"https:\/\/api.w.org\/{rel}","templated":true}]}}