{"id":79831,"date":"2023-03-27T13:50:11","date_gmt":"2023-03-27T11:50:11","guid":{"rendered":"https:\/\/kauppa.kloffa.fi\/?page_id=79831"},"modified":"2023-06-28T08:20:58","modified_gmt":"2023-06-28T06:20:58","slug":"kaupungin-naiset-helsinki","status":"publish","type":"page","link":"https:\/\/kauppa.kloffa.fi\/sv\/kaupungin-naiset-helsinki\/","title":{"rendered":"Kaupungin Naiset Helsinki"},"content":{"rendered":"<div class=\"wpb-content-wrapper\"><div class=\"vc_row wpb_row vc_row-fluid\"><div class=\"wpb_column vc_column_container vc_col-sm-12\"><div class=\"vc_column-inner\"><div class=\"wpb_wrapper\">\n\t\t\t<!-- START Verkkokauppabanneri REVOLUTION SLIDER 6.7.38 --><p class=\"rs-p-wp-fix\"><\/p>\n\t\t\t<rs-module-wrap id=\"rev_slider_12_1_wrapper\" data-source=\"gallery\" style=\"visibility:hidden;background:transparent;padding:0;margin:0px auto;margin-top:0;margin-bottom:0;\">\n\t\t\t\t<rs-module id=\"rev_slider_12_1\" style=\"\" data-version=\"6.7.38\">\n\t\t\t\t\t<rs-slides style=\"overflow: hidden; position: absolute;\">\n\t\t\t\t\t\t<rs-slide style=\"position: absolute;\" data-key=\"rs-22\" data-title=\"Slide\" data-anim=\"ms:1000;r:0;\" data-in=\"o:0;\" data-out=\"a:false;\">\n\t\t\t\t\t\t\t<img decoding=\"async\" src=\"\/\/kauppa.kloffa.fi\/wp-content\/plugins\/revslider\/sr6\/assets\/assets\/dummy.png\" alt=\"\" width=\"1700\" height=\"858\" class=\"rev-slidebg tp-rs-img rs-lazyload\" data-lazyload=\"\/\/kauppa.kloffa.fi\/wp-content\/uploads\/2020\/08\/kloffainfo.jpg\" data-bg=\"p:center top;\" data-no-retina>\n<!--\n\t\t\t\t\t\t\t--><rs-layer\n\t\t\t\t\t\t\t\tid=\"slider-12-slide-22-layer-0\" \n\t\t\t\t\t\t\t\tdata-type=\"text\"\n\t\t\t\t\t\t\t\tdata-rsp_ch=\"on\"\n\t\t\t\t\t\t\t\tdata-xy=\"x:c;yo:55px,55px,55px,23px;\"\n\t\t\t\t\t\t\t\tdata-text=\"w:normal;s:60,60,60,25;l:65,65,65,28;a:center;\"\n\t\t\t\t\t\t\t\tdata-frame_999=\"o:0;st:w;\"\n\t\t\t\t\t\t\t\tstyle=\"z-index:5;font-family:'Poppins';\"\n\t\t\t\t\t\t\t>Kloffa Clothing t\u00e4ytt\u00e4\u00e4 vaatekaappisi<br \/>\naidolla ekologisuudella \n\t\t\t\t\t\t\t<\/rs-layer><!--\n-->\t\t\t\t\t<\/rs-slide>\n\t\t\t\t\t<\/rs-slides>\n\t\t\t\t<\/rs-module>\n\t\t\t\t<script>\n\t\t\t\t\tsetREVStartSize({c: 'rev_slider_12_1',rl:[1240,1240,1240,480],el:[450,450,450,250],gw:[1240,1240,1240,480],gh:[450,450,450,250],type:'standard',justify:'',layout:'fullwidth',mh:\"0\"});if (window.RS_MODULES!==undefined && window.RS_MODULES.modules!==undefined && window.RS_MODULES.modules[\"revslider121\"]!==undefined) {window.RS_MODULES.modules[\"revslider121\"].once = false;window.revapi12 = undefined;if (window.RS_MODULES.checkMinimal!==undefined) window.RS_MODULES.checkMinimal()}\n\t\t\t\t<\/script>\n\t\t\t<\/rs-module-wrap>\n\t\t\t<!-- END REVOLUTION SLIDER -->\n<\/div><\/div><\/div><\/div><div class=\"vc_row wpb_row vc_row-fluid vc_custom_1605696737057\"><div class=\"wpb_column vc_column_container vc_col-sm-12\"><div class=\"vc_column-inner vc_custom_1604579954038\"><div class=\"wpb_wrapper\"><h2 style=\"color: #000000;text-align: center;font-family:Abril Fatface;font-weight:400;font-style:normal\" class=\"vc_custom_heading vc_do_custom_heading wpb_animate_when_almost_visible wpb_fadeIn fadeIn vc_custom_1632118462201\" >Tervetuloa Kaupungin Naiset -verkkokauppaan!<\/h2><\/div><\/div><\/div><\/div><div class=\"vc_row wpb_row vc_row-fluid\"><div class=\"wpb_column vc_column_container vc_col-sm-12\"><div class=\"vc_column-inner\"><div class=\"wpb_wrapper\"><div class=\"vc_empty_space\"   style=\"height: 50px\"><span class=\"vc_empty_space_inner\"><\/span><\/div>\n\t<div  class=\"wpb_single_image wpb_content_element vc_align_center\">\n\t\t\n\t\t<figure class=\"wpb_wrapper vc_figure\">\n\t\t\t<div class=\"vc_single_image-wrapper   vc_box_border_grey\"><img loading=\"lazy\" decoding=\"async\" width=\"1024\" height=\"384\" src=\"https:\/\/kauppa.kloffa.fi\/wp-content\/uploads\/2023\/03\/Kaupungin-naiset-logo-1024x384.jpeg\" class=\"vc_single_image-img attachment-large\" alt=\"\" title=\"\" srcset=\"https:\/\/kauppa.kloffa.fi\/wp-content\/uploads\/2023\/03\/Kaupungin-naiset-logo-1024x384.jpeg 1024w, https:\/\/kauppa.kloffa.fi\/wp-content\/uploads\/2023\/03\/Kaupungin-naiset-logo-300x113.jpeg 300w, https:\/\/kauppa.kloffa.fi\/wp-content\/uploads\/2023\/03\/Kaupungin-naiset-logo-768x288.jpeg 768w, https:\/\/kauppa.kloffa.fi\/wp-content\/uploads\/2023\/03\/Kaupungin-naiset-logo-1536x576.jpeg 1536w, https:\/\/kauppa.kloffa.fi\/wp-content\/uploads\/2023\/03\/Kaupungin-naiset-logo-18x7.jpeg 18w, https:\/\/kauppa.kloffa.fi\/wp-content\/uploads\/2023\/03\/Kaupungin-naiset-logo-600x225.jpeg 600w, https:\/\/kauppa.kloffa.fi\/wp-content\/uploads\/2023\/03\/Kaupungin-naiset-logo.jpeg 1600w\" sizes=\"auto, (max-width: 1024px) 100vw, 1024px\"  data-dt-location=\"https:\/\/kauppa.kloffa.fi\/sv\/kaupungin-naiset-helsinki\/attachment\/kaupungin-naiset-logo\/\" \/><\/div>\n\t\t<\/figure>\n\t<\/div>\n<div class=\"vc_empty_space\"   style=\"height: 50px\"><span class=\"vc_empty_space_inner\"><\/span><\/div><\/div><\/div><\/div><\/div><div class=\"vc_row wpb_row vc_row-fluid\"><div class=\"wpb_column vc_column_container vc_col-sm-12\"><div class=\"vc_column-inner\"><div class=\"wpb_wrapper\">\n\t<div class=\"wpb_text_column wpb_content_element  vc_custom_1687933255638\" >\n\t\t<div class=\"wpb_wrapper\">\n\t\t\t<ol>\n<li>Valitse haluamasi tuotteet, lis\u00e4\u00e4 ne ostoskoriin ja siirry kassalle.<\/li>\n<li>Me hoidamme kaiken muun puolestasi!<\/li>\n<li>Tilausajan p\u00e4\u00e4tytty\u00e4 kaikki tuotteet valmistetaan samassa er\u00e4ss\u00e4 ja toimitetaan sitten ilmoittamaasi osoitetta l\u00e4hinn\u00e4 olevaan Postin noutopisteeseen.<\/li>\n<\/ol>\n<p>&nbsp;<\/p>\n<p>Toimithan nopeasti, sill\u00e4 verkkokauppa on auki vain rajallisen ajan 2.7.2023 asti. Toimitusaika on n. 4 viikkoa tilausajan p\u00e4\u00e4ttymisest\u00e4. Huomioithan, ett\u00e4 kustomoiduilla tuotteilla ei ole vaihto- tai palautusoikeutta, joten t\u00e4yt\u00e4 tilaus huolellisesti. Tuotteet valmistetaan valintojesi mukaan. Tilauksen yhteydess\u00e4 ker\u00e4tt\u00e4vi\u00e4 osoite- ja henkil\u00f6tietoja k\u00e4ytet\u00e4\u00e4n tilausten k\u00e4sittelyss\u00e4.<\/p>\n\n\t\t<\/div>\n\t<\/div>\n<div class=\"woocommerce columns-4 \"><\/div><\/div><\/div><\/div><\/div>\n<\/div>","protected":false},"excerpt":{"rendered":"<p>Tervetuloa Kaupungin Naiset -verkkokauppaan! Valitse haluamasi tuotteet, lis\u00e4\u00e4 ne ostoskoriin ja siirry kassalle. Me hoidamme kaiken muun puolestasi! Tilausajan p\u00e4\u00e4tytty\u00e4 kaikki tuotteet valmistetaan samassa er\u00e4ss\u00e4 ja toimitetaan sitten ilmoittamaasi osoitetta l\u00e4hinn\u00e4 olevaan Postin noutopisteeseen. &nbsp; Toimithan nopeasti, sill\u00e4 verkkokauppa on auki vain rajallisen ajan 2.7.2023 asti. Toimitusaika on n. 4 viikkoa tilausajan p\u00e4\u00e4ttymisest\u00e4. Huomioithan, ett\u00e4&hellip;<\/p>","protected":false},"author":1,"featured_media":0,"parent":0,"menu_order":0,"comment_status":"closed","ping_status":"closed","template":"","meta":{"footnotes":""},"class_list":["post-79831","page","type-page","status-publish","hentry","description-off"],"_links":{"self":[{"href":"https:\/\/kauppa.kloffa.fi\/sv\/wp-json\/wp\/v2\/pages\/79831","targetHints":{"allow":["GET"]}}],"collection":[{"href":"https:\/\/kauppa.kloffa.fi\/sv\/wp-json\/wp\/v2\/pages"}],"about":[{"href":"https:\/\/kauppa.kloffa.fi\/sv\/wp-json\/wp\/v2\/types\/page"}],"author":[{"embeddable":true,"href":"https:\/\/kauppa.kloffa.fi\/sv\/wp-json\/wp\/v2\/users\/1"}],"replies":[{"embeddable":true,"href":"https:\/\/kauppa.kloffa.fi\/sv\/wp-json\/wp\/v2\/comments?post=79831"}],"version-history":[{"count":0,"href":"https:\/\/kauppa.kloffa.fi\/sv\/wp-json\/wp\/v2\/pages\/79831\/revisions"}],"wp:attachment":[{"href":"https:\/\/kauppa.kloffa.fi\/sv\/wp-json\/wp\/v2\/media?parent=79831"}],"curies":[{"name":"wp","href":"https:\/\/api.w.org\/{rel}","templated":true}]}}