{"id":192751,"date":"2026-01-16T06:32:43","date_gmt":"2026-01-16T04:32:43","guid":{"rendered":"https:\/\/kauppa.kloffa.fi\/?post_type=product&#038;p=192751"},"modified":"2026-01-16T06:32:43","modified_gmt":"2026-01-16T04:32:43","slug":"ruoska-college","status":"publish","type":"product","link":"https:\/\/kauppa.kloffa.fi\/sv\/produkt\/ruoska-college\/","title":{"rendered":"Ruoska College"},"content":{"rendered":"","protected":false},"excerpt":{"rendered":"<p>Ekologisista ja vastuullisista materiaaleista valmistettu klassikkotuote, suunniteltu hieman v\u00e4ljemm\u00e4ll\u00e4 modern medium fit -mitoituksella. College on tyylitelty etupuolella l\u00f6ytyv\u00e4ll\u00e4 Ruoskan logopainatuksella<\/p>\n<p>&nbsp;<\/p>\n<ul>\n<li>Unisex<\/li>\n<li>Mitoitus: Modern medium fit<\/li>\n<li>Materiaali: 100% luomupuuvilla<\/li>\n<li>Kankaan paksuus: 350 g\/m2<\/li>\n<li>Sertifikaatit: GOTS, Oeko-Tex 100 ja PETA Approved Vegan<\/li>\n<li>Alkuper\u00e4maa: Bangladesh<\/li>\n<li>Set-in \u00e4rmar<\/li>\n<li>Tuotemitat l\u00f6ytyv\u00e4t gallerian viimeisest\u00e4 kuvasta<\/li>\n<\/ul>\n<p>&nbsp;<\/p>\n<p>&nbsp;<\/p>\n<p><a href=\"https:\/\/kauppa.kloffa.fi\/sv\/ruoska\/\"><strong>TILLBAKA TILL HEMMSIDAN<\/strong><\/a><\/p>","protected":false},"featured_media":192805,"template":"","meta":[],"product_brand":[],"product_cat":[788],"product_tag":[],"class_list":{"0":"post-192751","1":"product","2":"type-product","3":"status-publish","4":"has-post-thumbnail","6":"product_cat-ruoska","7":"product_shipping_class-toimitus-9-90","8":"description-off","10":"first","11":"instock","12":"taxable","13":"shipping-taxable","14":"purchasable","15":"product-type-variable"},"_links":{"self":[{"href":"https:\/\/kauppa.kloffa.fi\/sv\/wp-json\/wp\/v2\/product\/192751","targetHints":{"allow":["GET"]}}],"collection":[{"href":"https:\/\/kauppa.kloffa.fi\/sv\/wp-json\/wp\/v2\/product"}],"about":[{"href":"https:\/\/kauppa.kloffa.fi\/sv\/wp-json\/wp\/v2\/types\/product"}],"wp:featuredmedia":[{"embeddable":true,"href":"https:\/\/kauppa.kloffa.fi\/sv\/wp-json\/wp\/v2\/media\/192805"}],"wp:attachment":[{"href":"https:\/\/kauppa.kloffa.fi\/sv\/wp-json\/wp\/v2\/media?parent=192751"}],"wp:term":[{"taxonomy":"product_brand","embeddable":true,"href":"https:\/\/kauppa.kloffa.fi\/sv\/wp-json\/wp\/v2\/product_brand?post=192751"},{"taxonomy":"product_cat","embeddable":true,"href":"https:\/\/kauppa.kloffa.fi\/sv\/wp-json\/wp\/v2\/product_cat?post=192751"},{"taxonomy":"product_tag","embeddable":true,"href":"https:\/\/kauppa.kloffa.fi\/sv\/wp-json\/wp\/v2\/product_tag?post=192751"}],"curies":[{"name":"wp","href":"https:\/\/api.w.org\/{rel}","templated":true}]}}