{"id":192890,"date":"2026-01-16T06:32:43","date_gmt":"2026-01-16T04:32:43","guid":{"rendered":"https:\/\/kauppa.kloffa.fi\/?post_type=product&#038;p=192890"},"modified":"2026-01-16T06:32:43","modified_gmt":"2026-01-16T04:32:43","slug":"ruoska-huppari-lapset","status":"publish","type":"product","link":"https:\/\/kauppa.kloffa.fi\/sv\/produkt\/ruoska-huppari-lapset\/","title":{"rendered":"Ruoska Huppari (lapset)"},"content":{"rendered":"","protected":false},"excerpt":{"rendered":"<p>T\u00e4ss\u00e4 hupparissa yhdistyy sek\u00e4 ekologisuus ett\u00e4 mukavuus. Pehme\u00e4n hupparin rinnasta l\u00f6ytyy Ruoskan ogopainatus.<\/p>\n<p>&nbsp;<\/p>\n<ul>\n<li>Lasten mitoitus<\/li>\n<li>Materiaali: 100% luomupuuvilla<\/li>\n<li>Alkuper\u00e4maa: Bangladesh<\/li>\n<li>Kangaspaino: 300 g\/m2<\/li>\n<li>Set-in \u00e4rmar<\/li>\n<li>Sertifikaatit: GOTS, Oeko-Tex 100 ja PETA Approved Vegan<\/li>\n<li>Tuotemitat l\u00f6ytyv\u00e4t gallerian viimeisest\u00e4 kuvasta<\/li>\n<\/ul>\n<p>&nbsp;<\/p>\n<p>&nbsp;<\/p>\n<p><a href=\"https:\/\/kauppa.kloffa.fi\/sv\/ruoska\/\"><strong>TILLBAKA TILL HEMMSIDAN<\/strong><\/a><\/p>","protected":false},"featured_media":192813,"template":"","meta":[],"product_brand":[],"product_cat":[788],"product_tag":[],"class_list":{"0":"post-192890","1":"product","2":"type-product","3":"status-publish","4":"has-post-thumbnail","6":"product_cat-ruoska","7":"product_shipping_class-toimitus-9-90","8":"description-off","10":"first","11":"instock","12":"taxable","13":"shipping-taxable","14":"purchasable","15":"product-type-variable"},"_links":{"self":[{"href":"https:\/\/kauppa.kloffa.fi\/sv\/wp-json\/wp\/v2\/product\/192890","targetHints":{"allow":["GET"]}}],"collection":[{"href":"https:\/\/kauppa.kloffa.fi\/sv\/wp-json\/wp\/v2\/product"}],"about":[{"href":"https:\/\/kauppa.kloffa.fi\/sv\/wp-json\/wp\/v2\/types\/product"}],"wp:featuredmedia":[{"embeddable":true,"href":"https:\/\/kauppa.kloffa.fi\/sv\/wp-json\/wp\/v2\/media\/192813"}],"wp:attachment":[{"href":"https:\/\/kauppa.kloffa.fi\/sv\/wp-json\/wp\/v2\/media?parent=192890"}],"wp:term":[{"taxonomy":"product_brand","embeddable":true,"href":"https:\/\/kauppa.kloffa.fi\/sv\/wp-json\/wp\/v2\/product_brand?post=192890"},{"taxonomy":"product_cat","embeddable":true,"href":"https:\/\/kauppa.kloffa.fi\/sv\/wp-json\/wp\/v2\/product_cat?post=192890"},{"taxonomy":"product_tag","embeddable":true,"href":"https:\/\/kauppa.kloffa.fi\/sv\/wp-json\/wp\/v2\/product_tag?post=192890"}],"curies":[{"name":"wp","href":"https:\/\/api.w.org\/{rel}","templated":true}]}}