{"id":220738,"date":"2026-03-24T15:11:23","date_gmt":"2026-03-24T13:11:23","guid":{"rendered":"https:\/\/kauppa.kloffa.fi\/?post_type=product&#038;p=220738"},"modified":"2026-03-24T15:28:18","modified_gmt":"2026-03-24T13:28:18","slug":"akhilleus-fysioterapia-college-relaxed-fit","status":"publish","type":"product","link":"https:\/\/kauppa.kloffa.fi\/sv\/produkt\/akhilleus-fysioterapia-college-relaxed-fit\/","title":{"rendered":"Akhilleus Fysioterapia College (relaxed fit)"},"content":{"rendered":"","protected":false},"excerpt":{"rendered":"<p>Moderni versio perinteisest\u00e4 collegesta, vastuullinen, laadukas ja relaxed fit -mitoitettu. T\u00e4ll\u00e4 pysyt trendien kyydiss\u00e4, jopa edell\u00e4k\u00e4vij\u00e4n\u00e4. Ekologista tuotantoa ja materiaaleja unohtamatta. Tyylik\u00e4s loppusilaus on viimeistelty Akhilleus Fysioterapian logodesigneilla. Etupuolen rinnassa tekstilogo brodeerattuna ja selk\u00e4puolella logopainatus. Mallissa on raglan hihat ja tyylitelty V-ommel kaula-aukon alla.<\/p>\n<p>&nbsp;<\/p>\n<ul>\n<li>Unisex<\/li>\n<li>Mitoitus: Relaxed Fit<\/li>\n<li>Materiaali: 100% luomupuuvilla<\/li>\n<li>Kankaan paksuus: 400 g\/m2<\/li>\n<li>Alkuper\u00e4maa: Bangladesh<\/li>\n<li>Sertifikaatit: GOTS, Oeko-Tex 100 ja PETA Approved Vegan<\/li>\n<li>Raglan hihat<\/li>\n<li>Tuotemitat l\u00f6ytyv\u00e4t gallerian viimeisest\u00e4 kuvasta<\/li>\n<\/ul>\n<p>&nbsp;<\/p>\n<p>&nbsp;<\/p>\n<p><a href=\"https:\/\/kauppa.kloffa.fi\/sv\/akhilleus-fysioterapia\/\"><strong>TILLBAKA TILL HEMMSIDAN<\/strong><\/a><\/p>","protected":false},"featured_media":220844,"template":"","meta":[],"product_brand":[],"product_cat":[876],"product_tag":[],"class_list":{"0":"post-220738","1":"product","2":"type-product","3":"status-publish","4":"has-post-thumbnail","6":"product_cat-akhilleus-fysioterapia","7":"product_shipping_class-toimitus-9-90","8":"description-off","10":"first","11":"instock","12":"taxable","13":"shipping-taxable","14":"purchasable","15":"product-type-variable"},"_links":{"self":[{"href":"https:\/\/kauppa.kloffa.fi\/sv\/wp-json\/wp\/v2\/product\/220738","targetHints":{"allow":["GET"]}}],"collection":[{"href":"https:\/\/kauppa.kloffa.fi\/sv\/wp-json\/wp\/v2\/product"}],"about":[{"href":"https:\/\/kauppa.kloffa.fi\/sv\/wp-json\/wp\/v2\/types\/product"}],"wp:featuredmedia":[{"embeddable":true,"href":"https:\/\/kauppa.kloffa.fi\/sv\/wp-json\/wp\/v2\/media\/220844"}],"wp:attachment":[{"href":"https:\/\/kauppa.kloffa.fi\/sv\/wp-json\/wp\/v2\/media?parent=220738"}],"wp:term":[{"taxonomy":"product_brand","embeddable":true,"href":"https:\/\/kauppa.kloffa.fi\/sv\/wp-json\/wp\/v2\/product_brand?post=220738"},{"taxonomy":"product_cat","embeddable":true,"href":"https:\/\/kauppa.kloffa.fi\/sv\/wp-json\/wp\/v2\/product_cat?post=220738"},{"taxonomy":"product_tag","embeddable":true,"href":"https:\/\/kauppa.kloffa.fi\/sv\/wp-json\/wp\/v2\/product_tag?post=220738"}],"curies":[{"name":"wp","href":"https:\/\/api.w.org\/{rel}","templated":true}]}}