{"id":223167,"date":"2026-04-09T09:33:55","date_gmt":"2026-04-09T07:33:55","guid":{"rendered":"https:\/\/kauppa.kloffa.fi\/?post_type=product&#038;p=223167"},"modified":"2026-04-09T09:40:34","modified_gmt":"2026-04-09T07:40:34","slug":"cluster-ry-college","status":"publish","type":"product","link":"https:\/\/kauppa.kloffa.fi\/sv\/produkt\/cluster-ry-college\/","title":{"rendered":"Cluster ry College"},"content":{"rendered":"","protected":false},"excerpt":{"rendered":"<p>T\u00e4ss\u00e4 collegepaidassa yhdistyy sek\u00e4 ekologisuus ett\u00e4 mukavuus. Paidan rinnassa Cluster ry:n brodeerattu logo.<\/p>\n<p>&nbsp;<\/p>\n<ul>\n<li>Unisex<\/li>\n<li>Mitoitus: Medium fit<\/li>\n<li>Materiaali: 85% luomupuuvilla ja 15% kierr\u00e4tetty polyesteri<\/li>\n<li>Kangaspaino: 280 g\/m2<\/li>\n<li>Alkuper\u00e4maa: Bangladesh<\/li>\n<li>Set-in \u00e4rmar<\/li>\n<li>Sertifikaatit: GOTS, Oeko-Tex 100 ja Peta Approved Vegan<\/li>\n<li>Tuotemitat l\u00f6ytyv\u00e4t gallerian viimeisest\u00e4 kuvasta<\/li>\n<\/ul>\n<p>&nbsp;<\/p>\n<p>&nbsp;<\/p>\n<p><a href=\"https:\/\/kauppa.kloffa.fi\/sv\/cluster-ry\/\"><strong>TILLBAKA TILL HEMMSIDAN<\/strong><\/a><\/p>","protected":false},"featured_media":223187,"template":"","meta":[],"product_brand":[],"product_cat":[157],"product_tag":[],"class_list":{"0":"post-223167","1":"product","2":"type-product","3":"status-publish","4":"has-post-thumbnail","6":"product_cat-cluster","7":"product_shipping_class-toimitus-9-90","8":"description-off","10":"first","11":"instock","12":"taxable","13":"shipping-taxable","14":"purchasable","15":"product-type-variable"},"_links":{"self":[{"href":"https:\/\/kauppa.kloffa.fi\/sv\/wp-json\/wp\/v2\/product\/223167","targetHints":{"allow":["GET"]}}],"collection":[{"href":"https:\/\/kauppa.kloffa.fi\/sv\/wp-json\/wp\/v2\/product"}],"about":[{"href":"https:\/\/kauppa.kloffa.fi\/sv\/wp-json\/wp\/v2\/types\/product"}],"wp:featuredmedia":[{"embeddable":true,"href":"https:\/\/kauppa.kloffa.fi\/sv\/wp-json\/wp\/v2\/media\/223187"}],"wp:attachment":[{"href":"https:\/\/kauppa.kloffa.fi\/sv\/wp-json\/wp\/v2\/media?parent=223167"}],"wp:term":[{"taxonomy":"product_brand","embeddable":true,"href":"https:\/\/kauppa.kloffa.fi\/sv\/wp-json\/wp\/v2\/product_brand?post=223167"},{"taxonomy":"product_cat","embeddable":true,"href":"https:\/\/kauppa.kloffa.fi\/sv\/wp-json\/wp\/v2\/product_cat?post=223167"},{"taxonomy":"product_tag","embeddable":true,"href":"https:\/\/kauppa.kloffa.fi\/sv\/wp-json\/wp\/v2\/product_tag?post=223167"}],"curies":[{"name":"wp","href":"https:\/\/api.w.org\/{rel}","templated":true}]}}