{"id":51183,"date":"2020-11-04T22:09:35","date_gmt":"2020-11-04T22:09:35","guid":{"rendered":"https:\/\/kauppa.kloffa.fi\/?post_type=product&#038;p=51183"},"modified":"2021-02-25T11:27:55","modified_gmt":"2021-02-25T11:27:55","slug":"demo-t-paita-painatuksella","status":"publish","type":"product","link":"https:\/\/kauppa.kloffa.fi\/sv\/produkt\/demo-t-paita-painatuksella\/","title":{"rendered":"Demo t-skjorta med tryckning"},"content":{"rendered":"<div class=\"wpb-content-wrapper\"><div class=\"vc_row wpb_row vc_row-fluid\"><div class=\"wpb_column vc_column_container vc_col-sm-12\"><div class=\"vc_column-inner\"><div class=\"wpb_wrapper\">\n\t<div class=\"wpb_text_column wpb_content_element\" >\n\t\t<div class=\"wpb_wrapper\">\n\t\t\t<p><b>Kloffa Clothing onlinebutik erbjuder dig bland annat f\u00f6ljande f\u00f6rdelar:<\/b><\/p>\n<ul>\n<li>Alltid gratis byggande och redigering av webbutik<\/li>\n<li>Flexibla och helt\u00e4ckande betalningsalternativ<\/li>\n<li>Inga fler samlarlistor. Alla medlemmar i din community kan nu v\u00e4lja vilka produkter, f\u00e4rger eller storlekar de vill ha och informationen skickas direkt till oss.<\/li>\n<li>Du har det mest omfattande urvalet av ekologiska produkter och l\u00f6sningar.<\/li>\n<\/ul>\n<p>&nbsp;<\/p>\n<p><a href=\"https:\/\/kauppa.kloffa.fi\/sv\/demo\/\"><strong>TILLBAKA TILL HEMMSIDAN<\/strong><\/a><\/p>\n\n\t\t<\/div>\n\t<\/div>\n<\/div><\/div><\/div><\/div>\n<\/div>","protected":false},"excerpt":{"rendered":"<p>Snygg unisex t-shirt som passar alla situationer.<\/p>\n<p>Vilka produkter vill du ha tillg\u00e4ngliga i webbutiken? V\u00e5rt utbud omfattar \u00f6ver hundra produkter helt tillverkade av \u00e5tervunnet material och mycket mer.<\/p>\n<p>Paraply med tryckning? \u2013 Det lyckas<\/p>\n<p>Kaffekoppar gjorda av \u00e5tervunnen plast? \u2013 Det lyckas<\/p>\n<p>Kl\u00e4der designade i Finland och tillverkade i EU av plast- och textilavfall? \u2013 Det lyckas<\/p>\n<p>Kontakta din kontaktperson eller skicka epost till info@kloffa.fi.<\/p>","protected":false},"featured_media":51895,"template":"","meta":[],"product_brand":[],"product_cat":[93],"product_tag":[],"class_list":{"0":"post-51183","1":"product","2":"type-product","3":"status-publish","4":"has-post-thumbnail","6":"product_cat-demo","7":"product_shipping_class-toimituskulu","8":"description-off","10":"first","11":"instock","12":"taxable","13":"shipping-taxable","14":"purchasable","15":"product-type-variable"},"_links":{"self":[{"href":"https:\/\/kauppa.kloffa.fi\/sv\/wp-json\/wp\/v2\/product\/51183","targetHints":{"allow":["GET"]}}],"collection":[{"href":"https:\/\/kauppa.kloffa.fi\/sv\/wp-json\/wp\/v2\/product"}],"about":[{"href":"https:\/\/kauppa.kloffa.fi\/sv\/wp-json\/wp\/v2\/types\/product"}],"wp:featuredmedia":[{"embeddable":true,"href":"https:\/\/kauppa.kloffa.fi\/sv\/wp-json\/wp\/v2\/media\/51895"}],"wp:attachment":[{"href":"https:\/\/kauppa.kloffa.fi\/sv\/wp-json\/wp\/v2\/media?parent=51183"}],"wp:term":[{"taxonomy":"product_brand","embeddable":true,"href":"https:\/\/kauppa.kloffa.fi\/sv\/wp-json\/wp\/v2\/product_brand?post=51183"},{"taxonomy":"product_cat","embeddable":true,"href":"https:\/\/kauppa.kloffa.fi\/sv\/wp-json\/wp\/v2\/product_cat?post=51183"},{"taxonomy":"product_tag","embeddable":true,"href":"https:\/\/kauppa.kloffa.fi\/sv\/wp-json\/wp\/v2\/product_tag?post=51183"}],"curies":[{"name":"wp","href":"https:\/\/api.w.org\/{rel}","templated":true}]}}