{"id":52586,"date":"2021-03-30T10:13:29","date_gmt":"2021-03-30T10:13:29","guid":{"rendered":"https:\/\/kauppa.kloffa.fi\/?post_type=product&#038;p=52586"},"modified":"2021-04-07T09:54:25","modified_gmt":"2021-04-07T09:54:25","slug":"loistocast-t-paita","status":"publish","type":"product","link":"https:\/\/kauppa.kloffa.fi\/sv\/produkt\/loistocast-t-paita\/","title":{"rendered":"LoistoCast T-Paita"},"content":{"rendered":"<div class=\"wpb-content-wrapper\"><div class=\"vc_row wpb_row vc_row-fluid\"><div class=\"wpb_column vc_column_container vc_col-sm-12\"><div class=\"vc_column-inner\"><div class=\"wpb_wrapper\">\n\t<div class=\"wpb_text_column wpb_content_element\" >\n\t\t<div class=\"wpb_wrapper\">\n\t\t\t<h3 style=\"text-align: center;\">Omvandlingstabell<\/h3>\n\n\t\t<\/div>\n\t<\/div>\n\n\t<div class=\"wpb_text_column wpb_content_element\" >\n\t\t<div class=\"wpb_wrapper\">\n\t\t\t<table width=\"737\">\n<tbody>\n<tr>\n<td width=\"215\"><\/td>\n<td width=\"87\">XS<\/td>\n<td width=\"87\">S<\/td>\n<td width=\"87\">M<\/td>\n<td width=\"87\">L<\/td>\n<td width=\"87\">XL<\/td>\n<td width=\"87\">XXL<\/td>\n<\/tr>\n<tr>\n<td>Br\u00f6stvidd<\/td>\n<td>43<\/td>\n<td>47<\/td>\n<td>50<\/td>\n<td>53<\/td>\n<td>57<\/td>\n<td>60<\/td>\n<\/tr>\n<tr>\n<td>L\u00e4ngd fr\u00e5n krage - till nedersta delen<\/td>\n<td>64<\/td>\n<td>67<\/td>\n<td>71<\/td>\n<td>73<\/td>\n<td>76<\/td>\n<td>79<\/td>\n<\/tr>\n<\/tbody>\n<\/table>\n\n\t\t<\/div>\n\t<\/div>\n\n\t<div class=\"wpb_text_column wpb_content_element\" >\n\t\t<div class=\"wpb_wrapper\">\n\t\t\t<ul>\n<li>Br\u00f6stbredden m\u00e4ts fr\u00e5n armh\u00e5la till armh\u00e5la<\/li>\n<li>L\u00e4ngden m\u00e4ts fr\u00e5n toppen av urringningen - till nedersta delen av skjortan<\/li>\n<\/ul>\n\n\t\t<\/div>\n\t<\/div>\n<\/div><\/div><\/div><\/div>\n<\/div>","protected":false},"excerpt":{"rendered":"<p>Tyylik\u00e4s ja istuva unisex t-paita, LoistoCastin logolla varustettuna. Valmistettu 100% tekstiili- ja muovij\u00e4tteest\u00e4 sek\u00e4 tuotettu kokonaan EU-alueella.<\/p>\n<p>&nbsp;<\/p>\n<p><b>Genom att v\u00e4lja en 'Klaimet\u00ae t-skjorta:<\/b><\/p>\n<ul>\n<li>Sparas 1800 liter vatten<\/li>\n<li>Sparas 2800 gram CO2-utsl\u00e4pp<\/li>\n<li>6,8 kWh energi<\/li>\n<li>5 \u00e5tervunna plastflaskor anv\u00e4nds<\/li>\n<\/ul>\n<p>Design: Unisex<br \/>\nStorlek: XS-XXL<br \/>\nTillverkningsland: Portugal<br \/>\nDesignad i Finland<br \/>\nMateriaali: puolet kierr\u00e4tetty\u00e4 puuvillaa, puolet kierr\u00e4tettyj\u00e4 polyesterikuituja<\/p>\n<p>&nbsp;<\/p>\n<p><a href=\"https:\/\/kauppa.kloffa.fi\/sv\/loistocast\/\"><strong>TILLBAKA TILL HEMMSIDAN<\/strong><\/a><\/p>","protected":false},"featured_media":52580,"template":"","meta":[],"product_brand":[],"product_cat":[111],"product_tag":[],"class_list":{"0":"post-52586","1":"product","2":"type-product","3":"status-publish","4":"has-post-thumbnail","6":"product_cat-loistocast","7":"product_shipping_class-toimituskulu","8":"description-off","10":"first","11":"instock","12":"taxable","13":"shipping-taxable","14":"purchasable","15":"product-type-variable"},"_links":{"self":[{"href":"https:\/\/kauppa.kloffa.fi\/sv\/wp-json\/wp\/v2\/product\/52586","targetHints":{"allow":["GET"]}}],"collection":[{"href":"https:\/\/kauppa.kloffa.fi\/sv\/wp-json\/wp\/v2\/product"}],"about":[{"href":"https:\/\/kauppa.kloffa.fi\/sv\/wp-json\/wp\/v2\/types\/product"}],"wp:featuredmedia":[{"embeddable":true,"href":"https:\/\/kauppa.kloffa.fi\/sv\/wp-json\/wp\/v2\/media\/52580"}],"wp:attachment":[{"href":"https:\/\/kauppa.kloffa.fi\/sv\/wp-json\/wp\/v2\/media?parent=52586"}],"wp:term":[{"taxonomy":"product_brand","embeddable":true,"href":"https:\/\/kauppa.kloffa.fi\/sv\/wp-json\/wp\/v2\/product_brand?post=52586"},{"taxonomy":"product_cat","embeddable":true,"href":"https:\/\/kauppa.kloffa.fi\/sv\/wp-json\/wp\/v2\/product_cat?post=52586"},{"taxonomy":"product_tag","embeddable":true,"href":"https:\/\/kauppa.kloffa.fi\/sv\/wp-json\/wp\/v2\/product_tag?post=52586"}],"curies":[{"name":"wp","href":"https:\/\/api.w.org\/{rel}","templated":true}]}}