{"id":71581,"date":"2025-08-15T10:49:30","date_gmt":"2025-08-15T08:49:30","guid":{"rendered":"https:\/\/kauppa.kloffa.fi\/?post_type=product&#038;p=71581"},"modified":"2025-08-15T10:49:38","modified_gmt":"2025-08-15T08:49:38","slug":"maaperatieteet-reppu","status":"publish","type":"product","link":"https:\/\/kauppa.kloffa.fi\/sv\/produkt\/maaperatieteet-reppu\/","title":{"rendered":"Maaper\u00e4tieteet Reppu"},"content":{"rendered":"","protected":false},"excerpt":{"rendered":"<p>Perinteinen selk\u00e4reppu on ajaton klassikko ja nyt se on saatavilla kokonaan kierr\u00e4tysmateriaaleista valmistettuna. Reppu on koristeltu Suomen Maaper\u00e4tieteiden Seuran logolla.<\/p>\n<p>&nbsp;<\/p>\n<ul>\n<li>Materiaali: 100% kierr\u00e4tetty polyesteri<\/li>\n<li>Mitat: 31 x 42 x 21cm<\/li>\n<li>Paino: 265g<\/li>\n<li>Valmistusmaa: Kiina<\/li>\n<li>V\u00e4rit: Keltainen, Punainen, Harmaa, Olive ja Sininen (Petrol)<\/li>\n<li>Tilavuus 18 litraa<\/li>\n<li>Tukevat kanto\/kiristysny\u00f6rit<\/li>\n<\/ul>\n<p>&nbsp;<\/p>\n<p><a href=\"https:\/\/kauppa.kloffa.fi\/sv\/suomen-maaperatieteiden-seura\/\"><strong>TILLBAKA TILL HEMMSIDAN<\/strong><\/a><\/p>","protected":false},"featured_media":71482,"template":"","meta":[],"product_brand":[],"product_cat":[299],"product_tag":[],"class_list":{"0":"post-71581","1":"product","2":"type-product","3":"status-publish","4":"has-post-thumbnail","6":"product_cat-suomen-maaperatieteiden-seura","7":"product_shipping_class-toimitus-9-90","8":"description-off","10":"first","11":"outofstock","12":"taxable","13":"shipping-taxable","14":"purchasable","15":"product-type-variable"},"_links":{"self":[{"href":"https:\/\/kauppa.kloffa.fi\/sv\/wp-json\/wp\/v2\/product\/71581","targetHints":{"allow":["GET"]}}],"collection":[{"href":"https:\/\/kauppa.kloffa.fi\/sv\/wp-json\/wp\/v2\/product"}],"about":[{"href":"https:\/\/kauppa.kloffa.fi\/sv\/wp-json\/wp\/v2\/types\/product"}],"wp:featuredmedia":[{"embeddable":true,"href":"https:\/\/kauppa.kloffa.fi\/sv\/wp-json\/wp\/v2\/media\/71482"}],"wp:attachment":[{"href":"https:\/\/kauppa.kloffa.fi\/sv\/wp-json\/wp\/v2\/media?parent=71581"}],"wp:term":[{"taxonomy":"product_brand","embeddable":true,"href":"https:\/\/kauppa.kloffa.fi\/sv\/wp-json\/wp\/v2\/product_brand?post=71581"},{"taxonomy":"product_cat","embeddable":true,"href":"https:\/\/kauppa.kloffa.fi\/sv\/wp-json\/wp\/v2\/product_cat?post=71581"},{"taxonomy":"product_tag","embeddable":true,"href":"https:\/\/kauppa.kloffa.fi\/sv\/wp-json\/wp\/v2\/product_tag?post=71581"}],"curies":[{"name":"wp","href":"https:\/\/api.w.org\/{rel}","templated":true}]}}