{"id":71649,"date":"2025-08-15T10:49:23","date_gmt":"2025-08-15T08:49:23","guid":{"rendered":"https:\/\/kauppa.kloffa.fi\/?post_type=product&#038;p=71649"},"modified":"2025-08-15T10:49:38","modified_gmt":"2025-08-15T08:49:38","slug":"maaperatieteet-haalarimerkki","status":"publish","type":"product","link":"https:\/\/kauppa.kloffa.fi\/sv\/produkt\/maaperatieteet-haalarimerkki\/","title":{"rendered":"Maaper\u00e4tieteet Haalarimerkki"},"content":{"rendered":"","protected":false},"excerpt":{"rendered":"<p>Suomen Maaper\u00e4tieteiden Seura -haalarimerkki. Valmistettu Suomessa. Tyylik\u00e4s valinta haalarien lis\u00e4ksi esimerkiksi reppuun tai farkkutakkiin.<\/p>\n<p>&nbsp;<\/p>\n<ul>\n<li>Mitat: 80mm (halkaisija)<\/li>\n<li>Design painettuna suoraan kankaaseen<\/li>\n<li>Taustalla ohut valkoinen fleecekangas<\/li>\n<li>P\u00e4rm\u00e4tty reuna (= reunalanka kiert\u00e4\u00e4 reunuksen yli k\u00e4\u00e4nt\u00f6puolelle)<\/li>\n<\/ul>\n<p>&nbsp;<\/p>\n<p><a href=\"https:\/\/kauppa.kloffa.fi\/sv\/suomen-maaperatieteiden-seura\/\"><strong>TILLBAKA TILL HEMMSIDAN<\/strong><\/a><\/p>","protected":false},"featured_media":71801,"template":"","meta":[],"product_brand":[],"product_cat":[299],"product_tag":[],"class_list":{"0":"post-71649","1":"product","2":"type-product","3":"status-publish","4":"has-post-thumbnail","6":"product_cat-suomen-maaperatieteiden-seura","7":"product_shipping_class-toimitus-9-90","8":"description-off","10":"first","11":"outofstock","12":"taxable","13":"shipping-taxable","14":"purchasable","15":"product-type-variable"},"_links":{"self":[{"href":"https:\/\/kauppa.kloffa.fi\/sv\/wp-json\/wp\/v2\/product\/71649","targetHints":{"allow":["GET"]}}],"collection":[{"href":"https:\/\/kauppa.kloffa.fi\/sv\/wp-json\/wp\/v2\/product"}],"about":[{"href":"https:\/\/kauppa.kloffa.fi\/sv\/wp-json\/wp\/v2\/types\/product"}],"wp:featuredmedia":[{"embeddable":true,"href":"https:\/\/kauppa.kloffa.fi\/sv\/wp-json\/wp\/v2\/media\/71801"}],"wp:attachment":[{"href":"https:\/\/kauppa.kloffa.fi\/sv\/wp-json\/wp\/v2\/media?parent=71649"}],"wp:term":[{"taxonomy":"product_brand","embeddable":true,"href":"https:\/\/kauppa.kloffa.fi\/sv\/wp-json\/wp\/v2\/product_brand?post=71649"},{"taxonomy":"product_cat","embeddable":true,"href":"https:\/\/kauppa.kloffa.fi\/sv\/wp-json\/wp\/v2\/product_cat?post=71649"},{"taxonomy":"product_tag","embeddable":true,"href":"https:\/\/kauppa.kloffa.fi\/sv\/wp-json\/wp\/v2\/product_tag?post=71649"}],"curies":[{"name":"wp","href":"https:\/\/api.w.org\/{rel}","templated":true}]}}