{"id":83521,"date":"2023-05-27T09:01:41","date_gmt":"2023-05-27T07:01:41","guid":{"rendered":"https:\/\/kauppa.kloffa.fi\/?post_type=product&#038;p=83521"},"modified":"2026-03-26T13:02:06","modified_gmt":"2026-03-26T11:02:06","slug":"tlk-college-iso-logo-100-recycled","status":"publish","type":"product","link":"https:\/\/kauppa.kloffa.fi\/sv\/produkt\/tlk-college-iso-logo-100-recycled\/","title":{"rendered":"TLK College &#8211; Iso logo (100% recycled)"},"content":{"rendered":"<div class=\"wpb-content-wrapper\"><div class=\"vc_row wpb_row vc_row-fluid\"><div class=\"wpb_column vc_column_container vc_col-sm-12\"><div class=\"vc_column-inner\"><div class=\"wpb_wrapper\">\n\t<div class=\"wpb_text_column wpb_content_element\" >\n\t\t<div class=\"wpb_wrapper\">\n\t\t\t<h3 style=\"text-align: center;\">Omvandlingstabell<\/h3>\n\n\t\t<\/div>\n\t<\/div>\n\n\t<div class=\"wpb_text_column wpb_content_element\" >\n\t\t<div class=\"wpb_wrapper\">\n\t\t\t<table width=\"737\">\n<tbody>\n<tr>\n<td width=\"215\"><\/td>\n<td width=\"87\">XS<\/td>\n<td width=\"87\">S<\/td>\n<td width=\"87\">M<\/td>\n<td width=\"87\">L<\/td>\n<td width=\"87\">XL<\/td>\n<td width=\"87\">XXL<\/td>\n<\/tr>\n<tr>\n<td>Br\u00f6stvidd<\/td>\n<td>48<\/td>\n<td>53<\/td>\n<td>56<\/td>\n<td>60<\/td>\n<td>62<\/td>\n<td>64<\/td>\n<\/tr>\n<tr>\n<td>L\u00e4ngd fr\u00e5n krage - till nedersta delen<\/td>\n<td>63<\/td>\n<td>65<\/td>\n<td>69<\/td>\n<td>71<\/td>\n<td>73<\/td>\n<td>76<\/td>\n<\/tr>\n<tr>\n<td>\u00c4rml\u00e4ngd<\/td>\n<td>58<\/td>\n<td>61<\/td>\n<td>64<\/td>\n<td>67<\/td>\n<td>68<\/td>\n<td>69<\/td>\n<\/tr>\n<\/tbody>\n<\/table>\n\n\t\t<\/div>\n\t<\/div>\n\n\t<div class=\"wpb_text_column wpb_content_element\" >\n\t\t<div class=\"wpb_wrapper\">\n\t\t\t<ul>\n<li>Br\u00f6stbredden m\u00e4ts fr\u00e5n armh\u00e5la till armh\u00e5la<\/li>\n<li>L\u00e4ngden m\u00e4ts fr\u00e5n toppen av urringningen - till nedersta delen av tr\u00f6jan<\/li>\n<li>\u00c4rmens l\u00e4ngd m\u00e4ts fr\u00e5n axels\u00f6mmen - till slutet av \u00e4rmen<\/li>\n<\/ul>\n\n\t\t<\/div>\n\t<\/div>\n<\/div><\/div><\/div><\/div>\n<\/div>","protected":false},"excerpt":{"rendered":"<p><span style=\"font-weight: 400;\">Ymp\u00e4rist\u00f6yst\u00e4v\u00e4llinen ykk\u00f6svalinta! Tyylik\u00e4s ja istuva unisex &#8217;Klaimet collegepaita brodeeratulla TLK-logolla. Paita on valmistettu 100% tekstiili- ja muovij\u00e4tteest\u00e4 sek\u00e4 tuotettu<\/span><span style=\"font-weight: 400;\"> kokonaan EU-alueella. Tuotteen v\u00e4rin lis\u00e4ksi voi valita my\u00f6s logon v\u00e4rin.<\/span><\/p>\n<p>&nbsp;<\/p>\n<p><b>Genom att v\u00e4lja en av 'Klaimet\u00ae-collegetr\u00f6jorna:<\/b><\/p>\n<ul>\n<li>Sparas 5 000 liter vatten<\/li>\n<li>7 700 gram CO2-utsl\u00e4pp<\/li>\n<li>18,7 kWh energi<\/li>\n<li>13 \u00e5tervunna plastflaskor anv\u00e4nds<\/li>\n<\/ul>\n<p><span style=\"font-weight: 400;\">Design: Unisex<\/span><span style=\"font-weight: 400;\"><br \/>\n<\/span><span style=\"font-weight: 400;\">Storlek: XS-XXL<\/span><br \/>\n<span style=\"font-weight: 400;\">M\u00e4rke: 'Klaimet<br \/>\n<\/span><span style=\"font-weight: 400;\">Material: 50% \u00e5tervunnen bomull, 47% \u00e5tervunnen polyester, 3% andra \u00e5tervunna fibrer<\/span><span style=\"font-weight: 400;\"><br \/>\n<\/span><span style=\"font-weight: 400;\">\u201dSet-in\u201d \u00e4rmar<\/span><span style=\"font-weight: 400;\"><br \/>\n<\/span><span style=\"font-weight: 400;\">Elastisk \u00e4rm och res\u00e5r i midjan<\/span><\/p>\n<p>Designad i Finland och tillverkad i Portugal<\/p>\n<p>&nbsp;<\/p>\n<p>&nbsp;<\/p>\n<p><a href=\"https:\/\/kauppa.kloffa.fi\/sv\/tampereen-laaketieteen-kandidaattiseura\/\"><strong>TILLBAKA TILL HEMMSIDAN<\/strong><\/a><\/p>","protected":false},"featured_media":83596,"template":"","meta":[],"product_brand":[],"product_cat":[395,396],"product_tag":[],"class_list":{"0":"post-83521","1":"product","2":"type-product","3":"status-publish","4":"has-post-thumbnail","6":"product_cat-tlk","7":"product_cat-tlk-colleget","8":"product_shipping_class-toimitus-9-90","9":"description-off","11":"first","12":"instock","13":"taxable","14":"shipping-taxable","15":"purchasable","16":"product-type-variable"},"_links":{"self":[{"href":"https:\/\/kauppa.kloffa.fi\/sv\/wp-json\/wp\/v2\/product\/83521","targetHints":{"allow":["GET"]}}],"collection":[{"href":"https:\/\/kauppa.kloffa.fi\/sv\/wp-json\/wp\/v2\/product"}],"about":[{"href":"https:\/\/kauppa.kloffa.fi\/sv\/wp-json\/wp\/v2\/types\/product"}],"wp:featuredmedia":[{"embeddable":true,"href":"https:\/\/kauppa.kloffa.fi\/sv\/wp-json\/wp\/v2\/media\/83596"}],"wp:attachment":[{"href":"https:\/\/kauppa.kloffa.fi\/sv\/wp-json\/wp\/v2\/media?parent=83521"}],"wp:term":[{"taxonomy":"product_brand","embeddable":true,"href":"https:\/\/kauppa.kloffa.fi\/sv\/wp-json\/wp\/v2\/product_brand?post=83521"},{"taxonomy":"product_cat","embeddable":true,"href":"https:\/\/kauppa.kloffa.fi\/sv\/wp-json\/wp\/v2\/product_cat?post=83521"},{"taxonomy":"product_tag","embeddable":true,"href":"https:\/\/kauppa.kloffa.fi\/sv\/wp-json\/wp\/v2\/product_tag?post=83521"}],"curies":[{"name":"wp","href":"https:\/\/api.w.org\/{rel}","templated":true}]}}