{"id":83553,"date":"2023-05-27T09:03:44","date_gmt":"2023-05-27T07:03:44","guid":{"rendered":"https:\/\/kauppa.kloffa.fi\/?post_type=product&#038;p=83553"},"modified":"2026-03-26T13:02:53","modified_gmt":"2026-03-26T11:02:53","slug":"tlk-college-iso-logo","status":"publish","type":"product","link":"https:\/\/kauppa.kloffa.fi\/sv\/produkt\/tlk-college-iso-logo\/","title":{"rendered":"TLK College &#8211; Iso logo"},"content":{"rendered":"","protected":false},"excerpt":{"rendered":"<p>Collegepaita on vaatekaapin ajaton klassikko. T\u00e4ss\u00e4 Stanley\/Stellan unisex-mallissa yhdistyv\u00e4t sek\u00e4 ekologisuus ett\u00e4 laadukkuus. Tyylikk\u00e4\u00e4n loppusilauksen varmistaa brodeerattu TLK-logo collegen rinnassa. Tuotteen v\u00e4rin lis\u00e4ksi voi valita my\u00f6s logon v\u00e4rin.<\/p>\n<p>&nbsp;<\/p>\n<ul>\n<li>Unisex<\/li>\n<li>Mitoitus: Medium fit<\/li>\n<li>Materiaali: 100% luomupuuvilla<\/li>\n<li>Kangaspaino: 350 g\/m2<\/li>\n<li>Alkuper\u00e4maa: Bangladesh<\/li>\n<li>Sertifikaatit: GOTS, Oeko-Tex 100 ja PETA Approved Vegan<\/li>\n<li>Set-in \u00e4rmar<\/li>\n<li>Tuotemitat l\u00f6ytyv\u00e4t gallerian viimeisest\u00e4 kuvasta<\/li>\n<\/ul>\n<p>&nbsp;<\/p>\n<p>&nbsp;<\/p>\n<p><a href=\"https:\/\/kauppa.kloffa.fi\/sv\/tampereen-laaketieteen-kandidaattiseura\/\"><strong>TILLBAKA TILL HEMMSIDAN<\/strong><\/a><\/p>","protected":false},"featured_media":83578,"template":"","meta":[],"product_brand":[],"product_cat":[395,396],"product_tag":[],"class_list":{"0":"post-83553","1":"product","2":"type-product","3":"status-publish","4":"has-post-thumbnail","6":"product_cat-tlk","7":"product_cat-tlk-colleget","8":"product_shipping_class-toimitus-9-90","9":"description-off","11":"first","12":"instock","13":"taxable","14":"shipping-taxable","15":"purchasable","16":"product-type-variable"},"_links":{"self":[{"href":"https:\/\/kauppa.kloffa.fi\/sv\/wp-json\/wp\/v2\/product\/83553","targetHints":{"allow":["GET"]}}],"collection":[{"href":"https:\/\/kauppa.kloffa.fi\/sv\/wp-json\/wp\/v2\/product"}],"about":[{"href":"https:\/\/kauppa.kloffa.fi\/sv\/wp-json\/wp\/v2\/types\/product"}],"wp:featuredmedia":[{"embeddable":true,"href":"https:\/\/kauppa.kloffa.fi\/sv\/wp-json\/wp\/v2\/media\/83578"}],"wp:attachment":[{"href":"https:\/\/kauppa.kloffa.fi\/sv\/wp-json\/wp\/v2\/media?parent=83553"}],"wp:term":[{"taxonomy":"product_brand","embeddable":true,"href":"https:\/\/kauppa.kloffa.fi\/sv\/wp-json\/wp\/v2\/product_brand?post=83553"},{"taxonomy":"product_cat","embeddable":true,"href":"https:\/\/kauppa.kloffa.fi\/sv\/wp-json\/wp\/v2\/product_cat?post=83553"},{"taxonomy":"product_tag","embeddable":true,"href":"https:\/\/kauppa.kloffa.fi\/sv\/wp-json\/wp\/v2\/product_tag?post=83553"}],"curies":[{"name":"wp","href":"https:\/\/api.w.org\/{rel}","templated":true}]}}