{"id":83801,"date":"2024-10-17T13:02:09","date_gmt":"2024-10-17T11:02:09","guid":{"rendered":"https:\/\/kauppa.kloffa.fi\/?post_type=product&#038;p=83801"},"modified":"2026-03-26T12:52:58","modified_gmt":"2026-03-26T10:52:58","slug":"tlk-huppari-pikku-logo-heavy-relaxed-fit","status":"publish","type":"product","link":"https:\/\/kauppa.kloffa.fi\/sv\/produkt\/tlk-huppari-pikku-logo-heavy-relaxed-fit\/","title":{"rendered":"TLK Huppari &#8211; Pikku logo (Heavy &#038; Relaxed Fit)"},"content":{"rendered":"","protected":false},"excerpt":{"rendered":"<p>Uusi Heavy &amp; Relaxed -sarjan huppari. Materiaali ja ulkon\u00e4k\u00f6 p\u00e4ivittyneet uuteen versioon 23.9.2024 alkaen.<\/p>\n<p>&nbsp;<\/p>\n<p>Hupparin kangas on tihe\u00e4\u00e4 400g\/m2 materiaalia ja 100% luomupuuvillaa. Leikkaus ja mitoitus ovat Relaxed Fit -tyyli\u00e4, jonka avulla luot n\u00e4ytt\u00e4v\u00e4n asukokonaisuuden. Laadukkaan loppusilauksen varmistaa brodeerattu TLK-logo hupparin vasemmassa rinnassa. Tuotteen v\u00e4rin lis\u00e4ksi voi valita my\u00f6s logon v\u00e4rin.<\/p>\n<p>&nbsp;<\/p>\n<ul>\n<li>Unisex<\/li>\n<li>Malli: Relaxed Fit<\/li>\n<li>Materiaali: 100% luomupuuvilla<\/li>\n<li>Alkuper\u00e4maa: Bangladesh<\/li>\n<li>Sertifikaatit: GOTS, Oeko-Tex 100 ja PETA Approved Vegan<\/li>\n<li>Kangaspaino: 400 g\/m2<\/li>\n<li>Raglan hihat<\/li>\n<li>Tuotemitat l\u00f6ytyv\u00e4t gallerian viimeisest\u00e4 kuvasta<\/li>\n<\/ul>\n<p>&nbsp;<\/p>\n<p>&nbsp;<\/p>\n<p><a href=\"https:\/\/kauppa.kloffa.fi\/sv\/tampereen-laaketieteen-kandidaattiseura\/\"><strong>TILLBAKA TILL HEMMSIDAN<\/strong><\/a><\/p>","protected":false},"featured_media":135792,"template":"","meta":[],"product_brand":[],"product_cat":[395,397],"product_tag":[],"class_list":{"0":"post-83801","1":"product","2":"type-product","3":"status-publish","4":"has-post-thumbnail","6":"product_cat-tlk","7":"product_cat-tlk-hupparit","8":"product_shipping_class-toimitus-9-90","9":"description-off","11":"first","12":"instock","13":"taxable","14":"shipping-taxable","15":"purchasable","16":"product-type-variable"},"_links":{"self":[{"href":"https:\/\/kauppa.kloffa.fi\/sv\/wp-json\/wp\/v2\/product\/83801","targetHints":{"allow":["GET"]}}],"collection":[{"href":"https:\/\/kauppa.kloffa.fi\/sv\/wp-json\/wp\/v2\/product"}],"about":[{"href":"https:\/\/kauppa.kloffa.fi\/sv\/wp-json\/wp\/v2\/types\/product"}],"wp:featuredmedia":[{"embeddable":true,"href":"https:\/\/kauppa.kloffa.fi\/sv\/wp-json\/wp\/v2\/media\/135792"}],"wp:attachment":[{"href":"https:\/\/kauppa.kloffa.fi\/sv\/wp-json\/wp\/v2\/media?parent=83801"}],"wp:term":[{"taxonomy":"product_brand","embeddable":true,"href":"https:\/\/kauppa.kloffa.fi\/sv\/wp-json\/wp\/v2\/product_brand?post=83801"},{"taxonomy":"product_cat","embeddable":true,"href":"https:\/\/kauppa.kloffa.fi\/sv\/wp-json\/wp\/v2\/product_cat?post=83801"},{"taxonomy":"product_tag","embeddable":true,"href":"https:\/\/kauppa.kloffa.fi\/sv\/wp-json\/wp\/v2\/product_tag?post=83801"}],"curies":[{"name":"wp","href":"https:\/\/api.w.org\/{rel}","templated":true}]}}