{"id":85845,"date":"2024-10-17T13:02:05","date_gmt":"2024-10-17T11:02:05","guid":{"rendered":"https:\/\/kauppa.kloffa.fi\/?post_type=product&#038;p=85845"},"modified":"2026-03-26T12:58:10","modified_gmt":"2026-03-26T10:58:10","slug":"tlk-t-paita-pieni-logo","status":"publish","type":"product","link":"https:\/\/kauppa.kloffa.fi\/sv\/produkt\/tlk-t-paita-pieni-logo\/","title":{"rendered":"TLK T-Paita &#8211; Pieni logo"},"content":{"rendered":"","protected":false},"excerpt":{"rendered":"<p>Luomupuuvillasta valmistettu ekologinen t-paita koristeltuna TLK:n\u00a0 logopainatuksella. T\u00e4ss\u00e4 versiossa logo l\u00f6ytyy paidan vasemmasta rinnasta. T-paidan hihat ja reunat on viimeistelty tuplatikkauksella. Paita on medium fit -mitoitusta ja leikkaukseltaan unisex. Tuotteen v\u00e4rin lis\u00e4ksi voi valita my\u00f6s logon v\u00e4rin.<\/p>\n<p>&nbsp;<\/p>\n<ul>\n<li>Unisex<\/li>\n<li>Mitoitus: Medium Fit<\/li>\n<li>Materiaali: 100% luomupuuvilla<\/li>\n<li>Alkuper\u00e4maa: Bangladesh<\/li>\n<li>Kangaspaino: 180 g\/m2<\/li>\n<li>Sertifikaatit: GOTS, Oeko-Tex 100 ja PETA Approved Vegan<\/li>\n<li>Set-in \u00e4rmar<\/li>\n<li>Tuotemitat l\u00f6ytyv\u00e4t gallerian viimeisest\u00e4 kuvasta<\/li>\n<\/ul>\n<p>&nbsp;<\/p>\n<p>&nbsp;<\/p>\n<p><a href=\"https:\/\/kauppa.kloffa.fi\/sv\/tampereen-laaketieteen-kandidaattiseura\/\"><strong>TILLBAKA TILL HEMMSIDAN<\/strong><\/a><\/p>","protected":false},"featured_media":85795,"template":"","meta":[],"product_brand":[],"product_cat":[395,398],"product_tag":[],"class_list":{"0":"post-85845","1":"product","2":"type-product","3":"status-publish","4":"has-post-thumbnail","6":"product_cat-tlk","7":"product_cat-tlk-muut","8":"product_shipping_class-toimitus-9-90","9":"description-off","11":"first","12":"instock","13":"taxable","14":"shipping-taxable","15":"purchasable","16":"product-type-variable"},"_links":{"self":[{"href":"https:\/\/kauppa.kloffa.fi\/sv\/wp-json\/wp\/v2\/product\/85845","targetHints":{"allow":["GET"]}}],"collection":[{"href":"https:\/\/kauppa.kloffa.fi\/sv\/wp-json\/wp\/v2\/product"}],"about":[{"href":"https:\/\/kauppa.kloffa.fi\/sv\/wp-json\/wp\/v2\/types\/product"}],"wp:featuredmedia":[{"embeddable":true,"href":"https:\/\/kauppa.kloffa.fi\/sv\/wp-json\/wp\/v2\/media\/85795"}],"wp:attachment":[{"href":"https:\/\/kauppa.kloffa.fi\/sv\/wp-json\/wp\/v2\/media?parent=85845"}],"wp:term":[{"taxonomy":"product_brand","embeddable":true,"href":"https:\/\/kauppa.kloffa.fi\/sv\/wp-json\/wp\/v2\/product_brand?post=85845"},{"taxonomy":"product_cat","embeddable":true,"href":"https:\/\/kauppa.kloffa.fi\/sv\/wp-json\/wp\/v2\/product_cat?post=85845"},{"taxonomy":"product_tag","embeddable":true,"href":"https:\/\/kauppa.kloffa.fi\/sv\/wp-json\/wp\/v2\/product_tag?post=85845"}],"curies":[{"name":"wp","href":"https:\/\/api.w.org\/{rel}","templated":true}]}}