{"id":93354,"date":"2026-03-23T11:18:51","date_gmt":"2026-03-23T09:18:51","guid":{"rendered":"https:\/\/kauppa.kloffa.fi\/?post_type=product&#038;p=93354"},"modified":"2026-03-30T12:23:46","modified_gmt":"2026-03-30T10:23:46","slug":"illinkiertajat-college","status":"publish","type":"product","link":"https:\/\/kauppa.kloffa.fi\/sv\/produkt\/illinkiertajat-college\/","title":{"rendered":"Illinkiert\u00e4j\u00e4t College"},"content":{"rendered":"","protected":false},"excerpt":{"rendered":"<p>Collegepaita on ajaton valinta ja toimii mainiosti useissa asukokonaisuuksissa. P\u00e4ivit\u00e4 vaatekaappiasi t\u00e4ll\u00e4 parempaan sek\u00e4 ekologisuudessa ett\u00e4 laadussa. Premium-laadun takeena toimii mukavan j\u00e4m\u00e4kk\u00e4, jopa 350g\/m2 paksuinen kangas. Collegesta <span style=\"font-weight: 400;\">l\u00f6ytyy kaksi logoa, toinen etupuolelta vasemmasta rinnasta ja toinen isolla sel\u00e4st\u00e4.<\/span><\/p>\n<p>&nbsp;<\/p>\n<ul>\n<li>Unisex<\/li>\n<li>Mitoitus: Modern medium fit<\/li>\n<li>Materiaali: 100% luomupuuvilla<\/li>\n<li>Kangaspaino: 350 g\/m2<\/li>\n<li>Alkuper\u00e4maa: Bangladesh<\/li>\n<li>Sertifikaatit: GOTS, Oeko-Tex 100 ja PETA Approved Vegan<\/li>\n<li>Set-in \u00e4rmar<\/li>\n<li>Tuotemitat l\u00f6ytyv\u00e4t gallerian viimeisest\u00e4 kuvasta<\/li>\n<\/ul>\n<p>&nbsp;<\/p>\n<p>&nbsp;<\/p>\n<p><a href=\"https:\/\/kauppa.kloffa.fi\/sv\/illinkiertajat\/\"><strong>TILLBAKA TILL HEMMSIDAN<\/strong><\/a><\/p>","protected":false},"featured_media":93659,"template":"","meta":[],"product_brand":[],"product_cat":[440],"product_tag":[],"class_list":{"0":"post-93354","1":"product","2":"type-product","3":"status-publish","4":"has-post-thumbnail","6":"product_cat-illinkiertajat","7":"product_shipping_class-toimitus-9-90","8":"description-off","10":"first","11":"instock","12":"taxable","13":"shipping-taxable","14":"purchasable","15":"product-type-variable"},"_links":{"self":[{"href":"https:\/\/kauppa.kloffa.fi\/sv\/wp-json\/wp\/v2\/product\/93354","targetHints":{"allow":["GET"]}}],"collection":[{"href":"https:\/\/kauppa.kloffa.fi\/sv\/wp-json\/wp\/v2\/product"}],"about":[{"href":"https:\/\/kauppa.kloffa.fi\/sv\/wp-json\/wp\/v2\/types\/product"}],"wp:featuredmedia":[{"embeddable":true,"href":"https:\/\/kauppa.kloffa.fi\/sv\/wp-json\/wp\/v2\/media\/93659"}],"wp:attachment":[{"href":"https:\/\/kauppa.kloffa.fi\/sv\/wp-json\/wp\/v2\/media?parent=93354"}],"wp:term":[{"taxonomy":"product_brand","embeddable":true,"href":"https:\/\/kauppa.kloffa.fi\/sv\/wp-json\/wp\/v2\/product_brand?post=93354"},{"taxonomy":"product_cat","embeddable":true,"href":"https:\/\/kauppa.kloffa.fi\/sv\/wp-json\/wp\/v2\/product_cat?post=93354"},{"taxonomy":"product_tag","embeddable":true,"href":"https:\/\/kauppa.kloffa.fi\/sv\/wp-json\/wp\/v2\/product_tag?post=93354"}],"curies":[{"name":"wp","href":"https:\/\/api.w.org\/{rel}","templated":true}]}}