{"id":93542,"date":"2026-03-23T11:18:50","date_gmt":"2026-03-23T09:18:50","guid":{"rendered":"https:\/\/kauppa.kloffa.fi\/?post_type=product&#038;p=93542"},"modified":"2026-03-30T13:01:40","modified_gmt":"2026-03-30T11:01:40","slug":"illinkiertajat-lasten-college","status":"publish","type":"product","link":"https:\/\/kauppa.kloffa.fi\/sv\/produkt\/illinkiertajat-lasten-college\/","title":{"rendered":"Illinkiert\u00e4j\u00e4t Lasten College"},"content":{"rendered":"","protected":false},"excerpt":{"rendered":"<p>T\u00e4ss\u00e4 collegepaidassa yhdistyy sek\u00e4 ekologisuus ett\u00e4 mukavuus. Paidasta l\u00f6ytyy kaksi Illinkiert\u00e4jien logoa, toinen vasemmasta rinnasta ja toinen isolla sel\u00e4st\u00e4.<\/p>\n<p>&nbsp;<\/p>\n<ul>\n<li>Materiaali: 100% luomupuuvilla<\/li>\n<li>Alkuper\u00e4maa: Bangladesh<\/li>\n<li>Kangaspaino: 300 g\/m2<\/li>\n<li>Set-in \u00e4rmar<\/li>\n<li>Sertifikaatit: GOTS, Oeko-Tex 100 ja PETA Approved Vegan<\/li>\n<li>Lasten mitoitus<\/li>\n<li>Tuotemitat l\u00f6ytyv\u00e4t gallerian viimeisest\u00e4 kuvasta<\/li>\n<\/ul>\n<div><\/div>\n<p>&nbsp;<\/p>\n<p>&nbsp;<\/p>\n<p><a href=\"https:\/\/kauppa.kloffa.fi\/sv\/illinkiertajat\/\"><strong>TILLBAKA TILL HEMMSIDAN<\/strong><\/a><\/p>","protected":false},"featured_media":222217,"template":"","meta":[],"product_brand":[],"product_cat":[440],"product_tag":[],"class_list":{"0":"post-93542","1":"product","2":"type-product","3":"status-publish","4":"has-post-thumbnail","6":"product_cat-illinkiertajat","7":"product_shipping_class-toimitus-9-90","8":"description-off","10":"first","11":"instock","12":"taxable","13":"shipping-taxable","14":"purchasable","15":"product-type-variable"},"_links":{"self":[{"href":"https:\/\/kauppa.kloffa.fi\/sv\/wp-json\/wp\/v2\/product\/93542","targetHints":{"allow":["GET"]}}],"collection":[{"href":"https:\/\/kauppa.kloffa.fi\/sv\/wp-json\/wp\/v2\/product"}],"about":[{"href":"https:\/\/kauppa.kloffa.fi\/sv\/wp-json\/wp\/v2\/types\/product"}],"wp:featuredmedia":[{"embeddable":true,"href":"https:\/\/kauppa.kloffa.fi\/sv\/wp-json\/wp\/v2\/media\/222217"}],"wp:attachment":[{"href":"https:\/\/kauppa.kloffa.fi\/sv\/wp-json\/wp\/v2\/media?parent=93542"}],"wp:term":[{"taxonomy":"product_brand","embeddable":true,"href":"https:\/\/kauppa.kloffa.fi\/sv\/wp-json\/wp\/v2\/product_brand?post=93542"},{"taxonomy":"product_cat","embeddable":true,"href":"https:\/\/kauppa.kloffa.fi\/sv\/wp-json\/wp\/v2\/product_cat?post=93542"},{"taxonomy":"product_tag","embeddable":true,"href":"https:\/\/kauppa.kloffa.fi\/sv\/wp-json\/wp\/v2\/product_tag?post=93542"}],"curies":[{"name":"wp","href":"https:\/\/api.w.org\/{rel}","templated":true}]}}