{"id":93548,"date":"2026-03-23T11:18:50","date_gmt":"2026-03-23T09:18:50","guid":{"rendered":"https:\/\/kauppa.kloffa.fi\/?post_type=product&#038;p=93548"},"modified":"2026-03-30T13:01:55","modified_gmt":"2026-03-30T11:01:55","slug":"illinkiertajat-lasten-t-paita","status":"publish","type":"product","link":"https:\/\/kauppa.kloffa.fi\/sv\/produkt\/illinkiertajat-lasten-t-paita\/","title":{"rendered":"Illinkiert\u00e4j\u00e4t Lasten T-Paita"},"content":{"rendered":"","protected":false},"excerpt":{"rendered":"<p>Luomupuuvillasta valmistettu lasten t-paita tyyliteltyn\u00e4 Illinkiert\u00e4jien logoilla. Hihat ja reunat viimeistelty tuplatikkauksella.<\/p>\n<p>&nbsp;<\/p>\n<ul>\n<li>Lasten mitoitus<\/li>\n<li>Kangaspaino: 155g\/m2<\/li>\n<li>Materiaali: 100% sertifioitu orgaaninen puuvilla<\/li>\n<li>Alkuper\u00e4maa: Bangladesh<\/li>\n<li>Sertifikaatit: GOTS PETA Approved Vegan ja Oeko-Tex 100<\/li>\n<li>Tuotemitat l\u00f6ytyv\u00e4t gallerian viimeisest\u00e4 kuvasta<\/li>\n<\/ul>\n<p>&nbsp;<\/p>\n<p>&nbsp;<\/p>\n<p><a href=\"https:\/\/kauppa.kloffa.fi\/sv\/illinkiertajat\/\"><strong>TILLBAKA TILL HEMMSIDAN<\/strong><\/a><\/p>","protected":false},"featured_media":93667,"template":"","meta":[],"product_brand":[],"product_cat":[440],"product_tag":[],"class_list":{"0":"post-93548","1":"product","2":"type-product","3":"status-publish","4":"has-post-thumbnail","6":"product_cat-illinkiertajat","7":"product_shipping_class-toimitus-9-90","8":"description-off","10":"first","11":"instock","12":"taxable","13":"shipping-taxable","14":"purchasable","15":"product-type-variable"},"_links":{"self":[{"href":"https:\/\/kauppa.kloffa.fi\/sv\/wp-json\/wp\/v2\/product\/93548","targetHints":{"allow":["GET"]}}],"collection":[{"href":"https:\/\/kauppa.kloffa.fi\/sv\/wp-json\/wp\/v2\/product"}],"about":[{"href":"https:\/\/kauppa.kloffa.fi\/sv\/wp-json\/wp\/v2\/types\/product"}],"wp:featuredmedia":[{"embeddable":true,"href":"https:\/\/kauppa.kloffa.fi\/sv\/wp-json\/wp\/v2\/media\/93667"}],"wp:attachment":[{"href":"https:\/\/kauppa.kloffa.fi\/sv\/wp-json\/wp\/v2\/media?parent=93548"}],"wp:term":[{"taxonomy":"product_brand","embeddable":true,"href":"https:\/\/kauppa.kloffa.fi\/sv\/wp-json\/wp\/v2\/product_brand?post=93548"},{"taxonomy":"product_cat","embeddable":true,"href":"https:\/\/kauppa.kloffa.fi\/sv\/wp-json\/wp\/v2\/product_cat?post=93548"},{"taxonomy":"product_tag","embeddable":true,"href":"https:\/\/kauppa.kloffa.fi\/sv\/wp-json\/wp\/v2\/product_tag?post=93548"}],"curies":[{"name":"wp","href":"https:\/\/api.w.org\/{rel}","templated":true}]}}